{"id":3121,"date":"2018-09-17T10:16:36","date_gmt":"2018-09-17T09:16:36","guid":{"rendered":"http:\/\/www.standard-industrie.rct.fractory.io\/?page_id=3121"},"modified":"2023-01-11T15:03:35","modified_gmt":"2023-01-11T14:03:35","slug":"travaux-acrobatiques","status":"publish","type":"page","link":"https:\/\/www.standard-industrie.com\/es\/travaux-acrobatiques\/","title":{"rendered":"Travaux acrobatiques"},"content":{"rendered":"<p>[vc_row][vc_column][vc_empty_space][\/vc_column][\/vc_row][vc_row][vc_column width=\u00bb1\/2&#8243;][vc_column_text]Que ce soit dans l\u2019industrie, la ma\u00e7onnerie ou l\u2019ouvrage d\u2019art, le d\u00e9veloppement de structures de plus en plus complexes et \u00e9lev\u00e9es rendent difficile la\u00a0<strong class=\"d2b\">maintenance ou le nettoyage<\/strong>\u00a0des constructions.<br \/>\nDe nouveaux besoins sont induis par ces constructions humaines parfois hors normes, comme les travaux sur cordes, le montage d\u2019\u00e9chafaudages, ou encore<strong>\u00a0<a href=\"https:\/\/www.standard-industrie.com\/es\/prestations-nettoyage-silos-tremies\/\" target=\"_blank\" rel=\"noopener\">le nettoyage de silos ou de chemin\u00e9es industrielles<\/a><\/strong>. Des formations cordiste pour travaux acrobatiques se sont donc d\u00e9velopp\u00e9es, IRATA ou CQP (Certificat de Qualification Profit), dans le but de garantir s\u00e9curisation et professionnalisme lors de ces interventions.<\/p>\n<p>Effectuons ensemble un tour d\u2019horizon des probl\u00e9matiques qui n\u00e9cessitent aujourd\u2019hui l\u2019action de ces alpinistes des temps modernes.[\/vc_column_text][\/vc_column][vc_column width=\u00bb1\/2&#8243;][vc_single_image image=\u00bb5699&#8243; img_size=\u00bbfull\u00bb alignment=\u00bbcenter\u00bb][\/vc_column][\/vc_row][vc_row content_placement=\u00bbbottom\u00bb][vc_column][vc_empty_space height=\u00bb30px\u00bb][\/vc_column][\/vc_row][vc_row][vc_column css_animation=\u00bbslideInLeft\u00bb width=\u00bb1\/2&#8243;][vc_column_text el_class=\u00bbtitre titre-long fort trait-bleu traits-gris-droite-gauche titre-centre vc_separator wpb_content_element vc_separator_align_center vc_sep_width_100 vc_sep_border_width_2 vc_sep_pos_align_center vc_separator-has-text\u00bb]<\/p>\n<div class=\"vc_sep_holder vc_sep_holder_l\">\n<p class=\"vc_sep_line\" style=\"border-color: grey;\">\n<\/div>\n<h2 style=\"text-align: center;\">LES TRAVAUX PUBLICS<\/h2>\n<div class=\"vc_sep_holder vc_sep_holder_r\">\n<p class=\"vc_sep_line\" style=\"border-color: grey;\">\n<\/div>\n<p>[\/vc_column_text][vc_column_text]Faire de l\u2019escalade sur des falaises ou en montagne peut parfois \u00eatre bien plus simple que d\u2019\u00e9voluer sur des surfaces verticales lisses tels qu\u2019immeubles et gratte-ciels. Les cordistes \u00e9voluant dans ces milieux effectuent alors un r\u00e9el alpinisme professionnel au service du g\u00e9nie civil.<br \/>\nLe travail en hauteur dans les activit\u00e9s de travaux publics consiste initialement en la protection de falaises (minage, confortement par ancrage, pose de grillage) dans le but d\u2019\u00e9viter leur \u00e9rosion ou en construction de parois clout\u00e9es pour supporter les routes d\u2019altitude, permettant de se pr\u00e9venir des risques naturels comme les \u00e9boulements, affaissements et autres glissements de terrain\u2026<br \/>\nMais les besoins de travaux en hauteur se sont acc\u00e9l\u00e9r\u00e9s en m\u00eame temps que s\u2019\u00e9levaient les constructions de l\u2019Homme. L\u2019installation des goutti\u00e8res, des fa\u00e7ades, des vitres des immeubles ou encore la pose de syst\u00e8mes anti-pigeons, sont autant de travaux d\u2019acc\u00e8s difficile qui n\u00e9cessitent aujourd\u2019hui nacelle, \u00e9chafaudage ou cordistes. Pose de zingueries, de toitures ou de puits de lumi\u00e8re font partie des exemples qui n\u00e9cessitent l\u2019emploi de v\u00e9ritables acrobates certifi\u00e9s, disposant d\u2019accr\u00e9ditations et de dipl\u00f4mes leur permettant de travailler en hauteur ou dans le vide.[\/vc_column_text][\/vc_column][vc_column css_animation=\u00bbslideInRight\u00bb width=\u00bb1\/2&#8243;][vc_empty_space height=\u00bb50px\u00bb][vc_column_text el_class=\u00bbtitre titre-long fort trait-bleu traits-gris-droite-gauche titre-centre vc_separator wpb_content_element vc_separator_align_center vc_sep_width_100 vc_sep_border_width_2 vc_sep_pos_align_center vc_separator-has-text\u00bb]<\/p>\n<div class=\"vc_sep_holder vc_sep_holder_l\">\n<p class=\"vc_sep_line\" style=\"border-color: grey;\">\n<\/div>\n<h2 style=\"text-align: center;\">L\u2019INDUSTRIE<\/h2>\n<div class=\"vc_sep_holder vc_sep_holder_r\">\n<p class=\"vc_sep_line\" style=\"border-color: grey;\">\n<\/div>\n<p>[\/vc_column_text][vc_column_text]Dans l\u2019industrie, le nettoyage des usines, plus particuli\u00e8rement tous travaux impliquant l\u2019intervention dans les\u00a0<strong class=\"d2b\">silos et tr\u00e9mies<\/strong>, peut prendre des proportions titanesques. Les probl\u00e8mes de colmatage sont nombreux et tr\u00e8s contraignants car au mieux, ils r\u00e9duisent la capacit\u00e9 de stockage de ces structures, mais dans le pire des cas ils emp\u00eachent l\u2019\u00e9coulement de la mati\u00e8re et stoppent totalement le processus de production (bouchons de ciment, vo\u00fbtages de particules de bois, chemin\u00e9es de soude \u2026).<br \/>\nLes cordistes sont donc aussi appel\u00e9s pour effectuer des\u00a0<strong><a href=\"https:\/\/www.standard-industrie.com\/es\/elimination-colmatages-concretions\/\" target=\"_blank\" rel=\"noopener\">prestations de nettoyage pour le d\u00e9colmatage<\/a><\/strong>\u00a0de ces structures, ce qui donne lieu \u00e0 des interventions complexes car dans les milieux confin\u00e9s ou ferm\u00e9s, les risques de respirer des mati\u00e8res toxiques, d\u2019\u00eatre en zone d\u2019atmosph\u00e8re explosive (ATEX), ou de se retrouver dans un \u00e9boulement de mati\u00e8re sont bien pr\u00e9sents. Des histoires tragiques li\u00e9es \u00e0 ces ph\u00e9nom\u00e8nes t\u00e9moignent du danger qu\u2019encourent les personnes intervenant \u00e0 l\u2019int\u00e9rieur de ces structures.<br \/>\nDans cette optique d\u2019\u00e9limination des concr\u00e9tions des silos et tr\u00e9mies, Standard Industrie International propose des solutions telles que le<strong>\u00a0<a href=\"https:\/\/www.standard-industrie.com\/es\/gironet\/\" target=\"_blank\" rel=\"noopener\">Gironet<\/a><\/strong>\u00a0et<strong>\u00a0<a href=\"https:\/\/www.standard-industrie.com\/es\/powernet-nettoyage-de-silo-industriel\/\" target=\"_blank\" rel=\"noopener\">Powernet<\/a>\u00a0<\/strong>permettent d\u2019\u00e9liminer tout risque pour les op\u00e9rateurs car les interventions se font sans pr\u00e9sence humaine \u00e0 l\u2019int\u00e9rieur des structures \u00e0 nettoyer, pour une s\u00e9curit\u00e9 totale et un retour \u00e0 100% de la capacit\u00e9 de stockage. Pour r\u00e9cup\u00e9rer les mati\u00e8res d\u00e9colmat\u00e9es, Standard Industrie International propose aussi\u00a0<strong><a href=\"https:\/\/www.standard-industrie.com\/es\/nettoyage-industriel-aspiration\/\" target=\"_blank\" rel=\"noopener\">le nettoyage par aspiration<\/a><\/strong>, les mati\u00e8res pouvant ainsi \u00eatre revaloris\u00e9es dans le processus de production ou \u00e9vacu\u00e9es en d\u00e9charge.[\/vc_column_text][\/vc_column][\/vc_row]<\/p>\n","protected":false},"excerpt":{"rendered":"<p>[vc_row][vc_column][vc_empty_space][\/vc_column][\/vc_row][vc_row][vc_column width=\u00bb1\/2&#8243;][vc_column_text]Que ce soit dans l\u2019industrie, la ma\u00e7onnerie ou l\u2019ouvrage d\u2019art, le d\u00e9veloppement de structures de plus en plus complexes et \u00e9lev\u00e9es rendent difficile la\u00a0maintenance ou<span class=\"excerpt-hellip\"> [\u2026]<\/span><\/p>\n","protected":false},"author":1,"featured_media":0,"parent":0,"menu_order":45,"comment_status":"closed","ping_status":"closed","template":"single-prestations-nettoyage-silos-tremies-light.php","meta":{"footnotes":""},"class_list":["post-3121","page","type-page","status-publish","hentry"],"_links":{"self":[{"href":"https:\/\/www.standard-industrie.com\/es\/wp-json\/wp\/v2\/pages\/3121","targetHints":{"allow":["GET"]}}],"collection":[{"href":"https:\/\/www.standard-industrie.com\/es\/wp-json\/wp\/v2\/pages"}],"about":[{"href":"https:\/\/www.standard-industrie.com\/es\/wp-json\/wp\/v2\/types\/page"}],"author":[{"embeddable":true,"href":"https:\/\/www.standard-industrie.com\/es\/wp-json\/wp\/v2\/users\/1"}],"replies":[{"embeddable":true,"href":"https:\/\/www.standard-industrie.com\/es\/wp-json\/wp\/v2\/comments?post=3121"}],"version-history":[{"count":0,"href":"https:\/\/www.standard-industrie.com\/es\/wp-json\/wp\/v2\/pages\/3121\/revisions"}],"wp:attachment":[{"href":"https:\/\/www.standard-industrie.com\/es\/wp-json\/wp\/v2\/media?parent=3121"}],"curies":[{"name":"wp","href":"https:\/\/api.w.org\/{rel}","templated":true}]}}