{"id":3201,"date":"2019-03-20T15:31:36","date_gmt":"2019-03-20T14:31:36","guid":{"rendered":"https:\/\/www.standard-industrie.com\/es\/?page_id=3201"},"modified":"2025-06-04T21:16:26","modified_gmt":"2025-06-04T20:16:26","slug":"transporte-cribado-flujo","status":"publish","type":"page","link":"https:\/\/www.standard-industrie.com\/es\/transporte-cribado-flujo\/","title":{"rendered":"TRANSPORTE, CRIBADO &#038; FLUJO"},"content":{"rendered":"<p>[vc_row][vc_column][vc_empty_space][vc_column_text el_class=\u00bbgros-titre fort trait-bleu traits-gris-droite-gauche titre-centre vc_separator wpb_content_element vc_separator_align_center vc_sep_width_100 vc_sep_border_width_2 vc_sep_pos_align_center vc_separator-has-text\u00bb]<\/p>\n<div class=\"vc_sep_holder vc_sep_holder_l\">\n<p class=\"vc_sep_line\" style=\"border-color: grey;\">\n<\/div>\n<h2>NUESTRAS SOLUCIONES<\/h2>\n<div class=\"vc_sep_holder vc_sep_holder_r\">\n<p class=\"vc_sep_line\" style=\"border-color: grey;\">\n<\/div>\n<p>[\/vc_column_text][\/vc_column][\/vc_row][vc_row][vc_column width=\u00bb1\/2&#8243;][vc_column_text]<\/p>\n<h3>1- OBTURADOR ELASTICO : \u00a1 RECUPERE SU MATERIA SIN USO DE ENERGIA !<\/h3>\n<p>[\/vc_column_text][vc_column_text]Aplicaci\u00f3n por\u00a0<a href=\"https:\/\/www.standard-industrie.com\/es\/limpieza-industrial-por-aspiracion\/\">sistema de desempolvamiento<\/a>. Permite la evacuaci\u00f3n del polvo a la salida de un cicl\u00f3n o de un circuito de desempolvar en depresi\u00f3n. Estanqueidad mantenida gracias a la depresi\u00f3n del circuito. Reemplaza ventajosamente : &#8211; sas clapetas &#8211; esclusas rotativas\u00a0<span class=\"fort\">Concepto innovador de flujo de la materia, proceso simple, no motorizado y respetuoso del medio ambiente<\/span><\/p>\n<ul>\n<li>Consumo de energia nulo<\/li>\n<li>Ning\u00fan mantenimiento<\/li>\n<li>Silencioso<\/li>\n<li>Emplazamiento r\u00e1pido<\/li>\n<li>inversi\u00f3n minima<\/li>\n<li>CERTIFICATION ATEX ZONA 20<\/li>\n<\/ul>\n<p>[\/vc_column_text][vc_btn title=\u00bbCont\u00e1ctenos\u00bb style=\u00bbcustom\u00bb custom_background=\u00bb#3e5d9e\u00bb custom_text=\u00bb#ffffff\u00bb shape=\u00bbsquare\u00bb size=\u00bbsm\u00bb align=\u00bbcenter\u00bb link=\u00bburl:https%3A%2F%2Fwww.standard-industrie.com%2Fes%2Fcontacto%2F|title:Contact%20Standard%20industrie\u00bb][\/vc_column][vc_column width=\u00bb1\/2&#8243;][vc_single_image image=\u00bb5081&#8243; img_size=\u00bbfull\u00bb alignment=\u00bbcenter\u00bb][\/vc_column][\/vc_row][vc_row][vc_column width=\u00bb1\/2&#8243;][vc_single_image image=\u00bb5080&#8243; img_size=\u00bbfull\u00bb alignment=\u00bbcenter\u00bb][\/vc_column][vc_column width=\u00bb1\/2&#8243;][vc_column_text]<\/p>\n<h2>2- SOLIGOM\u00ae, CANGILONES DE CAUCHO PARA TRANSPORTE DE PRODUCTOS EN POLVO O TRANSPORTE DE PRODUCTOS ABRASIVOS<\/h2>\n<p>[\/vc_column_text][vc_column_text]Cangilones de caucho para elevadores. Resistencia importante en el tiempo, ligero, anticorrosivo,\u00a0anti pegadura y antiest\u00e1tico.\u00a0<strong>Give long life to your buckets :<\/strong><\/p>\n<ul>\n<li>Resistente a la abrasi\u00f3n<\/li>\n<li>Anti-adherente<\/li>\n<li>Antiest\u00e1tico<\/li>\n<li>Ligero y robusto<\/li>\n<li>Resistente a la corrosi\u00f3n<\/li>\n<li>Irrompible (flexible)<\/li>\n<li>Alimenticio<\/li>\n<\/ul>\n<p>[\/vc_column_text][vc_btn title=\u00bbCont\u00e1ctenos\u00bb style=\u00bbcustom\u00bb custom_background=\u00bb#3e5d9e\u00bb custom_text=\u00bb#ffffff\u00bb shape=\u00bbsquare\u00bb size=\u00bbsm\u00bb align=\u00bbcenter\u00bb link=\u00bburl:https%3A%2F%2Fwww.standard-industrie.com%2Fes%2Fcontacto%2F|title:Contact%20Standard%20industrie\u00bb][\/vc_column][\/vc_row][vc_row][vc_column width=\u00bb1\/2&#8243;][vc_column_text]<\/p>\n<h3>3- BOLAS<\/h3>\n<p>[\/vc_column_text][vc_column_text]Piezas moldeadas de caucho utilizadas para el\u00a0<a href=\"https:\/\/www.standard-industrie.com\/es\/eliminacion-obstrucciones-concreciones\/\" target=\"_blank\" rel=\"noopener\">descolmataje<\/a>\u00a0de las cribas situadas a la salida de la extracci\u00f3n de\u00a0silos\u00a0o\u00a0tolvas, con el fin de mantener un flujo regular de la materia.[\/vc_column_text][vc_btn title=\u00bbCont\u00e1ctenos\u00bb style=\u00bbcustom\u00bb custom_background=\u00bb#3e5d9e\u00bb custom_text=\u00bb#ffffff\u00bb shape=\u00bbsquare\u00bb size=\u00bbsm\u00bb align=\u00bbcenter\u00bb link=\u00bburl:https%3A%2F%2Fwww.standard-industrie.com%2Fes%2Fcontacto%2F|title:Contact%20Standard%20industrie\u00bb][\/vc_column][vc_column width=\u00bb1\/2&#8243;][vc_single_image image=\u00bb5079&#8243; img_size=\u00bbfull\u00bb alignment=\u00bbcenter\u00bb][\/vc_column][\/vc_row]<\/p>\n","protected":false},"excerpt":{"rendered":"<p>[vc_row][vc_column][vc_empty_space][vc_column_text el_class=\u00bbgros-titre fort trait-bleu traits-gris-droite-gauche titre-centre vc_separator wpb_content_element vc_separator_align_center vc_sep_width_100 vc_sep_border_width_2 vc_sep_pos_align_center vc_separator-has-text\u00bb] NUESTRAS SOLUCIONES [\/vc_column_text][\/vc_column][\/vc_row][vc_row][vc_column width=\u00bb1\/2&#8243;][vc_column_text] 1- OBTURADOR ELASTICO : \u00a1 RECUPERE SU MATERIA SIN<span class=\"excerpt-hellip\"> [\u2026]<\/span><\/p>\n","protected":false},"author":1,"featured_media":0,"parent":0,"menu_order":41,"comment_status":"closed","ping_status":"closed","template":"single-transport-criblage-ecoulement.php","meta":{"footnotes":""},"class_list":["post-3201","page","type-page","status-publish","hentry"],"_links":{"self":[{"href":"https:\/\/www.standard-industrie.com\/es\/wp-json\/wp\/v2\/pages\/3201","targetHints":{"allow":["GET"]}}],"collection":[{"href":"https:\/\/www.standard-industrie.com\/es\/wp-json\/wp\/v2\/pages"}],"about":[{"href":"https:\/\/www.standard-industrie.com\/es\/wp-json\/wp\/v2\/types\/page"}],"author":[{"embeddable":true,"href":"https:\/\/www.standard-industrie.com\/es\/wp-json\/wp\/v2\/users\/1"}],"replies":[{"embeddable":true,"href":"https:\/\/www.standard-industrie.com\/es\/wp-json\/wp\/v2\/comments?post=3201"}],"version-history":[{"count":0,"href":"https:\/\/www.standard-industrie.com\/es\/wp-json\/wp\/v2\/pages\/3201\/revisions"}],"wp:attachment":[{"href":"https:\/\/www.standard-industrie.com\/es\/wp-json\/wp\/v2\/media?parent=3201"}],"curies":[{"name":"wp","href":"https:\/\/api.w.org\/{rel}","templated":true}]}}