{"id":3496,"date":"2021-10-22T11:01:19","date_gmt":"2021-10-22T10:01:19","guid":{"rendered":"https:\/\/www.standard-industrie.com\/es\/?page_id=3496"},"modified":"2025-06-04T21:10:35","modified_gmt":"2025-06-04T20:10:35","slug":"fabrica-de-cemento","status":"publish","type":"page","link":"https:\/\/www.standard-industrie.com\/es\/fabrica-de-cemento\/","title":{"rendered":"F\u00e1brica de cemento"},"content":{"rendered":"<p>[vc_row][vc_column][vc_empty_space][vc_column_text el_class=\u00bbgros-titre fort trait-bleu traits-gris-droite-gauche titre-centre vc_separator wpb_content_element vc_separator_align_center vc_sep_width_100 vc_sep_border_width_2 vc_sep_pos_align_center vc_separator-has-text\u00bb]<\/p>\n<div class=\"vc_sep_holder vc_sep_holder_l\">\n<p class=\"vc_sep_line\" style=\"border-color: grey;\">\n<\/div>\n<h2 style=\"text-align: center;\">Eliminar los atascamientos y las concreciones en las unidades de almacenamiento y los conductos de gas presentes en el proceso. Reducir los problemas de flujo de material antes y despu\u00e9s de la combusti\u00f3n<\/h2>\n<div class=\"vc_sep_holder vc_sep_holder_r\">\n<p class=\"vc_sep_line\" style=\"border-color: grey;\">\n<\/div>\n<p>[\/vc_column_text][\/vc_column][\/vc_row][vc_row el_class=\u00bbinvert-block\u00bb][vc_column width=\u00bb1\/2&#8243;][vc_column_text]Obstrucciones de arena, cal, cemento, ceniza, harina cruda, clinker<\/p>\n<ul>\n<li>Limpieza durante las\u00a0paradas del horno<\/li>\n<li>Limpieza del\u00a0canal de la tolva de alimentaci\u00f3n<\/li>\n<li>Limpieza de las entradas del horno y del bypass, ducto terciario<\/li>\n<li>Limpieza de los canales laterales del horno de cal \u2013 b\u00f3veda<\/li>\n<li>Limpieza de los\u00a0conductos de gas<\/li>\n<li>Limpieza de la\u00a0c\u00e1mara de humos<\/li>\n<li><a href=\"https:\/\/www.standard-industrie.com\/es\/estudio-de-caso\/lider-de-la-industria-del-cemento\/\" target=\"_blank\" rel=\"noopener\">Limpieza de la\u00a0torre de precalentamiento<\/a><\/li>\n<li>Limpieza del cicl\u00f3n y del cuello de ganso<\/li>\n<li>Limpieza de la trituradora<\/li>\n<li>Limpieza del\u00a0filtro del colector de polvo, del catalizador y del SCR<\/li>\n<li><a href=\"https:\/\/www.standard-industrie.com\/es\/estudio-de-caso\/cementera-en-turquia\/\" target=\"_blank\" rel=\"noopener\">Limpieza del ducto descendente de harina<\/a><\/li>\n<li>Limpieza de silos de\u00a0almacenamiento de arena, silos de cemento, silos de harina cruda<\/li>\n<li>Desatasco<\/li>\n<\/ul>\n<p>Estas\u00a0soluciones de limpieza\u00a0se efectuan con <a href=\"https:\/\/www.standard-industrie.com\/es\/canon-de-aire-airchoc\/\" target=\"_blank\" rel=\"noopener\">un sistema de\u00a0limpieza por ca\u00f1\u00f3n de aire AIRCHOC<\/a>\u00a0o\u00a0descolmatador neum\u00e1tico.[\/vc_column_text][\/vc_column][vc_column css_animation=\u00bbslideInRight\u00bb width=\u00bb1\/2&#8243;][vc_single_image image=\u00bb4506&#8243; img_size=\u00bbfull\u00bb alignment=\u00bbcenter\u00bb][\/vc_column][\/vc_row][vc_row][vc_column][vc_btn title=\u00bbCont\u00e1ctenos\u00bb style=\u00bbflat\u00bb shape=\u00bbsquare\u00bb color=\u00bbblack\u00bb align=\u00bbcenter\u00bb link=\u00bburl:%2Fes%2Fcontacto|title:Contact%20Standard%20industrie\u00bb][\/vc_column][\/vc_row][vc_row][vc_column][vc_empty_space][vc_column_text el_class=\u00bbgros-titre fort trait-bleu traits-gris-droite-gauche titre-centre vc_separator wpb_content_element vc_separator_align_center vc_sep_width_100 vc_sep_border_width_2 vc_sep_pos_align_center vc_separator-has-text\u00bb]<\/p>\n<div class=\"vc_sep_holder vc_sep_holder_l\">\n<p class=\"vc_sep_line\" style=\"border-color: grey;\">\n<\/div>\n<h2 style=\"text-align: center;\">Reducir el polvo y recuperar el material en varios lugares de la planta, para cada etapa de la producci\u00f3n de cemento<\/h2>\n<div class=\"vc_sep_holder vc_sep_holder_r\">\n<p class=\"vc_sep_line\" style=\"border-color: grey;\">\n<\/div>\n<p>[\/vc_column_text][\/vc_column][\/vc_row][vc_row el_class=\u00bbinvert-block\u00bb][vc_column css_animation=\u00bbslideInLeft\u00bb width=\u00bb1\/2&#8243;][vc_single_image image=\u00bb4507&#8243; img_size=\u00bbfull\u00bb alignment=\u00bbcenter\u00bb][\/vc_column][vc_column width=\u00bb1\/2&#8243;][vc_column_text]Aspiraci\u00f3n de cemento, clinker, cal, cenizas, carb\u00f3n, mineral de hierro, arcilla, combustibles alternativos<\/p>\n<p><a href=\"https:\/\/www.standard-industrie.com\/es\/estudio-de-caso\/limpieza-por-vacio-de-clinker-en-una-fabrica-de-cemento\/\" target=\"_blank\" rel=\"noopener\">ver un estudio de caso<\/a><\/p>\n<ul>\n<li>Limpieza de la zona de almacenamiento de materias primas<\/li>\n<li>Limpieza de la\u00a0zona de molienda<\/li>\n<li>Limpieza de la\u00a0zona de envasado\u00a0y embolsado<\/li>\n<li>Limpieza de los\u00a0molinos de cemento<\/li>\n<li>Limpieza de las\u00a0b\u00f3vedas del horno<\/li>\n<li>Limpieza de zonas\u00a0ATEX<\/li>\n<\/ul>\n<p>Soluci\u00f3n de limpieza con sistema de aspiraci\u00f3n industrial m\u00f3vil o centralizado[\/vc_column_text][\/vc_column][\/vc_row][vc_row][vc_column][vc_empty_space][vc_column_text el_class=\u00bbgros-titre fort trait-bleu traits-gris-droite-gauche titre-centre vc_separator wpb_content_element vc_separator_align_center vc_sep_width_100 vc_sep_border_width_2 vc_sep_pos_align_center vc_separator-has-text\u00bb]<\/p>\n<div class=\"vc_sep_holder vc_sep_holder_l\">\n<p class=\"vc_sep_line\" style=\"border-color: grey;\">\n<\/div>\n<h2 style=\"text-align: center;\">Eliminar el desbordamiento de la cinta transportadora<\/h2>\n<div class=\"vc_sep_holder vc_sep_holder_r\">\n<p class=\"vc_sep_line\" style=\"border-color: grey;\">\n<\/div>\n<p>[\/vc_column_text][\/vc_column][\/vc_row][vc_row el_class=\u00bbinvert-block\u00bb][vc_column width=\u00bb1\/2&#8243;][vc_column_text]<\/p>\n<ul>\n<li>Confinamiento del transportador, sellado de la cinta<\/li>\n<li><a href=\"https:\/\/www.standard-industrie.com\/es\/estudio-de-caso\/el-transportador-liftube-reduce-la-perdida-de-material-en-una-cementera\/\" target=\"_blank\" rel=\"noopener\">Supresi\u00f3n de polvo, sellado<\/a><\/li>\n<\/ul>\n<p>Soluci\u00f3n de\u00a0confinamiento de la cinta transportadora\u00a0y sellado de la misma: Gracias a la contenci\u00f3n de la cinta que proporciona el dispositivo LIFTUBE\u00ae, el producto circula como si estuviera en una envoltura herm\u00e9tica, lo que reduce el flujo de material hacia el exterior y la p\u00e9rdida de material de la cinta.[\/vc_column_text][\/vc_column][vc_column css_animation=\u00bbslideInRight\u00bb width=\u00bb1\/2&#8243;][vc_single_image image=\u00bb4508&#8243; img_size=\u00bbfull\u00bb alignment=\u00bbcenter\u00bb][\/vc_column][\/vc_row][vc_row][vc_column][vc_btn title=\u00bbCont\u00e1ctenos\u00bb style=\u00bbflat\u00bb shape=\u00bbsquare\u00bb color=\u00bbblack\u00bb align=\u00bbcenter\u00bb link=\u00bburl:%2Fes%2Fcontacto|title:Contact%20Standard%20industrie\u00bb][\/vc_column][\/vc_row]<\/p>\n","protected":false},"excerpt":{"rendered":"<p>[vc_row][vc_column][vc_empty_space][vc_column_text el_class=\u00bbgros-titre fort trait-bleu traits-gris-droite-gauche titre-centre vc_separator wpb_content_element vc_separator_align_center vc_sep_width_100 vc_sep_border_width_2 vc_sep_pos_align_center vc_separator-has-text\u00bb] Eliminar los atascamientos y las concreciones en las unidades de almacenamiento y los<span class=\"excerpt-hellip\"> [\u2026]<\/span><\/p>\n","protected":false},"author":1,"featured_media":0,"parent":0,"menu_order":35,"comment_status":"closed","ping_status":"closed","template":"","meta":{"footnotes":""},"class_list":["post-3496","page","type-page","status-publish","hentry"],"_links":{"self":[{"href":"https:\/\/www.standard-industrie.com\/es\/wp-json\/wp\/v2\/pages\/3496","targetHints":{"allow":["GET"]}}],"collection":[{"href":"https:\/\/www.standard-industrie.com\/es\/wp-json\/wp\/v2\/pages"}],"about":[{"href":"https:\/\/www.standard-industrie.com\/es\/wp-json\/wp\/v2\/types\/page"}],"author":[{"embeddable":true,"href":"https:\/\/www.standard-industrie.com\/es\/wp-json\/wp\/v2\/users\/1"}],"replies":[{"embeddable":true,"href":"https:\/\/www.standard-industrie.com\/es\/wp-json\/wp\/v2\/comments?post=3496"}],"version-history":[{"count":0,"href":"https:\/\/www.standard-industrie.com\/es\/wp-json\/wp\/v2\/pages\/3496\/revisions"}],"wp:attachment":[{"href":"https:\/\/www.standard-industrie.com\/es\/wp-json\/wp\/v2\/media?parent=3496"}],"curies":[{"name":"wp","href":"https:\/\/api.w.org\/{rel}","templated":true}]}}