{"id":3525,"date":"2021-10-22T14:54:01","date_gmt":"2021-10-22T13:54:01","guid":{"rendered":"https:\/\/www.standard-industrie.com\/es\/?page_id=3525"},"modified":"2025-06-04T21:14:55","modified_gmt":"2025-06-04T20:14:55","slug":"mineria-y-extraccion-de-minerales-en-canteras","status":"publish","type":"page","link":"https:\/\/www.standard-industrie.com\/es\/mineria-y-extraccion-de-minerales-en-canteras\/","title":{"rendered":"Miner\u00eda y extracci\u00f3n de minerales en canteras"},"content":{"rendered":"<p>[vc_row][vc_column][vc_empty_space][vc_column_text el_class=\u00bbgros-titre fort trait-bleu traits-gris-droite-gauche titre-centre vc_separator wpb_content_element vc_separator_align_center vc_sep_width_100 vc_sep_border_width_2 vc_sep_pos_align_center vc_separator-has-text\u00bb]<\/p>\n<div class=\"vc_sep_holder vc_sep_holder_l\">\n<p class=\"vc_sep_line\" style=\"border-color: grey;\">\n<\/div>\n<h2 style=\"text-align: center;\">Soluci\u00f3n de limpieza para minas y canteras<\/h2>\n<div class=\"vc_sep_holder vc_sep_holder_r\">\n<p class=\"vc_sep_line\" style=\"border-color: grey;\">\n<\/div>\n<p>[\/vc_column_text][\/vc_column][\/vc_row][vc_row el_class=\u00bbinvert-block\u00bb][vc_column width=\u00bb1\/2&#8243;][vc_column_text]Nuestras\u00a0soluciones de limpieza\u00a0con\u00a0pistolas de aire\u00a0eliminan los dep\u00f3sitos de material, los atascos\u00a0y las\u00a0concreciones\u00a0en las unidades de almacenamiento y los conductos de transporte de material. Podemos eliminar una amplia gama de dep\u00f3sitos de material como :[\/vc_column_text][vc_row_inner][vc_column_inner width=\u00bb1\/2&#8243;][vc_column_text]<\/p>\n<ul>\n<li>Sellado de arena,<\/li>\n<li>Agregados,<\/li>\n<li>Dolomite,<\/li>\n<li>Marne,<\/li>\n<li>Arcilla,<\/li>\n<li>Mineral de hierro,<\/li>\n<li>Zinc,<\/li>\n<li>S\u00edlice,<\/li>\n<li>Cromo,<\/li>\n<\/ul>\n<p>[\/vc_column_text][\/vc_column_inner][vc_column_inner width=\u00bb1\/2&#8243;][vc_column_text]<\/p>\n<ul>\n<li>Pizarra,<\/li>\n<li>Cenizas,<\/li>\n<li>Cal,<\/li>\n<li>Fosfato,<\/li>\n<li>Caol\u00edn,<\/li>\n<li>Cobre,<\/li>\n<li>Bauxita,<\/li>\n<li>Carb\u00f3n.<\/li>\n<\/ul>\n<p>[\/vc_column_text][\/vc_column_inner][\/vc_row_inner][vc_column_text el_class=\u00bbgros-titre fort trait-bleu traits-gris-droite-gauche titre-centre vc_separator wpb_content_element vc_separator_align_center vc_sep_width_100 vc_sep_border_width_2 vc_sep_pos_align_center vc_separator-has-text\u00bb]<\/p>\n<div class=\"vc_sep_holder vc_sep_holder_l\">\n<p class=\"vc_sep_line\" style=\"border-color: grey;\">\n<\/div>\n<h2 style=\"text-align: center;\">Eliminar los dep\u00f3sitos de material, los obstrucciones y las pegaduras en las unidades de almacenamiento y los conductos de transporte de material :<\/h2>\n<div class=\"vc_sep_holder vc_sep_holder_r\">\n<p class=\"vc_sep_line\" style=\"border-color: grey;\">\n<\/div>\n<p>[\/vc_column_text][vc_column_text]Ejemplos de situaciones relacionadas con\u00a0obstrucciones de arena,\u00a0\u00e1ridos,\u00a0dolomita,\u00a0marga,\u00a0arcilla,\u00a0mineral de hierro,\u00a0zinc,\u00a0s\u00edlice,\u00a0cromo,\u00a0pizarra,\u00a0ceniza,\u00a0cal,\u00a0fosfato,\u00a0caol\u00edn,\u00a0cobre,\u00a0bauxita,\u00a0carb\u00f3n\u00a0:<\/p>\n<ul>\n<li>Limpieza de la\u00a0tolva de alimentaci\u00f3n de la trituradora<\/li>\n<li>Limpieza de la\u00a0tolva de carga<\/li>\n<li>Limpieza del\u00a0t\u00fanel de extracci\u00f3n<\/li>\n<li>Limpieza de los\u00a0hornos de calcinaci\u00f3n<\/li>\n<li>Limpieza de los\u00a0conductos del enfriador<\/li>\n<li>Limpieza de\u00a0ductos de descarga<\/li>\n<li><a href=\"https:\/\/www.standard-industrie.com\/es\/estudio-de-caso\/sistema-de-limpieza-de-la-tolva-de-mineral\/\" target=\"_blank\" rel=\"noopener\">Eliminaci\u00f3n de\u00a0b\u00f3vedas en las tolvas, desatascamientos de tolvas<\/a><\/li>\n<li>Limpieza del\u00a0silo de fondo plano<\/li>\n<li>Limpieza de\u00a0silos de p\u00f3rfido<\/li>\n<\/ul>\n<p>[\/vc_column_text][\/vc_column][vc_column css_animation=\u00bbslideInRight\u00bb width=\u00bb1\/2&#8243;][vc_single_image image=\u00bb4470&#8243; img_size=\u00bbfull\u00bb alignment=\u00bbcenter\u00bb][\/vc_column][\/vc_row][vc_row][vc_column][vc_btn title=\u00bbCont\u00e1ctenos\u00bb style=\u00bbflat\u00bb shape=\u00bbsquare\u00bb color=\u00bbblack\u00bb align=\u00bbcenter\u00bb link=\u00bburl:%2Fes%2Fcontacto|title:Contact%20Standard%20industrie\u00bb][\/vc_column][\/vc_row][vc_row][vc_column][vc_empty_space][vc_column_text el_class=\u00bbgros-titre fort trait-bleu traits-gris-droite-gauche titre-centre vc_separator wpb_content_element vc_separator_align_center vc_sep_width_100 vc_sep_border_width_2 vc_sep_pos_align_center vc_separator-has-text\u00bb]<\/p>\n<div class=\"vc_sep_holder vc_sep_holder_l\">\n<p class=\"vc_sep_line\" style=\"border-color: grey;\">\n<\/div>\n<h2 style=\"text-align: center;\">Reducir el polvo y recuperar el material de varios lugares de la planta<\/h2>\n<div class=\"vc_sep_holder vc_sep_holder_r\">\n<p class=\"vc_sep_line\" style=\"border-color: grey;\">\n<\/div>\n<p>[\/vc_column_text][\/vc_column][\/vc_row][vc_row el_class=\u00bbinvert-block\u00bb][vc_column css_animation=\u00bbslideInLeft\u00bb width=\u00bb1\/4&#8243;][vc_single_image image=\u00bb4473&#8243; img_size=\u00bbfull\u00bb alignment=\u00bbcenter\u00bb][\/vc_column][vc_column width=\u00bb1\/2&#8243;][vc_column_text]Ofrecemos\u00a0soluciones\u00a0para la\u00a0reducci\u00f3n de polvo\u00a0y la recuperaci\u00f3n de material en varios lugares de la planta, mediante la\u00a0aspiraci\u00f3n de cenizas volantes, polvo fino o\u00a0polvos CMR\u00a0(cancer\u00edgeno, mutag\u00e9nico y reprot\u00f3xico).<\/p>\n<p>Algunos ejemplos de nuestras<b>\u00a0soluciones de extracci\u00f3n de polvo industrial<\/b>\u00a0:<\/p>\n<ul>\n<li>Limpieza de la zona de almacenamiento de materias primas<\/li>\n<li>Limpieza de la zona de extracci\u00f3n<\/li>\n<li>Limpieza bajo la cinta transportadora<\/li>\n<li>Limpieza de la zona de trituraci\u00f3n<\/li>\n<li>Limpieza de los pies de elevadores<\/li>\n<\/ul>\n<p>=&gt; Soluci\u00f3n de limpieza con sistema de aspiraci\u00f3n industrial m\u00f3vil o centralizado[\/vc_column_text][\/vc_column][vc_column css_animation=\u00bbslideInRight\u00bb width=\u00bb1\/4&#8243;][vc_single_image image=\u00bb4472&#8243; img_size=\u00bbfull\u00bb alignment=\u00bbcenter\u00bb][\/vc_column][\/vc_row][vc_row][vc_column][vc_empty_space][vc_column_text el_class=\u00bbgros-titre fort trait-bleu traits-gris-droite-gauche titre-centre vc_separator wpb_content_element vc_separator_align_center vc_sep_width_100 vc_sep_border_width_2 vc_sep_pos_align_center vc_separator-has-text\u00bb]<\/p>\n<div class=\"vc_sep_holder vc_sep_holder_l\">\n<p class=\"vc_sep_line\" style=\"border-color: grey;\">\n<\/div>\n<h2 style=\"text-align: center;\">Eliminar los desbordamientos de la cinta transportadora<\/h2>\n<div class=\"vc_sep_holder vc_sep_holder_r\">\n<p class=\"vc_sep_line\" style=\"border-color: grey;\">\n<\/div>\n<p>[\/vc_column_text][\/vc_column][\/vc_row][vc_row el_class=\u00bbinvert-block\u00bb][vc_column width=\u00bb1\/2&#8243;][vc_column_text]<\/p>\n<ul>\n<li>Confinamiento de los polvos de la cinta de transporte hacia las trituradoras<\/li>\n<li>Supresi\u00f3n de las emisiones de polvo<\/li>\n<li><a href=\"https:\/\/www.standard-industrie.com\/es\/estudio-de-caso\/reduccion-de-las-perdidas-de-material-en-la-cantera\/\" target=\"_blank\" rel=\"noopener\">Reducci\u00f3n de las p\u00e9rdidas de material en la cantera<\/a><\/li>\n<\/ul>\n<p>[\/vc_column_text][\/vc_column][vc_column css_animation=\u00bbslideInRight\u00bb width=\u00bb1\/2&#8243;][vc_single_image image=\u00bb4471&#8243; img_size=\u00bbfull\u00bb alignment=\u00bbcenter\u00bb][\/vc_column][\/vc_row][vc_row][vc_column][vc_btn title=\u00bbCont\u00e1ctenos\u00bb style=\u00bbflat\u00bb shape=\u00bbsquare\u00bb color=\u00bbblack\u00bb align=\u00bbcenter\u00bb link=\u00bburl:%2Fes%2Fcontacto|title:Contact%20Standard%20industrie\u00bb][\/vc_column][\/vc_row]<\/p>\n","protected":false},"excerpt":{"rendered":"<p>[vc_row][vc_column][vc_empty_space][vc_column_text el_class=\u00bbgros-titre fort trait-bleu traits-gris-droite-gauche titre-centre vc_separator wpb_content_element vc_separator_align_center vc_sep_width_100 vc_sep_border_width_2 vc_sep_pos_align_center vc_separator-has-text\u00bb] Soluci\u00f3n de limpieza para minas y canteras [\/vc_column_text][\/vc_column][\/vc_row][vc_row el_class=\u00bbinvert-block\u00bb][vc_column width=\u00bb1\/2&#8243;][vc_column_text]Nuestras\u00a0soluciones de limpieza\u00a0con\u00a0pistolas de<span class=\"excerpt-hellip\"> [\u2026]<\/span><\/p>\n","protected":false},"author":1,"featured_media":0,"parent":0,"menu_order":37,"comment_status":"closed","ping_status":"closed","template":"","meta":{"footnotes":""},"class_list":["post-3525","page","type-page","status-publish","hentry"],"_links":{"self":[{"href":"https:\/\/www.standard-industrie.com\/es\/wp-json\/wp\/v2\/pages\/3525","targetHints":{"allow":["GET"]}}],"collection":[{"href":"https:\/\/www.standard-industrie.com\/es\/wp-json\/wp\/v2\/pages"}],"about":[{"href":"https:\/\/www.standard-industrie.com\/es\/wp-json\/wp\/v2\/types\/page"}],"author":[{"embeddable":true,"href":"https:\/\/www.standard-industrie.com\/es\/wp-json\/wp\/v2\/users\/1"}],"replies":[{"embeddable":true,"href":"https:\/\/www.standard-industrie.com\/es\/wp-json\/wp\/v2\/comments?post=3525"}],"version-history":[{"count":0,"href":"https:\/\/www.standard-industrie.com\/es\/wp-json\/wp\/v2\/pages\/3525\/revisions"}],"wp:attachment":[{"href":"https:\/\/www.standard-industrie.com\/es\/wp-json\/wp\/v2\/media?parent=3525"}],"curies":[{"name":"wp","href":"https:\/\/api.w.org\/{rel}","templated":true}]}}