{"id":3531,"date":"2021-10-22T15:29:02","date_gmt":"2021-10-22T14:29:02","guid":{"rendered":"https:\/\/www.standard-industrie.com\/es\/?page_id=3531"},"modified":"2025-06-04T21:12:50","modified_gmt":"2025-06-04T20:12:50","slug":"solucion-de-aspiracion-y-limpieza-para-la-industria-del-vidrio","status":"publish","type":"page","link":"https:\/\/www.standard-industrie.com\/es\/solucion-de-aspiracion-y-limpieza-para-la-industria-del-vidrio\/","title":{"rendered":"Soluci\u00f3n de aspiraci\u00f3n y limpieza para la industria del vidrio"},"content":{"rendered":"<p>[vc_row][vc_column][vc_empty_space][vc_column_text el_class=\u00bbgros-titre fort trait-bleu traits-gris-droite-gauche titre-centre vc_separator wpb_content_element vc_separator_align_center vc_sep_width_100 vc_sep_border_width_2 vc_sep_pos_align_center vc_separator-has-text\u00bb]<\/p>\n<div class=\"vc_sep_holder vc_sep_holder_l\">\n<p class=\"vc_sep_line\" style=\"border-color: grey;\">\n<\/div>\n<h2 style=\"text-align: center;\">Eliminaci\u00f3n de obstrucciones y pegaduras en las unidades de almacenamiento y los conductos de gas y tratamiento de los gases de combusti\u00f3n, carga y preparaci\u00f3n de lotes<\/h2>\n<div class=\"vc_sep_holder vc_sep_holder_r\">\n<p class=\"vc_sep_line\" style=\"border-color: grey;\">\n<\/div>\n<p>[\/vc_column_text][\/vc_column][\/vc_row][vc_row el_class=\u00bbinvert-block\u00bb][vc_column width=\u00bb1\/2&#8243;][vc_column_text]Nuestras\u00a0soluciones de pistolas de aire eliminan los bloqueos\u00a0y las\u00a0concreciones en las unidades de almacenamiento\u00a0y los\u00a0conductos de gas\u00a0y procesan los gases de combusti\u00f3n, la carga y la preparaci\u00f3n de lotes.<\/p>\n<p>Podemos eliminar un gran n\u00famero de dep\u00f3sitos de material como :\u00a0obstrucciones de arena, cal, sosa, s\u00edlice, ceniza<br \/>\nEstos son algunos ejemplos de nuestras\u00a0soluciones de limpieza industrial:<\/p>\n<ul>\n<li>Limpieza de las\u00a0b\u00f3vedas de los hornos<\/li>\n<li>Limpieza de los\u00a0conductos de tratamiento de gases de combusti\u00f3n<\/li>\n<li>Limpieza de silos de almacenamiento, limpieza de tolvas de arena<\/li>\n<\/ul>\n<p>=&gt; Soluci\u00f3n de limpieza con el\u00a0sistema de ca\u00f1ones de aire AIRCHOC[\/vc_column_text][\/vc_column][vc_column css_animation=\u00bbslideInRight\u00bb width=\u00bb1\/2&#8243;][vc_single_image image=\u00bb4464&#8243; img_size=\u00bbfull\u00bb alignment=\u00bbcenter\u00bb][\/vc_column][\/vc_row][vc_row][vc_column][vc_btn title=\u00bbCont\u00e1ctenos\u00bb style=\u00bbflat\u00bb shape=\u00bbsquare\u00bb color=\u00bbblack\u00bb align=\u00bbcenter\u00bb link=\u00bburl:%2Fes%2Fcontacto|title:Contact%20Standard%20industrie\u00bb][\/vc_column][\/vc_row][vc_row][vc_column][vc_empty_space][vc_column_text el_class=\u00bbgros-titre fort trait-bleu traits-gris-droite-gauche titre-centre vc_separator wpb_content_element vc_separator_align_center vc_sep_width_100 vc_sep_border_width_2 vc_sep_pos_align_center vc_separator-has-text\u00bb]<\/p>\n<div class=\"vc_sep_holder vc_sep_holder_l\">\n<p class=\"vc_sep_line\" style=\"border-color: grey;\">\n<\/div>\n<h2 style=\"text-align: center;\">Reducir el polvo y recuperar el material en varios lugares de la planta, para cada etapa de la producci\u00f3n de vidrio :<\/h2>\n<div class=\"vc_sep_holder vc_sep_holder_r\">\n<p class=\"vc_sep_line\" style=\"border-color: grey;\">\n<\/div>\n<p>[\/vc_column_text][\/vc_column][\/vc_row][vc_row el_class=\u00bbinvert-block\u00bb][vc_column css_animation=\u00bbslideInLeft\u00bb width=\u00bb1\/2&#8243;][vc_single_image image=\u00bb4463&#8243; img_size=\u00bbfull\u00bb alignment=\u00bbcenter\u00bb][\/vc_column][vc_column width=\u00bb1\/2&#8243;][vc_column_text]Ofrecemos soluciones para reducir el polvo y recuperar el material en varios lugares de la planta mediante\u00a0aspiraci\u00f3n de polvo de s\u00edlice,\u00a0cullet,\u00a0virios rotos.<\/p>\n<p><a href=\"https:\/\/www.standard-industrie.com\/es\/estudio-de-caso\/red-de-aspiracion-para-la-fabricacion-de-vidrio\/\" target=\"_blank\" rel=\"noopener\">Vea un estudio de caso sobre la instalaci\u00f3n de una red de aspiraci\u00f3n en una f\u00e1brica de vidrio<\/a><\/p>\n<p>Algunos ejemplos de nuestras\u00a0soluciones de vac\u00edo industrial:<\/p>\n<ul>\n<li>Limpieza de la zona de almacenamiento de materias primas, preparaci\u00f3n de las cargas<\/li>\n<li>Limpieza de la zona de trituraci\u00f3n de vidrio y cascotes<\/li>\n<li>Limpieza del \u00e1rea de compuestos<\/li>\n<li>Aspiraci\u00f3n en la l\u00ednea de producci\u00f3n<\/li>\n<li>Limpieza de la zona de acondicionamiento<\/li>\n<li>Limpieza de las b\u00f3vedas de los hornos<\/li>\n<\/ul>\n<p>=&gt; Soluci\u00f3n de limpieza con\u00a0sistema de aspiraci\u00f3n industrial m\u00f3vil\u00a0o centralizado[\/vc_column_text][\/vc_column][\/vc_row][vc_row][vc_column][vc_empty_space][vc_column_text el_class=\u00bbgros-titre fort trait-bleu traits-gris-droite-gauche titre-centre vc_separator wpb_content_element vc_separator_align_center vc_sep_width_100 vc_sep_border_width_2 vc_sep_pos_align_center vc_separator-has-text\u00bb]<\/p>\n<div class=\"vc_sep_holder vc_sep_holder_l\">\n<p class=\"vc_sep_line\" style=\"border-color: grey;\">\n<\/div>\n<h2 style=\"text-align: center;\">Eliminar los desbordamientos de la cinta transportadora<\/h2>\n<div class=\"vc_sep_holder vc_sep_holder_r\">\n<p class=\"vc_sep_line\" style=\"border-color: grey;\">\n<\/div>\n<p>[\/vc_column_text][\/vc_column][\/vc_row][vc_row el_class=\u00bbinvert-block\u00bb][vc_column width=\u00bb1\/2&#8243;][vc_column_text]<\/p>\n<ul>\n<li>Confinamiento del transportador de vidrio roto (desecho de producci\u00f3n), cullet<\/li>\n<li>Supresi\u00f3n de las emisiones de polvo de s\u00edlice cristalina<\/li>\n<\/ul>\n<p>[\/vc_column_text][\/vc_column][vc_column css_animation=\u00bbslideInRight\u00bb width=\u00bb1\/2&#8243;][vc_single_image image=\u00bb4465&#8243; img_size=\u00bbfull\u00bb alignment=\u00bbcenter\u00bb][\/vc_column][\/vc_row][vc_row][vc_column][vc_btn title=\u00bbCont\u00e1ctenos\u00bb style=\u00bbflat\u00bb shape=\u00bbsquare\u00bb color=\u00bbblack\u00bb align=\u00bbcenter\u00bb link=\u00bburl:%2Fes%2Fcontacto|title:Contact%20Standard%20industrie\u00bb][\/vc_column][\/vc_row]<\/p>\n","protected":false},"excerpt":{"rendered":"<p>[vc_row][vc_column][vc_empty_space][vc_column_text el_class=\u00bbgros-titre fort trait-bleu traits-gris-droite-gauche titre-centre vc_separator wpb_content_element vc_separator_align_center vc_sep_width_100 vc_sep_border_width_2 vc_sep_pos_align_center vc_separator-has-text\u00bb] Eliminaci\u00f3n de obstrucciones y pegaduras en las unidades de almacenamiento y los conductos<span class=\"excerpt-hellip\"> [\u2026]<\/span><\/p>\n","protected":false},"author":1,"featured_media":0,"parent":0,"menu_order":36,"comment_status":"closed","ping_status":"closed","template":"","meta":{"footnotes":""},"class_list":["post-3531","page","type-page","status-publish","hentry"],"_links":{"self":[{"href":"https:\/\/www.standard-industrie.com\/es\/wp-json\/wp\/v2\/pages\/3531","targetHints":{"allow":["GET"]}}],"collection":[{"href":"https:\/\/www.standard-industrie.com\/es\/wp-json\/wp\/v2\/pages"}],"about":[{"href":"https:\/\/www.standard-industrie.com\/es\/wp-json\/wp\/v2\/types\/page"}],"author":[{"embeddable":true,"href":"https:\/\/www.standard-industrie.com\/es\/wp-json\/wp\/v2\/users\/1"}],"replies":[{"embeddable":true,"href":"https:\/\/www.standard-industrie.com\/es\/wp-json\/wp\/v2\/comments?post=3531"}],"version-history":[{"count":0,"href":"https:\/\/www.standard-industrie.com\/es\/wp-json\/wp\/v2\/pages\/3531\/revisions"}],"wp:attachment":[{"href":"https:\/\/www.standard-industrie.com\/es\/wp-json\/wp\/v2\/media?parent=3531"}],"curies":[{"name":"wp","href":"https:\/\/api.w.org\/{rel}","templated":true}]}}