{"id":3533,"date":"2021-10-22T15:30:05","date_gmt":"2021-10-22T14:30:05","guid":{"rendered":"https:\/\/www.standard-industrie.com\/es\/?page_id=3533"},"modified":"2025-06-04T21:08:13","modified_gmt":"2025-06-04T20:08:13","slug":"tratamiento-de-desechos","status":"publish","type":"page","link":"https:\/\/www.standard-industrie.com\/es\/tratamiento-de-desechos\/","title":{"rendered":"TRATAMIENTO DE DESECHOS"},"content":{"rendered":"<p>[vc_row][vc_column][vc_empty_space][vc_column_text el_class=\u00bbgros-titre fort trait-bleu traits-gris-droite-gauche titre-centre vc_separator wpb_content_element vc_separator_align_center vc_sep_width_100 vc_sep_border_width_2 vc_sep_pos_align_center vc_separator-has-text\u00bb]<\/p>\n<div class=\"vc_sep_holder vc_sep_holder_l\">\n<p class=\"vc_sep_line\" style=\"border-color: grey;\">\n<\/div>\n<h2 style=\"text-align: center;\">Eliminar los obstrucciones y las pegaduras en las unidades de almacenamiento, en los conductos de gases y tratamiento de los humos de combusti\u00f3n<\/h2>\n<div class=\"vc_sep_holder vc_sep_holder_r\">\n<p class=\"vc_sep_line\" style=\"border-color: grey;\">\n<\/div>\n<p>[\/vc_column_text][\/vc_column][\/vc_row][vc_row el_class=\u00bbinvert-block\u00bb][vc_column width=\u00bb1\/2&#8243;][vc_column_text]Nuestras soluciones de limpieza industrial para plantas de tratamiento de residuos permiten eliminar las obstrucciones y concreciones presentes en las unidades de almacenamiento<\/p>\n<p>Nuestras prestaciones permiten la decolmaci\u00f3n de polvos u otros materiales procedentes del reciclado.<\/p>\n<p>Algunos ejemplos de nuestras soluciones de decolmado son:[\/vc_column_text][vc_column_text]<\/p>\n<ul>\n<li>Limpieza de la tolva de polvo en la planta de tratamiento de residuos sider\u00fargicos<\/li>\n<li>Limpieza de la c\u00e1mara de pre-combusti\u00f3n: La combusti\u00f3n continua de los residuos dom\u00e9sticos provoca la trituraci\u00f3n de material en la c\u00e1mara de pre-combusti\u00f3n, especialmente durante el paso de gases cargados de polvo. Estas concreciones, si no se tratan diariamente, causan una reducci\u00f3n de la velocidad de paso de los gases y una p\u00e9rdida de depresi\u00f3n.<br \/>\nLa instalaci\u00f3n de ca\u00f1ones de aire permite a los incineradores dom\u00e9sticos operar de forma continua sin sufrir paradas intempestivas y garantizando un trabajo de limpieza regular y seguro sin intervenci\u00f3n humana.<\/li>\n<li><a href=\"https:\/\/www.standard-industrie.com\/es\/estudio-de-caso\/pegadura-de-cenizas-volantes-en-incineracion\/\" target=\"_blank\" rel=\"noopener\">Eliminaci\u00f3n de cenizas procedentes de la combusti\u00f3n de residuos especiales<\/a>: aceites industriales, disolventes, residuos peligrosos, etc&#8230;<\/li>\n<\/ul>\n<p>[\/vc_column_text][\/vc_column][vc_column css_animation=\u00bbslideInRight\u00bb width=\u00bb1\/2&#8243;][vc_single_image image=\u00bb5800&#8243; img_size=\u00bbfull\u00bb alignment=\u00bbcenter\u00bb][\/vc_column][\/vc_row][vc_row][vc_column][vc_btn title=\u00bbContactenos\u00bb style=\u00bbflat\u00bb shape=\u00bbsquare\u00bb color=\u00bbblack\u00bb align=\u00bbcenter\u00bb link=\u00bburl:%2Fes%2Fcontacto%2F|title:Contact%20Standard%20industrie\u00bb][\/vc_column][\/vc_row][vc_row][vc_column][vc_empty_space][vc_column_text el_class=\u00bbgros-titre fort trait-bleu traits-gris-droite-gauche titre-centre vc_separator wpb_content_element vc_separator_align_center vc_sep_width_100 vc_sep_border_width_2 vc_sep_pos_align_center vc_separator-has-text\u00bb]<\/p>\n<div class=\"vc_sep_holder vc_sep_holder_l\">\n<p class=\"vc_sep_line\" style=\"border-color: grey;\">\n<\/div>\n<h2 style=\"text-align: center;\">Reducir el polvo y recuperar el material de varios lugares de la planta<\/h2>\n<div class=\"vc_sep_holder vc_sep_holder_r\">\n<p class=\"vc_sep_line\" style=\"border-color: grey;\">\n<\/div>\n<p>[\/vc_column_text][\/vc_column][\/vc_row][vc_row el_class=\u00bbinvert-block\u00bb][vc_column css_animation=\u00bbslideInLeft\u00bb width=\u00bb1\/2&#8243;][vc_single_image image=\u00bb5804&#8243; img_size=\u00bbfull\u00bb alignment=\u00bbcenter\u00bb][\/vc_column][vc_column width=\u00bb1\/2&#8243;][vc_column_text]Aspiraci\u00f3n de cenizas, carb\u00f3n,\u00a0polvos residuales, combustibles alternativos,\u00a0pellets de madera[\/vc_column_text][vc_column_text]<\/p>\n<ul>\n<li><a href=\"https:\/\/www.standard-industrie.com\/es\/estudio-de-caso\/incineradora-en-francia\/\" target=\"_blank\" rel=\"noopener\">Aspiraci\u00f3n de las cenizas de la caldera<\/a>\u00a0durante las paradas programadas<\/li>\n<li>Aspiraci\u00f3n a lo largo de los transportadores<\/li>\n<\/ul>\n<p>[\/vc_column_text][\/vc_column][\/vc_row][vc_row][vc_column][vc_empty_space][vc_column_text el_class=\u00bbgros-titre fort trait-bleu traits-gris-droite-gauche titre-centre vc_separator wpb_content_element vc_separator_align_center vc_sep_width_100 vc_sep_border_width_2 vc_sep_pos_align_center vc_separator-has-text\u00bb]<\/p>\n<div class=\"vc_sep_holder vc_sep_holder_l\">\n<p class=\"vc_sep_line\" style=\"border-color: grey;\">\n<\/div>\n<h2 style=\"text-align: center;\">Eliminar los derrames de la cinta transportadora<\/h2>\n<div class=\"vc_sep_holder vc_sep_holder_r\">\n<p class=\"vc_sep_line\" style=\"border-color: grey;\">\n<\/div>\n<p>[\/vc_column_text][\/vc_column][\/vc_row][vc_row el_class=\u00bbinvert-block\u00bb][vc_column width=\u00bb1\/2&#8243;][vc_column_text]Standard Industrie ofrece soluciones para eliminar los desbordamientos del transportador de banda y banda transportadora.[\/vc_column_text][vc_column_text]<\/p>\n<ul>\n<li><a href=\"https:\/\/www.standard-industrie.com\/es\/estudio-de-caso\/proteccion-de-una-cinta-transportadora\/\" target=\"_blank\" rel=\"noopener\">Sellado herm\u00e9tico de las cintas de transporte de combustible<\/a><\/li>\n<li>Supresi\u00f3n de olores y emisiones de polvo<\/li>\n<li>Zona\u00a0ATEX<\/li>\n<li>Transporte de astillas de madera, serr\u00edn<\/li>\n<\/ul>\n<p>[\/vc_column_text][\/vc_column][vc_column css_animation=\u00bbslideInRight\u00bb width=\u00bb1\/2&#8243;][vc_single_image image=\u00bb4523&#8243; img_size=\u00bbfull\u00bb alignment=\u00bbcenter\u00bb][\/vc_column][\/vc_row][vc_row][vc_column][vc_btn title=\u00bbContactenos\u00bb style=\u00bbflat\u00bb shape=\u00bbsquare\u00bb color=\u00bbblack\u00bb align=\u00bbcenter\u00bb link=\u00bburl:%2Fes%2Fcontacto%2F|title:Contact%20Standard%20industrie\u00bb][\/vc_column][\/vc_row]<\/p>\n","protected":false},"excerpt":{"rendered":"<p>[vc_row][vc_column][vc_empty_space][vc_column_text el_class=\u00bbgros-titre fort trait-bleu traits-gris-droite-gauche titre-centre vc_separator wpb_content_element vc_separator_align_center vc_sep_width_100 vc_sep_border_width_2 vc_sep_pos_align_center vc_separator-has-text\u00bb] Eliminar los obstrucciones y las pegaduras en las unidades de almacenamiento, en los<span class=\"excerpt-hellip\"> [\u2026]<\/span><\/p>\n","protected":false},"author":1,"featured_media":0,"parent":0,"menu_order":34,"comment_status":"closed","ping_status":"closed","template":"","meta":{"footnotes":""},"class_list":["post-3533","page","type-page","status-publish","hentry"],"_links":{"self":[{"href":"https:\/\/www.standard-industrie.com\/es\/wp-json\/wp\/v2\/pages\/3533","targetHints":{"allow":["GET"]}}],"collection":[{"href":"https:\/\/www.standard-industrie.com\/es\/wp-json\/wp\/v2\/pages"}],"about":[{"href":"https:\/\/www.standard-industrie.com\/es\/wp-json\/wp\/v2\/types\/page"}],"author":[{"embeddable":true,"href":"https:\/\/www.standard-industrie.com\/es\/wp-json\/wp\/v2\/users\/1"}],"replies":[{"embeddable":true,"href":"https:\/\/www.standard-industrie.com\/es\/wp-json\/wp\/v2\/comments?post=3533"}],"version-history":[{"count":0,"href":"https:\/\/www.standard-industrie.com\/es\/wp-json\/wp\/v2\/pages\/3533\/revisions"}],"wp:attachment":[{"href":"https:\/\/www.standard-industrie.com\/es\/wp-json\/wp\/v2\/media?parent=3533"}],"curies":[{"name":"wp","href":"https:\/\/api.w.org\/{rel}","templated":true}]}}