{"id":3899,"date":"2022-05-30T09:00:20","date_gmt":"2022-05-30T08:00:20","guid":{"rendered":"https:\/\/www.standard-industrie.com\/es\/?page_id=3899"},"modified":"2025-06-04T21:07:04","modified_gmt":"2025-06-04T20:07:04","slug":"solucion-de-aspiracion-y-limpieza-para-la-industria-alimentaria","status":"publish","type":"page","link":"https:\/\/www.standard-industrie.com\/es\/solucion-de-aspiracion-y-limpieza-para-la-industria-alimentaria\/","title":{"rendered":"Soluci\u00f3n de aspiraci\u00f3n y limpieza para la industria alimentaria"},"content":{"rendered":"<p>[vc_row][vc_column][vc_empty_space][vc_column_text el_class=\u00bbgros-titre fort trait-bleu traits-gris-droite-gauche titre-centre vc_separator wpb_content_element vc_separator_align_center vc_sep_width_100 vc_sep_border_width_2 vc_sep_pos_align_center vc_separator-has-text\u00bb]<\/p>\n<div class=\"vc_sep_holder vc_sep_holder_l\">\n<p class=\"vc_sep_line\" style=\"border-color: grey;\">\n<\/div>\n<h2 style=\"text-align: center;\">Soluci\u00f3n de limpieza para la industria alimentaria<\/h2>\n<div class=\"vc_sep_holder vc_sep_holder_r\">\n<p class=\"vc_sep_line\" style=\"border-color: grey;\">\n<\/div>\n<p>[\/vc_column_text][\/vc_column][\/vc_row][vc_row el_class=\u00bbinvert-block\u00bb][vc_column width=\u00bb1\/2&#8243;][vc_column_text]Nuestras\u00a0<b>soluciones de limpieza<\/b>\u00a0para\u00a0<b>fluidificar la producci\u00f3n de alimentos para animales o humanos<\/b>\u00a0<a href=\"https:\/\/www.standard-industrie.com\/es\/eliminacion-obstrucciones-concreciones\/\" target=\"_blank\" rel=\"noopener\"><u>eliminan los dep\u00f3sitos de material<\/u><\/a>, los atascos y las concreciones en las unidades de almacenamiento y los canales de transporte de material. Dependiendo del contenido de humedad del silo, pueden producirse atascos de az\u00facar, soja, salvado y harina.<\/p>\n<p>Estos son algunos ejemplos de nuestras\u00a0<b>soluciones de limpieza industrial<\/b>\u00a0:<\/p>\n<ul>\n<li>Limpieza de las tolvas de almacenamiento de materias primas<\/li>\n<li>Limpieza de silo de grano, silo de soja, <a href=\"https:\/\/www.standard-industrie.com\/es\/estudio-de-caso\/acumulacion-de-salvado-en-el-interior-del-silo\/\" target=\"_blank\" rel=\"noopener\">silo de salvado<\/a><\/li>\n<li>Evitar que el salvado sea masajeado colocando ca\u00f1ones de aire en la unidad de almacenamiento<\/li>\n<li>Eliminaci\u00f3n del bloqueo de material en la extracci\u00f3n del descargador<\/li>\n<li>Limpieza de tolvas de almacenamiento de piensos<\/li>\n<li>Limpieza con equipos ATEX 21, especialmente para facilitar el flujo de az\u00facar granulado<\/li>\n<\/ul>\n<p>En la industria alimentaria, los sistemas de recuperaci\u00f3n bajo los silos son generalmente tornillos de Arqu\u00edmedes, tubos vibratorios, transporte neum\u00e1tico. El uso de ca\u00f1ones de aire permitir\u00e1 una alimentaci\u00f3n regular de los equipos de recuperaci\u00f3n, que a menudo son elementos de regulaci\u00f3n y dosificaci\u00f3n.<\/p>\n<p>El impacto de la onda de choque generada por los ca\u00f1ones de aire no afectar\u00e1 a la precisi\u00f3n del pesaje.[\/vc_column_text][\/vc_column][vc_column css_animation=\u00bbnone\u00bb width=\u00bb1\/2&#8243;][vc_single_image image=\u00bb4535&#8243; img_size=\u00bbfull\u00bb alignment=\u00bbcenter\u00bb css_animation=\u00bbfadeInRight\u00bb][vc_single_image image=\u00bb4533&#8243; img_size=\u00bbfull\u00bb alignment=\u00bbcenter\u00bb css_animation=\u00bbfadeInRightBig\u00bb][\/vc_column][\/vc_row][vc_row][vc_column][vc_btn title=\u00bbCont\u00e1ctenos\u00bb style=\u00bbflat\u00bb shape=\u00bbsquare\u00bb color=\u00bbblack\u00bb align=\u00bbcenter\u00bb link=\u00bburl:%2Fes%2Fcontacto|title:Contact%20Standard%20industrie\u00bb][\/vc_column][\/vc_row][vc_row][vc_column][vc_empty_space][vc_column_text el_class=\u00bbgros-titre fort trait-bleu traits-gris-droite-gauche titre-centre vc_separator wpb_content_element vc_separator_align_center vc_sep_width_100 vc_sep_border_width_2 vc_sep_pos_align_center vc_separator-has-text\u00bb]<\/p>\n<div class=\"vc_sep_holder vc_sep_holder_l\">\n<p class=\"vc_sep_line\" style=\"border-color: grey;\">\n<\/div>\n<h2 style=\"text-align: center;\">Soluci\u00f3n de aspiraci\u00f3n para plantas de procesamiento de alimentos<\/h2>\n<div class=\"vc_sep_holder vc_sep_holder_r\">\n<p class=\"vc_sep_line\" style=\"border-color: grey;\">\n<\/div>\n<p>[\/vc_column_text][\/vc_column][\/vc_row][vc_row el_class=\u00bbinvert-block\u00bb][vc_column css_animation=\u00bbslideInLeft\u00bb width=\u00bb1\/4&#8243;][vc_single_image image=\u00bb4531&#8243; img_size=\u00bbfull\u00bb alignment=\u00bbcenter\u00bb][\/vc_column][vc_column width=\u00bb1\/2&#8243;][vc_column_text]La producci\u00f3n de alimentos est\u00e1 sujeta a requisitos sanitarios y ATEX, que las m\u00e1quinas de extracci\u00f3n en red pueden cumplir.<\/p>\n<p>Algunos ejemplos de nuestras\u00a0<b>soluciones de extracci\u00f3n de polvo industrial<\/b>\u00a0:<\/p>\n<ul>\n<li>Limpieza de las zonas de almacenamiento mediante un sistema de aspiraci\u00f3n centralizado<\/li>\n<li>Aspiraci\u00f3n industrial de la zona de envasado<\/li>\n<li><a href=\"https:\/\/www.standard-industrie.com\/es\/estudio-de-caso\/extraccion-de-polvo-de-grano\/\" target=\"_blank\" rel=\"noopener\">Aspiraci\u00f3n de granos finos o gr\u00e1nulos<\/a><\/li>\n<li>Limpieza al vac\u00edo del polvo del proceso de producci\u00f3n de alimentos<\/li>\n<\/ul>\n<p>La limpieza de estas zonas se realiza con un\u00a0<a href=\"https:\/\/www.standard-industrie.com\/es\/limpieza-industrial-por-aspiracion\/\" target=\"_blank\" rel=\"noopener\"><b><u>sistema de aspiraci\u00f3n industrial centralizado<\/u><\/b><\/a>.[\/vc_column_text][\/vc_column][vc_column css_animation=\u00bbslideInRight\u00bb width=\u00bb1\/4&#8243;][vc_single_image image=\u00bb4534&#8243; img_size=\u00bbfull\u00bb alignment=\u00bbcenter\u00bb][\/vc_column][\/vc_row][vc_row][vc_column][vc_empty_space][vc_column_text el_class=\u00bbgros-titre fort trait-bleu traits-gris-droite-gauche titre-centre vc_separator wpb_content_element vc_separator_align_center vc_sep_width_100 vc_sep_border_width_2 vc_sep_pos_align_center vc_separator-has-text\u00bb]<\/p>\n<div class=\"vc_sep_holder vc_sep_holder_l\">\n<p class=\"vc_sep_line\" style=\"border-color: grey;\">\n<\/div>\n<h2 style=\"text-align: center;\">Sellado de cintas transportadoras para la industria alimentaria<\/h2>\n<div class=\"vc_sep_holder vc_sep_holder_r\">\n<p class=\"vc_sep_line\" style=\"border-color: grey;\">\n<\/div>\n<p>[\/vc_column_text][\/vc_column][\/vc_row][vc_row el_class=\u00bbinvert-block\u00bb][vc_column width=\u00bb1\/2&#8243;][vc_column_text]Standard Industrie ofrece soluciones para eliminar el desbordamiento de la cinta transportadora\u00a0y la banda de transporte.<\/p>\n<p>El dise\u00f1o de la cinta LIFTUBE\u00ae proporciona una envoltura ajustada para que el producto fluya, reduciendo la cantidad de material que se escapa y la cantidad de material que se pierde de la cinta. Como la cubierta es de tipo clip, encaja perfectamente en las ranuras superiores de los soportes de los bordes, por tanto, proporciona un sellado perfecto al sistema. Esta estanqueidad tambi\u00e9n se consigue gracias a los aros laminados de espuma que encierran la tira en cada extremo.<\/p>\n<p>Son estas ventajas las que pueden crear un inter\u00e9s sanitario cuando el producto transportado necesita ser protegido del entorno exterior.[\/vc_column_text][\/vc_column][vc_column css_animation=\u00bbslideInRight\u00bb width=\u00bb1\/2&#8243;][vc_single_image image=\u00bb4532&#8243; img_size=\u00bbfull\u00bb alignment=\u00bbcenter\u00bb][\/vc_column][\/vc_row][vc_row][vc_column][vc_btn title=\u00bbCont\u00e1ctenos\u00bb style=\u00bbflat\u00bb shape=\u00bbsquare\u00bb color=\u00bbblack\u00bb align=\u00bbcenter\u00bb link=\u00bburl:%2Fes%2Fcontacto|title:Contact%20Standard%20industrie\u00bb][\/vc_column][\/vc_row]<\/p>\n","protected":false},"excerpt":{"rendered":"<p>[vc_row][vc_column][vc_empty_space][vc_column_text el_class=\u00bbgros-titre fort trait-bleu traits-gris-droite-gauche titre-centre vc_separator wpb_content_element vc_separator_align_center vc_sep_width_100 vc_sep_border_width_2 vc_sep_pos_align_center vc_separator-has-text\u00bb] Soluci\u00f3n de limpieza para la industria alimentaria [\/vc_column_text][\/vc_column][\/vc_row][vc_row el_class=\u00bbinvert-block\u00bb][vc_column width=\u00bb1\/2&#8243;][vc_column_text]Nuestras\u00a0soluciones de limpieza\u00a0para\u00a0fluidificar la<span class=\"excerpt-hellip\"> [\u2026]<\/span><\/p>\n","protected":false},"author":1,"featured_media":0,"parent":0,"menu_order":33,"comment_status":"closed","ping_status":"closed","template":"","meta":{"footnotes":""},"class_list":["post-3899","page","type-page","status-publish","hentry"],"_links":{"self":[{"href":"https:\/\/www.standard-industrie.com\/es\/wp-json\/wp\/v2\/pages\/3899","targetHints":{"allow":["GET"]}}],"collection":[{"href":"https:\/\/www.standard-industrie.com\/es\/wp-json\/wp\/v2\/pages"}],"about":[{"href":"https:\/\/www.standard-industrie.com\/es\/wp-json\/wp\/v2\/types\/page"}],"author":[{"embeddable":true,"href":"https:\/\/www.standard-industrie.com\/es\/wp-json\/wp\/v2\/users\/1"}],"replies":[{"embeddable":true,"href":"https:\/\/www.standard-industrie.com\/es\/wp-json\/wp\/v2\/comments?post=3899"}],"version-history":[{"count":0,"href":"https:\/\/www.standard-industrie.com\/es\/wp-json\/wp\/v2\/pages\/3899\/revisions"}],"wp:attachment":[{"href":"https:\/\/www.standard-industrie.com\/es\/wp-json\/wp\/v2\/media?parent=3899"}],"curies":[{"name":"wp","href":"https:\/\/api.w.org\/{rel}","templated":true}]}}