{"id":3999,"date":"2022-08-30T09:36:56","date_gmt":"2022-08-30T08:36:56","guid":{"rendered":"https:\/\/www.standard-industrie.com\/es\/?page_id=3999"},"modified":"2025-06-04T20:54:54","modified_gmt":"2025-06-04T19:54:54","slug":"accueil-standard-industrie","status":"publish","type":"page","link":"https:\/\/www.standard-industrie.com\/es\/","title":{"rendered":"Standard Industrie"},"content":{"rendered":"<p>[vc_row][vc_column][vc_empty_space][vc_column_text el_class=\u00bbgros-titre fort traits-gris-droite-gauche titre-centre vc_separator wpb_content_element vc_separator_align_center vc_sep_width_100 vc_sep_border_width_2 vc_sep_pos_align_center vc_separator-has-text\u00bb]<\/p>\n<div class=\"vc_sep_holder vc_sep_holder_l\">\n<p class=\"vc_sep_line\" style=\"border-color: grey;\">\n<\/div>\n<h2>Nuestras soluciones<\/h2>\n<div class=\"vc_sep_holder vc_sep_holder_r\">\n<p class=\"vc_sep_line\" style=\"border-color: grey;\">\n<\/div>\n<p>[\/vc_column_text][vc_row_inner][vc_column_inner width=\u00bb1\/2&#8243;][vc_column_text]Standard Industrie aporta soluciones diversificadas para ayudar a los industriales a granel a nivel internacional y para todos los tipos de sectores.[\/vc_column_text][\/vc_column_inner][vc_column_inner width=\u00bb1\/2&#8243;][\/vc_column_inner][\/vc_row_inner][vc_row_inner el_class=\u00bbrange-5-block\u00bb][vc_column_inner width=\u00bb1\/5&#8243; offset=\u00bbvc_col-xs-6&#8243;][vc_single_image image=\u00bb4336&#8243; img_size=\u00bbfull\u00bb onclick=\u00bbcustom_link\u00bb el_class=\u00bbeffect-slide-top-img-hover animation-trait-img-hover trait-rouge img-trait-titre\u00bb link=\u00bb\/es\/elimination-colmatages-concretions\/\u00bb title=\u00bbEliminaci\u00f3n de obstrucciones y pegaduras\u00bb][\/vc_column_inner][vc_column_inner width=\u00bb1\/5&#8243; offset=\u00bbvc_col-xs-6&#8243;][vc_single_image image=\u00bb4129&#8243; img_size=\u00bbfull\u00bb onclick=\u00bbcustom_link\u00bb el_class=\u00bbeffect-slide-top-img-hover animation-trait-img-hover trait-jaune img-trait-titre\u00bb link=\u00bb\/es\/nettoyage-industriel-aspiration\/\u00bb title=\u00bbLimpieza industrial por aspiraci\u00f3n\u00bb][\/vc_column_inner][vc_column_inner width=\u00bb1\/5&#8243; offset=\u00bbvc_col-xs-6&#8243;][vc_single_image image=\u00bb4130&#8243; img_size=\u00bbfull\u00bb onclick=\u00bbcustom_link\u00bb el_class=\u00bbeffect-slide-top-img-hover animation-trait-img-hover trait-vert img-trait-titre\u00bb link=\u00bb\/es\/optimisation-convoyeurs-bande\/\u00bb title=\u00bbOptimizaci\u00f3n de las cintas transportadoras\u00bb][\/vc_column_inner][vc_column_inner width=\u00bb1\/5&#8243; offset=\u00bbvc_col-xs-6&#8243;][vc_single_image image=\u00bb4131&#8243; img_size=\u00bbfull\u00bb onclick=\u00bbcustom_link\u00bb el_class=\u00bbeffect-slide-top-img-hover animation-trait-img-hover trait-bleu img-trait-titre\u00bb link=\u00bb\/prestations-nettoyage-silos-tremies\/\u00bb title=\u00bbPrestaciones de limpieza de silos y tolvas\u00bb][\/vc_column_inner][vc_column_inner width=\u00bb1\/5&#8243; offset=\u00bbvc_col-xs-6&#8243;][vc_single_image image=\u00bb4132&#8243; img_size=\u00bbfull\u00bb onclick=\u00bbcustom_link\u00bb el_class=\u00bbeffect-slide-top-img-hover animation-trait-img-hover trait-violet img-trait-titre\u00bb link=\u00bb\/es\/transport-criblage-ecoulement-2\/\u00bb title=\u00bbTransporte cribado flujo\u00bb][\/vc_column_inner][\/vc_row_inner][\/vc_column][\/vc_row][vc_row][vc_column][vc_empty_space][vc_column_text el_class=\u00bbgros-titre fort traits-gris-droite-gauche titre-centre vc_separator wpb_content_element vc_separator_align_center vc_sep_width_100 vc_sep_border_width_2 vc_sep_pos_align_center vc_separator-has-text\u00bb]<\/p>\n<div class=\"vc_sep_holder vc_sep_holder_l\">\n<p class=\"vc_sep_line\" style=\"border-color: grey;\">\n<\/div>\n<h2>Nuestros sectores<\/h2>\n<div class=\"vc_sep_holder vc_sep_holder_r\">\n<p class=\"vc_sep_line\" style=\"border-color: grey;\">\n<\/div>\n<p>[\/vc_column_text][vc_row_inner][vc_column_inner width=\u00bb1\/2&#8243;][vc_column_text]Operamos en diferentes sectores como la industria del cemento, la cristaler\u00eda, la miner\u00eda y la cantera y muchos m\u00e1s para aportar nuestras soluciones de limpieza para los industriales a granel.[\/vc_column_text][\/vc_column_inner][vc_column_inner width=\u00bb1\/2&#8243;][\/vc_column_inner][\/vc_row_inner][vc_tta_tour active_section=\u00bb1&#8243; el_class=\u00bbrange-secteurs\u00bb][vc_tta_section title=\u00bbF\u00e1brica de cemento\u00bb tab_id=\u00bb1663676834756-aab29fd0-e048&#8243;][vc_row_inner el_class=\u00bbtxt-btn-page-secteurs\u00bb][vc_column_inner width=\u00bb1\/2&#8243; css=\u00bb.vc_custom_1676564741613{padding-top: 30px !important;padding-right: 30px !important;padding-bottom: 30px !important;padding-left: 30px !important;background-color: rgba(255,255,255,0.8) !important;*background-color: rgb(255,255,255) !important;}\u00bb][vc_column_text]Nuestras <b>soluciones de limpieza para f\u00e1bricas y plantas de cemento<\/b> eliminan los atascos de arena y hormig\u00f3n en las unidades de almacenamiento y las tuber\u00edas de gas en el proceso.[\/vc_column_text][vc_btn title=\u00bbM\u00e1s informaci\u00f3n\u00bb shape=\u00bbsquare\u00bb color=\u00bbwarning\u00bb link=\u00bburl:https%3A%2F%2Fwww.standard-industrie.com%2Fes%2Ffabrica-de-cemento%2F|title:F%C3%A1brica%20de%20cemento\u00bb][\/vc_column_inner][vc_column_inner width=\u00bb1\/2&#8243;][\/vc_column_inner][\/vc_row_inner][vc_single_image image=\u00bb4444&#8243; img_size=\u00bbfull\u00bb alignment=\u00bbcenter\u00bb][\/vc_tta_section][vc_tta_section title=\u00bbIndustria del vidrio\u00bb tab_id=\u00bb1663678802508-3dd6017c-2a4f\u00bb][vc_row_inner el_class=\u00bbtxt-btn-page-secteurs\u00bb][vc_column_inner width=\u00bb1\/2&#8243; css=\u00bb.vc_custom_1676564760898{padding-top: 30px !important;padding-right: 30px !important;padding-bottom: 30px !important;padding-left: 30px !important;background-color: rgba(255,255,255,0.8) !important;*background-color: rgb(255,255,255) !important;}\u00bb][vc_column_text]Nuestras\u00a0soluciones de ca\u00f1ones de aire eliminan los bloqueos\u00a0y las\u00a0concreciones en las unidades de almacenamiento y los\u00a0conductos de gas\u00a0y procesan los gases de combusti\u00f3n, la carga y la preparaci\u00f3n de lotes.[\/vc_column_text][vc_btn title=\u00bbM\u00e1s informaci\u00f3n\u00bb shape=\u00bbsquare\u00bb color=\u00bbwarning\u00bb link=\u00bburl:%2Fes%2Fsolucion-de-aspiracion-y-limpieza-para-la-industria-del-vidrio%2F|title:Soluci%C3%B3n%20de%20aspiraci%C3%B3n%20y%20limpieza%20para%20la%20industria%20del%20vidrio\u00bb][\/vc_column_inner][vc_column_inner width=\u00bb1\/2&#8243;][\/vc_column_inner][\/vc_row_inner][vc_single_image image=\u00bb4441&#8243; img_size=\u00bbfull\u00bb alignment=\u00bbcenter\u00bb][\/vc_tta_section][vc_tta_section title=\u00bbMiner\u00eda y extracci\u00f3n de minerales en canteras\u00bb tab_id=\u00bb1663679084549-396f71bf-654f\u00bb][vc_row_inner el_class=\u00bbtxt-btn-page-secteurs\u00bb][vc_column_inner width=\u00bb1\/2&#8243; css=\u00bb.vc_custom_1676564769684{padding-top: 30px !important;padding-right: 30px !important;padding-bottom: 30px !important;padding-left: 30px !important;background-color: rgba(255,255,255,0.8) !important;*background-color: rgb(255,255,255) !important;}\u00bb][vc_column_text]Nuestras\u00a0soluciones de limpieza con ca\u00f1ones de aire eliminan los dep\u00f3sitos de material, los\u00a0atascos\u00a0y las\u00a0concreciones\u00a0en las unidades de almacenamiento y los conductos de transporte de material.[\/vc_column_text][vc_btn title=\u00bbM\u00e1s informaci\u00f3n\u00bb shape=\u00bbsquare\u00bb color=\u00bbwarning\u00bb link=\u00bburl:%2Fes%2Fmineria-y-extraccion-de-minerales-en-canteras%2F|title:Miner%C3%ADa%20y%20extracci%C3%B3n%20de%20minerales%20en%20canteras\u00bb][\/vc_column_inner][vc_column_inner width=\u00bb1\/2&#8243;][\/vc_column_inner][\/vc_row_inner][vc_single_image image=\u00bb4445&#8243; img_size=\u00bbfull\u00bb alignment=\u00bbcenter\u00bb][\/vc_tta_section][vc_tta_section title=\u00bbTratamiento de desechos\u00bb tab_id=\u00bb1663679126140-a1414a3c-0f2b\u00bb][vc_row_inner el_class=\u00bbtxt-btn-page-secteurs\u00bb][vc_column_inner width=\u00bb1\/2&#8243; css=\u00bb.vc_custom_1676564778575{padding-top: 30px !important;padding-right: 30px !important;padding-bottom: 30px !important;padding-left: 30px !important;background-color: rgba(255,255,255,0.8) !important;*background-color: rgb(255,255,255) !important;}\u00bb][vc_column_text]Nuestras soluciones de limpieza industrial para plantas de tratamiento de residuos permiten eliminar las obstrucciones y concreciones presentes en las unidades de almacenamiento.[\/vc_column_text][vc_btn title=\u00bbM\u00e1s informaci\u00f3n\u00bb shape=\u00bbsquare\u00bb color=\u00bbwarning\u00bb link=\u00bburl:%2Fes%2Ftratamiento-de-desechos%2F\u00bb][\/vc_column_inner][vc_column_inner width=\u00bb1\/2&#8243;][\/vc_column_inner][\/vc_row_inner][vc_single_image image=\u00bb4448&#8243; img_size=\u00bbfull\u00bb alignment=\u00bbcenter\u00bb][\/vc_tta_section][vc_tta_section title=\u00bbProducci\u00f3n de energ\u00eda\u00bb tab_id=\u00bb1663679159217-2320528c-519b\u00bb][vc_row_inner el_class=\u00bbtxt-btn-page-secteurs\u00bb][vc_column_inner width=\u00bb1\/2&#8243; css=\u00bb.vc_custom_1676564786529{padding-top: 30px !important;padding-right: 30px !important;padding-bottom: 30px !important;padding-left: 30px !important;background-color: rgba(255,255,255,0.8) !important;*background-color: rgb(255,255,255) !important;}\u00bb][vc_column_text]Nuestros servicios permiten a los <a href=\"https:\/\/www.standard-industrie.com\/es\/elimination-colmatages-et-concretions\/\" target=\"_blank\" rel=\"noopener\"><u>descolmataje de cenizas<\/u><\/a>, cal, yeso, refiom, o material vegetal utilizado para alimentar calderas de biomasa.[\/vc_column_text][vc_btn title=\u00bbM\u00e1s informaci\u00f3n\u00bb shape=\u00bbsquare\u00bb color=\u00bbwarning\u00bb link=\u00bburl:%2Fes%2Fproduccion-de-energia%2F|title:Producci%C3%B3n%20de%20energ%C3%ADa\u00bb][\/vc_column_inner][vc_column_inner width=\u00bb1\/2&#8243;][\/vc_column_inner][\/vc_row_inner][vc_single_image image=\u00bb4446&#8243; img_size=\u00bbfull\u00bb alignment=\u00bbcenter\u00bb][\/vc_tta_section][vc_tta_section title=\u00bbIndustria alimentaria\u00bb tab_id=\u00bb1663679205414-cd0cd74c-3ee9&#8243;][vc_row_inner el_class=\u00bbtxt-btn-page-secteurs\u00bb][vc_column_inner width=\u00bb1\/2&#8243; css=\u00bb.vc_custom_1676564797491{padding-top: 30px !important;padding-right: 30px !important;padding-bottom: 30px !important;padding-left: 30px !important;background-color: rgba(255,255,255,0.8) !important;*background-color: rgb(255,255,255) !important;}\u00bb][vc_column_text]Nuestras\u00a0soluciones de limpieza para\u00a0fluidificar la producci\u00f3n de alimentos para animales o humanos\u00a0<a href=\"\/es\/eliminacion-obstrucciones-concreciones\/\" target=\"_blank\" rel=\"noopener\"><u>eliminan los dep\u00f3sitos de material<\/u><\/a>, los atascos y las concreciones en las unidades de almacenamiento[\/vc_column_text][vc_btn title=\u00bbM\u00e1s informaci\u00f3n\u00bb shape=\u00bbsquare\u00bb color=\u00bbwarning\u00bb link=\u00bburl:%2Fes%2Fsolucion-de-aspiracion-y-limpieza-para-la-industria-alimentaria%2F|title:Soluci%C3%B3n%20de%20aspiraci%C3%B3n%20y%20limpieza%20para%20la%20industria%20alimentaria\u00bb][\/vc_column_inner][vc_column_inner width=\u00bb1\/2&#8243;][\/vc_column_inner][\/vc_row_inner][vc_single_image image=\u00bb4442&#8243; img_size=\u00bbfull\u00bb alignment=\u00bbcenter\u00bb][\/vc_tta_section][vc_tta_section title=\u00bbSiderurgia\u00bb tab_id=\u00bb1663679274544-30d45493-5251&#8243;][vc_row_inner el_class=\u00bbtxt-btn-page-secteurs\u00bb][vc_column_inner width=\u00bb1\/2&#8243; css=\u00bb.vc_custom_1676564807714{padding-top: 30px !important;padding-right: 30px !important;padding-bottom: 30px !important;padding-left: 30px !important;background-color: rgba(255,255,255,0.8) !important;*background-color: rgb(255,255,255) !important;}\u00bb][vc_column_text]Nuestras\u00a0<b>soluciones de limpieza para la industria sider\u00fargica<\/b>\u00a0<a href=\"\/es\/eliminacion-obstrucciones-concreciones\/\" target=\"_blank\" rel=\"noopener\"><u>eliminan los dep\u00f3sitos de material<\/u><\/a>, las obstrucciones y las concreciones en las unidades de almacenamiento y en las zonas de procesamiento de gas y polvo.[\/vc_column_text][vc_btn title=\u00bbM\u00e1s informaci\u00f3n\u00bb shape=\u00bbsquare\u00bb color=\u00bbwarning\u00bb link=\u00bburl:%2Fes%2Fsolucion-de-aspiracion-y-limpieza-para-la-siderurgia%2F|title:Soluci%C3%B3n%20de%20aspiraci%C3%B3n%20y%20limpieza%20para%20la%20siderurgia\u00bb][\/vc_column_inner][vc_column_inner width=\u00bb1\/2&#8243;][\/vc_column_inner][\/vc_row_inner][vc_single_image image=\u00bb4447&#8243; img_size=\u00bbfull\u00bb alignment=\u00bbcenter\u00bb][\/vc_tta_section][vc_tta_section title=\u00bbYeso\u00bb tab_id=\u00bb1675850593771-4ec0b42e-ab74&#8243;][vc_row_inner el_class=\u00bbtxt-btn-page-secteurs\u00bb][vc_column_inner width=\u00bb1\/2&#8243; css=\u00bb.vc_custom_1676564823826{padding-top: 30px !important;padding-right: 30px !important;padding-bottom: 30px !important;padding-left: 30px !important;background-color: rgba(255,255,255,0.8) !important;*background-color: rgb(255,255,255) !important;}\u00bb][vc_column_text]Nuestros clientes productores de yeso utilizan nuestros servicios para la limpieza de costras de yeso en sus silos o para la limpieza por aspiraci\u00f3n de sus centros de producci\u00f3n.[\/vc_column_text][vc_btn title=\u00bbM\u00e1s informaci\u00f3n\u00bb shape=\u00bbsquare\u00bb color=\u00bbwarning\u00bb link=\u00bburl:%2Fes%2Feliminacion-de-costras-de-yeso-limpieza-de-silos-y-tolvas%2F\u00bb][\/vc_column_inner][vc_column_inner width=\u00bb1\/2&#8243;][\/vc_column_inner][\/vc_row_inner][vc_single_image image=\u00bb6164&#8243; img_size=\u00bbfull\u00bb alignment=\u00bbcenter\u00bb][\/vc_tta_section][vc_tta_section title=\u00bbMadera\u00bb tab_id=\u00bb1684155048361-675b1804-ba7f\u00bb][vc_row_inner el_class=\u00bbtxt-btn-page-secteurs\u00bb][vc_column_inner width=\u00bb1\/2&#8243; css=\u00bb.vc_custom_1676564823826{padding-top: 30px !important;padding-right: 30px !important;padding-bottom: 30px !important;padding-left: 30px !important;background-color: rgba(255,255,255,0.8) !important;*background-color: rgb(255,255,255) !important;}\u00bb][vc_column_text]Descubra nuestras soluciones de mantenimiento para la industria de la madera, el papel y el cart\u00f3n[\/vc_column_text][vc_btn title=\u00bbM\u00e1s informaci\u00f3n\u00bb shape=\u00bbsquare\u00bb color=\u00bbwarning\u00bb link=\u00bburl:https%3A%2F%2Fwww.standard-industrie.com%2Fes%2Fsoluciones-de-aspiracion-y-descolmataje-para-la-industria-de-la-madera%2F|title:Soluciones%20de%20aspiraci%C3%B3n%20y%20descolmataje%20para%20la%20industria%20de%20la%20madera\u00bb][\/vc_column_inner][vc_column_inner width=\u00bb1\/2&#8243;][\/vc_column_inner][\/vc_row_inner][vc_single_image image=\u00bb6304&#8243; img_size=\u00bbfull\u00bb alignment=\u00bbcenter\u00bb][\/vc_tta_section][vc_tta_section title=\u00bbPapel y cart\u00f3n\u00bb tab_id=\u00bb1707237837740-83b91230-0b52&#8243;][vc_row_inner el_class=\u00bbtxt-btn-page-secteurs\u00bb][vc_column_inner width=\u00bb1\/2&#8243; css=\u00bb.vc_custom_1676564823826{padding-top: 30px !important;padding-right: 30px !important;padding-bottom: 30px !important;padding-left: 30px !important;background-color: rgba(255,255,255,0.8) !important;*background-color: rgb(255,255,255) !important;}\u00bb][vc_column_text]La producci\u00f3n de papel y cart\u00f3n genera dep\u00f3sitos de polvo de celulosa. Esto requiere una limpieza peri\u00f3dica, lo que repercute considerablemente en los costes de explotaci\u00f3n.[\/vc_column_text][vc_btn title=\u00bbM\u00e1s informaci\u00f3n\u00bb shape=\u00bbsquare\u00bb color=\u00bbwarning\u00bb link=\u00bburl:%2Fes%2Fsoluciones-de-limpieza-y-desempolvado-para-la-industria-del-papel-y-el-carton%2F|title:Soluciones%20de%20aspiraci%C3%B3n%20y%20descolmataje%20para%20la%20industria%20de%20la%20madera\u00bb][\/vc_column_inner][vc_column_inner width=\u00bb1\/2&#8243;][\/vc_column_inner][\/vc_row_inner][vc_single_image image=\u00bb6353&#8243; img_size=\u00bbfull\u00bb alignment=\u00bbcenter\u00bb][\/vc_tta_section][\/vc_tta_tour][\/vc_column][\/vc_row][vc_row full_width=\u00bbstretch_row\u00bb parallax=\u00bbcontent-moving\u00bb parallax_image=\u00bb5866&#8243; css=\u00bb.vc_custom_1673002501873{background-color: #a6ddf4 !important;}\u00bb el_class=\u00bbtxt-blanc\u00bb][vc_column][vc_empty_space][vc_column_text el_class=\u00bbgros-titre fort trait-blanc traits-gris-droite-gauche titre-centre vc_separator wpb_content_element vc_separator_align_center vc_sep_width_100 vc_sep_border_width_2 vc_sep_pos_align_center vc_separator-has-text\u00bb]<\/p>\n<div class=\"vc_sep_holder vc_sep_holder_l\">\n<p class=\"vc_sep_line\" style=\"border-color: grey;\">\n<\/div>\n<h2 class=\"txt-blanc\">Noticias<\/h2>\n<div class=\"vc_sep_holder vc_sep_holder_r\">\n<p class=\"vc_sep_line\" style=\"border-color: grey;\">\n<\/div>\n<p>[\/vc_column_text][vc_basic_grid post_type=\u00bbpost\u00bb max_items=\u00bb3&#8243; item=\u00bb4424&#8243; grid_id=\u00bbvc_gid:1707238067721-1cb7909e-17d6-0&#8243; el_class=\u00bbactu\u00bb][\/vc_column][\/vc_row][vc_row][vc_column][vc_empty_space][vc_column_text el_class=\u00bbgros-titre fort traits-gris-droite-gauche titre-centre vc_separator wpb_content_element vc_separator_align_center vc_sep_width_100 vc_sep_border_width_2 vc_sep_pos_align_center vc_separator-has-text\u00bb]<\/p>\n<div class=\"vc_sep_holder vc_sep_holder_l\">\n<p class=\"vc_sep_line\" style=\"border-color: grey;\">\n<\/div>\n<h2 class=\"\">Standard Industrie<\/h2>\n<div class=\"vc_sep_holder vc_sep_holder_r\">\n<p class=\"vc_sep_line\" style=\"border-color: grey;\">\n<\/div>\n<p>[\/vc_column_text][vc_tta_tabs active_section=\u00bb1&#8243; el_class=\u00bbrange-standard-industrie\u00bb][vc_tta_section title=\u00bbNuestra historia\u00bb tab_id=\u00bb1663681684697-08ed2588-35cc\u00bb][vc_row_inner][vc_column_inner width=\u00bb1\/2&#8243;][vc_column_text]En 1977, Herv\u00e9 Simo\u00ebns se ve\u00eda confrontado con frecuencia a problemas de evacuaci\u00f3n de materia en unidades de almacenamiento como silos o tolvas. En aquella \u00e9poca, la principal soluci\u00f3n para remediar esta situaci\u00f3n era el panel inflable, que era muy eficaz, pero no se pod\u00eda aplicar a todos los tipos de materia.[\/vc_column_text][vc_btn title=\u00bbM\u00e1s informaci\u00f3n\u00bb shape=\u00bbsquare\u00bb color=\u00bbwarning\u00bb link=\u00bburl:%2Fes%2Fnuestra-historia%2F\u00bb][\/vc_column_inner][vc_column_inner width=\u00bb1\/2&#8243;][vc_single_image image=\u00bb4068&#8243; img_size=\u00bbfull\u00bb][\/vc_column_inner][\/vc_row_inner][\/vc_tta_section][vc_tta_section title=\u00bbNuestra equipo\u00bb tab_id=\u00bb1663681850419-d8a8e18d-2833&#8243;][vc_row_inner][vc_column_inner width=\u00bb1\/2&#8243;][vc_column_text]Nuestro equipo t\u00e9cnico, especializado en procesos industriales, act\u00faa en todo el mundo y est\u00e1 a su disposici\u00f3n para aconsejarle en la implantaci\u00f3n y puesta en funcionamiento de sus equipos.<br \/>\nGracias a sus conocimientos t\u00e9cnicos y a la experiencia de sus expertos, tras la realizaci\u00f3n de un estudio t\u00e9cnico personalizado, le recomienda soluciones concretas y adaptadas a los problemas y limitaciones que encuentre en la manipulaci\u00f3n de los productos a granel.[\/vc_column_text][vc_btn title=\u00bbM\u00e1s informaci\u00f3n\u00bb shape=\u00bbsquare\u00bb color=\u00bbwarning\u00bb link=\u00bburl:%2Fes%2Fnuestro-equipo%2F\u00bb][\/vc_column_inner][vc_column_inner width=\u00bb1\/2&#8243;][vc_single_image image=\u00bb4072&#8243; img_size=\u00bbfull\u00bb][\/vc_column_inner][\/vc_row_inner][\/vc_tta_section][vc_tta_section title=\u00bbNuestros clientes\u00bb tab_id=\u00bb1663681919907-ff3a65cd-cfcf\u00bb][vc_row_inner][vc_column_inner width=\u00bb1\/2&#8243;][vc_column_text]Nuestras soluciones se dirigen a todos los industriales, en m\u00e1s de 90 pa\u00edses, que almacenan y trabajan con productos pulverulentos\u2026 m\u00e1s de 60 sectores de actividad.[\/vc_column_text][vc_btn title=\u00bbM\u00e1s informaci\u00f3n\u00bb shape=\u00bbsquare\u00bb color=\u00bbwarning\u00bb link=\u00bburl:%2Fes%2Fnuestros-clientes%2F\u00bb][\/vc_column_inner][vc_column_inner width=\u00bb1\/2&#8243;][vc_single_image image=\u00bb4064&#8243; img_size=\u00bbfull\u00bb][\/vc_column_inner][\/vc_row_inner][\/vc_tta_section][\/vc_tta_tabs][\/vc_column][\/vc_row]<\/p>\n","protected":false},"excerpt":{"rendered":"<p>[vc_row][vc_column][vc_empty_space][vc_column_text el_class=\u00bbgros-titre fort traits-gris-droite-gauche titre-centre vc_separator wpb_content_element vc_separator_align_center vc_sep_width_100 vc_sep_border_width_2 vc_sep_pos_align_center vc_separator-has-text\u00bb] Nuestras soluciones [\/vc_column_text][vc_row_inner][vc_column_inner width=\u00bb1\/2&#8243;][vc_column_text]Standard Industrie aporta soluciones diversificadas para ayudar a los industriales a<span class=\"excerpt-hellip\"> [\u2026]<\/span><\/p>\n","protected":false},"author":1,"featured_media":0,"parent":0,"menu_order":2,"comment_status":"closed","ping_status":"closed","template":"","meta":{"footnotes":""},"class_list":["post-3999","page","type-page","status-publish","hentry"],"_links":{"self":[{"href":"https:\/\/www.standard-industrie.com\/es\/wp-json\/wp\/v2\/pages\/3999","targetHints":{"allow":["GET"]}}],"collection":[{"href":"https:\/\/www.standard-industrie.com\/es\/wp-json\/wp\/v2\/pages"}],"about":[{"href":"https:\/\/www.standard-industrie.com\/es\/wp-json\/wp\/v2\/types\/page"}],"author":[{"embeddable":true,"href":"https:\/\/www.standard-industrie.com\/es\/wp-json\/wp\/v2\/users\/1"}],"replies":[{"embeddable":true,"href":"https:\/\/www.standard-industrie.com\/es\/wp-json\/wp\/v2\/comments?post=3999"}],"version-history":[{"count":0,"href":"https:\/\/www.standard-industrie.com\/es\/wp-json\/wp\/v2\/pages\/3999\/revisions"}],"wp:attachment":[{"href":"https:\/\/www.standard-industrie.com\/es\/wp-json\/wp\/v2\/media?parent=3999"}],"curies":[{"name":"wp","href":"https:\/\/api.w.org\/{rel}","templated":true}]}}