{"id":4060,"date":"2022-08-30T13:14:13","date_gmt":"2022-08-30T12:14:13","guid":{"rendered":"https:\/\/www.standard-industrie.com\/es\/?page_id=4060"},"modified":"2024-10-07T07:59:14","modified_gmt":"2024-10-07T06:59:14","slug":"contacto","status":"publish","type":"page","link":"https:\/\/www.standard-industrie.com\/es\/contacto\/","title":{"rendered":"Contacto Standard industrie"},"content":{"rendered":"<p>[vc_row gap=\u00bb35&#8243;][vc_column width=\u00bb1\/2&#8243;][vc_column_text]<strong>ESPA\u00d1A<\/strong><\/p>\n<p>Filial del grupo STANDARD INDUSTRIE International<br \/>\nTraves\u00eda de T\u00e9llez 4 &#8211; 28007 MADRID Espa\u00f1a<br \/>\n<strong>T:<\/strong> +34 91 554 46 61<\/p>\n<p><strong>MEXICO \/ AM\u00c9RICA LATINA<\/strong><\/p>\n<p>Filial del grupo STANDARD INDUSTRIE International<br \/>\nCalle 2 N\u00b0129 Nave 13 &#8211; Parque Industrial Jurica<br \/>\nCP 76 100 Queretaro, QRO MEXICO<br \/>\n<strong>T:<\/strong> +52 442 218 4002[\/vc_column_text][vc_column_text el_class=\u00bbgros-titre fort trait-bleu traits-gris-droite-gauche titre-gauche vc_sep_border_width_2 vc_separator wpb_content_element vc_separator_align_left vc_sep_width_100 vc_sep_pos_align_center vc_sep_color_grey vc_separator-has-text\u00bb]<\/p>\n<div class=\"vc_sep_holder vc_sep_holder_l\">\n<p class=\"vc_sep_line\" style=\"border-color: grey;\">\n<\/div>\n<h2>Sede central<\/h2>\n<div class=\"vc_sep_holder vc_sep_holder_r\">\n<p class=\"vc_sep_line\" style=\"border-color: grey;\">\n<\/div>\n<p>[\/vc_column_text][vc_raw_html]JTNDc3Ryb25nJTNFU1RBTkRBUkQlMjBJTkRVU1RSSUUlM0MlMkZzdHJvbmclM0UlM0NiciUzRSUwQSUzQ3N0cm9uZyUzRUludGVybmF0aW9uYWwlM0MlMkZzdHJvbmclM0UlM0NiciUzRSUwQSUzQ2JyJTNFJTBBMTM5JTIwLTE0MSUyMHJ1ZSUyMGRlJTIwTHV4ZW1ib3VyZyUzQ2JyJTNFJTBBQ1MlMjA1MDIwNyUzQ2JyJTNFJTBBNTkwNTQlMjBST1VCQUlYJTIwQ2VkZXglMjAxJTNDYnIlM0UlMEFGUkFOQ0UlM0NiciUzRSUwQSUzQ2JyJTNFJTBBJTNDYSUyMGNsYXNzJTNEJTIydGVsZXBob25lJTIyJTIwaHJlZiUzRCUyMnRlbCUzQSUyQjMzMzIwMjgzMjMyJTIyJTIwb25jbGljayUzRCUyMl9wYXEucHVzaCUyOCU1QiUyN3RyYWNrTGluayUyNyUyQyUyMCUyN2h0dHAlM0ElMkYlMkZzdGFuZGFyZC1pbmR1c3RyaWUuY29tJTJGY2xpYy10ZWwlMkZlcyUyNyUyQyUyMCUyN2xpbmslMjclNUQlMjklM0IlMjIlM0VUZWwlMjAlM0ElMjAlMkIzMyUyMCUyODAzJTI5JTIwMjAlMjAyOCUyMDMyJTIwMzIlM0MlMkZhJTNFJTNDYnIlM0UlMEElM0NhJTIwY2xhc3MlM0QlMjJtYWlsJTIyJTIwaHJlZiUzRCUyMm1haWx0byUzQW1hcmtldCU0MHN0YW5kYXJkLWluZHVzdHJpZS5jb20lMjIlMjBvbmNsaWNrJTNEJTIyX3BhcS5wdXNoJTI4JTVCJTI3dHJhY2tMaW5rJTI3JTJDJTIwJTI3aHR0cCUzQSUyRiUyRnN0YW5kYXJkLWluZHVzdHJpZS5jb20lMkZjbGljLW1haWwlMkZlcyUyNyUyQyUyMCUyN2xpbmslMjclNUQlMjklM0IlMjIlM0VFbWFpbCUyMCUzQSUyMG1hcmtldCU0MHN0YW5kYXJkLWluZHVzdHJpZS5jb20lM0MlMkZhJTNF[\/vc_raw_html][vc_column_text]<strong>NUESTRAS FILIALES<\/strong><\/p>\n<p><a href=\"\/es\/filiales\/\">Ver todas nuestras sucursales<\/a>[\/vc_column_text][vc_column_text]<iframe loading=\"lazy\" style=\"border: 0;\" src=\"https:\/\/www.google.com\/maps\/embed?pb=!1m14!1m8!1m3!1d12484055.149852829!2d3.106740351513427!3d50.0312430469302!3m2!1i1024!2i768!4f13.1!3m3!1m2!1s0x0%3A0xdbd69af7ed9addd7!2sStandard%20Industrie%20International!5e0!3m2!1sfr!2sfr!4v1667983676120!5m2!1sfr!2sfr\" width=\"600\" height=\"450\" allowfullscreen=\"allowfullscreen\"><\/iframe>[\/vc_column_text][\/vc_column][vc_column width=\u00bb1\/2&#8243;][vc_column_text el_class=\u00bbgros-titre fort trait-bleu traits-gris-droite-gauche titre-gauche vc_sep_border_width_2 vc_separator wpb_content_element vc_separator_align_left vc_sep_width_100 vc_sep_pos_align_center vc_sep_color_grey vc_separator-has-text\u00bb]<\/p>\n<div class=\"vc_sep_holder vc_sep_holder_l\">\n<p class=\"vc_sep_line\" style=\"border-color: grey;\">\n<\/div>\n<h2>Cont\u00e1ctenos<\/h2>\n<div class=\"vc_sep_holder vc_sep_holder_r\">\n<p class=\"vc_sep_line\" style=\"border-color: grey;\">\n<\/div>\n<p>[\/vc_column_text]\n<div class=\"wpcf7 no-js\" id=\"wpcf7-f4340-o1\" lang=\"es-ES\" dir=\"ltr\" data-wpcf7-id=\"4340\">\n<div class=\"screen-reader-response\"><p role=\"status\" aria-live=\"polite\" aria-atomic=\"true\"><\/p> <ul><\/ul><\/div>\n<form action=\"\/es\/wp-json\/wp\/v2\/pages\/4060#wpcf7-f4340-o1\" method=\"post\" class=\"wpcf7-form init\" aria-label=\"Formulario de contacto\" novalidate=\"novalidate\" data-status=\"init\">\n<fieldset class=\"hidden-fields-container\"><input type=\"hidden\" name=\"_wpcf7\" value=\"4340\" \/><input type=\"hidden\" name=\"_wpcf7_version\" value=\"6.1\" \/><input type=\"hidden\" name=\"_wpcf7_locale\" value=\"es_ES\" \/><input type=\"hidden\" name=\"_wpcf7_unit_tag\" value=\"wpcf7-f4340-o1\" \/><input type=\"hidden\" name=\"_wpcf7_container_post\" value=\"0\" \/><input type=\"hidden\" name=\"_wpcf7_posted_data_hash\" value=\"\" \/>\n<\/fieldset>\n<div class=\"formulaire-page-contact\">\n\t<p class=\"cinq\"><label> Apellidos*<br \/>\n<span class=\"wpcf7-form-control-wrap\" data-name=\"your-name\"><input size=\"40\" maxlength=\"400\" class=\"wpcf7-form-control wpcf7-text wpcf7-validates-as-required\" aria-required=\"true\" aria-invalid=\"false\" value=\"\" type=\"text\" name=\"your-name\" \/><\/span> <\/label>\n\t<\/p>\n\t<p class=\"cinq\"><label>Nombre*<br \/>\n<span class=\"wpcf7-form-control-wrap\" data-name=\"text-prenom\"><input size=\"40\" maxlength=\"400\" class=\"wpcf7-form-control wpcf7-text wpcf7-validates-as-required\" aria-required=\"true\" aria-invalid=\"false\" value=\"\" type=\"text\" name=\"text-prenom\" \/><\/span><\/label>\n\t<\/p>\n\t<p class=\"cinq\"><label>Tel\u00e9fono*<br \/>\n<span class=\"wpcf7-form-control-wrap\" data-name=\"tel-846\"><input size=\"40\" maxlength=\"400\" class=\"wpcf7-form-control wpcf7-tel wpcf7-validates-as-required wpcf7-text wpcf7-validates-as-tel\" aria-required=\"true\" aria-invalid=\"false\" value=\"\" type=\"tel\" name=\"tel-846\" \/><\/span><\/label>\n\t<\/p>\n\t<p class=\"cinq\"><label>Pa\u00eds*<br \/>\n<span class=\"wpcf7-form-control-wrap\" data-name=\"text-pays\"><input size=\"40\" maxlength=\"400\" class=\"wpcf7-form-control wpcf7-text wpcf7-validates-as-required\" aria-required=\"true\" aria-invalid=\"false\" value=\"\" type=\"text\" name=\"text-pays\" \/><\/span><\/label>\n\t<\/p>\n\t<p class=\"cent\"><label>Empresa*<br \/>\n<span class=\"wpcf7-form-control-wrap\" data-name=\"text-societe\"><input size=\"40\" maxlength=\"400\" class=\"wpcf7-form-control wpcf7-text wpcf7-validates-as-required\" aria-required=\"true\" aria-invalid=\"false\" value=\"\" type=\"text\" name=\"text-societe\" \/><\/span><\/label>\n\t<\/p>\n\t<p class=\"cent\"><label>Cargo*<br \/>\n<span class=\"wpcf7-form-control-wrap\" data-name=\"text-fonction\"><input size=\"40\" maxlength=\"400\" class=\"wpcf7-form-control wpcf7-text wpcf7-validates-as-required\" aria-required=\"true\" aria-invalid=\"false\" value=\"\" type=\"text\" name=\"text-fonction\" \/><\/span><\/label>\n\t<\/p>\n\t<p class=\"cent\"><label> E-mail*<br \/>\n<span class=\"wpcf7-form-control-wrap\" data-name=\"your-email\"><input size=\"40\" maxlength=\"400\" class=\"wpcf7-form-control wpcf7-email wpcf7-validates-as-required wpcf7-text wpcf7-validates-as-email\" aria-required=\"true\" aria-invalid=\"false\" value=\"\" type=\"email\" name=\"your-email\" \/><\/span> <\/label>\n\t<\/p>\n\t<p class=\"cent\"><label> Tema*<br \/>\n<span class=\"wpcf7-form-control-wrap\" data-name=\"checkbox-55\"><span class=\"wpcf7-form-control wpcf7-checkbox wpcf7-validates-as-required\"><span class=\"wpcf7-list-item first\"><label><input type=\"checkbox\" name=\"checkbox-55[]\" value=\"Eliminacion de obstrucciones y pegaduras\" \/><span class=\"wpcf7-list-item-label\">Eliminacion de obstrucciones y pegaduras<\/span><\/label><\/span><span class=\"wpcf7-list-item\"><label><input type=\"checkbox\" name=\"checkbox-55[]\" value=\"Limpieza industrial por aspiracion\" \/><span class=\"wpcf7-list-item-label\">Limpieza industrial por aspiracion<\/span><\/label><\/span><span class=\"wpcf7-list-item\"><label><input type=\"checkbox\" name=\"checkbox-55[]\" value=\"Optimizacion de los transportadores de cintas\" \/><span class=\"wpcf7-list-item-label\">Optimizacion de los transportadores de cintas<\/span><\/label><\/span><span class=\"wpcf7-list-item\"><label><input type=\"checkbox\" name=\"checkbox-55[]\" value=\"Prestaciones de limpieza de silos y tavolas\" \/><span class=\"wpcf7-list-item-label\">Prestaciones de limpieza de silos y tavolas<\/span><\/label><\/span><span class=\"wpcf7-list-item last\"><label><input type=\"checkbox\" name=\"checkbox-55[]\" value=\"Otros servicios\" \/><span class=\"wpcf7-list-item-label\">Otros servicios<\/span><\/label><\/span><\/span><\/span><\/label>\n\t<\/p>\n\t<p class=\"cent\"><label> Su mensaje (opcional)<br \/>\n<span class=\"wpcf7-form-control-wrap\" data-name=\"your-message\"><textarea cols=\"40\" rows=\"2\" maxlength=\"2000\" class=\"wpcf7-form-control wpcf7-textarea\" aria-invalid=\"false\" name=\"your-message\"><\/textarea><\/span> <\/label>\n\t<\/p>\n\t<p class=\"cent\"><label>\u00bfC\u00f3mo nos ha conocido?*<br \/>\n<span class=\"wpcf7-form-control-wrap\" data-name=\"source\"><select class=\"wpcf7-form-control wpcf7-select wpcf7-validates-as-required\" aria-required=\"true\" aria-invalid=\"false\" name=\"source\"><option value=\"\">&#8212;Por favor, elige una opci\u00f3n&#8212;<\/option><option value=\"B\u00fasqueda en Google\">B\u00fasqueda en Google<\/option><option value=\"Feria de muestras\">Feria de muestras<\/option><option value=\"De boca en boca\">De boca en boca<\/option><option value=\"Redes sociales\">Redes sociales<\/option><option value=\"Bolet\u00edn\">Bolet\u00edn<\/option><\/select><\/span> <\/label>\n\t<\/p>\n\t<p><input type=\"hidden\" name=\"_wpcf7_captcha_challenge_captcha-170\" value=\"3488358459\" \/><img loading=\"lazy\" decoding=\"async\" class=\"wpcf7-form-control wpcf7-captchac wpcf7-captcha-captcha-170\" width=\"72\" height=\"24\" alt=\"captcha\" src=\"https:\/\/www.standard-industrie.com\/es\/wp-content\/uploads\/sites\/11\/wpcf7_captcha\/3488358459.png\" \/><br \/>\n<span class=\"wpcf7-form-control-wrap\" data-name=\"captcha-170\"><input size=\"4\" maxlength=\"4\" class=\"wpcf7-form-control wpcf7-captchar\" autocomplete=\"off\" aria-invalid=\"false\" value=\"\" type=\"text\" name=\"captcha-170\" \/><\/span>\n\t<\/p>\n\t<p class=\"cent\"><span class=\"wpcf7-form-control-wrap\" data-name=\"your-consent\"><span class=\"wpcf7-form-control wpcf7-acceptance\"><span class=\"wpcf7-list-item\"><label><input type=\"checkbox\" name=\"your-consent\" value=\"1\" aria-invalid=\"false\" \/><span class=\"wpcf7-list-item-label\">Al utilizar este formulario, acepto el almacenamiento y tratamiento de mis datos por parte de este sitio web.<\/span><\/label><\/span><\/span><\/span>\n\t<\/p>\n\t<p class=\"cent\"><input class=\"wpcf7-form-control wpcf7-submit has-spinner\" type=\"submit\" value=\"Enviar\" \/>\n\t<\/p>\n<\/div><div class=\"wpcf7-response-output\" aria-hidden=\"true\"><\/div>\n<\/form>\n<\/div>\n[\/vc_column][\/vc_row][vc_row][vc_column][\/vc_column][\/vc_row]<\/p>\n","protected":false},"excerpt":{"rendered":"<p>[vc_row gap=\u00bb35&#8243;][vc_column width=\u00bb1\/2&#8243;][vc_column_text]ESPA\u00d1A Filial del grupo STANDARD INDUSTRIE International Traves\u00eda de T\u00e9llez 4 &#8211; 28007 MADRID Espa\u00f1a T: +34 91 554 46 61 MEXICO \/ AM\u00c9RICA<span class=\"excerpt-hellip\"> [\u2026]<\/span><\/p>\n","protected":false},"author":1,"featured_media":0,"parent":0,"menu_order":12,"comment_status":"closed","ping_status":"closed","template":"","meta":{"footnotes":""},"class_list":["post-4060","page","type-page","status-publish","hentry"],"_links":{"self":[{"href":"https:\/\/www.standard-industrie.com\/es\/wp-json\/wp\/v2\/pages\/4060","targetHints":{"allow":["GET"]}}],"collection":[{"href":"https:\/\/www.standard-industrie.com\/es\/wp-json\/wp\/v2\/pages"}],"about":[{"href":"https:\/\/www.standard-industrie.com\/es\/wp-json\/wp\/v2\/types\/page"}],"author":[{"embeddable":true,"href":"https:\/\/www.standard-industrie.com\/es\/wp-json\/wp\/v2\/users\/1"}],"replies":[{"embeddable":true,"href":"https:\/\/www.standard-industrie.com\/es\/wp-json\/wp\/v2\/comments?post=4060"}],"version-history":[{"count":0,"href":"https:\/\/www.standard-industrie.com\/es\/wp-json\/wp\/v2\/pages\/4060\/revisions"}],"wp:attachment":[{"href":"https:\/\/www.standard-industrie.com\/es\/wp-json\/wp\/v2\/media?parent=4060"}],"curies":[{"name":"wp","href":"https:\/\/api.w.org\/{rel}","templated":true}]}}