{"id":4175,"date":"2022-09-21T15:45:26","date_gmt":"2022-09-21T14:45:26","guid":{"rendered":"https:\/\/www.standard-industrie.com\/es\/?page_id=4175"},"modified":"2025-06-04T20:58:22","modified_gmt":"2025-06-04T19:58:22","slug":"sistema-liftube","status":"publish","type":"page","link":"https:\/\/www.standard-industrie.com\/es\/sistema-liftube\/","title":{"rendered":"LIFTUBE\u00ae"},"content":{"rendered":"<p>[vc_row css=\u00bb.vc_custom_1671810831523{margin-top: 30px !important;}\u00bb][vc_column][vc_column_text el_class=\u00bbbtn-retour txt-vert\u00bb]<a href=\"https:\/\/www.standard-industrie.com\/es\/optimizacion-cintas-transportadoras\/\">&lt; Optimizaci\u00f3n de los transportadores de cintas<\/a>[\/vc_column_text][\/vc_column][\/vc_row][vc_row][vc_column][vc_empty_space][vc_column_text el_class=\u00bbgros-titre fort trait-vert traits-gris-droite-gauche titre-centre vc_separator wpb_content_element vc_separator_align_center vc_sep_width_100 vc_sep_border_width_2 vc_sep_pos_align_center vc_separator-has-text\u00bb]<\/p>\n<div class=\"vc_sep_holder vc_sep_holder_l\">\n<p class=\"vc_sep_line\" style=\"border-color: grey;\">\n<\/div>\n<h2 style=\"text-align: center;\">LA SOLUCI\u00d3N A LOS PROBLEMAS DE ESTANQUIDAD Y SEGURIDAD<\/h2>\n<div class=\"vc_sep_holder vc_sep_holder_r\">\n<p class=\"vc_sep_line\" style=\"border-color: grey;\">\n<\/div>\n<p>[\/vc_column_text][\/vc_column][\/vc_row][vc_row el_class=\u00bbinvert-block\u00bb][vc_column width=\u00bb1\/2&#8243;][vc_column_text]El\u00a0<b>sistema patentado LIFTUBE\u00ae<\/b>\u00a0y el\u00a0<b>colector de polvo<\/b>\u00a0son accesorios para transportador de cintas<\/p>\n<p>El\u00a0<strong>LIFTUBE\u00ae<\/strong> permite que la cinta desfile sobre un rodillo central horizontal basculante y deslice sobre las canaletas laterales.<br \/>\nUn cap\u00f3 desmontable se ajusta a todo el conjunto para reducir las emisiones de polvo del transportador.<br \/>\nPara facilitar el mantenimiento, los rodillos son accesibles mediante innovadores soportes basculantes.<br \/>\n<b>La cinta transportadora<\/b> sigue siendo accesible inclinando los bordes tras retirar las cubiertas, los z\u00f3calos y los distintos elementos de guiado del producto.<\/p>\n<p>El\u00a0<b>colector de polvo<\/b>\u00a0es un kit de 2m del sistema LIFTUBE\u00ae que incluye un cap\u00f3 sobre el cual est\u00e1 montado un conjunto filtrante con descolmataje neum\u00e1tico. Permite la reducci\u00f3n suplementaria de las emisiones de polvo muy fino justo despu\u00e9s de una ca\u00edda.<\/p>\n<ul>\n<li>Anchura de cinta\u00a0:\u00a0de 500 a 1400 mm<\/li>\n<li>Velocidad de la cinta\u00a00,05 a 5 m\/s<\/li>\n<li>Capacidad: hasta 1200 t\/h<\/li>\n<li>Granulometr\u00eda : hasta 300 mm<\/li>\n<li>Densidad : hasta \u00a04<\/li>\n<li>Temperatura del producto \u00a0hasta 220 \u00b0C<\/li>\n<li>M\u00f3dulos\u00a0est\u00e1ndar\u00a0&amp;\u00a0evolutivos<\/li>\n<li>Instalaci\u00f3n sobre transportadores nuevos\u00a0o\u00a0existentes<\/li>\n<\/ul>\n<p>[\/vc_column_text][vc_btn title=\u00bbCAT\u00c1LOGO\u00bb style=\u00bbcustom\u00bb custom_background=\u00bb#1a7a54&#8243; custom_text=\u00bb#ffffff\u00bb shape=\u00bbsquare\u00bb align=\u00bbcenter\u00bb i_icon_fontawesome=\u00bbfas fa-file-pdf\u00bb add_icon=\u00bbtrue\u00bb link=\u00bburl:https%3A%2F%2Fwww.standard-industrie.com%2Fes%2Fwp-content%2Fuploads%2Fsites%2F11%2F2024%2F03%2FBROCHURE_CONVEYOR_S-28022024.pdf|target:_blank\u00bb el_class=\u00bbbtn-vert btn-animation\u00bb][\/vc_column][vc_column width=\u00bb1\/2&#8243;][vc_column_text]<style id=\"wp_carousel_dynamic_css4357\">#sp-wp-carousel-free-id-4357 .wpcp-swiper-dots {margin: 40px 0px 0px 0px;}.wpcp-wrapper-4357 .swiper-wrapper .swiper-slide-kenburn, .wpcp-wrapper-4357 .swiper-wrapper, .wpcp-wrapper-4357 .wpcpro-row{align-items: center;}#sp-wp-carousel-free-id-4357 .wpcp-single-item {box-shadow: 0px 0px 0px 0px #dddddd;transition: all .3s;margin: 0px;}#sp-wp-carousel-free-id-4357.swiper-flip .wpcp-single-item{margin: 0!important;}#sp-wp-carousel-free-id-4357 .wpcp-single-item:hover {box-shadow: 0px 0px 0px 0px #dddddd;}#sp-wp-carousel-free-id-4357.sp-wpcp-4357 .wpcp-single-item {border: 0px none #dddddd;}#sp-wp-carousel-free-id-4357.sp-wpcp-4357 .swiper-button-prev,#sp-wp-carousel-free-id-4357.sp-wpcp-4357 .swiper-button-next,#sp-wp-carousel-free-id-4357.sp-wpcp-4357 .swiper-button-prev:hover,#sp-wp-carousel-free-id-4357.sp-wpcp-4357 .swiper-button-next:hover {background: none;border: none;font-size: 30px;}#sp-wp-carousel-free-id-4357.sp-wpcp-4357 .swiper-button-prev i,#sp-wp-carousel-free-id-4357.sp-wpcp-4357 .swiper-button-next i {color: #aaa;}#sp-wp-carousel-free-id-4357.sp-wpcp-4357 .swiper-button-prev i:hover,#sp-wp-carousel-free-id-4357.sp-wpcp-4357 .swiper-button-next i:hover {color: #009fe3;}#sp-wp-carousel-free-id-4357.sp-wpcp-4357 .wpcp-swiper-dots .swiper-pagination-bullet {background-color: #cccccc;}#sp-wp-carousel-free-id-4357.sp-wpcp-4357 .wpcp-swiper-dots .swiper-pagination-bullet.swiper-pagination-bullet-active {background-color: #009fe3;} #sp-wp-carousel-free-id-4357.sp-wpcp-4357.wpcp-image-carousel .wpcp-single-item:hover img, #sp-wp-carousel-free-id-4357.sp-wpcp-4357.wpcp-post-carousel .wpcp-single-item:hover img, #sp-wp-carousel-free-id-4357.sp-wpcp-4357.wpcp-product-carousel .wpcp-single-item:hover img{-webkit-transform: scale(1.2);-moz-transform: scale(1.2);transform: scale(1.2);}@media screen and (max-width: 479px) {#sp-wp-carousel-free-id-4357.nav-vertical-center {padding: 0;margin:0;}#sp-wp-carousel-free-id-4357.nav-vertical-center .wpcp-next-button,#sp-wp-carousel-free-id-4357.nav-vertical-center .wpcp-prev-button {display: none;}}#sp-wp-carousel-free-id-4357 .wpcpro-row>[class*=\"wpcpro-col-\"] { padding: 0 10px; padding-bottom: 20px;} #sp-wp-carousel-free-id-4357 .swiper-slide .single-item-fade:not(:last-child) { margin-right: 20px;}@media (min-width: 480px) { .wpcpro-row .wpcpro-col-sm-1 { flex: 0 0 100%; max-width: 100%; } .wpcpro-row .wpcpro-col-sm-2 { flex: 0 0 50%; max-width: 50%; } .wpcpro-row .wpcpro-col-sm-2-5 { flex: 0 0 75%; max-width: 75%; } .wpcpro-row .wpcpro-col-sm-3 { flex: 0 0 33.333%; max-width: 33.333%; } .wpcpro-row .wpcpro-col-sm-4 { flex: 0 0 25%; max-width: 25%; } .wpcpro-row .wpcpro-col-sm-5 { flex: 0 0 20%; max-width: 20%; } .wpcpro-row .wpcpro-col-sm-6 { flex: 0 0 16.66666666666667%; max-width: 16.66666666666667%; } .wpcpro-row .wpcpro-col-sm-7 { flex: 0 0 14.28571428%; max-width: 14.28571428%; } .wpcpro-row .wpcpro-col-sm-8 { flex: 0 0 12.5%; max-width: 12.5%; } } @media (max-width: 480px) { .wpcpro-row .wpcpro-col-xs-1 { flex: 0 0 100%; max-width: 100%; } .wpcpro-row .wpcpro-col-xs-2 { flex: 0 0 50%; max-width: 50%; } .wpcpro-row .wpcpro-col-xs-3 { flex: 0 0 33.222%; max-width: 33.222%; } .wpcpro-row .wpcpro-col-xs-4 { flex: 0 0 25%; max-width: 25%; } .wpcpro-row .wpcpro-col-xs-5 { flex: 0 0 20%; max-width: 20%; } .wpcpro-row .wpcpro-col-xs-6 { flex: 0 0 16.6667%; max-width: 16.6667%; } .wpcpro-row .wpcpro-col-xs-7 { flex: 0 0 14.28571428%; max-width: 14.28571428%; } .wpcpro-row .wpcpro-col-xs-8 { flex: 0 0 12.5%; max-width: 12.5%; } } @media (min-width: 736px) { .wpcpro-row .wpcpro-col-md-1 { flex: 0 0 100%; max-width: 100%; } .wpcpro-row .wpcpro-col-md-2 { flex: 0 0 50%; max-width: 50%; } .wpcpro-row .wpcpro-col-md-2-5 { flex: 0 0 75%; max-width: 75%; } .wpcpro-row .wpcpro-col-md-3 { flex: 0 0 33.333%; max-width: 33.333%; } .wpcpro-row .wpcpro-col-md-4 { flex: 0 0 25%; max-width: 25%; } .wpcpro-row .wpcpro-col-md-5 { flex: 0 0 20%; max-width: 20%; } .wpcpro-row .wpcpro-col-md-6 { flex: 0 0 16.66666666666667%; max-width: 16.66666666666667%; } .wpcpro-row .wpcpro-col-md-7 { flex: 0 0 14.28571428%; max-width: 14.28571428%; } .wpcpro-row .wpcpro-col-md-8 { flex: 0 0 12.5%; max-width: 12.5%; } } @media (min-width: 980px) { .wpcpro-row .wpcpro-col-lg-1 { flex: 0 0 100%; max-width: 100%; } .wpcpro-row .wpcpro-col-lg-2 { flex: 0 0 50%; max-width: 50%; } .wpcpro-row .wpcpro-col-lg-3 { flex: 0 0 33.222%; max-width: 33.222%; } .wpcpro-row .wpcpro-col-lg-4 { flex: 0 0 25%; max-width: 25%; } .wpcpro-row .wpcpro-col-lg-5 { flex: 0 0 20%; max-width: 20%; } .wpcpro-row .wpcpro-col-lg-6 { flex: 0 0 16.6667%; max-width: 16.6667%; } .wpcpro-row .wpcpro-col-lg-7 { flex: 0 0 14.28571428%; max-width: 14.28571428%; } .wpcpro-row .wpcpro-col-lg-8 { flex: 0 0 12.5%; max-width: 12.5%; } } @media (min-width: 1200px) { .wpcpro-row .wpcpro-col-xl-1 { flex: 0 0 100%; max-width: 100%; } .wpcpro-row .wpcpro-col-xl-2 { flex: 0 0 50%; max-width: 50%; } .wpcpro-row .wpcpro-col-xl-3 { flex: 0 0 33.22222222%; max-width: 33.22222222%; } .wpcpro-row .wpcpro-col-xl-4 { flex: 0 0 25%; max-width: 25%; } .wpcpro-row .wpcpro-col-xl-5 { flex: 0 0 20%; max-width: 20%; } .wpcpro-row .wpcpro-col-xl-6 { flex: 0 0 16.66667%; max-width: 16.66667%; } .wpcpro-row .wpcpro-col-xl-7 { flex: 0 0 14.28571428%; max-width: 14.28571428%; } .wpcpro-row .wpcpro-col-xl-8 { flex: 0 0 12.5%; max-width: 12.5%; } }<\/style><div class=\"wpcp-carousel-wrapper wpcp-wrapper-4357\">\n\t<div id=\"wpcp-preloader-4357\" class=\"wpcp-carousel-preloader\"><img decoding=\"async\" src=\"https:\/\/www.standard-industrie.com\/es\/wp-content\/plugins\/wp-carousel-free\/public\/css\/spinner.svg\" alt=\"Preloader Image\" \/><\/div>\t<div class=\"wpcp-carousel-content-wrapper\">\n\t<div id=\"sp-wp-carousel-free-id-4357\" class=\"wpcp-carousel-section sp-wpcp-4357  nav-vertical-center wpcp-image-carousel wpcp-preloader wpcp-standard\" data-swiper='{ &quot;accessibility&quot;:true, &quot;spaceBetween&quot;:20, &quot;arrows&quot;:true, &quot;freeMode&quot;: false, &quot;autoplay&quot;:true, &quot;effect&quot;: &quot;&quot;, &quot;centerMode&quot;: false, &quot;autoplaySpeed&quot;:3000, &quot;dots&quot;:true, &quot;infinite&quot;:true, &quot;speed&quot;:600, &quot;pauseOnHover&quot;:true,\n\t\t\t&quot;slidesToShow&quot;:{&quot;lg_desktop&quot;:1, &quot;desktop&quot;: 1, &quot;laptop&quot;: 1, &quot;tablet&quot;: 1, &quot;mobile&quot;: 1}, &quot;responsive&quot;:{&quot;desktop&quot;:1200, &quot;laptop&quot;: 980, &quot;tablet&quot;: 736, &quot;mobile&quot;: 480}, &quot;rtl&quot;:false, &quot;lazyLoad&quot;: &quot;false&quot;, &quot;swipe&quot;: true, &quot;draggable&quot;: true, &quot;swipeToSlide&quot;:false }' dir=\"ltr\">\n\t\t<div class=\"swiper-wrapper\">\n\t\t<div class=\"swiper-slide\">\n\t<div class=\"wpcp-single-item\">\n\t\t\t<div class=\"wpcp-slide-image\">\n\t\t<img loading=\"lazy\" decoding=\"async\" class=\"skip-lazy\" src=\"https:\/\/www.standard-industrie.com\/es\/wp-content\/uploads\/sites\/11\/2014\/06\/01_Liftube-1-300x300.jpg\" alt=\"01_Liftube\" width=\"300\" height=\"300\">\t<\/div>\n\t\t<\/div>\n<\/div>\n\t<div class=\"swiper-slide\">\n\t<div class=\"wpcp-single-item\">\n\t\t\t<div class=\"wpcp-slide-image\">\n\t\t<img loading=\"lazy\" decoding=\"async\" class=\"skip-lazy\" src=\"https:\/\/www.standard-industrie.com\/es\/wp-content\/uploads\/sites\/11\/2014\/06\/02_Liftube-1-300x300.jpg\" alt=\"02_Liftube\" width=\"300\" height=\"300\">\t<\/div>\n\t\t<\/div>\n<\/div>\n\t<div class=\"swiper-slide\">\n\t<div class=\"wpcp-single-item\">\n\t\t\t<div class=\"wpcp-slide-image\">\n\t\t<img loading=\"lazy\" decoding=\"async\" class=\"skip-lazy\" src=\"https:\/\/www.standard-industrie.com\/es\/wp-content\/uploads\/sites\/11\/2022\/11\/DEPOUSSIEREUR-300x300.jpg\" alt=\"DEPOUSSIEREUR\" width=\"300\" height=\"300\">\t<\/div>\n\t\t<\/div>\n<\/div>\n\t<div class=\"swiper-slide\">\n\t<div class=\"wpcp-single-item\">\n\t\t\t<div class=\"wpcp-slide-image\">\n\t\t<img loading=\"lazy\" decoding=\"async\" class=\"skip-lazy\" src=\"https:\/\/www.standard-industrie.com\/es\/wp-content\/uploads\/sites\/11\/2022\/11\/03_Liftube-1-1-300x300.jpg\" alt=\"03_Liftube-1\" width=\"300\" height=\"300\">\t<\/div>\n\t\t<\/div>\n<\/div>\n\t<div class=\"swiper-slide\">\n\t<div class=\"wpcp-single-item\">\n\t\t\t<div class=\"wpcp-slide-image\">\n\t\t<img loading=\"lazy\" decoding=\"async\" class=\"skip-lazy\" src=\"https:\/\/www.standard-industrie.com\/es\/wp-content\/uploads\/sites\/11\/2022\/11\/04_Liftube-1-1-300x300.jpg\" alt=\"04_Liftube-1\" width=\"300\" height=\"300\">\t<\/div>\n\t\t<\/div>\n<\/div>\n\t<div class=\"swiper-slide\">\n\t<div class=\"wpcp-single-item\">\n\t\t\t<div class=\"wpcp-slide-image\">\n\t\t<img loading=\"lazy\" decoding=\"async\" class=\"skip-lazy\" src=\"https:\/\/www.standard-industrie.com\/es\/wp-content\/uploads\/sites\/11\/2022\/11\/05_Liftube-1-1-300x300.jpg\" alt=\"05_Liftube-1\" width=\"300\" height=\"300\">\t<\/div>\n\t\t<\/div>\n<\/div>\n\t<div class=\"swiper-slide\">\n\t<div class=\"wpcp-single-item\">\n\t\t\t<div class=\"wpcp-slide-image\">\n\t\t<img loading=\"lazy\" decoding=\"async\" class=\"skip-lazy\" src=\"https:\/\/www.standard-industrie.com\/es\/wp-content\/uploads\/sites\/11\/2022\/11\/06_LIFTUBE_Centrale_thermique_Proche_Orient-1-300x300.jpg\" alt=\"06_LIFTUBE_Centrale_thermique_Proche_Orient (1)\" width=\"300\" height=\"300\">\t<\/div>\n\t\t<\/div>\n<\/div>\n\t<div class=\"swiper-slide\">\n\t<div class=\"wpcp-single-item\">\n\t\t\t<div class=\"wpcp-slide-image\">\n\t\t<img loading=\"lazy\" decoding=\"async\" class=\"skip-lazy\" src=\"https:\/\/www.standard-industrie.com\/es\/wp-content\/uploads\/sites\/11\/2022\/11\/07_LIFTUBE_cimenterie_Etats_unis-1-300x300.jpg\" alt=\"07_LIFTUBE_cimenterie_Etats_unis (1)\" width=\"300\" height=\"300\">\t<\/div>\n\t\t<\/div>\n<\/div>\n\t\t\t<\/div>\n\t\t\t\t\t<div class=\"wpcp-swiper-dots swiper-pagination\"><\/div>\n\t\t\t\t<!-- If we need navigation buttons -->\n\t\t\t\t\t<div class=\"wpcp-prev-button swiper-button-prev\"><i class=\"fa fa-angle-left\"><\/i><\/div>\n\t\t\t<div class=\"wpcp-next-button swiper-button-next\"><i class=\"fa fa-angle-right\"><\/i><\/div>\n\t\t\t<\/div>\n\t<\/div>\n<\/div>\n[\/vc_column_text][vc_empty_space][\/vc_column][\/vc_row][vc_row][vc_column width=\u00bb1\/4&#8243;][\/vc_column][vc_column width=\u00bb1\/2&#8243;][vc_raw_html]JTNDZGl2JTIwY2xhc3MlM0QlMjJ5b3V0dWJlX3BsYXllciUyMiUyMHZpZGVvSUQlM0QlMjJRX3NoVTlOX2VJZyUyMiUyMHdpZHRoJTNEJTIyNjAwJTIyJTIwaGVpZ2h0JTNEJTIyNDAwJTIyJTIwdGhlbWUlM0QlMjJsaWdodCUyMiUyMHJlbCUzRCUyMjAlMjIlMjBjb250cm9scyUzRCUyMjAlMjIlMjBzaG93aW5mbyUzRCUyMjAlMjIlMjBhdXRvcGxheSUzRCUyMjElMjIlMjBtdXRlJTNEJTIyMSUyMiUyMCUyMGxvb3AlM0QlMjIxJTIyJTIwbG9hZGluZyUzRCUyMjElMjIlM0UlM0MlMkZkaXYlM0U=[\/vc_raw_html][\/vc_column][vc_column width=\u00bb1\/4&#8243;][\/vc_column][\/vc_row][vc_row][vc_column][vc_tta_tabs style=\u00bbflat\u00bb shape=\u00bbsquare\u00bb color=\u00bbwhite\u00bb active_section=\u00bb1&#8243; el_class=\u00bbencart-plus-infos infos-rouge\u00bb][vc_tta_section title=\u00bbVentajas\u00bb tab_id=\u00bb1663937971177-be64cebd-0221&#8243;][vc_row_inner][vc_column_inner width=\u00bb1\/2&#8243;][vc_column_text]<\/p>\n<ul>\n<li>MEDIOAMBIENTE :\u00a0Reducci\u00f3n de las emisiones de polvo entre el punto de carga y el de descarga: cumplimiento de las normas vigentes (ISO 14001)<\/li>\n<li>CALIDAD :\u00a0Ausencia de contaminaci\u00f3n del producto transportado \/ Mayor duraci\u00f3n de vida de la cinta<\/li>\n<li>SEGURIDAD TOTAL :\u00a0Protecci\u00f3n de los puntos entrantes de conformidad con el decreto n.\u00ba 93-40<\/li>\n<li>AHORRO :\u00a0Ninguna modificaci\u00f3n de la estructura existente \/ Optimizaci\u00f3n de las capacidades \/ Sin p\u00e9rdida de explotaci\u00f3n<\/li>\n<li>MANTENIMIENTO :\u00a0Orillas y sistemas de rodillos basculantes facilitan el acceso as\u00ed como la sencillez y rapidez en el mantenimiento<\/li>\n<li>MODULABLE : Elementos est\u00e1ndar, adaptables, evolutivos sobre transportadores nuevos o existentes \/ Instalaci\u00f3n en todo o parte del transportador \/ Compatible con cinta reversible<\/li>\n<\/ul>\n<p>[\/vc_column_text][\/vc_column_inner][vc_column_inner width=\u00bb1\/2&#8243;][vc_single_image image=\u00bb4245&#8243; img_size=\u00bbfull\u00bb alignment=\u00bbcenter\u00bb][\/vc_column_inner][\/vc_row_inner][\/vc_tta_section][vc_tta_section title=\u00bbServicios asociados\u00bb tab_id=\u00bb1663938142981-6b5d81f0-143c\u00bb][vc_row_inner][vc_column_inner width=\u00bb1\/2&#8243;][vc_column_text]<\/p>\n<ul>\n<li>Visitas y recomendaciones t\u00e9cnicas (dimensionamiento e implantaci\u00f3n)<\/li>\n<li>Suministro del plano de instalaci\u00f3n<\/li>\n<li>Posibilidad de montaje, supervisi\u00f3n y puesta en funcionamiento a nuestro cargo<\/li>\n<li>Garant\u00eda de hasta 3 a\u00f1os<\/li>\n<li>Formaci\u00f3n interna y externa (Instituto de formaci\u00f3n de STANDARD INDUSTRIE:IFSI, n.\u00ba 31 59 05660 59)<\/li>\n<li>Servicio posventa y contrato de mantenimiento<\/li>\n<li>Seguimiento de las normativas<\/li>\n<\/ul>\n<p>[\/vc_column_text][\/vc_column_inner][vc_column_inner width=\u00bb1\/2&#8243;][vc_single_image image=\u00bb4246&#8243; img_size=\u00bbfull\u00bb alignment=\u00bbcenter\u00bb][\/vc_column_inner][\/vc_row_inner][\/vc_tta_section][vc_tta_section title=\u00bbOptiones\u00bb tab_id=\u00bb1663938171381-dcb55700-be8e\u00bb][vc_row_inner][vc_column_inner width=\u00bb1\/6&#8243; offset=\u00bbvc_hidden-md vc_hidden-sm vc_hidden-xs\u00bb][\/vc_column_inner][vc_column_inner offset=\u00bbvc_col-lg-8&#8243;][vc_column_text]<\/p>\n<ul>\n<li>Modelo ATEX \/ Alimentario \/ Autoextinguible<\/li>\n<li>Alta temperatura (temperatura de producto de hasta 300 \u00b0C)<\/li>\n<li>Gran anchura (hasta 1400 mm)<\/li>\n<\/ul>\n<p>[\/vc_column_text][\/vc_column_inner][vc_column_inner width=\u00bb1\/6&#8243; offset=\u00bbvc_hidden-md vc_hidden-sm vc_hidden-xs\u00bb][\/vc_column_inner][\/vc_row_inner][\/vc_tta_section][\/vc_tta_tabs][\/vc_column][\/vc_row][vc_row][vc_column][vc_column_text el_class=\u00bbgros-titre fort trait-rouge traits-gris-droite-gauche titre-gauche vc_sep_border_width_2 vc_separator wpb_content_element vc_separator_align_left vc_sep_width_100 vc_sep_pos_align_center vc_sep_color_grey vc_separator-has-text\u00bb]<\/p>\n<div class=\"vc_sep_holder vc_sep_holder_l\">\n<p class=\"vc_sep_line\" style=\"border-color: grey;\">\n<\/div>\n<h2>Estudios de casos<\/h2>\n<div class=\"vc_sep_holder vc_sep_holder_r\">\n<p class=\"vc_sep_line\" style=\"border-color: grey;\">\n<\/div>\n<p>[\/vc_column_text][vc_basic_grid post_type=\u00bbestudio-de-caso\u00bb max_items=\u00bb10&#8243; show_filter=\u00bbyes\u00bb item=\u00bb4303&#8243; grid_id=\u00bbvc_gid:1709302003197-6ce8304e-8d90-6&#8243; taxonomies=\u00bb111&#8243; filter_source=\u00bbsecteur\u00bb][\/vc_column][\/vc_row][vc_row css=\u00bb.vc_custom_1671810831523{margin-top: 30px !important;}\u00bb][vc_column][vc_column_text el_class=\u00bbbtn-retour txt-vert\u00bb]<a href=\"https:\/\/www.standard-industrie.com\/es\/optimizacion-cintas-transportadoras\/\">&lt; Optimizaci\u00f3n de los transportadores de cintas<\/a>[\/vc_column_text][\/vc_column][\/vc_row]<\/p>\n","protected":false},"excerpt":{"rendered":"<p>[vc_row css=\u00bb.vc_custom_1671810831523{margin-top: 30px !important;}\u00bb][vc_column][vc_column_text el_class=\u00bbbtn-retour txt-vert\u00bb]&lt; Optimizaci\u00f3n de los transportadores de cintas[\/vc_column_text][\/vc_column][\/vc_row][vc_row][vc_column][vc_empty_space][vc_column_text el_class=\u00bbgros-titre fort trait-vert traits-gris-droite-gauche titre-centre vc_separator wpb_content_element vc_separator_align_center vc_sep_width_100 vc_sep_border_width_2 vc_sep_pos_align_center vc_separator-has-text\u00bb] LA SOLUCI\u00d3N<span class=\"excerpt-hellip\"> [\u2026]<\/span><\/p>\n","protected":false},"author":1,"featured_media":0,"parent":0,"menu_order":11,"comment_status":"closed","ping_status":"closed","template":"single-optimisation-convoyeurs-bande-light.php","meta":{"footnotes":""},"class_list":["post-4175","page","type-page","status-publish","hentry"],"_links":{"self":[{"href":"https:\/\/www.standard-industrie.com\/es\/wp-json\/wp\/v2\/pages\/4175","targetHints":{"allow":["GET"]}}],"collection":[{"href":"https:\/\/www.standard-industrie.com\/es\/wp-json\/wp\/v2\/pages"}],"about":[{"href":"https:\/\/www.standard-industrie.com\/es\/wp-json\/wp\/v2\/types\/page"}],"author":[{"embeddable":true,"href":"https:\/\/www.standard-industrie.com\/es\/wp-json\/wp\/v2\/users\/1"}],"replies":[{"embeddable":true,"href":"https:\/\/www.standard-industrie.com\/es\/wp-json\/wp\/v2\/comments?post=4175"}],"version-history":[{"count":0,"href":"https:\/\/www.standard-industrie.com\/es\/wp-json\/wp\/v2\/pages\/4175\/revisions"}],"wp:attachment":[{"href":"https:\/\/www.standard-industrie.com\/es\/wp-json\/wp\/v2\/media?parent=4175"}],"curies":[{"name":"wp","href":"https:\/\/api.w.org\/{rel}","templated":true}]}}