{"id":4690,"date":"2022-11-17T17:05:49","date_gmt":"2022-11-17T16:05:49","guid":{"rendered":"https:\/\/www.standard-industrie.com\/es\/?page_id=4690"},"modified":"2023-09-28T13:12:49","modified_gmt":"2023-09-28T12:12:49","slug":"canon-de-aire-airchoc","status":"publish","type":"page","link":"https:\/\/www.standard-industrie.com\/es\/canon-de-aire-airchoc\/","title":{"rendered":"AIRCHOC\u00ae"},"content":{"rendered":"<p>[vc_row][vc_column css=\u00bb.vc_custom_1668767480700{margin-top: 10px !important;}\u00bb][vc_column_text el_class=\u00bbbtn-retour txt-rouge\u00bb]<\/p>\n<div class=\"vc_sep_holder vc_sep_holder_l\">\n<p class=\"vc_sep_line\" style=\"border-color: grey;\"><a href=\"https:\/\/www.standard-industrie.com\/es\/eliminacion-obstrucciones-concreciones\/\">&lt; Eliminaci\u00f3n de obstrucciones y pegaduras<\/a><\/p>\n<\/div>\n<p>[\/vc_column_text][\/vc_column][\/vc_row][vc_row][vc_column][vc_empty_space][vc_column_text el_class=\u00bbgros-titre fort trait-rouge traits-gris-droite-gauche titre-centre vc_separator wpb_content_element vc_separator_align_center vc_sep_width_100 vc_sep_border_width_2 vc_sep_pos_align_center vc_separator-has-text\u00bb]<\/p>\n<div class=\"vc_sep_holder vc_sep_holder_l\">\n<p class=\"vc_sep_line\" style=\"border-color: grey;\">\n<\/div>\n<h2 style=\"text-align: center;\">LA SOLUCI\u00d3N A LOS PROBLEMAS DE OBSTRUCCIONES Y PEGADURAS<\/h2>\n<div class=\"vc_sep_holder vc_sep_holder_r\">\n<p class=\"vc_sep_line\" style=\"border-color: grey;\">\n<\/div>\n<p>[\/vc_column_text][\/vc_column][\/vc_row][vc_row el_class=\u00bbinvert-block\u00bb][vc_column width=\u00bb1\/2&#8243;][vc_column_text]<\/p>\n<ul>\n<li>AIRCHOC\u00ae\u00a0act\u00faa preventivamente y directamente en el producto<\/li>\n<li>Libera al instante un\u00a0volumen de aire comprimido\u00a0de\u00a0entre 4\u00a0y 400\u00a0litros\u00a0a trav\u00e9s de un orificio de salida adaptado<\/li>\n<li>El efecto obtenido se corresponde a una\u00a0deflagraci\u00f3n<\/li>\n<\/ul>\n<p>=&gt;\u00a0ELIMINA\u00a0OBSTRUCCIONES Y PEGADURAS<\/p>\n<p>GAMA M\u00c1S AMPLIA DEL MERCADO :<\/p>\n<ul>\n<li>Dep\u00f3sitos de\u00a0\u00a04\u00a0a 400 litros<\/li>\n<li>Di\u00e1metro nominal de salida de 50 a 200 mm<\/li>\n<li>Apto para alta temperatura<\/li>\n<li>Opci\u00f3n disponible: ATEX Zona 20<\/li>\n<li>Opciones adicionales: Guillotina autom\u00e1tica, Caja de control y monitoreo<\/li>\n<li>M\u00e1s de\u00a050\u00a0000\u00a0instalaciones de\u00a0AIRCHOC<sup>\u00ae<\/sup>\u00a0en\u00a0m\u00e1s de\u00a090 pa\u00edses<\/li>\n<\/ul>\n<p>&gt; Toda nuestra gama de ca\u00f1ones de aire es\u00a0sin cables<\/p>\n<p>&gt;\u00a0Toda instalaci\u00f3n de AIRCHOC<sup>\u00ae<\/sup>\u00a0de cable se puede transformar en\u00a0WIRELESS[\/vc_column_text][vc_btn title=\u00bbCAT\u00c1LOGO\u00bb style=\u00bbcustom\u00bb custom_background=\u00bb#c93742&#8243; custom_text=\u00bb#ffffff\u00bb shape=\u00bbsquare\u00bb align=\u00bbleft\u00bb i_icon_fontawesome=\u00bbfas fa-file-pdf\u00bb add_icon=\u00bbtrue\u00bb link=\u00bburl:%2Fes%2Fwp-content%2Fuploads%2Fsites%2F11%2F2023%2F01%2FBROCHURE_DECLOGGING_S-MKT3.pdf|target:_blank\u00bb el_class=\u00bbbtn-vert btn-animation\u00bb][\/vc_column][vc_column width=\u00bb1\/2&#8243;][vc_column_text]<style id=\"wp_carousel_dynamic_css4703\">#sp-wp-carousel-free-id-4703 .wpcp-swiper-dots {margin: 40px 0px 0px 0px;}.wpcp-wrapper-4703 .swiper-wrapper .swiper-slide-kenburn, .wpcp-wrapper-4703 .swiper-wrapper, .wpcp-wrapper-4703 .wpcpro-row{align-items: center;}#sp-wp-carousel-free-id-4703 .wpcp-single-item {box-shadow: 0px 0px 0px 0px #dddddd;transition: all .3s;margin: 0px;}#sp-wp-carousel-free-id-4703.swiper-flip .wpcp-single-item{margin: 0!important;}#sp-wp-carousel-free-id-4703 .wpcp-single-item:hover {box-shadow: 0px 0px 0px 0px #dddddd;}#sp-wp-carousel-free-id-4703.sp-wpcp-4703 .wpcp-single-item {border: 0px none #dddddd;}#sp-wp-carousel-free-id-4703.sp-wpcp-4703 .swiper-button-prev,#sp-wp-carousel-free-id-4703.sp-wpcp-4703 .swiper-button-next,#sp-wp-carousel-free-id-4703.sp-wpcp-4703 .swiper-button-prev:hover,#sp-wp-carousel-free-id-4703.sp-wpcp-4703 .swiper-button-next:hover {background: none;border: none;font-size: 30px;}#sp-wp-carousel-free-id-4703.sp-wpcp-4703 .swiper-button-prev i,#sp-wp-carousel-free-id-4703.sp-wpcp-4703 .swiper-button-next i {color: #aaa;}#sp-wp-carousel-free-id-4703.sp-wpcp-4703 .swiper-button-prev i:hover,#sp-wp-carousel-free-id-4703.sp-wpcp-4703 .swiper-button-next i:hover {color: #c72f37;}#sp-wp-carousel-free-id-4703.sp-wpcp-4703 .wpcp-swiper-dots .swiper-pagination-bullet {background-color: #cccccc;}#sp-wp-carousel-free-id-4703.sp-wpcp-4703 .wpcp-swiper-dots .swiper-pagination-bullet.swiper-pagination-bullet-active {background-color: #c72f37;} #sp-wp-carousel-free-id-4703.sp-wpcp-4703.wpcp-image-carousel .wpcp-single-item:hover img, #sp-wp-carousel-free-id-4703.sp-wpcp-4703.wpcp-post-carousel .wpcp-single-item:hover img, #sp-wp-carousel-free-id-4703.sp-wpcp-4703.wpcp-product-carousel .wpcp-single-item:hover img{-webkit-transform: scale(1.2);-moz-transform: scale(1.2);transform: scale(1.2);}@media screen and (max-width: 479px) {#sp-wp-carousel-free-id-4703.nav-vertical-center {padding: 0;margin:0;}#sp-wp-carousel-free-id-4703.nav-vertical-center .wpcp-next-button,#sp-wp-carousel-free-id-4703.nav-vertical-center .wpcp-prev-button {display: none;}}#sp-wp-carousel-free-id-4703 .wpcpro-row>[class*=\"wpcpro-col-\"] { padding: 0 10px; padding-bottom: 20px;} #sp-wp-carousel-free-id-4703 .swiper-slide .single-item-fade:not(:last-child) { margin-right: 20px;}@media (min-width: 480px) { .wpcpro-row .wpcpro-col-sm-1 { flex: 0 0 100%; max-width: 100%; } .wpcpro-row .wpcpro-col-sm-2 { flex: 0 0 50%; max-width: 50%; } .wpcpro-row .wpcpro-col-sm-2-5 { flex: 0 0 75%; max-width: 75%; } .wpcpro-row .wpcpro-col-sm-3 { flex: 0 0 33.333%; max-width: 33.333%; } .wpcpro-row .wpcpro-col-sm-4 { flex: 0 0 25%; max-width: 25%; } .wpcpro-row .wpcpro-col-sm-5 { flex: 0 0 20%; max-width: 20%; } .wpcpro-row .wpcpro-col-sm-6 { flex: 0 0 16.66666666666667%; max-width: 16.66666666666667%; } .wpcpro-row .wpcpro-col-sm-7 { flex: 0 0 14.28571428%; max-width: 14.28571428%; } .wpcpro-row .wpcpro-col-sm-8 { flex: 0 0 12.5%; max-width: 12.5%; } } @media (max-width: 480px) { .wpcpro-row .wpcpro-col-xs-1 { flex: 0 0 100%; max-width: 100%; } .wpcpro-row .wpcpro-col-xs-2 { flex: 0 0 50%; max-width: 50%; } .wpcpro-row .wpcpro-col-xs-3 { flex: 0 0 33.222%; max-width: 33.222%; } .wpcpro-row .wpcpro-col-xs-4 { flex: 0 0 25%; max-width: 25%; } .wpcpro-row .wpcpro-col-xs-5 { flex: 0 0 20%; max-width: 20%; } .wpcpro-row .wpcpro-col-xs-6 { flex: 0 0 16.6667%; max-width: 16.6667%; } .wpcpro-row .wpcpro-col-xs-7 { flex: 0 0 14.28571428%; max-width: 14.28571428%; } .wpcpro-row .wpcpro-col-xs-8 { flex: 0 0 12.5%; max-width: 12.5%; } } @media (min-width: 736px) { .wpcpro-row .wpcpro-col-md-1 { flex: 0 0 100%; max-width: 100%; } .wpcpro-row .wpcpro-col-md-2 { flex: 0 0 50%; max-width: 50%; } .wpcpro-row .wpcpro-col-md-2-5 { flex: 0 0 75%; max-width: 75%; } .wpcpro-row .wpcpro-col-md-3 { flex: 0 0 33.333%; max-width: 33.333%; } .wpcpro-row .wpcpro-col-md-4 { flex: 0 0 25%; max-width: 25%; } .wpcpro-row .wpcpro-col-md-5 { flex: 0 0 20%; max-width: 20%; } .wpcpro-row .wpcpro-col-md-6 { flex: 0 0 16.66666666666667%; max-width: 16.66666666666667%; } .wpcpro-row .wpcpro-col-md-7 { flex: 0 0 14.28571428%; max-width: 14.28571428%; } .wpcpro-row .wpcpro-col-md-8 { flex: 0 0 12.5%; max-width: 12.5%; } } @media (min-width: 980px) { .wpcpro-row .wpcpro-col-lg-1 { flex: 0 0 100%; max-width: 100%; } .wpcpro-row .wpcpro-col-lg-2 { flex: 0 0 50%; max-width: 50%; } .wpcpro-row .wpcpro-col-lg-3 { flex: 0 0 33.222%; max-width: 33.222%; } .wpcpro-row .wpcpro-col-lg-4 { flex: 0 0 25%; max-width: 25%; } .wpcpro-row .wpcpro-col-lg-5 { flex: 0 0 20%; max-width: 20%; } .wpcpro-row .wpcpro-col-lg-6 { flex: 0 0 16.6667%; max-width: 16.6667%; } .wpcpro-row .wpcpro-col-lg-7 { flex: 0 0 14.28571428%; max-width: 14.28571428%; } .wpcpro-row .wpcpro-col-lg-8 { flex: 0 0 12.5%; max-width: 12.5%; } } @media (min-width: 1200px) { .wpcpro-row .wpcpro-col-xl-1 { flex: 0 0 100%; max-width: 100%; } .wpcpro-row .wpcpro-col-xl-2 { flex: 0 0 50%; max-width: 50%; } .wpcpro-row .wpcpro-col-xl-3 { flex: 0 0 33.22222222%; max-width: 33.22222222%; } .wpcpro-row .wpcpro-col-xl-4 { flex: 0 0 25%; max-width: 25%; } .wpcpro-row .wpcpro-col-xl-5 { flex: 0 0 20%; max-width: 20%; } .wpcpro-row .wpcpro-col-xl-6 { flex: 0 0 16.66667%; max-width: 16.66667%; } .wpcpro-row .wpcpro-col-xl-7 { flex: 0 0 14.28571428%; max-width: 14.28571428%; } .wpcpro-row .wpcpro-col-xl-8 { flex: 0 0 12.5%; max-width: 12.5%; } }<\/style><div class=\"wpcp-carousel-wrapper wpcp-wrapper-4703\">\n\t<div id=\"wpcp-preloader-4703\" class=\"wpcp-carousel-preloader\"><img decoding=\"async\" src=\"https:\/\/www.standard-industrie.com\/es\/wp-content\/plugins\/wp-carousel-free\/public\/css\/spinner.svg\" alt=\"Preloader Image\" \/><\/div>\t<div class=\"wpcp-carousel-content-wrapper\">\n\t<div id=\"sp-wp-carousel-free-id-4703\" class=\"wpcp-carousel-section sp-wpcp-4703  nav-vertical-center wpcp-image-carousel wpcp-preloader wpcp-standard\" data-swiper='{ &quot;accessibility&quot;:true, &quot;spaceBetween&quot;:20, &quot;arrows&quot;:true, &quot;freeMode&quot;: false, &quot;autoplay&quot;:true, &quot;effect&quot;: &quot;&quot;, &quot;centerMode&quot;: false, &quot;autoplaySpeed&quot;:3000, &quot;dots&quot;:true, &quot;infinite&quot;:true, &quot;speed&quot;:600, &quot;pauseOnHover&quot;:true,\n\t\t\t&quot;slidesToShow&quot;:{&quot;lg_desktop&quot;:1, &quot;desktop&quot;: 1, &quot;laptop&quot;: 1, &quot;tablet&quot;: 1, &quot;mobile&quot;: 1}, &quot;responsive&quot;:{&quot;desktop&quot;:1200, &quot;laptop&quot;: 980, &quot;tablet&quot;: 736, &quot;mobile&quot;: 480}, &quot;rtl&quot;:false, &quot;lazyLoad&quot;: &quot;false&quot;, &quot;swipe&quot;: true, &quot;draggable&quot;: true, &quot;swipeToSlide&quot;:false }' dir=\"ltr\">\n\t\t<div class=\"swiper-wrapper\">\n\t\t<div class=\"swiper-slide\">\n\t<div class=\"wpcp-single-item\">\n\t\t\t<div class=\"wpcp-slide-image\">\n\t\t<img loading=\"lazy\" decoding=\"async\" class=\"skip-lazy\" src=\"https:\/\/www.standard-industrie.com\/es\/wp-content\/uploads\/sites\/11\/2023\/05\/AIRCHOC-6-sur-silo-de-fabrication.jpg\" alt=\"\" width=\"600\" height=\"800\">\t<\/div>\n\t\t<\/div>\n<\/div>\n\t<div class=\"swiper-slide\">\n\t<div class=\"wpcp-single-item\">\n\t\t\t<div class=\"wpcp-slide-image\">\n\t\t<img loading=\"lazy\" decoding=\"async\" class=\"skip-lazy\" src=\"https:\/\/www.standard-industrie.com\/es\/wp-content\/uploads\/sites\/11\/2022\/11\/AC615-electrovanne-1.jpg\" alt=\"AC615-electrovanne (1)\" width=\"800\" height=\"800\">\t<\/div>\n\t\t<\/div>\n<\/div>\n\t<div class=\"swiper-slide\">\n\t<div class=\"wpcp-single-item\">\n\t\t\t<div class=\"wpcp-slide-image\">\n\t\t<img loading=\"lazy\" decoding=\"async\" class=\"skip-lazy\" src=\"https:\/\/www.standard-industrie.com\/es\/wp-content\/uploads\/sites\/11\/2022\/11\/1-11.jpg\" alt=\"06_AirchocWireless_Industrie_Ciment\" width=\"794\" height=\"678\">\t<\/div>\n\t\t<\/div>\n<\/div>\n\t<div class=\"swiper-slide\">\n\t<div class=\"wpcp-single-item\">\n\t\t\t<div class=\"wpcp-slide-image\">\n\t\t<img loading=\"lazy\" decoding=\"async\" class=\"skip-lazy\" src=\"https:\/\/www.standard-industrie.com\/es\/wp-content\/uploads\/sites\/11\/2022\/11\/AIRCHOC-6-range-1024x1024-1.png\" alt=\"AIRCHOC-6-range-1024x1024 (1)\" width=\"800\" height=\"800\">\t<\/div>\n\t\t<\/div>\n<\/div>\n\t<div class=\"swiper-slide\">\n\t<div class=\"wpcp-single-item\">\n\t\t\t<div class=\"wpcp-slide-image\">\n\t\t<img loading=\"lazy\" decoding=\"async\" class=\"skip-lazy\" src=\"https:\/\/www.standard-industrie.com\/es\/wp-content\/uploads\/sites\/11\/2022\/11\/airchoc_tete-1.jpg\" alt=\"airchoc_tete (1)\" width=\"800\" height=\"800\">\t<\/div>\n\t\t<\/div>\n<\/div>\n\t<div class=\"swiper-slide\">\n\t<div class=\"wpcp-single-item\">\n\t\t\t<div class=\"wpcp-slide-image\">\n\t\t<img loading=\"lazy\" decoding=\"async\" class=\"skip-lazy\" src=\"https:\/\/www.standard-industrie.com\/es\/wp-content\/uploads\/sites\/11\/2023\/11\/1.jpg\" alt=\"AC5 install\u00e9 sur un \u00e9conomiseur vertical \u00e0 l'UTVE L'Unit\u00e9 de Traitement et de Valorisation Energ\u00e9tique (usine d'incin\u00e9ration) \u00e0 Lyon\" width=\"800\" height=\"450\">\t<\/div>\n\t\t<\/div>\n<\/div>\n\t\t\t<\/div>\n\t\t\t\t\t<div class=\"wpcp-swiper-dots swiper-pagination\"><\/div>\n\t\t\t\t<!-- If we need navigation buttons -->\n\t\t\t\t\t<div class=\"wpcp-prev-button swiper-button-prev\"><i class=\"fa fa-angle-left\"><\/i><\/div>\n\t\t\t<div class=\"wpcp-next-button swiper-button-next\"><i class=\"fa fa-angle-right\"><\/i><\/div>\n\t\t\t<\/div>\n\t<\/div>\n<\/div>\n[\/vc_column_text][vc_empty_space][\/vc_column][\/vc_row][vc_row el_class=\u00bbinvert-block\u00bb][vc_column width=\u00bb1\/4&#8243;][\/vc_column][vc_column width=\u00bb1\/2&#8243;][vc_raw_html]JTNDZGl2JTIwY2xhc3MlM0QlMjJ5b3V0dWJlX3BsYXllciUyMiUyMHZpZGVvSUQlM0QlMjI0dExuRFRiYW5zTSUyMiUyMHdpZHRoJTNEJTIyNjAwJTIyJTIwaGVpZ2h0JTNEJTIyNDAwJTIyJTIwdGhlbWUlM0QlMjJsaWdodCUyMiUyMHJlbCUzRCUyMjAlMjIlMjBjb250cm9scyUzRCUyMjAlMjIlMjBzaG93aW5mbyUzRCUyMjAlMjIlMjBhdXRvcGxheSUzRCUyMjElMjIlMjBtdXRlJTNEJTIyMSUyMiUyMCUyMGxvb3AlM0QlMjIxJTIyJTIwbG9hZGluZyUzRCUyMjElMjIlM0UlM0MlMkZkaXYlM0U=[\/vc_raw_html][\/vc_column][vc_column width=\u00bb1\/4&#8243;][\/vc_column][\/vc_row][vc_row][vc_column][vc_tta_tabs style=\u00bbflat\u00bb shape=\u00bbsquare\u00bb color=\u00bbwhite\u00bb active_section=\u00bb1&#8243; el_class=\u00bbencart-plus-infos infos-rouge\u00bb][vc_tta_section title=\u00bbVentajas\u00bb tab_id=\u00bb1663937971177-be64cebd-0221&#8243;][vc_row_inner][vc_column_inner width=\u00bb1\/2&#8243;][vc_column_text]<\/p>\n<ul>\n<li>FUERZA DE IMPACTO\u00a0:\u00a0Aerodinamismo del cabezal \/ Relaci\u00f3n entre volumen de dep\u00f3sito y DN de salida del cabezal<\/li>\n<li>SEGURIDAD POSITIVA\u00a0:\u00a0No hay tiro de AIRCHOC<sup>\u00ae<\/sup>\u00a0ante una bajada de presi\u00f3n de aire<\/li>\n<li>AHORRO\u00a0:\u00a0Reducci\u00f3n del consumo de aire \/ una sola alimentaci\u00f3n neum\u00e1tica \/ Sistema inal\u00e1mbrico<\/li>\n<li>CALIDAD\u00a0:\u00a0Dep\u00f3sito galvanizado por dentro y fuera \/ Cabezal de hierro fundido \/ Ciclo de vida superior a los 30 a\u00f1os<\/li>\n<li>MANTENIMIENTO\u00a0:\u00a0Acceso directo al mecanismo<\/li>\n<li>FIABILIDAD\u00a0:\u00a0Purga de escape acelerada protegida \/ Pist\u00f3n autocentrador<\/li>\n<li>SILENCIOSO\u00a0:\u00a0Reducci\u00f3n del ruido ambiental<\/li>\n<\/ul>\n<p>[\/vc_column_text][\/vc_column_inner][vc_column_inner width=\u00bb1\/2&#8243;][vc_single_image image=\u00bb6329&#8243; img_size=\u00bbfull\u00bb alignment=\u00bbcenter\u00bb][\/vc_column_inner][\/vc_row_inner][\/vc_tta_section][vc_tta_section title=\u00bbServicios asociados\u00bb tab_id=\u00bb1663938142981-6b5d81f0-143c\u00bb][vc_row_inner][vc_column_inner width=\u00bb1\/2&#8243;][vc_column_text]<\/p>\n<ul>\n<li>Visitas y recomendaciones t\u00e9cnicas (dimensionamiento e implantaci\u00f3n)<\/li>\n<li>Suministro del plan de instalaci\u00f3n<\/li>\n<li>Posibilidad de montaje, supervisi\u00f3n y puesta en funcionamiento a nuestro cargo<\/li>\n<li>Garant\u00eda de hasta 3 a\u00f1os<\/li>\n<li>Formaci\u00f3n interna y externa<\/li>\n<li><a href=\"https:\/\/www.standard-industrie.com\/es\/mantenimiento-industrial\/\" target=\"_blank\" rel=\"noopener\">Servicio posventa y contrato de mantenimiento<\/a><\/li>\n<li>Seguimiento de las normativas<\/li>\n<\/ul>\n<p>[\/vc_column_text][\/vc_column_inner][vc_column_inner width=\u00bb1\/2&#8243;][vc_single_image image=\u00bb4710&#8243; img_size=\u00bbfull\u00bb alignment=\u00bbcenter\u00bb][\/vc_column_inner][\/vc_row_inner][\/vc_tta_section][vc_tta_section title=\u00bbOpciones\u00bb tab_id=\u00bb1663938171381-dcb55700-be8e\u00bb][vc_row_inner][vc_column_inner width=\u00bb1\/6&#8243; offset=\u00bbvc_hidden-md vc_hidden-sm vc_hidden-xs\u00bb][\/vc_column_inner][vc_column_inner offset=\u00bbvc_col-lg-8&#8243;][vc_column_text]<\/p>\n<ul>\n<li><a href=\"https:\/\/www.standard-industrie.com\/es\/deflector\/\" target=\"_blank\" rel=\"noopener\">DEFLECTORES<\/a>\u00a0:\u00a0Orientan el flujo de aire hacia los puntos sensibles de taponamiento. De acero o inoxidable refractario<\/li>\n<li>DISPOSITIVOS DE CONTROL AUTOM\u00c1TICO Y C\u00cdCLICO\u00a0:\u00a0Activan autom\u00e1ticamente los tiros de AIRCHOC<sup>\u00ae\u00a0<\/sup>(pueden controlar hasta 128 AIRCHOC<sup>\u00ae<\/sup>)<\/li>\n<li><a href=\"https:\/\/www.standard-industrie.com\/es\/deflector\/\" target=\"_blank\" rel=\"noopener\">AISLADOR\u00a0<\/a>:\u00a0Vela por la seguridad de las operaciones de mantenimiento: alta temperatura, producto agresivo, riesgo de retorno de materia<\/li>\n<li>DISPOSITIVOS DE SEGURIDAD\u00a0:\u00a0Garantizan la explotaci\u00f3n y el mantenimiento de los AIRCHOC<sup>\u00ae\u00a0<\/sup>con total seguridad (man\u00f3metro, v\u00e1lvula de seguridad, v\u00e1lvula de aislamiento\u2026)<\/li>\n<li>KIT DE MANTENIMIENTO\u00a0:\u00a0Reduce los tiempos de intervenci\u00f3n y simplifica la gesti\u00f3n de las existencias<\/li>\n<li>PIST\u00d3N CHAFL\u00c1N INOXIDABLE\u00a0:\u00a0Aumenta la duraci\u00f3n de vida y resiste a las atm\u00f3sferas agresivas (qu\u00edmica, incineraci\u00f3n, cementera)<\/li>\n<li>RAMPA DE MANDO DESPLAZADA\u00a0:\u00a0Activa a distancia los tiros de AIRCHOC<sup>\u00ae<\/sup>\u00a0(electrov\u00e1lvulas centralizadas y situadas a la altura del operario)<\/li>\n<li>DISTRIBUIDOR NEUM\u00c1TICO\u00a0:\u00a0Activa neum\u00e1ticamente los tiros de AIRCHOC<sup>\u00ae<\/sup>.<\/li>\n<\/ul>\n<p>[\/vc_column_text][\/vc_column_inner][vc_column_inner width=\u00bb1\/6&#8243; offset=\u00bbvc_hidden-md vc_hidden-sm vc_hidden-xs\u00bb][\/vc_column_inner][\/vc_row_inner][\/vc_tta_section][\/vc_tta_tabs][\/vc_column][\/vc_row][vc_row][vc_column][vc_column_text el_class=\u00bbgros-titre fort trait-rouge traits-gris-droite-gauche titre-gauche vc_sep_border_width_2 vc_separator wpb_content_element vc_separator_align_left vc_sep_width_100 vc_sep_pos_align_center vc_sep_color_grey vc_separator-has-text\u00bb]<\/p>\n<div class=\"vc_sep_holder vc_sep_holder_l\">\n<p class=\"vc_sep_line\" style=\"border-color: grey;\">\n<\/div>\n<h2>Estudios de casos<\/h2>\n<div class=\"vc_sep_holder vc_sep_holder_r\">\n<p class=\"vc_sep_line\" style=\"border-color: grey;\">\n<\/div>\n<p>[\/vc_column_text][vc_basic_grid post_type=\u00bbestudio-de-caso\u00bb max_items=\u00bb10&#8243; show_filter=\u00bbyes\u00bb item=\u00bb4303&#8243; grid_id=\u00bbvc_gid:1695903113485-0a594b3a-12f5-7&#8243; taxonomies=\u00bb121&#8243; filter_source=\u00bbsecteur\u00bb][\/vc_column][\/vc_row][vc_row][vc_column][vc_column_text el_class=\u00bbbtn-retour txt-rouge\u00bb]<\/p>\n<div class=\"vc_sep_holder vc_sep_holder_l\">\n<p class=\"vc_sep_line\" style=\"border-color: grey;\"><a href=\"https:\/\/www.standard-industrie.com\/es\/eliminacion-obstrucciones-concreciones\/\">&lt; Eliminaci\u00f3n de obstrucciones y pegaduras<\/a><\/p>\n<\/div>\n<p>[\/vc_column_text][\/vc_column][\/vc_row]<\/p>\n","protected":false},"excerpt":{"rendered":"<p>[vc_row][vc_column css=\u00bb.vc_custom_1668767480700{margin-top: 10px !important;}\u00bb][vc_column_text el_class=\u00bbbtn-retour txt-rouge\u00bb] &lt; Eliminaci\u00f3n de obstrucciones y pegaduras [\/vc_column_text][\/vc_column][\/vc_row][vc_row][vc_column][vc_empty_space][vc_column_text el_class=\u00bbgros-titre fort trait-rouge traits-gris-droite-gauche titre-centre vc_separator wpb_content_element vc_separator_align_center vc_sep_width_100 vc_sep_border_width_2 vc_sep_pos_align_center vc_separator-has-text\u00bb] LA<span class=\"excerpt-hellip\"> [\u2026]<\/span><\/p>\n","protected":false},"author":1,"featured_media":0,"parent":0,"menu_order":8,"comment_status":"closed","ping_status":"closed","template":"single-airchoc-light.php","meta":{"footnotes":""},"class_list":["post-4690","page","type-page","status-publish","hentry"],"_links":{"self":[{"href":"https:\/\/www.standard-industrie.com\/es\/wp-json\/wp\/v2\/pages\/4690","targetHints":{"allow":["GET"]}}],"collection":[{"href":"https:\/\/www.standard-industrie.com\/es\/wp-json\/wp\/v2\/pages"}],"about":[{"href":"https:\/\/www.standard-industrie.com\/es\/wp-json\/wp\/v2\/types\/page"}],"author":[{"embeddable":true,"href":"https:\/\/www.standard-industrie.com\/es\/wp-json\/wp\/v2\/users\/1"}],"replies":[{"embeddable":true,"href":"https:\/\/www.standard-industrie.com\/es\/wp-json\/wp\/v2\/comments?post=4690"}],"version-history":[{"count":0,"href":"https:\/\/www.standard-industrie.com\/es\/wp-json\/wp\/v2\/pages\/4690\/revisions"}],"wp:attachment":[{"href":"https:\/\/www.standard-industrie.com\/es\/wp-json\/wp\/v2\/media?parent=4690"}],"curies":[{"name":"wp","href":"https:\/\/api.w.org\/{rel}","templated":true}]}}