{"id":4735,"date":"2022-11-18T10:59:42","date_gmt":"2022-11-18T09:59:42","guid":{"rendered":"https:\/\/www.standard-industrie.com\/es\/?page_id=4735"},"modified":"2025-06-04T20:56:41","modified_gmt":"2025-06-04T19:56:41","slug":"deflector","status":"publish","type":"page","link":"https:\/\/www.standard-industrie.com\/es\/deflector\/","title":{"rendered":"Accesorios para AIRCHOC\u00ae"},"content":{"rendered":"<p>[vc_row][vc_column css=\u00bb.vc_custom_1668767480700{margin-top: 10px !important;}\u00bb][vc_column_text el_class=\u00bbbtn-retour txt-rouge\u00bb]<\/p>\n<div class=\"vc_sep_holder vc_sep_holder_l\">\n<p class=\"vc_sep_line\" style=\"border-color: grey;\"><a href=\"https:\/\/www.standard-industrie.com\/es\/eliminacion-obstrucciones-concreciones\/\">&lt; Eliminaci\u00f3n de obstrucciones y pegaduras<\/a><\/p>\n<\/div>\n<p>[\/vc_column_text][\/vc_column][\/vc_row][vc_row][vc_column][vc_empty_space][vc_column_text el_class=\u00bbgros-titre fort trait-rouge traits-gris-droite-gauche titre-centre vc_separator wpb_content_element vc_separator_align_center vc_sep_width_100 vc_sep_border_width_2 vc_sep_pos_align_center vc_separator-has-text\u00bb]<\/p>\n<div class=\"vc_sep_holder vc_sep_holder_l\">\n<p class=\"vc_sep_line\" style=\"border-color: grey;\">\n<\/div>\n<h2 style=\"text-align: center;\">DEFLECTOR PARA AIRCHOC\u00ae<\/h2>\n<div class=\"vc_sep_holder vc_sep_holder_r\">\n<p class=\"vc_sep_line\" style=\"border-color: grey;\">\n<\/div>\n<p>[\/vc_column_text][\/vc_column][\/vc_row][vc_row el_class=\u00bbinvert-block\u00bb][vc_column width=\u00bb1\/2&#8243;][vc_column_text]<b>El deflector oriente el flujo de aire hacia los puntos sensibles de taponamiento. Los deflectores se instalan esencialmente en cementera en el coraz\u00f3n del Proceso (enfriador, cicl\u00f3n, c\u00e1mara de humos, conductos,\u2026).<\/b><\/p>\n<p>Que sea en versi\u00f3n alta o baja temperatura, los deflectores est\u00e1n instalados para efectuar una limpieza en las torres de precalentamiento.<\/p>\n<p>Conforme est\u00e9 el deflector instalado, el aire del ca\u00f1\u00f3n de aire tendr\u00e1 un impacto direccional preciso para llegar a los lugares complicados.<\/p>\n<p>De acero o inoxidable refractario.<\/p>\n<p>di\u00e1metros de salida : DN100 &amp; DN150[\/vc_column_text][vc_btn title=\u00bbCAT\u00c1LOGO\u00bb style=\u00bbcustom\u00bb custom_background=\u00bb#c93742&#8243; custom_text=\u00bb#ffffff\u00bb shape=\u00bbsquare\u00bb align=\u00bbleft\u00bb i_icon_fontawesome=\u00bbfas fa-file-pdf\u00bb add_icon=\u00bbtrue\u00bb link=\u00bburl:%2Fes%2Fwp-content%2Fuploads%2Fsites%2F11%2F2023%2F01%2FBROCHURE_DECLOGGING_S-MKT3.pdf|target:_blank\u00bb el_class=\u00bbbtn-vert btn-animation\u00bb][\/vc_column][vc_column width=\u00bb1\/2&#8243;][vc_column_text]<style id=\"wp_carousel_dynamic_css4749\">#sp-wp-carousel-free-id-4749 .wpcp-swiper-dots {margin: 40px 0px 0px 0px;}.wpcp-wrapper-4749 .swiper-wrapper .swiper-slide-kenburn, .wpcp-wrapper-4749 .swiper-wrapper, .wpcp-wrapper-4749 .wpcpro-row{align-items: center;}#sp-wp-carousel-free-id-4749 .wpcp-single-item {box-shadow: 0px 0px 0px 0px #dddddd;transition: all .3s;margin: 0px;}#sp-wp-carousel-free-id-4749.swiper-flip .wpcp-single-item{margin: 0!important;}#sp-wp-carousel-free-id-4749 .wpcp-single-item:hover {box-shadow: 0px 0px 0px 0px #dddddd;}#sp-wp-carousel-free-id-4749.sp-wpcp-4749 .wpcp-single-item {border: 0px none #dddddd;}#sp-wp-carousel-free-id-4749.sp-wpcp-4749 .swiper-button-prev,#sp-wp-carousel-free-id-4749.sp-wpcp-4749 .swiper-button-next,#sp-wp-carousel-free-id-4749.sp-wpcp-4749 .swiper-button-prev:hover,#sp-wp-carousel-free-id-4749.sp-wpcp-4749 .swiper-button-next:hover {background: none;border: none;font-size: 30px;}#sp-wp-carousel-free-id-4749.sp-wpcp-4749 .swiper-button-prev i,#sp-wp-carousel-free-id-4749.sp-wpcp-4749 .swiper-button-next i {color: #aaa;}#sp-wp-carousel-free-id-4749.sp-wpcp-4749 .swiper-button-prev i:hover,#sp-wp-carousel-free-id-4749.sp-wpcp-4749 .swiper-button-next i:hover {color: #c72f37;}#sp-wp-carousel-free-id-4749.sp-wpcp-4749 .wpcp-swiper-dots .swiper-pagination-bullet {background-color: #cccccc;}#sp-wp-carousel-free-id-4749.sp-wpcp-4749 .wpcp-swiper-dots .swiper-pagination-bullet.swiper-pagination-bullet-active {background-color: #c72f37;} #sp-wp-carousel-free-id-4749.sp-wpcp-4749.wpcp-image-carousel .wpcp-single-item:hover img, #sp-wp-carousel-free-id-4749.sp-wpcp-4749.wpcp-post-carousel .wpcp-single-item:hover img, #sp-wp-carousel-free-id-4749.sp-wpcp-4749.wpcp-product-carousel .wpcp-single-item:hover img{-webkit-transform: scale(1.2);-moz-transform: scale(1.2);transform: scale(1.2);}@media screen and (max-width: 479px) {#sp-wp-carousel-free-id-4749.nav-vertical-center {padding: 0;margin:0;}#sp-wp-carousel-free-id-4749.nav-vertical-center .wpcp-next-button,#sp-wp-carousel-free-id-4749.nav-vertical-center .wpcp-prev-button {display: none;}}#sp-wp-carousel-free-id-4749 .wpcpro-row>[class*=\"wpcpro-col-\"] { padding: 0 10px; padding-bottom: 20px;} #sp-wp-carousel-free-id-4749 .swiper-slide .single-item-fade:not(:last-child) { margin-right: 20px;}@media (min-width: 480px) { .wpcpro-row .wpcpro-col-sm-1 { flex: 0 0 100%; max-width: 100%; } .wpcpro-row .wpcpro-col-sm-2 { flex: 0 0 50%; max-width: 50%; } .wpcpro-row .wpcpro-col-sm-2-5 { flex: 0 0 75%; max-width: 75%; } .wpcpro-row .wpcpro-col-sm-3 { flex: 0 0 33.333%; max-width: 33.333%; } .wpcpro-row .wpcpro-col-sm-4 { flex: 0 0 25%; max-width: 25%; } .wpcpro-row .wpcpro-col-sm-5 { flex: 0 0 20%; max-width: 20%; } .wpcpro-row .wpcpro-col-sm-6 { flex: 0 0 16.66666666666667%; max-width: 16.66666666666667%; } .wpcpro-row .wpcpro-col-sm-7 { flex: 0 0 14.28571428%; max-width: 14.28571428%; } .wpcpro-row .wpcpro-col-sm-8 { flex: 0 0 12.5%; max-width: 12.5%; } } @media (max-width: 480px) { .wpcpro-row .wpcpro-col-xs-1 { flex: 0 0 100%; max-width: 100%; } .wpcpro-row .wpcpro-col-xs-2 { flex: 0 0 50%; max-width: 50%; } .wpcpro-row .wpcpro-col-xs-3 { flex: 0 0 33.222%; max-width: 33.222%; } .wpcpro-row .wpcpro-col-xs-4 { flex: 0 0 25%; max-width: 25%; } .wpcpro-row .wpcpro-col-xs-5 { flex: 0 0 20%; max-width: 20%; } .wpcpro-row .wpcpro-col-xs-6 { flex: 0 0 16.6667%; max-width: 16.6667%; } .wpcpro-row .wpcpro-col-xs-7 { flex: 0 0 14.28571428%; max-width: 14.28571428%; } .wpcpro-row .wpcpro-col-xs-8 { flex: 0 0 12.5%; max-width: 12.5%; } } @media (min-width: 736px) { .wpcpro-row .wpcpro-col-md-1 { flex: 0 0 100%; max-width: 100%; } .wpcpro-row .wpcpro-col-md-2 { flex: 0 0 50%; max-width: 50%; } .wpcpro-row .wpcpro-col-md-2-5 { flex: 0 0 75%; max-width: 75%; } .wpcpro-row .wpcpro-col-md-3 { flex: 0 0 33.333%; max-width: 33.333%; } .wpcpro-row .wpcpro-col-md-4 { flex: 0 0 25%; max-width: 25%; } .wpcpro-row .wpcpro-col-md-5 { flex: 0 0 20%; max-width: 20%; } .wpcpro-row .wpcpro-col-md-6 { flex: 0 0 16.66666666666667%; max-width: 16.66666666666667%; } .wpcpro-row .wpcpro-col-md-7 { flex: 0 0 14.28571428%; max-width: 14.28571428%; } .wpcpro-row .wpcpro-col-md-8 { flex: 0 0 12.5%; max-width: 12.5%; } } @media (min-width: 980px) { .wpcpro-row .wpcpro-col-lg-1 { flex: 0 0 100%; max-width: 100%; } .wpcpro-row .wpcpro-col-lg-2 { flex: 0 0 50%; max-width: 50%; } .wpcpro-row .wpcpro-col-lg-3 { flex: 0 0 33.222%; max-width: 33.222%; } .wpcpro-row .wpcpro-col-lg-4 { flex: 0 0 25%; max-width: 25%; } .wpcpro-row .wpcpro-col-lg-5 { flex: 0 0 20%; max-width: 20%; } .wpcpro-row .wpcpro-col-lg-6 { flex: 0 0 16.6667%; max-width: 16.6667%; } .wpcpro-row .wpcpro-col-lg-7 { flex: 0 0 14.28571428%; max-width: 14.28571428%; } .wpcpro-row .wpcpro-col-lg-8 { flex: 0 0 12.5%; max-width: 12.5%; } } @media (min-width: 1200px) { .wpcpro-row .wpcpro-col-xl-1 { flex: 0 0 100%; max-width: 100%; } .wpcpro-row .wpcpro-col-xl-2 { flex: 0 0 50%; max-width: 50%; } .wpcpro-row .wpcpro-col-xl-3 { flex: 0 0 33.22222222%; max-width: 33.22222222%; } .wpcpro-row .wpcpro-col-xl-4 { flex: 0 0 25%; max-width: 25%; } .wpcpro-row .wpcpro-col-xl-5 { flex: 0 0 20%; max-width: 20%; } .wpcpro-row .wpcpro-col-xl-6 { flex: 0 0 16.66667%; max-width: 16.66667%; } .wpcpro-row .wpcpro-col-xl-7 { flex: 0 0 14.28571428%; max-width: 14.28571428%; } .wpcpro-row .wpcpro-col-xl-8 { flex: 0 0 12.5%; max-width: 12.5%; } }<\/style><div class=\"wpcp-carousel-wrapper wpcp-wrapper-4749\">\n\t<div id=\"wpcp-preloader-4749\" class=\"wpcp-carousel-preloader\"><img decoding=\"async\" src=\"https:\/\/www.standard-industrie.com\/es\/wp-content\/plugins\/wp-carousel-free\/public\/css\/spinner.svg\" alt=\"Preloader Image\" \/><\/div>\t<div class=\"wpcp-carousel-content-wrapper\">\n\t<div id=\"sp-wp-carousel-free-id-4749\" class=\"wpcp-carousel-section sp-wpcp-4749  nav-vertical-center wpcp-image-carousel wpcp-preloader wpcp-standard\" data-swiper='{ &quot;accessibility&quot;:true, &quot;spaceBetween&quot;:20, &quot;arrows&quot;:true, &quot;freeMode&quot;: false, &quot;autoplay&quot;:true, &quot;effect&quot;: &quot;&quot;, &quot;centerMode&quot;: false, &quot;autoplaySpeed&quot;:3000, &quot;dots&quot;:true, &quot;infinite&quot;:true, &quot;speed&quot;:600, &quot;pauseOnHover&quot;:true,\n\t\t\t&quot;slidesToShow&quot;:{&quot;lg_desktop&quot;:1, &quot;desktop&quot;: 1, &quot;laptop&quot;: 1, &quot;tablet&quot;: 1, &quot;mobile&quot;: 1}, &quot;responsive&quot;:{&quot;desktop&quot;:1200, &quot;laptop&quot;: 980, &quot;tablet&quot;: 736, &quot;mobile&quot;: 480}, &quot;rtl&quot;:false, &quot;lazyLoad&quot;: &quot;false&quot;, &quot;swipe&quot;: true, &quot;draggable&quot;: true, &quot;swipeToSlide&quot;:false }' dir=\"ltr\">\n\t\t<div class=\"swiper-wrapper\">\n\t\t<div class=\"swiper-slide\">\n\t<div class=\"wpcp-single-item\">\n\t\t\t<div class=\"wpcp-slide-image\">\n\t\t<img loading=\"lazy\" decoding=\"async\" class=\"skip-lazy\" src=\"https:\/\/www.standard-industrie.com\/es\/wp-content\/uploads\/sites\/11\/2022\/11\/deflecteur-type1-1.png\" alt=\"d\u00e9flecteur-type1 (1)\" width=\"800\" height=\"800\">\t<\/div>\n\t\t<\/div>\n<\/div>\n\t<div class=\"swiper-slide\">\n\t<div class=\"wpcp-single-item\">\n\t\t\t<div class=\"wpcp-slide-image\">\n\t\t<img loading=\"lazy\" decoding=\"async\" class=\"skip-lazy\" src=\"https:\/\/www.standard-industrie.com\/es\/wp-content\/uploads\/sites\/11\/2022\/11\/deflecteur-type4-1.png\" alt=\"d\u00e9flecteur-type4 (1)\" width=\"800\" height=\"800\">\t<\/div>\n\t\t<\/div>\n<\/div>\n\t<div class=\"swiper-slide\">\n\t<div class=\"wpcp-single-item\">\n\t\t\t<div class=\"wpcp-slide-image\">\n\t\t<img loading=\"lazy\" decoding=\"async\" class=\"skip-lazy\" src=\"https:\/\/www.standard-industrie.com\/es\/wp-content\/uploads\/sites\/11\/2023\/04\/1-4.jpg\" alt=\"DEFLECTEURS_DRR_397x397\" width=\"397\" height=\"397\">\t<\/div>\n\t\t<\/div>\n<\/div>\n\t<div class=\"swiper-slide\">\n\t<div class=\"wpcp-single-item\">\n\t\t\t<div class=\"wpcp-slide-image\">\n\t\t<img loading=\"lazy\" decoding=\"async\" class=\"skip-lazy\" src=\"https:\/\/www.standard-industrie.com\/es\/wp-content\/uploads\/sites\/11\/2023\/04\/1-3.jpg\" alt=\"DEFLECTEURS_45_397x397\" width=\"397\" height=\"397\">\t<\/div>\n\t\t<\/div>\n<\/div>\n\t<div class=\"swiper-slide\">\n\t<div class=\"wpcp-single-item\">\n\t\t\t<div class=\"wpcp-slide-image\">\n\t\t<img loading=\"lazy\" decoding=\"async\" class=\"skip-lazy\" src=\"https:\/\/www.standard-industrie.com\/es\/wp-content\/uploads\/sites\/11\/2022\/11\/1-2.jpg\" alt=\"\" width=\"600\" height=\"450\">\t<\/div>\n\t\t<\/div>\n<\/div>\n\t<div class=\"swiper-slide\">\n\t<div class=\"wpcp-single-item\">\n\t\t\t<div class=\"wpcp-slide-image\">\n\t\t<img loading=\"lazy\" decoding=\"async\" class=\"skip-lazy\" src=\"https:\/\/www.standard-industrie.com\/es\/wp-content\/uploads\/sites\/11\/2022\/11\/deflecteur-airchoc-1.jpg\" alt=\"deflecteur-airchoc (1)\" width=\"800\" height=\"800\">\t<\/div>\n\t\t<\/div>\n<\/div>\n\t<div class=\"swiper-slide\">\n\t<div class=\"wpcp-single-item\">\n\t\t\t<div class=\"wpcp-slide-image\">\n\t\t<img loading=\"lazy\" decoding=\"async\" class=\"skip-lazy\" src=\"https:\/\/www.standard-industrie.com\/es\/wp-content\/uploads\/sites\/11\/2022\/11\/AIRCHOC-avec-deflecteur-1-1.jpg\" alt=\"AIRCHOC-avec-d\u00e9flecteur-1 (1)\" width=\"800\" height=\"800\">\t<\/div>\n\t\t<\/div>\n<\/div>\n\t\t\t<\/div>\n\t\t\t\t\t<div class=\"wpcp-swiper-dots swiper-pagination\"><\/div>\n\t\t\t\t<!-- If we need navigation buttons -->\n\t\t\t\t\t<div class=\"wpcp-prev-button swiper-button-prev\"><i class=\"fa fa-angle-left\"><\/i><\/div>\n\t\t\t<div class=\"wpcp-next-button swiper-button-next\"><i class=\"fa fa-angle-right\"><\/i><\/div>\n\t\t\t<\/div>\n\t<\/div>\n<\/div>\n[\/vc_column_text][vc_empty_space][\/vc_column][\/vc_row][vc_row][vc_column][vc_tta_tabs style=\u00bbflat\u00bb shape=\u00bbsquare\u00bb color=\u00bbwhite\u00bb active_section=\u00bb1&#8243; el_class=\u00bbencart-plus-infos infos-rouge\u00bb][vc_tta_section title=\u00bbVentajas\u00bb tab_id=\u00bb1663937971177-be64cebd-0221&#8243;][vc_row_inner][vc_column_inner width=\u00bb1\/2&#8243;][vc_column_text]<\/p>\n<ul>\n<li>Refrigeraci\u00f3n eficiente<\/li>\n<li>Uso para hornos completos<\/li>\n<li>F\u00e1cil instalaci\u00f3n y reemplazo<\/li>\n<li>Dirigido a la circunferencia del horno<\/li>\n<\/ul>\n<p>[\/vc_column_text][\/vc_column_inner][vc_column_inner width=\u00bb1\/2&#8243;][vc_single_image image=\u00bb6285&#8243; img_size=\u00bbfull\u00bb alignment=\u00bbcenter\u00bb][\/vc_column_inner][\/vc_row_inner][\/vc_tta_section][vc_tta_section title=\u00bbServicios asociados\u00bb tab_id=\u00bb1663938142981-6b5d81f0-143c\u00bb][vc_row_inner][vc_column_inner width=\u00bb1\/2&#8243;][vc_column_text]<\/p>\n<ul>\n<li>Visitas y recomendaciones t\u00e9cnicas (dimensionamiento e implantaci\u00f3n)<\/li>\n<li>Suministro del plan de instalaci\u00f3n<\/li>\n<li>Posibilidad de montaje, supervisi\u00f3n y puesta en funcionamiento a nuestro cargo<\/li>\n<\/ul>\n<p>[\/vc_column_text][\/vc_column_inner][vc_column_inner width=\u00bb1\/2&#8243;][vc_single_image image=\u00bb6286&#8243; img_size=\u00bbfull\u00bb alignment=\u00bbcenter\u00bb][\/vc_column_inner][\/vc_row_inner][\/vc_tta_section][vc_tta_section title=\u00bbOpciones\u00bb tab_id=\u00bb1663938171381-dcb55700-be8e\u00bb][vc_row_inner][vc_column_inner width=\u00bb1\/6&#8243; offset=\u00bbvc_hidden-md vc_hidden-sm vc_hidden-xs\u00bb][\/vc_column_inner][vc_column_inner offset=\u00bbvc_col-lg-8&#8243;][vc_column_text]<\/p>\n<ul>\n<li>Materia : Acero de uso corriente + una capa de pintura de protecci\u00f3n para los tipos calderados<\/li>\n<li>Fluido utilizable Aire comprimido o gas inerte<\/li>\n<li>Temperaturas de utilizaci\u00f3n : 400\u00b0C a 1200\u00b0C para el modelo en inox refractario<\/li>\n<li>Tipo de fabricaci\u00f3n : De molde o calderado seg\u00fan los modelos<\/li>\n<li>Campo de aplicaci\u00f3n : ACERO en modio standard, INOX en medio alta temperatura<\/li>\n<\/ul>\n<p>[\/vc_column_text][\/vc_column_inner][vc_column_inner width=\u00bb1\/6&#8243; offset=\u00bbvc_hidden-md vc_hidden-sm vc_hidden-xs\u00bb][\/vc_column_inner][\/vc_row_inner][\/vc_tta_section][\/vc_tta_tabs][\/vc_column][\/vc_row][vc_row][vc_column][vc_column_text el_class=\u00bbgros-titre fort trait-rouge traits-gris-droite-gauche titre-centre vc_separator wpb_content_element vc_separator_align_center vc_sep_width_100 vc_sep_border_width_2 vc_sep_pos_align_center vc_separator-has-text\u00bb]<\/p>\n<div class=\"vc_sep_holder vc_sep_holder_l\">\n<p class=\"vc_sep_line\" style=\"border-color: grey;\">\n<\/div>\n<h2 style=\"text-align: center;\">AISLADOR GUILLOTINA PARA AIRCHOC\u00ae<\/h2>\n<div class=\"vc_sep_holder vc_sep_holder_r\">\n<p class=\"vc_sep_line\" style=\"border-color: grey;\">\n<\/div>\n<p>[\/vc_column_text][\/vc_column][\/vc_row][vc_row el_class=\u00bbinvert-block\u00bb][vc_column width=\u00bb1\/2&#8243;][vc_column_text]El sistema del AIRCHOC\u00ae permite aislar un ca\u00f1\u00f3n para efectuar el mantenimiento con toda seguridad.<br \/>\nProtege al AIRCHOC\u00ae en operaciones especiales en el silo (explosivo, presi\u00f3n alta) y evita as\u00ed una acumulaci\u00f3n de producto en el cabezal o en el calderin. Estas acumulaciones de polvo son foco de aver\u00edas o de bajo rendimiento del AIRCHOC\u00ae.<br \/>\n<b>El sistema puede instalarse en un tubo de soplado<\/b>, ya colocado, entre la brida del tubo de soplado y la brida del AIRCHOC\u00ae.<br \/>\nUn candado est\u00e1 incluido (candado de seguridad posible) permitiendo aislar la entrada del tubo de soplado. El AIRCHOC\u00ae puede entonces desmontarse con toda seguridad del aislador sin que \u00e9ste se separe del tubo de soplado[\/vc_column_text][vc_btn title=\u00bbCAT\u00c1LOGO\u00bb style=\u00bbcustom\u00bb custom_background=\u00bb#c93742&#8243; custom_text=\u00bb#ffffff\u00bb shape=\u00bbsquare\u00bb align=\u00bbleft\u00bb i_icon_fontawesome=\u00bbfas fa-file-pdf\u00bb add_icon=\u00bbtrue\u00bb link=\u00bburl:%2Fes%2Fwp-content%2Fuploads%2Fsites%2F11%2F2023%2F01%2FBROCHURE_DECLOGGING_S-MKT3.pdf|target:_blank\u00bb el_class=\u00bbbtn-vert btn-animation\u00bb][\/vc_column][vc_column width=\u00bb1\/2&#8243;][vc_single_image image=\u00bb6287&#8243;][vc_column_text]<strong>VENTAJAS<\/strong><\/p>\n<p>\u2022 Protege el AIRCHOC\u00ae y los operarios de mantenimiento.<br \/>\n\u2022 Permanece unido al tubo de soplado en caso de desmontaje del AIRHOC\u00ae<br \/>\n\u2022 Utilizaci\u00f3n sin esfuerzo gracias al importante juego y al bajo peso de la parte m\u00f3vil<br \/>\n\u2022 Espesor fino para conservar el rendimiento del AIRCHOC\u00ae<br \/>\n\u2022 Instalaci\u00f3n posible en vertical o en horizontal<br \/>\n\u2022 F\u00e1cil mantenimiento del aislador: posibilidad de desmontar la guillotina en caso de bloqueo o de obstrucci\u00f3n,<br \/>\npor las dos placas en las extremidades.[\/vc_column_text][\/vc_column][\/vc_row][vc_row][vc_column][vc_column_text el_class=\u00bbbtn-retour txt-rouge\u00bb]<\/p>\n<div class=\"vc_sep_holder vc_sep_holder_l\">\n<p class=\"vc_sep_line\" style=\"border-color: grey;\"><a href=\"\/elimination-colmatages-concretions\/\">&lt; Eliminaci\u00f3n de obstrucciones y pegaduras<\/a><\/p>\n<\/div>\n<p>[\/vc_column_text][\/vc_column][\/vc_row]<\/p>\n","protected":false},"excerpt":{"rendered":"<p>[vc_row][vc_column css=\u00bb.vc_custom_1668767480700{margin-top: 10px !important;}\u00bb][vc_column_text el_class=\u00bbbtn-retour txt-rouge\u00bb] &lt; Eliminaci\u00f3n de obstrucciones y pegaduras [\/vc_column_text][\/vc_column][\/vc_row][vc_row][vc_column][vc_empty_space][vc_column_text el_class=\u00bbgros-titre fort trait-rouge traits-gris-droite-gauche titre-centre vc_separator wpb_content_element vc_separator_align_center vc_sep_width_100 vc_sep_border_width_2 vc_sep_pos_align_center vc_separator-has-text\u00bb] DEFLECTOR<span class=\"excerpt-hellip\"> [\u2026]<\/span><\/p>\n","protected":false},"author":1,"featured_media":0,"parent":0,"menu_order":7,"comment_status":"closed","ping_status":"closed","template":"single-airchoc-light.php","meta":{"footnotes":""},"class_list":["post-4735","page","type-page","status-publish","hentry"],"_links":{"self":[{"href":"https:\/\/www.standard-industrie.com\/es\/wp-json\/wp\/v2\/pages\/4735","targetHints":{"allow":["GET"]}}],"collection":[{"href":"https:\/\/www.standard-industrie.com\/es\/wp-json\/wp\/v2\/pages"}],"about":[{"href":"https:\/\/www.standard-industrie.com\/es\/wp-json\/wp\/v2\/types\/page"}],"author":[{"embeddable":true,"href":"https:\/\/www.standard-industrie.com\/es\/wp-json\/wp\/v2\/users\/1"}],"replies":[{"embeddable":true,"href":"https:\/\/www.standard-industrie.com\/es\/wp-json\/wp\/v2\/comments?post=4735"}],"version-history":[{"count":0,"href":"https:\/\/www.standard-industrie.com\/es\/wp-json\/wp\/v2\/pages\/4735\/revisions"}],"wp:attachment":[{"href":"https:\/\/www.standard-industrie.com\/es\/wp-json\/wp\/v2\/media?parent=4735"}],"curies":[{"name":"wp","href":"https:\/\/api.w.org\/{rel}","templated":true}]}}