{"id":4790,"date":"2022-11-18T17:02:41","date_gmt":"2022-11-18T16:02:41","guid":{"rendered":"https:\/\/www.standard-industrie.com\/es\/?page_id=4790"},"modified":"2025-06-04T20:55:51","modified_gmt":"2025-06-04T19:55:51","slug":"programa-de-mantenimiento-airchoc","status":"publish","type":"page","link":"https:\/\/www.standard-industrie.com\/es\/programa-de-mantenimiento-airchoc\/","title":{"rendered":"Programa de mantenimiento AIRCHOC\u00ae"},"content":{"rendered":"<p>[vc_row][vc_column css=\u00bb.vc_custom_1668767480700{margin-top: 10px !important;}\u00bb][vc_column_text el_class=\u00bbbtn-retour txt-rouge\u00bb]<\/p>\n<div class=\"vc_sep_holder vc_sep_holder_l\">\n<p class=\"vc_sep_line\" style=\"border-color: grey;\"><a href=\"https:\/\/www.standard-industrie.com\/es\/eliminacion-obstrucciones-concreciones\/\">&lt; Eliminaci\u00f3n de obstrucciones y pegaduras<\/a><\/p>\n<\/div>\n<p>[\/vc_column_text][\/vc_column][\/vc_row][vc_row][vc_column][vc_empty_space][vc_column_text el_class=\u00bbgros-titre fort trait-rouge traits-gris-droite-gauche titre-centre vc_separator wpb_content_element vc_separator_align_center vc_sep_width_100 vc_sep_border_width_2 vc_sep_pos_align_center vc_separator-has-text\u00bb]<\/p>\n<div class=\"vc_sep_holder vc_sep_holder_l\">\n<p class=\"vc_sep_line\" style=\"border-color: grey;\">\n<\/div>\n<h2 style=\"text-align: center;\">LA SOLUCI\u00d3N M\u00c1S ECON\u00d3MICA Y UN ENTORNO PRESERVADO<\/h2>\n<div class=\"vc_sep_holder vc_sep_holder_r\">\n<p class=\"vc_sep_line\" style=\"border-color: grey;\">\n<\/div>\n<p>[\/vc_column_text][\/vc_column][\/vc_row][vc_row el_class=\u00bbinvert-block\u00bb][vc_column width=\u00bb1\/2&#8243;][vc_column_text]=&gt; Con el fin de eliminar el\u00a0riesgo de paradas de producci\u00f3n\u00a0o tiempos de espera excesivos para los operadores, STANDARD INDUSTRIE ha desarrollado un sistema de mantenimiento:<\/p>\n<ul>\n<li>1\u00a0\u2013 El usuario del\u00a0ca\u00f1\u00f3n de aire comprimido Airchoc\u00ae\u00a0tiene en stock una maleta con un mecanismo Airchoc\u00ae completo.<\/li>\n<li>2\u00a0\u2013 Tan pronto como se requiere\u00a0mantenimiento, el mecanismo utilizado se sustituye simplemente por el mecanismo contenido en la maleta.<\/li>\n<li>3\u00a0\u2013 El mecanismo utilizado se reintroduce en la maleta y se env\u00eda a Standard Industrie para ser limpiado y reparado por nuestros t\u00e9cnicos especializados.<\/li>\n<li>4\u00a0\u2013 La maleta es finalmente devuelta al usuario para su uso durante el siguiente\u00a0mantenimiento del ca\u00f1\u00f3n de aire.<\/li>\n<\/ul>\n<p>[\/vc_column_text][vc_btn title=\u00bbCAT\u00c1LOGO\u00bb style=\u00bbcustom\u00bb custom_background=\u00bb#c93742&#8243; custom_text=\u00bb#ffffff\u00bb shape=\u00bbsquare\u00bb align=\u00bbleft\u00bb i_icon_fontawesome=\u00bbfas fa-file-pdf\u00bb add_icon=\u00bbtrue\u00bb link=\u00bburl:https%3A%2F%2Fwww.standard-industrie.com%2Fes%2Fwp-content%2Fuploads%2Fsites%2F11%2F2023%2F01%2FBROCHURE_DECLOGGING_S-MKT3.pdf|target:_blank\u00bb el_class=\u00bbbtn-vert btn-animation\u00bb][vc_btn title=\u00bbPruebe nuestro programa de mantenimiento\u00bb style=\u00bbcustom\u00bb custom_background=\u00bb#c93742&#8243; custom_text=\u00bb#ffffff\u00bb shape=\u00bbsquare\u00bb align=\u00bbleft\u00bb i_icon_fontawesome=\u00bbfas fa-file-pdf\u00bb add_icon=\u00bbtrue\u00bb link=\u00bburl:%2Fes%2Fcontacto%2F\u00bb el_class=\u00bbbtn-vert btn-animation\u00bb][\/vc_column][vc_column width=\u00bb1\/2&#8243;][vc_raw_html]JTNDZGl2JTIwY2xhc3MlM0QlMjJ5b3V0dWJlX3BsYXllciUyMiUyMHZpZGVvSUQlM0QlMjI0QkVsenktNUJhayUyMiUyMHdpZHRoJTNEJTIyNjAwJTIyJTIwaGVpZ2h0JTNEJTIyNDAwJTIyJTIwdGhlbWUlM0QlMjJsaWdodCUyMiUyMHJlbCUzRCUyMjAlMjIlMjBjb250cm9scyUzRCUyMjAlMjIlMjBzaG93aW5mbyUzRCUyMjAlMjIlMjBhdXRvcGxheSUzRCUyMjElMjIlMjBtdXRlJTNEJTIyMSUyMiUyMCUyMGxvb3AlM0QlMjIxJTIyJTIwbG9hZGluZyUzRCUyMjElMjIlM0UlM0MlMkZkaXYlM0U=[\/vc_raw_html][vc_empty_space][\/vc_column][\/vc_row][vc_row][vc_column width=\u00bb1\/2&#8243;][vc_single_image image=\u00bb4793&#8243; img_size=\u00bbfull\u00bb alignment=\u00bbcenter\u00bb css_animation=\u00bbfadeInUp\u00bb][\/vc_column][vc_column width=\u00bb1\/2&#8243;][vc_single_image image=\u00bb4792&#8243; img_size=\u00bbfull\u00bb alignment=\u00bbcenter\u00bb css_animation=\u00bbfadeInUp\u00bb][\/vc_column][\/vc_row][vc_row disable_element=\u00bbyes\u00bb][vc_column][vc_tta_tabs style=\u00bbflat\u00bb shape=\u00bbsquare\u00bb color=\u00bbwhite\u00bb active_section=\u00bb1&#8243; el_class=\u00bbencart-plus-infos infos-rouge\u00bb][vc_tta_section title=\u00bbVentajas\u00bb tab_id=\u00bb1675178929900-ea16f7c1-6d47&#8243;][vc_row_inner][vc_column_inner width=\u00bb1\/2&#8243;][vc_column_text]<\/p>\n<ul>\n<li>FUERZA DE IMPACTO\u00a0:\u00a0Aerodinamismo del cabezal \/ Dep\u00f3sito de gran capacidad<\/li>\n<li>SEGURIDAD POSITIVA\u00a0:\u00a0No hay tiro de MACSYS ante una bajada de presi\u00f3n de aire<\/li>\n<li>AHORRO Y GESTI\u00d3N\u00a0:\u00a0Cabezales + repuestos y accesorios comunes a AIRCHOC<sup>\u00ae<\/sup><\/li>\n<li>CALIDAD\u00a0:\u00a0Dep\u00f3sito galvanizado por dentro y fuera \/ Cabezal de hierro fundido \/ Ciclo de vida superior a los 30 a\u00f1os \/ Chasis reforzado<\/li>\n<li>MANTENIMIENTO\u00a0:\u00a0Acceso directo al mecanismo \/ Funcionamiento en modo degradado<\/li>\n<li>FIABILIDAD\u00a0:\u00a0Purga de escape acelerada protegida \/ Pist\u00f3n autocentrador<\/li>\n<li>INNOVACI\u00d3N\u00a0:\u00a0Tiempo de rellenado reducido \/ Posibilidad de tiros simult\u00e1neos \/ Cabezales<\/li>\n<\/ul>\n<p>[\/vc_column_text][\/vc_column_inner][vc_column_inner width=\u00bb1\/2&#8243;][vc_single_image image=\u00bb4793&#8243; img_size=\u00bbfull\u00bb alignment=\u00bbcenter\u00bb][\/vc_column_inner][\/vc_row_inner][\/vc_tta_section][vc_tta_section title=\u00bbServicios asociados\u00bb tab_id=\u00bb1675178929971-e68dd8c6-f3e1&#8243;][vc_row_inner][vc_column_inner width=\u00bb1\/2&#8243;][vc_column_text]<\/p>\n<ul>\n<li>Visitas y recomendaciones t\u00e9cnicas (dimensionamiento e implantaci\u00f3n)<\/li>\n<li>Suministro del plan de instalaci\u00f3n<\/li>\n<li>Posibilidad de montaje, supervisi\u00f3n y puesta en funcionamiento a nuestro cargo<\/li>\n<li>Garant\u00eda de hasta 3 a\u00f1os<\/li>\n<li>Formaci\u00f3n interna y externa (Instituto de formaci\u00f3n de STANDARD INDUSTRIE: IFSI, n.\u00ba 31 59 05660 59)<\/li>\n<li>Servicio posventa y contrato de mantenimiento<\/li>\n<li>Seguimiento de las normativas<\/li>\n<\/ul>\n<p>[\/vc_column_text][\/vc_column_inner][vc_column_inner width=\u00bb1\/2&#8243;][vc_single_image image=\u00bb4792&#8243; img_size=\u00bbfull\u00bb alignment=\u00bbcenter\u00bb][\/vc_column_inner][\/vc_row_inner][\/vc_tta_section][vc_tta_section title=\u00bbOpciones\u00bb tab_id=\u00bb1675178930057-984e6b6d-4de7&#8243;][vc_row_inner][vc_column_inner width=\u00bb1\/6&#8243; offset=\u00bbvc_hidden-md vc_hidden-sm vc_hidden-xs\u00bb][\/vc_column_inner][vc_column_inner offset=\u00bbvc_col-lg-8&#8243;][vc_column_text]<\/p>\n<ul>\n<li>DEFLECTORES\u00a0:\u00a0Orientan el flujo de aire hacia los puntos sensibles de taponamiento. De acero o inoxidable refractario<\/li>\n<li>DISPOSITIVOS DE CONTROL AUTOM\u00c1TICO Y C\u00cdCLICO\u00a0:\u00a0Activan autom\u00e1ticamente los tiros de MACSYS (pueden controlar hasta 128 dispositivos Wireless)<\/li>\n<li>AISLADOR\u00a0:\u00a0Vela por la seguridad de las operaciones de mantenimiento: alta temperatura, producto agresivo, riesgo de retorno de materia<\/li>\n<li>DISPOSITIVOS DE SEGURIDAD\u00a0:\u00a0Garantizan la explotaci\u00f3n y el mantenimiento de los MACSYS con total seguridad (man\u00f3metro, v\u00e1lvula de seguridad, v\u00e1lvula de aislamiento\u2026)<\/li>\n<li>KIT DE MANTENIMIENTO\u00a0:\u00a0Reduce los tiempos de intervenci\u00f3n y simplifica la gesti\u00f3n de las existencias<\/li>\n<li>RAMPA DE MANDO DESPLAZADA :\u00a0Activa a distancia el tiro de los MACSYS (electrov\u00e1lvulas centralizadas y situadas a la altura del operario)<\/li>\n<li>DISTRIBUIDOR NEUM\u00c1TICO\u00a0:\u00a0Activa neum\u00e1ticamente los tiros de MACSYS<\/li>\n<\/ul>\n<p>[\/vc_column_text][\/vc_column_inner][vc_column_inner width=\u00bb1\/6&#8243; offset=\u00bbvc_hidden-md vc_hidden-sm vc_hidden-xs\u00bb][\/vc_column_inner][\/vc_row_inner][\/vc_tta_section][\/vc_tta_tabs][\/vc_column][\/vc_row][vc_row disable_element=\u00bbyes\u00bb][vc_column][vc_column_text el_class=\u00bbgros-titre fort trait-rouge traits-gris-droite-gauche titre-gauche vc_sep_border_width_2 vc_separator wpb_content_element vc_separator_align_left vc_sep_width_100 vc_sep_pos_align_center vc_sep_color_grey vc_separator-has-text\u00bb]<\/p>\n<div class=\"vc_sep_holder vc_sep_holder_l\">\n<p class=\"vc_sep_line\" style=\"border-color: grey;\">\n<\/div>\n<h2>Estudios de casos<\/h2>\n<div class=\"vc_sep_holder vc_sep_holder_r\">\n<p class=\"vc_sep_line\" style=\"border-color: grey;\">\n<\/div>\n<p>[\/vc_column_text][vc_basic_grid post_type=\u00bbcas-client\u00bb max_items=\u00bb10&#8243; show_filter=\u00bbyes\u00bb item=\u00bb4303&#8243; grid_id=\u00bbvc_gid:1675178995372-4494899d-a5c7-10&#8243; taxonomies=\u00bb124&#8243; filter_source=\u00bbsecteur\u00bb][\/vc_column][\/vc_row][vc_row][vc_column][vc_column_text el_class=\u00bbbtn-retour txt-rouge\u00bb]<\/p>\n<div class=\"vc_sep_holder vc_sep_holder_l\">\n<p class=\"vc_sep_line\" style=\"border-color: grey;\"><a href=\"https:\/\/www.standard-industrie.com\/es\/eliminacion-obstrucciones-concreciones\/\">&lt; Eliminaci\u00f3n de obstrucciones y pegaduras<\/a><\/p>\n<\/div>\n<p>[\/vc_column_text][\/vc_column][\/vc_row]<\/p>\n","protected":false},"excerpt":{"rendered":"<p>[vc_row][vc_column css=\u00bb.vc_custom_1668767480700{margin-top: 10px !important;}\u00bb][vc_column_text el_class=\u00bbbtn-retour txt-rouge\u00bb] &lt; Eliminaci\u00f3n de obstrucciones y pegaduras [\/vc_column_text][\/vc_column][\/vc_row][vc_row][vc_column][vc_empty_space][vc_column_text el_class=\u00bbgros-titre fort trait-rouge traits-gris-droite-gauche titre-centre vc_separator wpb_content_element vc_separator_align_center vc_sep_width_100 vc_sep_border_width_2 vc_sep_pos_align_center vc_separator-has-text\u00bb] LA<span class=\"excerpt-hellip\"> [\u2026]<\/span><\/p>\n","protected":false},"author":1,"featured_media":0,"parent":0,"menu_order":5,"comment_status":"closed","ping_status":"closed","template":"single-airchoc-light.php","meta":{"footnotes":""},"class_list":["post-4790","page","type-page","status-publish","hentry"],"_links":{"self":[{"href":"https:\/\/www.standard-industrie.com\/es\/wp-json\/wp\/v2\/pages\/4790","targetHints":{"allow":["GET"]}}],"collection":[{"href":"https:\/\/www.standard-industrie.com\/es\/wp-json\/wp\/v2\/pages"}],"about":[{"href":"https:\/\/www.standard-industrie.com\/es\/wp-json\/wp\/v2\/types\/page"}],"author":[{"embeddable":true,"href":"https:\/\/www.standard-industrie.com\/es\/wp-json\/wp\/v2\/users\/1"}],"replies":[{"embeddable":true,"href":"https:\/\/www.standard-industrie.com\/es\/wp-json\/wp\/v2\/comments?post=4790"}],"version-history":[{"count":0,"href":"https:\/\/www.standard-industrie.com\/es\/wp-json\/wp\/v2\/pages\/4790\/revisions"}],"wp:attachment":[{"href":"https:\/\/www.standard-industrie.com\/es\/wp-json\/wp\/v2\/media?parent=4790"}],"curies":[{"name":"wp","href":"https:\/\/api.w.org\/{rel}","templated":true}]}}