{"id":4926,"date":"2022-11-21T16:30:01","date_gmt":"2022-11-21T15:30:01","guid":{"rendered":"https:\/\/www.standard-industrie.com\/es\/?page_id=4926"},"modified":"2025-06-04T21:01:30","modified_gmt":"2025-06-04T20:01:30","slug":"gad","status":"publish","type":"page","link":"https:\/\/www.standard-industrie.com\/es\/gad\/","title":{"rendered":"GAD"},"content":{"rendered":"<p>[vc_row][vc_column css=\u00bb.vc_custom_1668767480700{margin-top: 10px !important;}\u00bb][vc_column_text el_class=\u00bbbtn-retour txt-rouge\u00bb]<a href=\"https:\/\/www.standard-industrie.com\/es\/limpieza-industrial-por-aspiracion\/\">&lt; Limpieza industrial por aspiracion<\/a>[\/vc_column_text][\/vc_column][\/vc_row][vc_row][vc_column][vc_empty_space][vc_column_text el_class=\u00bbgros-titre fort trait-rouge traits-gris-droite-gauche titre-centre vc_separator wpb_content_element vc_separator_align_center vc_sep_width_100 vc_sep_border_width_2 vc_sep_pos_align_center vc_separator-has-text\u00bb]<\/p>\n<div class=\"vc_sep_holder vc_sep_holder_l\">\n<p class=\"vc_sep_line\" style=\"border-color: grey;\">\n<\/div>\n<h2 style=\"text-align: center;\">GRUPO DE ASPIRACI\u00d3N DESPLAZABLE<\/h2>\n<div class=\"vc_sep_holder vc_sep_holder_r\">\n<p class=\"vc_sep_line\" style=\"border-color: grey;\">\n<\/div>\n<p>[\/vc_column_text][\/vc_column][\/vc_row][vc_row el_class=\u00bbinvert-block\u00bb][vc_column width=\u00bb1\/2&#8243;][vc_column_text]<b>El grupo aspirador industrial GAD<\/b>, permite efectuar acciones de<b>\u00a0limpieza\u00a0<\/b>&amp;<b>\u00a0bombeo<\/b><\/p>\n<ul>\n<li><strong>Aplicaci\u00f3n :\u00a0Limpieza\u00a0y\u00a0bombeo\u00a0<\/strong><\/li>\n<li><strong>Motorizaci\u00f3n :\u00a0El\u00e9ctrica<\/strong><\/li>\n<li><strong>Recogida :\u00a0Silo\u00a0o\u00a0contenedor<\/strong><\/li>\n<li><strong>Operarios : Hasta\u00a04<\/strong><\/li>\n<li><strong>Rendimiento (producto densidad 1) : Hasta\u00a019 toneladas\/hora<\/strong><\/li>\n<li><strong>Depresi\u00f3n : Hasta\u00a05000 mmCA<\/strong><\/li>\n<li><strong>Caudal de aire : Hasta \u00a02000 m\u00b3\/hora<\/strong><\/li>\n<li><strong>Capacidad de recogida : Hasta \u00a01,5 m\u00b3<\/strong><\/li>\n<li><strong>Granulometr\u00eda : Hasta\u00a040 mm<\/strong><\/li>\n<\/ul>\n<p>[\/vc_column_text][vc_btn title=\u00bbCAT\u00c1LOGO\u00bb style=\u00bbflat\u00bb shape=\u00bbsquare\u00bb align=\u00bbleft\u00bb i_icon_fontawesome=\u00bbfas fa-file-pdf\u00bb add_icon=\u00bbtrue\u00bb link=\u00bburl:%2Fes%2Fwp-content%2Fuploads%2Fsites%2F11%2F2023%2F01%2FBROCHURE_VACUUM_S-16052022-1.pdf|target:_blank\u00bb el_class=\u00bbbtn-vert btn-animation\u00bb][vc_btn title=\u00bbDESCUBRA NUESTRAS M\u00c1QUINAS DE ASPIRACI\u00d3N DE OCASI\u00d3N\u00bb style=\u00bbflat\u00bb shape=\u00bbsquare\u00bb align=\u00bbleft\u00bb i_icon_fontawesome=\u00bbfas fa-file-pdf\u00bb add_icon=\u00bbtrue\u00bb link=\u00bburl:%2Fes%2Fmaquinas-de-aspiracion-de-ocasion%2F|title:M%C3%81QUINAS%20DE%20ASPIRACI%C3%93N%20DE%20OCASI%C3%93N\u00bb el_class=\u00bbbtn-vert btn-animation\u00bb][\/vc_column][vc_column width=\u00bb1\/2&#8243;][vc_column_text]<style id=\"wp_carousel_dynamic_css4929\">#sp-wp-carousel-free-id-4929 .wpcp-swiper-dots {margin: 40px 0px 0px 0px;}.wpcp-wrapper-4929 .swiper-wrapper .swiper-slide-kenburn, .wpcp-wrapper-4929 .swiper-wrapper, .wpcp-wrapper-4929 .wpcpro-row{align-items: center;}#sp-wp-carousel-free-id-4929 .wpcp-single-item {box-shadow: 0px 0px 0px 0px #dddddd;transition: all .3s;margin: 0px;}#sp-wp-carousel-free-id-4929.swiper-flip .wpcp-single-item{margin: 0!important;}#sp-wp-carousel-free-id-4929 .wpcp-single-item:hover {box-shadow: 0px 0px 0px 0px #dddddd;}#sp-wp-carousel-free-id-4929.sp-wpcp-4929 .wpcp-single-item {border: 0px none #dddddd;}#sp-wp-carousel-free-id-4929.sp-wpcp-4929 .swiper-button-prev,#sp-wp-carousel-free-id-4929.sp-wpcp-4929 .swiper-button-next,#sp-wp-carousel-free-id-4929.sp-wpcp-4929 .swiper-button-prev:hover,#sp-wp-carousel-free-id-4929.sp-wpcp-4929 .swiper-button-next:hover {background: none;border: none;font-size: 30px;}#sp-wp-carousel-free-id-4929.sp-wpcp-4929 .swiper-button-prev i,#sp-wp-carousel-free-id-4929.sp-wpcp-4929 .swiper-button-next i {color: #aaa;}#sp-wp-carousel-free-id-4929.sp-wpcp-4929 .swiper-button-prev i:hover,#sp-wp-carousel-free-id-4929.sp-wpcp-4929 .swiper-button-next i:hover {color: #ffc20a;}#sp-wp-carousel-free-id-4929.sp-wpcp-4929 .wpcp-swiper-dots .swiper-pagination-bullet {background-color: #cccccc;}#sp-wp-carousel-free-id-4929.sp-wpcp-4929 .wpcp-swiper-dots .swiper-pagination-bullet.swiper-pagination-bullet-active {background-color: #ffc20a;} #sp-wp-carousel-free-id-4929.sp-wpcp-4929.wpcp-image-carousel .wpcp-single-item:hover img, #sp-wp-carousel-free-id-4929.sp-wpcp-4929.wpcp-post-carousel .wpcp-single-item:hover img, #sp-wp-carousel-free-id-4929.sp-wpcp-4929.wpcp-product-carousel .wpcp-single-item:hover img{-webkit-transform: scale(1.2);-moz-transform: scale(1.2);transform: scale(1.2);}@media screen and (max-width: 479px) {#sp-wp-carousel-free-id-4929.nav-vertical-center {padding: 0;margin:0;}#sp-wp-carousel-free-id-4929.nav-vertical-center .wpcp-next-button,#sp-wp-carousel-free-id-4929.nav-vertical-center .wpcp-prev-button {display: none;}}#sp-wp-carousel-free-id-4929 .wpcpro-row>[class*=\"wpcpro-col-\"] { padding: 0 10px; padding-bottom: 20px;} #sp-wp-carousel-free-id-4929 .swiper-slide .single-item-fade:not(:last-child) { margin-right: 20px;}@media (min-width: 480px) { .wpcpro-row .wpcpro-col-sm-1 { flex: 0 0 100%; max-width: 100%; } .wpcpro-row .wpcpro-col-sm-2 { flex: 0 0 50%; max-width: 50%; } .wpcpro-row .wpcpro-col-sm-2-5 { flex: 0 0 75%; max-width: 75%; } .wpcpro-row .wpcpro-col-sm-3 { flex: 0 0 33.333%; max-width: 33.333%; } .wpcpro-row .wpcpro-col-sm-4 { flex: 0 0 25%; max-width: 25%; } .wpcpro-row .wpcpro-col-sm-5 { flex: 0 0 20%; max-width: 20%; } .wpcpro-row .wpcpro-col-sm-6 { flex: 0 0 16.66666666666667%; max-width: 16.66666666666667%; } .wpcpro-row .wpcpro-col-sm-7 { flex: 0 0 14.28571428%; max-width: 14.28571428%; } .wpcpro-row .wpcpro-col-sm-8 { flex: 0 0 12.5%; max-width: 12.5%; } } @media (max-width: 480px) { .wpcpro-row .wpcpro-col-xs-1 { flex: 0 0 100%; max-width: 100%; } .wpcpro-row .wpcpro-col-xs-2 { flex: 0 0 50%; max-width: 50%; } .wpcpro-row .wpcpro-col-xs-3 { flex: 0 0 33.222%; max-width: 33.222%; } .wpcpro-row .wpcpro-col-xs-4 { flex: 0 0 25%; max-width: 25%; } .wpcpro-row .wpcpro-col-xs-5 { flex: 0 0 20%; max-width: 20%; } .wpcpro-row .wpcpro-col-xs-6 { flex: 0 0 16.6667%; max-width: 16.6667%; } .wpcpro-row .wpcpro-col-xs-7 { flex: 0 0 14.28571428%; max-width: 14.28571428%; } .wpcpro-row .wpcpro-col-xs-8 { flex: 0 0 12.5%; max-width: 12.5%; } } @media (min-width: 736px) { .wpcpro-row .wpcpro-col-md-1 { flex: 0 0 100%; max-width: 100%; } .wpcpro-row .wpcpro-col-md-2 { flex: 0 0 50%; max-width: 50%; } .wpcpro-row .wpcpro-col-md-2-5 { flex: 0 0 75%; max-width: 75%; } .wpcpro-row .wpcpro-col-md-3 { flex: 0 0 33.333%; max-width: 33.333%; } .wpcpro-row .wpcpro-col-md-4 { flex: 0 0 25%; max-width: 25%; } .wpcpro-row .wpcpro-col-md-5 { flex: 0 0 20%; max-width: 20%; } .wpcpro-row .wpcpro-col-md-6 { flex: 0 0 16.66666666666667%; max-width: 16.66666666666667%; } .wpcpro-row .wpcpro-col-md-7 { flex: 0 0 14.28571428%; max-width: 14.28571428%; } .wpcpro-row .wpcpro-col-md-8 { flex: 0 0 12.5%; max-width: 12.5%; } } @media (min-width: 980px) { .wpcpro-row .wpcpro-col-lg-1 { flex: 0 0 100%; max-width: 100%; } .wpcpro-row .wpcpro-col-lg-2 { flex: 0 0 50%; max-width: 50%; } .wpcpro-row .wpcpro-col-lg-3 { flex: 0 0 33.222%; max-width: 33.222%; } .wpcpro-row .wpcpro-col-lg-4 { flex: 0 0 25%; max-width: 25%; } .wpcpro-row .wpcpro-col-lg-5 { flex: 0 0 20%; max-width: 20%; } .wpcpro-row .wpcpro-col-lg-6 { flex: 0 0 16.6667%; max-width: 16.6667%; } .wpcpro-row .wpcpro-col-lg-7 { flex: 0 0 14.28571428%; max-width: 14.28571428%; } .wpcpro-row .wpcpro-col-lg-8 { flex: 0 0 12.5%; max-width: 12.5%; } } @media (min-width: 1200px) { .wpcpro-row .wpcpro-col-xl-1 { flex: 0 0 100%; max-width: 100%; } .wpcpro-row .wpcpro-col-xl-2 { flex: 0 0 50%; max-width: 50%; } .wpcpro-row .wpcpro-col-xl-3 { flex: 0 0 33.22222222%; max-width: 33.22222222%; } .wpcpro-row .wpcpro-col-xl-4 { flex: 0 0 25%; max-width: 25%; } .wpcpro-row .wpcpro-col-xl-5 { flex: 0 0 20%; max-width: 20%; } .wpcpro-row .wpcpro-col-xl-6 { flex: 0 0 16.66667%; max-width: 16.66667%; } .wpcpro-row .wpcpro-col-xl-7 { flex: 0 0 14.28571428%; max-width: 14.28571428%; } .wpcpro-row .wpcpro-col-xl-8 { flex: 0 0 12.5%; max-width: 12.5%; } }<\/style><div class=\"wpcp-carousel-wrapper wpcp-wrapper-4929\">\n\t<div id=\"wpcp-preloader-4929\" class=\"wpcp-carousel-preloader\"><img decoding=\"async\" src=\"https:\/\/www.standard-industrie.com\/es\/wp-content\/plugins\/wp-carousel-free\/public\/css\/spinner.svg\" alt=\"Preloader Image\" \/><\/div>\t<div class=\"wpcp-carousel-content-wrapper\">\n\t<div id=\"sp-wp-carousel-free-id-4929\" class=\"wpcp-carousel-section sp-wpcp-4929  nav-vertical-center wpcp-image-carousel wpcp-preloader wpcp-standard\" data-swiper='{ &quot;accessibility&quot;:true, &quot;spaceBetween&quot;:20, &quot;arrows&quot;:true, &quot;freeMode&quot;: false, &quot;autoplay&quot;:true, &quot;effect&quot;: &quot;&quot;, &quot;centerMode&quot;: false, &quot;autoplaySpeed&quot;:3000, &quot;dots&quot;:true, &quot;infinite&quot;:true, &quot;speed&quot;:600, &quot;pauseOnHover&quot;:true,\n\t\t\t&quot;slidesToShow&quot;:{&quot;lg_desktop&quot;:1, &quot;desktop&quot;: 1, &quot;laptop&quot;: 1, &quot;tablet&quot;: 1, &quot;mobile&quot;: 1}, &quot;responsive&quot;:{&quot;desktop&quot;:1200, &quot;laptop&quot;: 980, &quot;tablet&quot;: 736, &quot;mobile&quot;: 480}, &quot;rtl&quot;:false, &quot;lazyLoad&quot;: &quot;false&quot;, &quot;swipe&quot;: true, &quot;draggable&quot;: true, &quot;swipeToSlide&quot;:false }' dir=\"ltr\">\n\t\t<div class=\"swiper-wrapper\">\n\t\t<div class=\"swiper-slide\">\n\t<div class=\"wpcp-single-item\">\n\t\t\t<div class=\"wpcp-slide-image\">\n\t\t<img loading=\"lazy\" decoding=\"async\" class=\"skip-lazy\" src=\"https:\/\/www.standard-industrie.com\/es\/wp-content\/uploads\/sites\/11\/2022\/11\/01_GAD-1.jpg\" alt=\"01_GAD (1)\" width=\"800\" height=\"800\">\t<\/div>\n\t\t<\/div>\n<\/div>\n\t<div class=\"swiper-slide\">\n\t<div class=\"wpcp-single-item\">\n\t\t\t<div class=\"wpcp-slide-image\">\n\t\t<img loading=\"lazy\" decoding=\"async\" class=\"skip-lazy\" src=\"https:\/\/www.standard-industrie.com\/es\/wp-content\/uploads\/sites\/11\/2022\/11\/02_GAD-1.jpg\" alt=\"02_GAD (1)\" width=\"800\" height=\"800\">\t<\/div>\n\t\t<\/div>\n<\/div>\n\t<div class=\"swiper-slide\">\n\t<div class=\"wpcp-single-item\">\n\t\t\t<div class=\"wpcp-slide-image\">\n\t\t<img loading=\"lazy\" decoding=\"async\" class=\"skip-lazy\" src=\"https:\/\/www.standard-industrie.com\/es\/wp-content\/uploads\/sites\/11\/2022\/11\/04_GAD-1.jpg\" alt=\"04_GAD (1)\" width=\"800\" height=\"800\">\t<\/div>\n\t\t<\/div>\n<\/div>\n\t<div class=\"swiper-slide\">\n\t<div class=\"wpcp-single-item\">\n\t\t\t<div class=\"wpcp-slide-image\">\n\t\t<img loading=\"lazy\" decoding=\"async\" class=\"skip-lazy\" src=\"https:\/\/www.standard-industrie.com\/es\/wp-content\/uploads\/sites\/11\/2022\/11\/1-16.jpg\" alt=\"04_GAD_INCINERATION_FRANCE\" width=\"794\" height=\"678\">\t<\/div>\n\t\t<\/div>\n<\/div>\n\t<div class=\"swiper-slide\">\n\t<div class=\"wpcp-single-item\">\n\t\t\t<div class=\"wpcp-slide-image\">\n\t\t<img loading=\"lazy\" decoding=\"async\" class=\"skip-lazy\" src=\"https:\/\/www.standard-industrie.com\/es\/wp-content\/uploads\/sites\/11\/2022\/11\/1-13.jpg\" alt=\"05_GAD_CIMENTERIE_KENYA\" width=\"800\" height=\"678\">\t<\/div>\n\t\t<\/div>\n<\/div>\n\t\t\t<\/div>\n\t\t\t\t\t<div class=\"wpcp-swiper-dots swiper-pagination\"><\/div>\n\t\t\t\t<!-- If we need navigation buttons -->\n\t\t\t\t\t<div class=\"wpcp-prev-button swiper-button-prev\"><i class=\"fa fa-angle-left\"><\/i><\/div>\n\t\t\t<div class=\"wpcp-next-button swiper-button-next\"><i class=\"fa fa-angle-right\"><\/i><\/div>\n\t\t\t<\/div>\n\t<\/div>\n<\/div>\n[\/vc_column_text][vc_empty_space][\/vc_column][\/vc_row][vc_row el_class=\u00bbinvert-block\u00bb][vc_column width=\u00bb1\/4&#8243;][\/vc_column][vc_column width=\u00bb1\/2&#8243;][vc_raw_html]JTNDZGl2JTIwY2xhc3MlM0QlMjJ5b3V0dWJlX3BsYXllciUyMiUyMHZpZGVvSUQlM0QlMjJ4azBvc0o5c2tocyUyMiUyMHdpZHRoJTNEJTIyNjAwJTIyJTIwaGVpZ2h0JTNEJTIyNDAwJTIyJTIwdGhlbWUlM0QlMjJsaWdodCUyMiUyMHJlbCUzRCUyMjAlMjIlMjBjb250cm9scyUzRCUyMjAlMjIlMjBzaG93aW5mbyUzRCUyMjAlMjIlMjBhdXRvcGxheSUzRCUyMjElMjIlMjBtdXRlJTNEJTIyMSUyMiUyMCUyMGxvb3AlM0QlMjIxJTIyJTIwbG9hZGluZyUzRCUyMjElMjIlM0UlM0MlMkZkaXYlM0U=[\/vc_raw_html][\/vc_column][vc_column width=\u00bb1\/4&#8243;][\/vc_column][\/vc_row][vc_row][vc_column][vc_tta_tabs style=\u00bbflat\u00bb shape=\u00bbsquare\u00bb color=\u00bbwhite\u00bb active_section=\u00bb1&#8243; el_class=\u00bbencart-plus-infos infos-rouge\u00bb][vc_tta_section title=\u00bbVentajas\u00bb tab_id=\u00bb1663937971177-be64cebd-0221&#8243;][vc_row_inner][vc_column_inner width=\u00bb1\/2&#8243;][vc_column_text]<\/p>\n<ul>\n<li>AHORRO Y SENCILLEZ :\u00a0Desplazable con carretilla elevadora<\/li>\n<li>RAPIDEZ :\u00a0De puesta en marcha<\/li>\n<li>COMPACIDAD :\u00a0Equipamiento compacto gracias a la capacidad de recogida integrada<\/li>\n<li>ADAPTABILIDAD :\u00a0Permite alcanzar cualquier lugar de dif\u00edcil acceso con una r\u00e1pida velocidad de acci\u00f3n + vaciado in situ: contenedor, sacos, toneles, volquetes, manutenci\u00f3n continua<\/li>\n<li>SEGURIDAD :\u00a0Su tecnolog\u00eda s\u00f3lida y sencilla le permite trabajar en entorno industrial pesado con el m\u00e1ximo de seguridad y productividad<\/li>\n<\/ul>\n<p>[\/vc_column_text][\/vc_column_inner][vc_column_inner width=\u00bb1\/2&#8243;][vc_single_image image=\u00bb4935&#8243; img_size=\u00bbfull\u00bb alignment=\u00bbcenter\u00bb][\/vc_column_inner][\/vc_row_inner][\/vc_tta_section][vc_tta_section title=\u00bbServicios asociados\u00bb tab_id=\u00bb1663938142981-6b5d81f0-143c\u00bb][vc_row_inner][vc_column_inner width=\u00bb1\/2&#8243;][vc_column_text]<\/p>\n<ul>\n<li>Visitas y recomendaciones<\/li>\n<li>Pruebas \/ demostraciones in situ<\/li>\n<li>Garant\u00eda de 1 a\u00f1o<\/li>\n<li>Posibilidad de montaje, supervisi\u00f3n y puesta en funcionamiento a nuestro cargo<\/li>\n<li>2 visitas gratuitas de un t\u00e9cnico del Servicio posventa (incluidas en la garant\u00eda)<\/li>\n<li>Alquiler y alquiler con opci\u00f3n a compra<\/li>\n<li>Extensi\u00f3n de garant\u00eda<\/li>\n<li>Contrato de inspecci\u00f3n<\/li>\n<li>Contrato de mantenimiento<\/li>\n<li>Relaci\u00f3n detallada, estudio de red, realizaci\u00f3n<\/li>\n<li>Formaci\u00f3n interna y externa (Instituto de formaci\u00f3n de STANDARD INDUSTRIE : IFSI, n.\u00ba 31 59 05660 59)<\/li>\n<\/ul>\n<p>[\/vc_column_text][\/vc_column_inner][vc_column_inner width=\u00bb1\/2&#8243;][vc_single_image image=\u00bb4932&#8243; img_size=\u00bbfull\u00bb alignment=\u00bbcenter\u00bb][\/vc_column_inner][\/vc_row_inner][\/vc_tta_section][vc_tta_section title=\u00bbOptiones\u00bb tab_id=\u00bb1663938171381-dcb55700-be8e\u00bb][vc_row_inner][vc_column_inner width=\u00bb1\/6&#8243; offset=\u00bbvc_hidden-md vc_hidden-sm vc_hidden-xs\u00bb][\/vc_column_inner][vc_column_inner offset=\u00bbvc_col-lg-8&#8243;][vc_column_text]OPCIONES\u00a0:<\/p>\n<ul>\n<li>Dispositivo antiexplosi\u00f3n :\u00a0respiraderos<\/li>\n<li>Cubierta de insonorizaci\u00f3n<\/li>\n<li>Bolsas filtrantes\u00a0hidr\u00f3fobas y ole\u00f3fobas<\/li>\n<li>V\u00e1lvula de vaciado manual, neum\u00e1tica o continua<\/li>\n<\/ul>\n<p>ACCESORIOS\u00a0:<\/p>\n<ul>\n<li>Tubos flexibles :\u00a0DN 100 a 50, caucho \/ poliuretano \/ PVC<\/li>\n<li>Sensores :\u00a0DN 100 a 50, acero \/ inox \/ aluminio \/ PVC<\/li>\n<li>Mangueras, racores\u2026<\/li>\n<\/ul>\n<p><a title=\"Formulario de contacto\" href=\"\/es\/contacto\" target=\"_blank\" rel=\"noopener\">Cons\u00faltenos si necesita m\u00e1s informaci\u00f3n<\/a>[\/vc_column_text][\/vc_column_inner][vc_column_inner width=\u00bb1\/6&#8243; offset=\u00bbvc_hidden-md vc_hidden-sm vc_hidden-xs\u00bb][\/vc_column_inner][\/vc_row_inner][\/vc_tta_section][\/vc_tta_tabs][\/vc_column][\/vc_row][vc_row][vc_column][vc_column_text el_class=\u00bbgros-titre fort trait-rouge traits-gris-droite-gauche titre-gauche vc_sep_border_width_2 vc_separator wpb_content_element vc_separator_align_left vc_sep_width_100 vc_sep_pos_align_center vc_sep_color_grey vc_separator-has-text\u00bb]<\/p>\n<div class=\"vc_sep_holder vc_sep_holder_l\">\n<p class=\"vc_sep_line\" style=\"border-color: grey;\">\n<\/div>\n<h2>Estudios de casos<\/h2>\n<div class=\"vc_sep_holder vc_sep_holder_r\">\n<p class=\"vc_sep_line\" style=\"border-color: grey;\">\n<\/div>\n<p>[\/vc_column_text][vc_basic_grid post_type=\u00bbestudio-de-caso\u00bb max_items=\u00bb10&#8243; show_filter=\u00bbyes\u00bb item=\u00bb4303&#8243; grid_id=\u00bbvc_gid:1695903652727-a99ecc15-a90c-6&#8243; taxonomies=\u00bb131&#8243; filter_source=\u00bbsecteur\u00bb][\/vc_column][\/vc_row][vc_row][vc_column css=\u00bb.vc_custom_1668767480700{margin-top: 10px !important;}\u00bb][vc_column_text el_class=\u00bbbtn-retour txt-rouge\u00bb]<a href=\"https:\/\/www.standard-industrie.com\/es\/limpieza-industrial-por-aspiracion\/\">&lt; Limpieza industrial por aspiracion<\/a>[\/vc_column_text][\/vc_column][\/vc_row]<\/p>\n","protected":false},"excerpt":{"rendered":"<p>[vc_row][vc_column css=\u00bb.vc_custom_1668767480700{margin-top: 10px !important;}\u00bb][vc_column_text el_class=\u00bbbtn-retour txt-rouge\u00bb]&lt; Limpieza industrial por aspiracion[\/vc_column_text][\/vc_column][\/vc_row][vc_row][vc_column][vc_empty_space][vc_column_text el_class=\u00bbgros-titre fort trait-rouge traits-gris-droite-gauche titre-centre vc_separator wpb_content_element vc_separator_align_center vc_sep_width_100 vc_sep_border_width_2 vc_sep_pos_align_center vc_separator-has-text\u00bb] GRUPO DE ASPIRACI\u00d3N DESPLAZABLE<span class=\"excerpt-hellip\"> [\u2026]<\/span><\/p>\n","protected":false},"author":1,"featured_media":0,"parent":0,"menu_order":18,"comment_status":"closed","ping_status":"closed","template":"single-nettoyage-industriel-aspiration-light.php","meta":{"footnotes":""},"class_list":["post-4926","page","type-page","status-publish","hentry"],"_links":{"self":[{"href":"https:\/\/www.standard-industrie.com\/es\/wp-json\/wp\/v2\/pages\/4926","targetHints":{"allow":["GET"]}}],"collection":[{"href":"https:\/\/www.standard-industrie.com\/es\/wp-json\/wp\/v2\/pages"}],"about":[{"href":"https:\/\/www.standard-industrie.com\/es\/wp-json\/wp\/v2\/types\/page"}],"author":[{"embeddable":true,"href":"https:\/\/www.standard-industrie.com\/es\/wp-json\/wp\/v2\/users\/1"}],"replies":[{"embeddable":true,"href":"https:\/\/www.standard-industrie.com\/es\/wp-json\/wp\/v2\/comments?post=4926"}],"version-history":[{"count":0,"href":"https:\/\/www.standard-industrie.com\/es\/wp-json\/wp\/v2\/pages\/4926\/revisions"}],"wp:attachment":[{"href":"https:\/\/www.standard-industrie.com\/es\/wp-json\/wp\/v2\/media?parent=4926"}],"curies":[{"name":"wp","href":"https:\/\/api.w.org\/{rel}","templated":true}]}}