{"id":5063,"date":"2022-12-06T14:37:04","date_gmt":"2022-12-06T13:37:04","guid":{"rendered":"https:\/\/www.standard-industrie.com\/es\/?page_id=5063"},"modified":"2025-06-04T21:03:59","modified_gmt":"2025-06-04T20:03:59","slug":"powernet-limpieza-de-silos-industriales","status":"publish","type":"page","link":"https:\/\/www.standard-industrie.com\/es\/powernet-limpieza-de-silos-industriales\/","title":{"rendered":"POWERNET, LIMPIEZA DE SILOS INDUSTRIALES"},"content":{"rendered":"<p>[vc_row][vc_column css=\u00bb.vc_custom_1668767480700{margin-top: 10px !important;}\u00bb][vc_column_text el_class=\u00bbbtn-retour txt-rouge\u00bb]<\/p>\n<div class=\"vc_sep_holder vc_sep_holder_l\">\n<p class=\"vc_sep_line\" style=\"border-color: grey;\"><a href=\"\/es\/prestaciones-limpieza-silos-tolvas\/\">&lt; <\/a><a href=\"https:\/\/www.standard-industrie.com\/es\/prestaciones-limpieza-silos-tolvas\/\">Prestaciones de limpieza de silos y tolvas<\/a><a href=\"\/prestations-nettoyage-silos-tremies\/\">\u00a0<\/a><\/p>\n<\/div>\n<p>[\/vc_column_text][\/vc_column][\/vc_row][vc_row][vc_column][vc_empty_space][vc_column_text el_class=\u00bbgros-titre fort trait-rouge traits-gris-droite-gauche titre-centre vc_separator wpb_content_element vc_separator_align_center vc_sep_width_100 vc_sep_border_width_2 vc_sep_pos_align_center vc_separator-has-text\u00bb]<\/p>\n<div class=\"vc_sep_holder vc_sep_holder_l\">\n<p class=\"vc_sep_line\" style=\"border-color: grey;\">\n<\/div>\n<h2 style=\"text-align: center;\">LA SOLUCI\u00d3N A LOS PROBLEMAS DE TAPONAMIENTOS DE TIPO B\u00d3VEDA<\/h2>\n<div class=\"vc_sep_holder vc_sep_holder_r\">\n<p class=\"vc_sep_line\" style=\"border-color: grey;\">\n<\/div>\n<p>[\/vc_column_text][\/vc_column][\/vc_row][vc_row el_class=\u00bbinvert-block\u00bb][vc_column width=\u00bb1\/2&#8243;][vc_column_text]<\/p>\n<ul>\n<li>\n<ul>\n<li><strong>Di\u00e1metro<\/strong><strong>\u00a0de\u00a0<\/strong><strong>perforaci\u00f3n por arriba o por debajo<\/strong><strong>\u00a0de las unidades<\/strong><strong>\u00a0de<\/strong><strong>\u00a0almacenamiento\u00a0:\u00a0<\/strong><strong>de 65 a 300 mm<\/strong><\/li>\n<li><strong>Profundidad de intervenci\u00f3n\u00a0:<\/strong><strong>\u00a0hasta\u00a045 m<\/strong><\/li>\n<li><strong>Mando a distancia\u00a0desde un agujero de hombres<\/strong><\/li>\n<li><strong>Todo tipo de unidades de almacenamiento<\/strong><\/li>\n<li><strong>Todo tipo de materia<\/strong><\/li>\n<li><strong>Interviene antes del<\/strong><strong>\u00a0<a href=\"https:\/\/www.standard-industrie.com\/es\/produits\/gironet\/\">GIRONET<\/a><\/strong><\/li>\n<\/ul>\n<p>&nbsp;<\/p>\n<ul>\n<li><strong>2\u00a0versiones\u00a0:<\/strong><\/li>\n<\/ul>\n<p><strong>\u2013\u00a0<\/strong><strong>Neum\u00e1tica\u00a0:\u00a0para productos friables (carb\u00f3n, salvado, az\u00facar, ceniza\u2026)<\/strong><\/p>\n<p><strong>\u2013 Hidr\u00e1ulica :<\/strong><strong>\u00a0para productos duros (l\u00e1cteos, cemento, carbonato de sulfato\u2026)<\/strong><\/li>\n<\/ul>\n<p>[\/vc_column_text][vc_btn title=\u00bbDescargar el folleto\u00bb style=\u00bbcustom\u00bb custom_background=\u00bb#3e5d9e\u00bb custom_text=\u00bb#ffffff\u00bb shape=\u00bbsquare\u00bb align=\u00bbleft\u00bb i_icon_fontawesome=\u00bbfas fa-file-pdf\u00bb add_icon=\u00bbtrue\u00bb link=\u00bburl:%2Fwp-content%2Fuploads%2F2022%2F12%2FBROCHURE_CLEANING_SERVICES_F-MKT3.pdf|target:_blank\u00bb el_class=\u00bbbtn-vert btn-animation\u00bb][\/vc_column][vc_column width=\u00bb1\/2&#8243;][vc_single_image image=\u00bb5066&#8243; img_size=\u00bbfull\u00bb alignment=\u00bbcenter\u00bb][vc_empty_space][\/vc_column][\/vc_row][vc_row el_class=\u00bbinvert-block\u00bb][vc_column width=\u00bb1\/6&#8243;][\/vc_column][vc_column width=\u00bb2\/3&#8243;][vc_raw_html]JTNDZGl2JTIwc3R5bGUlM0QlMjJ0ZXh0LWFsaWduJTNBJTIwY2VudGVyJTNCJTIyJTIwY2xhc3MlM0QlMjJ5b3V0dWJlX3BsYXllciUyMiUyMHZpZGVvSUQlM0QlMjI5M3o3Y3JwODBrUSUyMiUyMHdpZHRoJTNEJTIyNjAwJTIyJTIwaGVpZ2h0JTNEJTIyNDAwJTIyJTIwdGhlbWUlM0QlMjJsaWdodCUyMiUyMHJlbCUzRCUyMjAlMjIlMjBjb250cm9scyUzRCUyMjAlMjIlMjBzaG93aW5mbyUzRCUyMjAlMjIlMjBhdXRvcGxheSUzRCUyMjElMjIlMjBtdXRlJTNEJTIyMSUyMiUyMCUyMGxvb3AlM0QlMjIxJTIyJTIwbG9hZGluZyUzRCUyMjElMjIlM0UlM0MlMkZkaXYlM0U=[\/vc_raw_html][\/vc_column][vc_column width=\u00bb1\/6&#8243;][\/vc_column][\/vc_row][vc_row][vc_column][vc_tta_tabs style=\u00bbflat\u00bb shape=\u00bbsquare\u00bb color=\u00bbwhite\u00bb active_section=\u00bb1&#8243; el_class=\u00bbencart-plus-infos infos-rouge\u00bb][vc_tta_section title=\u00bbVENTAJAS\u00bb tab_id=\u00bb1663937971177-be64cebd-0221&#8243;][vc_row_inner][vc_column_inner width=\u00bb1\/2&#8243;][vc_column_text]<\/p>\n<ul>\n<li><strong><strong>SEGURIDAD TOTAL<\/strong>\u00a0:<\/strong><strong>\u00a0<strong>Ninguna presencia humana en el interior de los silos y tolvas \/ Cumplimiento de las normas de seguridad por parte de nuestros equipos<\/strong><\/strong><\/li>\n<li><strong><strong>AHORRO<\/strong>\u00a0:\u00a0<\/strong><strong><strong>Intervenci\u00f3nsin interrupci\u00f3n de la producci\u00f3n \/ Recuperaci\u00f3n del 100\u00a0% de la capacidad de almacenamiento \/ Sin p\u00e9rdida de materia<\/strong><\/strong><\/li>\n<li><strong><strong>EFICIENCIA<\/strong>\u00a0:\u00a0<\/strong><strong><strong>Intervenci\u00f3n por arriba o por abajo y con cualquier tipo de materia \/ Intervenci\u00f3n r\u00e1pida y eficaz<\/strong><\/strong><\/li>\n<li><strong><strong>MEDIOAMBIENTE<\/strong>\u00a0:<\/strong><strong>\u00a0<strong>Perforaci\u00f3n sin agua ni coadyuvante (no se contamina el producto)<\/strong><\/strong><\/li>\n<\/ul>\n<p>[\/vc_column_text][\/vc_column_inner][vc_column_inner width=\u00bb1\/2&#8243;][vc_single_image image=\u00bb5065&#8243; img_size=\u00bbfull\u00bb alignment=\u00bbcenter\u00bb][\/vc_column_inner][\/vc_row_inner][\/vc_tta_section][vc_tta_section title=\u00bbSERVICIOS ASOCIADOS\u00bb tab_id=\u00bb1663938142981-6b5d81f0-143c\u00bb][vc_row_inner][vc_column_inner width=\u00bb1\/2&#8243;][vc_column_text]<\/p>\n<ul>\n<li><strong><strong>SEGURIDAD TOTAL<\/strong>\u00a0:<\/strong><strong>\u00a0<strong>Ninguna presencia humana en el interior de los silos y tolvas \/ Cumplimiento de las normas de seguridad por parte de nuestros equipos<\/strong><\/strong><\/li>\n<li><strong><strong>AHORRO<\/strong>\u00a0:\u00a0<\/strong><strong><strong>Intervenci\u00f3nsin interrupci\u00f3n de la producci\u00f3n \/ Recuperaci\u00f3n del 100\u00a0% de la capacidad de almacenamiento \/ Sin p\u00e9rdida de materia<\/strong><\/strong><\/li>\n<li><strong><strong>EFICIENCIA<\/strong>\u00a0:\u00a0<\/strong><strong><strong>Intervenci\u00f3n por arriba o por abajo y con cualquier tipo de materia \/ Intervenci\u00f3n r\u00e1pida y eficaz<\/strong><\/strong><\/li>\n<li><strong><strong>MEDIOAMBIENTE<\/strong>\u00a0:<\/strong><strong>\u00a0<strong>Perforaci\u00f3n sin agua ni coadyuvante (no se contamina el producto)<\/strong><\/strong><\/li>\n<\/ul>\n<p>[\/vc_column_text][\/vc_column_inner][vc_column_inner width=\u00bb1\/2&#8243;][vc_single_image image=\u00bb5066&#8243; img_size=\u00bbfull\u00bb alignment=\u00bbcenter\u00bb][\/vc_column_inner][\/vc_row_inner][\/vc_tta_section][vc_tta_section title=\u00bbOPCIONES\u00bb tab_id=\u00bb1663938171381-dcb55700-be8e\u00bb][vc_row_inner][vc_column_inner width=\u00bb1\/6&#8243; offset=\u00bbvc_hidden-md vc_hidden-sm vc_hidden-xs\u00bb][\/vc_column_inner][vc_column_inner offset=\u00bbvc_col-lg-8&#8243;][vc_column_text]<\/p>\n<ul>\n<li><strong>SEGURIDAD TOTAL\u00a0:<\/strong><strong>\u00a0Ninguna presencia humana en el interior de los silos y tolvas \/ Cumplimiento de las normas de seguridad por parte de nuestros equipos<\/strong><\/li>\n<li><strong>AHORRO\u00a0:\u00a0<\/strong><strong>Intervenci\u00f3nsin interrupci\u00f3n de la producci\u00f3n \/ Recuperaci\u00f3n del 100\u00a0% de la capacidad de almacenamiento \/ Sin p\u00e9rdida de materia<\/strong><\/li>\n<li><strong>EFICIENCIA\u00a0:\u00a0<\/strong><strong>Intervenci\u00f3n por arriba o por abajo y con cualquier tipo de materia \/ Intervenci\u00f3n r\u00e1pida y eficaz<\/strong><\/li>\n<li><strong>MEDIOAMBIENTE\u00a0:<\/strong><strong>\u00a0Perforaci\u00f3n sin agua ni coadyuvante (no se contamina el producto)<\/strong><\/li>\n<\/ul>\n<p>[\/vc_column_text][\/vc_column_inner][vc_column_inner width=\u00bb1\/6&#8243; offset=\u00bbvc_hidden-md vc_hidden-sm vc_hidden-xs\u00bb][\/vc_column_inner][\/vc_row_inner][\/vc_tta_section][\/vc_tta_tabs][\/vc_column][\/vc_row][vc_row][vc_column][vc_column_text el_class=\u00bbgros-titre fort trait-rouge traits-gris-droite-gauche titre-gauche vc_sep_border_width_2 vc_separator wpb_content_element vc_separator_align_left vc_sep_width_100 vc_sep_pos_align_center vc_sep_color_grey vc_separator-has-text\u00bb]<\/p>\n<div class=\"vc_sep_holder vc_sep_holder_l\">\n<p class=\"vc_sep_line\" style=\"border-color: grey;\">\n<\/div>\n<h2>ESTUDIOS DE CASOS<\/h2>\n<div class=\"vc_sep_holder vc_sep_holder_r\">\n<p class=\"vc_sep_line\" style=\"border-color: grey;\">\n<\/div>\n<p>[\/vc_column_text][vc_basic_grid post_type=\u00bbestudio-de-caso\u00bb max_items=\u00bb10&#8243; show_filter=\u00bbyes\u00bb item=\u00bb4303&#8243; grid_id=\u00bbvc_gid:1728417334041-ce61b067-61be-2&#8243; taxonomies=\u00bb142&#8243; filter_source=\u00bbsecteur\u00bb][\/vc_column][\/vc_row][vc_row][vc_column][vc_column_text el_class=\u00bbbtn-retour txt-rouge\u00bb]<\/p>\n<div class=\"vc_sep_holder vc_sep_holder_l\">\n<p class=\"vc_sep_line\" style=\"border-color: grey;\"><a href=\"\/es\/prestaciones-limpieza-silos-tolvas\/\">&lt; <\/a><a href=\"https:\/\/www.standard-industrie.com\/es\/prestaciones-limpieza-silos-tolvas\/\">Prestaciones de limpieza de silos y tolvas<\/a><a href=\"\/prestations-nettoyage-silos-tremies\/\">\u00a0<\/a><\/p>\n<\/div>\n<p>[\/vc_column_text][\/vc_column][\/vc_row]<\/p>\n","protected":false},"excerpt":{"rendered":"<p>[vc_row][vc_column css=\u00bb.vc_custom_1668767480700{margin-top: 10px !important;}\u00bb][vc_column_text el_class=\u00bbbtn-retour txt-rouge\u00bb] &lt; Prestaciones de limpieza de silos y tolvas\u00a0 [\/vc_column_text][\/vc_column][\/vc_row][vc_row][vc_column][vc_empty_space][vc_column_text el_class=\u00bbgros-titre fort trait-rouge traits-gris-droite-gauche titre-centre vc_separator wpb_content_element vc_separator_align_center vc_sep_width_100 vc_sep_border_width_2 vc_sep_pos_align_center<span class=\"excerpt-hellip\"> [\u2026]<\/span><\/p>\n","protected":false},"author":1,"featured_media":0,"parent":0,"menu_order":26,"comment_status":"closed","ping_status":"closed","template":"single-prestations-nettoyage-silos-tremies-light.php","meta":{"footnotes":""},"class_list":["post-5063","page","type-page","status-publish","hentry"],"_links":{"self":[{"href":"https:\/\/www.standard-industrie.com\/es\/wp-json\/wp\/v2\/pages\/5063","targetHints":{"allow":["GET"]}}],"collection":[{"href":"https:\/\/www.standard-industrie.com\/es\/wp-json\/wp\/v2\/pages"}],"about":[{"href":"https:\/\/www.standard-industrie.com\/es\/wp-json\/wp\/v2\/types\/page"}],"author":[{"embeddable":true,"href":"https:\/\/www.standard-industrie.com\/es\/wp-json\/wp\/v2\/users\/1"}],"replies":[{"embeddable":true,"href":"https:\/\/www.standard-industrie.com\/es\/wp-json\/wp\/v2\/comments?post=5063"}],"version-history":[{"count":0,"href":"https:\/\/www.standard-industrie.com\/es\/wp-json\/wp\/v2\/pages\/5063\/revisions"}],"wp:attachment":[{"href":"https:\/\/www.standard-industrie.com\/es\/wp-json\/wp\/v2\/media?parent=5063"}],"curies":[{"name":"wp","href":"https:\/\/api.w.org\/{rel}","templated":true}]}}