{"id":5071,"date":"2022-12-06T14:54:00","date_gmt":"2022-12-06T13:54:00","guid":{"rendered":"https:\/\/www.standard-industrie.com\/es\/?page_id=5071"},"modified":"2025-11-05T14:15:39","modified_gmt":"2025-11-05T13:15:39","slug":"limpieza-por-aspiracion","status":"publish","type":"page","link":"https:\/\/www.standard-industrie.com\/es\/limpieza-por-aspiracion\/","title":{"rendered":"LIMPIEZA POR ASPIRACI\u00d3N"},"content":{"rendered":"<p>[vc_row][vc_column css=\u00bb.vc_custom_1668767480700{margin-top: 10px !important;}\u00bb][vc_column_text el_class=\u00bbbtn-retour txt-rouge\u00bb]<\/p>\n<div class=\"vc_sep_holder vc_sep_holder_l\">\n<p class=\"vc_sep_line\" style=\"border-color: grey;\"><a href=\"\/es\/prestaciones-limpieza-silos-tolvas\/\">&lt; Prestaciones de limpieza de silos y tavolas<\/a><\/p>\n<\/div>\n<p>[\/vc_column_text][\/vc_column][\/vc_row][vc_row][vc_column][vc_empty_space][vc_column_text el_class=\u00bbgros-titre fort trait-rouge traits-gris-droite-gauche titre-centre vc_separator wpb_content_element vc_separator_align_center vc_sep_width_100 vc_sep_border_width_2 vc_sep_pos_align_center vc_separator-has-text\u00bb]<\/p>\n<div class=\"vc_sep_holder vc_sep_holder_l\">\n<p class=\"vc_sep_line\" style=\"border-color: grey;\">\n<\/div>\n<h2 style=\"text-align: center;\">LA SOLUCI\u00d3N PARA LA RECUPERACI\u00d3N Y EVACUACI\u00d3N DE LA MATERIA<\/h2>\n<div class=\"vc_sep_holder vc_sep_holder_r\">\n<p class=\"vc_sep_line\" style=\"border-color: grey;\">\n<\/div>\n<p>[\/vc_column_text][\/vc_column][\/vc_row][vc_row el_class=\u00bbinvert-block\u00bb][vc_column width=\u00bb1\/2&#8243;][vc_column_text]Servicios de camiones de vac\u00edo.<br \/>\nEn funci\u00f3n del volumen que se necesite aspirar, proponemos intervenciones con la ayuda de nuestras soluciones de aspiraci\u00f3n, como<strong>\u00a0<\/strong><a title=\"GAD\" href=\"https:\/\/www.standard-industrie.com\/es\/produits\/gad\/\"><strong>GAD<\/strong><\/a>,<strong>\u00a0<a title=\"VALNET\" href=\"https:\/\/www.standard-industrie.com\/es\/produits\/valnet\/\">VALNET<\/a><\/strong>\u00a0o\u00a0<strong><a title=\"CAMION\" href=\"https:\/\/www.standard-industrie.com\/es\/limpieza-industrial-por-aspiracion\/\">CAMI\u00d3N<\/a>.\u00a0<\/strong><\/p>\n<p>&nbsp;<\/p>\n<p><b>\u00a0Las ventajas de nuestra prestaci\u00f3n de aspiraci\u00f3n industrial :<\/b><\/p>\n<ul>\n<li>Recuperaci\u00f3n de los productos limpiados<\/li>\n<li>Evacuaci\u00f3n en descarga, sacos, propulsi\u00f3n en silos\u2026<\/li>\n<\/ul>\n<p>[\/vc_column_text][vc_btn title=\u00bbdescargar el folleto\u00bb style=\u00bbcustom\u00bb custom_background=\u00bb#3e5d9e\u00bb custom_text=\u00bb#ffffff\u00bb shape=\u00bbsquare\u00bb align=\u00bbleft\u00bb i_icon_fontawesome=\u00bbfas fa-file-pdf\u00bb add_icon=\u00bbtrue\u00bb link=\u00bburl:https%3A%2F%2Fwww.standard-industrie.com%2Fwp-content%2Fuploads%2F2022%2F12%2FBROCHURE_VACUUM_S-16052022.pdf|target:_blank\u00bb el_class=\u00bbbtn-vert btn-animation\u00bb][\/vc_column][vc_column width=\u00bb1\/2&#8243;][vc_single_image image=\u00bb5072&#8243; img_size=\u00bbfull\u00bb alignment=\u00bbcenter\u00bb][vc_empty_space][\/vc_column][\/vc_row][vc_row el_class=\u00bbinvert-block\u00bb][vc_column width=\u00bb1\/6&#8243;][\/vc_column][vc_column width=\u00bb2\/3&#8243;][vc_raw_html]JTNDZGl2JTIwc3R5bGUlM0QlMjJ0ZXh0LWFsaWduJTNBJTIwY2VudGVyJTNCJTIyJTIwY2xhc3MlM0QlMjJ5b3V0dWJlX3BsYXllciUyMiUyMHZpZGVvSUQlM0QlMjJwWUxIWV9BbmJ0VSUyMiUyMHdpZHRoJTNEJTIyNjAwJTIyJTIwaGVpZ2h0JTNEJTIyNDAwJTIyJTIwdGhlbWUlM0QlMjJsaWdodCUyMiUyMHJlbCUzRCUyMjAlMjIlMjBjb250cm9scyUzRCUyMjAlMjIlMjBzaG93aW5mbyUzRCUyMjAlMjIlMjBhdXRvcGxheSUzRCUyMjElMjIlMjBtdXRlJTNEJTIyMSUyMiUyMCUyMGxvb3AlM0QlMjIxJTIyJTIwbG9hZGluZyUzRCUyMjElMjIlM0UlM0MlMkZkaXYlM0U=[\/vc_raw_html][\/vc_column][vc_column width=\u00bb1\/6&#8243;][\/vc_column][\/vc_row][vc_row][vc_column][vc_tta_tabs style=\u00bbflat\u00bb shape=\u00bbsquare\u00bb color=\u00bbwhite\u00bb active_section=\u00bb1&#8243; el_class=\u00bbencart-plus-infos infos-rouge\u00bb][vc_tta_section title=\u00bbVENTAJAS\u00bb tab_id=\u00bb1663937971177-be64cebd-0221&#8243;][vc_row_inner][vc_column_inner width=\u00bb1\/2&#8243;][vc_column_text]<\/p>\n<ul>\n<li><strong>RENTABILIDAD :<\/strong><strong>\u00a0Sin p\u00e9rdida de producto \/ Revalorizaci\u00f3n de la materia recuperada en el proceso de fabricaci\u00f3n<\/strong><\/li>\n<\/ul>\n<p>[\/vc_column_text][\/vc_column_inner][vc_column_inner width=\u00bb1\/2&#8243;][\/vc_column_inner][\/vc_row_inner][\/vc_tta_section][vc_tta_section title=\u00bbSERVICIOS ASOCIADOS\u00bb tab_id=\u00bb1663938142981-6b5d81f0-143c\u00bb][vc_row_inner][vc_column_inner width=\u00bb1\/2&#8243;][vc_column_text]<\/p>\n<ul>\n<li><strong>Visitas y recomendaciones t\u00e9cnicas<\/strong><\/li>\n<li><strong>Suministro del plan de instalaci\u00f3n<\/strong><\/li>\n<li><strong>Formaci\u00f3n interna y externa (Instituto de formaci\u00f3n de STANDARD INDUSTRIE : IFSI, n.\u00ba 31 59 05660 59)<\/strong><\/li>\n<li><strong>Seguimiento de las normativas<\/strong><\/li>\n<\/ul>\n<p>[\/vc_column_text][\/vc_column_inner][vc_column_inner width=\u00bb1\/2&#8243;][\/vc_column_inner][\/vc_row_inner][\/vc_tta_section][vc_tta_section title=\u00bbOPCIONES\u00bb tab_id=\u00bb1663938171381-dcb55700-be8e\u00bb][vc_row_inner][vc_column_inner width=\u00bb1\/6&#8243; offset=\u00bbvc_hidden-md vc_hidden-sm vc_hidden-xs\u00bb][\/vc_column_inner][vc_column_inner offset=\u00bbvc_col-lg-8&#8243;][vc_column_text]<\/p>\n<p style=\"text-align: center;\"><a title=\"Formulaire de contact\" href=\"https:\/\/www.standard-industrie.com\/es\/contact-standard-industrie\/\" target=\"_blank\" rel=\"noopener\"><span class=\"fort\">Cons\u00faltenos si necesita m\u00e1s informaci\u00f3n<\/span><\/a><\/p>\n<p>[\/vc_column_text][\/vc_column_inner][vc_column_inner width=\u00bb1\/6&#8243; offset=\u00bbvc_hidden-md vc_hidden-sm vc_hidden-xs\u00bb][\/vc_column_inner][\/vc_row_inner][\/vc_tta_section][\/vc_tta_tabs][\/vc_column][\/vc_row][vc_row][vc_column][vc_column_text el_class=\u00bbgros-titre fort trait-rouge traits-gris-droite-gauche titre-gauche vc_sep_border_width_2 vc_separator wpb_content_element vc_separator_align_left vc_sep_width_100 vc_sep_pos_align_center vc_sep_color_grey vc_separator-has-text\u00bb]<\/p>\n<div class=\"vc_sep_holder vc_sep_holder_l\">\n<p class=\"vc_sep_line\" style=\"border-color: grey;\">\n<\/div>\n<h2>ESTUDIOS DE CASOS<\/h2>\n<div class=\"vc_sep_holder vc_sep_holder_r\">\n<p class=\"vc_sep_line\" style=\"border-color: grey;\">\n<\/div>\n<p>[\/vc_column_text][vc_basic_grid post_type=\u00bbcas-client\u00bb max_items=\u00bb10&#8243; show_filter=\u00bbyes\u00bb item=\u00bb4303&#8243; grid_id=\u00bbvc_gid:1762348496786-ea3bef28687ee757a628054a67c98b70-5&#8243; taxonomies=\u00bb142&#8243; filter_source=\u00bbsecteur\u00bb][\/vc_column][\/vc_row][vc_row][vc_column][vc_column_text el_class=\u00bbbtn-retour txt-rouge\u00bb]<\/p>\n<div class=\"vc_sep_holder vc_sep_holder_l\">\n<p class=\"vc_sep_line\" style=\"border-color: grey;\"><a href=\"\/es\/prestaciones-limpieza-silos-tolvas\/\">&lt; Prestaciones de limpieza de silos y tavolas<\/a><\/p>\n<\/div>\n<p>[\/vc_column_text][\/vc_column][\/vc_row]<\/p>\n","protected":false},"excerpt":{"rendered":"<p>[vc_row][vc_column css=\u00bb.vc_custom_1668767480700{margin-top: 10px !important;}\u00bb][vc_column_text el_class=\u00bbbtn-retour txt-rouge\u00bb] &lt; Prestaciones de limpieza de silos y tavolas [\/vc_column_text][\/vc_column][\/vc_row][vc_row][vc_column][vc_empty_space][vc_column_text el_class=\u00bbgros-titre fort trait-rouge traits-gris-droite-gauche titre-centre vc_separator wpb_content_element vc_separator_align_center vc_sep_width_100 vc_sep_border_width_2 vc_sep_pos_align_center<span class=\"excerpt-hellip\"> [\u2026]<\/span><\/p>\n","protected":false},"author":1,"featured_media":0,"parent":0,"menu_order":25,"comment_status":"closed","ping_status":"closed","template":"single-prestations-nettoyage-silos-tremies-light.php","meta":{"footnotes":""},"class_list":["post-5071","page","type-page","status-publish","hentry"],"_links":{"self":[{"href":"https:\/\/www.standard-industrie.com\/es\/wp-json\/wp\/v2\/pages\/5071","targetHints":{"allow":["GET"]}}],"collection":[{"href":"https:\/\/www.standard-industrie.com\/es\/wp-json\/wp\/v2\/pages"}],"about":[{"href":"https:\/\/www.standard-industrie.com\/es\/wp-json\/wp\/v2\/types\/page"}],"author":[{"embeddable":true,"href":"https:\/\/www.standard-industrie.com\/es\/wp-json\/wp\/v2\/users\/1"}],"replies":[{"embeddable":true,"href":"https:\/\/www.standard-industrie.com\/es\/wp-json\/wp\/v2\/comments?post=5071"}],"version-history":[{"count":0,"href":"https:\/\/www.standard-industrie.com\/es\/wp-json\/wp\/v2\/pages\/5071\/revisions"}],"wp:attachment":[{"href":"https:\/\/www.standard-industrie.com\/es\/wp-json\/wp\/v2\/media?parent=5071"}],"curies":[{"name":"wp","href":"https:\/\/api.w.org\/{rel}","templated":true}]}}