{"id":5724,"date":"2022-12-12T16:00:07","date_gmt":"2022-12-12T15:00:07","guid":{"rendered":"https:\/\/www.standard-industrie.com\/es\/?page_id=5724"},"modified":"2024-02-08T09:46:18","modified_gmt":"2024-02-08T08:46:18","slug":"estudio-de-caso","status":"publish","type":"page","link":"https:\/\/www.standard-industrie.com\/es\/estudio-de-caso\/","title":{"rendered":"Estudio de caso"},"content":{"rendered":"<p>[vc_row][vc_column][vc_empty_space][\/vc_column][\/vc_row][vc_row][vc_column width=\u00bb1\/4&#8243;][\/vc_column][vc_column width=\u00bb1\/2&#8243;][vc_column_text]<\/p>\n<p style=\"text-align: center;\">En esta p\u00e1gina encontrar\u00e1 nuestras referencias con numerosos casos concretos de utilizaci\u00f3n de nuestras soluciones. Todos estos clientes se han beneficiado de un estudio t\u00e9cnico in situ y est\u00e1n satisfechos con las recomendaciones de nuestros expertos.<\/p>\n<p>[\/vc_column_text][\/vc_column][vc_column width=\u00bb1\/4&#8243;][\/vc_column][\/vc_row][vc_row el_class=\u00bbinvert-block\u00bb][vc_column el_class=\u00bbpartie-txt rouge\u00bb][vc_basic_grid post_type=\u00bbestudio-de-caso\u00bb max_items=\u00bb200&#8243; show_filter=\u00bbyes\u00bb element_width=\u00bb3&#8243; orderby=\u00bbtitle\u00bb order=\u00bbASC\u00bb filter_style=\u00bbdropdown\u00bb filter_size=\u00bbsm\u00bb item=\u00bb5726&#8243; grid_id=\u00bbvc_gid:1707381968791-c480eb59-0e16-5&#8243; filter_source=\u00bbsecteur\u00bb][\/vc_column][\/vc_row][vc_row][vc_column][vc_btn title=\u00bbContacto\u00bb style=\u00bbflat\u00bb shape=\u00bbsquare\u00bb color=\u00bbblack\u00bb align=\u00bbcenter\u00bb link=\u00bburl:%2Fes%2Fcontacto%2F|title:Contact%20Standard%20industrie\u00bb][\/vc_column][\/vc_row]<\/p>\n","protected":false},"excerpt":{"rendered":"<p>[vc_row][vc_column][vc_empty_space][\/vc_column][\/vc_row][vc_row][vc_column width=\u00bb1\/4&#8243;][\/vc_column][vc_column width=\u00bb1\/2&#8243;][vc_column_text] En esta p\u00e1gina encontrar\u00e1 nuestras referencias con numerosos casos concretos de utilizaci\u00f3n de nuestras soluciones. Todos estos clientes se han beneficiado de un<span class=\"excerpt-hellip\"> [\u2026]<\/span><\/p>\n","protected":false},"author":1,"featured_media":0,"parent":0,"menu_order":23,"comment_status":"closed","ping_status":"closed","template":"single-standard.php","meta":{"footnotes":""},"class_list":["post-5724","page","type-page","status-publish","hentry"],"_links":{"self":[{"href":"https:\/\/www.standard-industrie.com\/es\/wp-json\/wp\/v2\/pages\/5724","targetHints":{"allow":["GET"]}}],"collection":[{"href":"https:\/\/www.standard-industrie.com\/es\/wp-json\/wp\/v2\/pages"}],"about":[{"href":"https:\/\/www.standard-industrie.com\/es\/wp-json\/wp\/v2\/types\/page"}],"author":[{"embeddable":true,"href":"https:\/\/www.standard-industrie.com\/es\/wp-json\/wp\/v2\/users\/1"}],"replies":[{"embeddable":true,"href":"https:\/\/www.standard-industrie.com\/es\/wp-json\/wp\/v2\/comments?post=5724"}],"version-history":[{"count":0,"href":"https:\/\/www.standard-industrie.com\/es\/wp-json\/wp\/v2\/pages\/5724\/revisions"}],"wp:attachment":[{"href":"https:\/\/www.standard-industrie.com\/es\/wp-json\/wp\/v2\/media?parent=5724"}],"curies":[{"name":"wp","href":"https:\/\/api.w.org\/{rel}","templated":true}]}}