{"id":5735,"date":"2022-12-12T17:08:00","date_gmt":"2022-12-12T16:08:00","guid":{"rendered":"https:\/\/www.standard-industrie.com\/es\/?page_id=5735"},"modified":"2024-10-04T15:38:02","modified_gmt":"2024-10-04T14:38:02","slug":"maintenance-sav","status":"publish","type":"page","link":"https:\/\/www.standard-industrie.com\/es\/maintenance-sav\/","title":{"rendered":"MAINTENANCE &#8211; SAV"},"content":{"rendered":"<p>[vc_row][vc_column][vc_empty_space][\/vc_column][\/vc_row][vc_row el_class=\u00bbinvert-block\u00bb][vc_column width=\u00bb1\/2&#8243; el_class=\u00bbpartie-txt\u00bb][vc_column_text el_class=\u00bbgros-titre fort traits-gris-droite-gauche titre-gauche vc_sep_border_width_2 vc_separator wpb_content_element vc_separator_align_left vc_sep_width_100 vc_sep_pos_align_center vc_sep_color_grey vc_separator-has-text\u00bb]<\/p>\n<div class=\"vc_sep_holder vc_sep_holder_l\">\n<p class=\"vc_sep_line\" style=\"border-color: grey;\">\n<\/div>\n<h2>EXPERTISE PROCESS \/ AUDIT<\/h2>\n<div class=\"vc_sep_holder vc_sep_holder_r\">\n<p class=\"vc_sep_line\" style=\"border-color: grey;\">\n<\/div>\n<p>[\/vc_column_text][vc_column_text]Un partenaire de confiance pour garantir la disponibilit\u00e9 et la performance de vos \u00e9quipements.<\/p>\n<p><strong>AUDIT<\/strong><\/p>\n<p>Les audits sont des interventions d\u00e9licates, pr\u00e9cises qui informent de l\u2019\u00e9tat de fonctionnement d\u2019un parc machine inscrit dans un process. Ils ont pour objet de d\u00e9tecter des anomalies, dysfonctionnement et de proposer le solutions correctives\/am\u00e9lioratives ad\u00e9quates.<\/p>\n<p>Nous vous proposons les comp\u00e9tences et exp\u00e9rience de nos experts techniques M\u00e9canique et Process. Notre gamme<strong>\u00a0SI SERVICES Basic &#8211; Medium \u2013 Premium <\/strong>pr\u00e9sente un ensemble de services pour garantir la performance ainsi que la p\u00e9rennit\u00e9 de vos \u00e9quipements<strong>\u00a0<\/strong>Standard Industrie dans le temps.<\/p>\n<p>&nbsp;<\/p>\n<p><u>L\u2019audit m\u00e9canique comprend<\/u>\u00a0:<\/p>\n<ul>\n<li>Le d\u00e9placement d\u2019un technicien sur une journ\u00e9e<\/li>\n<li>Le contr\u00f4le m\u00e9canique de vos \u00e9quipements Standard Industrie<\/li>\n<li>La r\u00e9daction d\u2019un compte-rendu reprenant les pi\u00e8ces \u00e0 changer des \u00e9quipements qui le n\u00e9cessitent<\/li>\n<li>Cet audit peut \u00eatre r\u00e9alis\u00e9 usine en fonctionnement<\/li>\n<\/ul>\n<p>&nbsp;<\/p>\n<p><u>L\u2019audit expertise process comprend<\/u>\u00a0:<\/p>\n<ul>\n<li>Le d\u00e9placement d\u2019un technicien ou ing\u00e9nieur expert sur une journ\u00e9e<\/li>\n<li>Le contr\u00f4le et l\u2019expertise process de l\u2019ensemble de vos \u00e9quipements Standard Industrie<\/li>\n<li>La r\u00e9daction d\u2019un compte-rendu et nos recommandations d\u2019am\u00e9lioration<\/li>\n<li>Cette expertise est r\u00e9alis\u00e9e pendant l\u2019arr\u00eat de production de l\u2019usine.<\/li>\n<\/ul>\n<p>[\/vc_column_text][\/vc_column][vc_column css_animation=\u00bbslideInRight\u00bb width=\u00bb1\/2&#8243;][vc_single_image image=\u00bb5717&#8243; img_size=\u00bbfull\u00bb alignment=\u00bbcenter\u00bb][\/vc_column][\/vc_row][vc_row][vc_column][vc_btn title=\u00bbContactez-nous\u00bb style=\u00bbflat\u00bb shape=\u00bbsquare\u00bb color=\u00bbblack\u00bb align=\u00bbcenter\u00bb link=\u00bburl:https%3A%2F%2Fwww.standard-industrie.com%2Fes%2Fcontacto%2F|title:Contact%20Standard%20industrie\u00bb][\/vc_column][\/vc_row][vc_row el_class=\u00bbinvert-block\u00bb][vc_column css_animation=\u00bbslideInLeft\u00bb width=\u00bb1\/2&#8243;][vc_single_image image=\u00bb4649&#8243; img_size=\u00bbfull\u00bb alignment=\u00bbcenter\u00bb][\/vc_column][vc_column width=\u00bb1\/2&#8243; el_class=\u00bbpartie-txt\u00bb][vc_column_text el_class=\u00bbgros-titre fort traits-gris-droite-gauche titre-gauche vc_sep_border_width_2 vc_separator wpb_content_element vc_separator_align_left vc_sep_width_100 vc_sep_pos_align_center vc_sep_color_grey vc_separator-has-text\u00bb]<\/p>\n<div class=\"vc_sep_holder vc_sep_holder_l\">\n<p class=\"vc_sep_line\" style=\"border-color: grey;\">\n<\/div>\n<h2>SERVICES DE MAINTENANCE<\/h2>\n<div class=\"vc_sep_holder vc_sep_holder_r\">\n<p class=\"vc_sep_line\" style=\"border-color: grey;\">\n<\/div>\n<p>[\/vc_column_text][vc_column_text]Les interventions de maintenance doivent \u00eatre op\u00e9r\u00e9es r\u00e9guli\u00e8rement afin d\u2019assurer la disponibilit\u00e9 du parc machine et donc le bon fonctionnement du process et de la productivit\u00e9, et ce en toute s\u00e9curit\u00e9. Afin de garantir une fiabilit\u00e9 optimale de vos \u00e9quipements Standard Industrie, nous intervenons et nous occupons\u00a0de la maintenance pr\u00e9ventive pour vous.<\/p>\n<ul>\n<li>Fourniture des pi\u00e8ces d&#8217;usure<\/li>\n<li>Remplacement des pi\u00e8ces sur site par un technicien<\/li>\n<\/ul>\n<p>Dans le cadre d\u2019op\u00e9rations de maintenance corrective ou curative, Standard Industrie s\u2019engage \u00e0 tenir sur stock les pi\u00e8ces les plus courantes et de fournir dans un d\u00e9lai le plus r\u00e9duit possible les pi\u00e8ces plus complexes. Possibilit\u00e9 d\u2019un stock consignation pour les contrats premium.[\/vc_column_text][\/vc_column][\/vc_row][vc_row][vc_column width=\u00bb1\/2&#8243; el_class=\u00bbpartie-txt\u00bb][vc_column_text el_class=\u00bbgros-titre fort traits-gris-droite-gauche titre-gauche vc_sep_border_width_2 vc_separator wpb_content_element vc_separator_align_left vc_sep_width_100 vc_sep_pos_align_center vc_sep_color_grey vc_separator-has-text\u00bb]<\/p>\n<div class=\"vc_sep_holder vc_sep_holder_l\">\n<p class=\"vc_sep_line\" style=\"border-color: grey;\">\n<\/div>\n<h2>ASSISTANCE TECHNIQUE ET AMELIORATION CONTINUE<\/h2>\n<div class=\"vc_sep_holder vc_sep_holder_r\">\n<p class=\"vc_sep_line\" style=\"border-color: grey;\">\n<\/div>\n<p>[\/vc_column_text][vc_raw_html]JTNDcCUzRUVuZ2FnZW1lbnQlMjBkZSUyMG5vdHJlJTIwcGFydCUyMHBvdXIlMjB2b3VzJTIwb2ZmcmlyJTIwdW5lJTIwYXNzaXN0YW5jZSUyMHQlQzMlQTlsJUMzJUE5cGhvbmlxdWUlMjBxdWVsbGUlMjBxdWUlMjBzb2l0JTIwdm90cmUlMjBkZW1hbmRlLiUzQyUyRnAlM0UlMEElM0N1bCUzRSUwQSUzQ2xpJTNFTm9zJTIwdGVjaG5pY2llbnMlMjBldCUyMGV4cGVydHMlMjBzb250JTIwam9pZ25hYmxlcyUyMGRlJTIwOGglMjAlQzMlQTAlMjAxOGglMjAlRTIlODAlOTMlMjBkdSUyMGx1bmRpJTIwYXUlMjB2ZW5kcmVkaSUyMHBvdXIlMjB2b3VzJTIwYXNzaXN0ZXIlMjBkYW5zJTIwbCVFMiU4MCU5OXV0aWxpc2F0aW9uJTIwZGUlMjB2b3MlMjAlQzMlQTlxdWlwZW1lbnRzJTIwU3RhbmRhcmQlMjBJbmR1c3RyaWUlM0MlMkZsaSUzRSUwQSUzQ2xpJTNFQ29udGFjdGV6LWxlcyUyMHBhciUyMHQlQzMlQTlsJUMzJUE5cGhvbmUlMjBhdSUyMCUzQ2ElMjBjbGFzcyUzRCUyMnRlbC1idG4lMjIlMjBocmVmJTNEJTIydGVsJTNBMDMyMDI4MzIzMiUyMiUyMG9uY2xpY2slM0QlMjJfcGFxLnB1c2glMjglNUIlMjd0cmFja0xpbmslMjclMkMlMjAlMjdodHRwJTNBJTJGJTJGc3RhbmRhcmQtaW5kdXN0cmllLmQyYmNvbnN1bHRpbmcuZnIlMkZjbGljLXRlbCUyNyUyQyUyMCUyN2xpbmslMjclNUQlMjklM0IlMjIlM0UwMyUyMDIwJTIwMjglMjAzMiUyMDMyJTIwJTNDJTJGYSUzRSUyMG91JTIwcGFyJTIwbWFpbCUyMHN1ciUyMCUzQ2ElMjBocmVmJTNEJTIyc2F2JTQwc3RhbmRhcmQtaW5kdXN0cmllLmNvbSUyMiUyMG9uY2xpY2slM0QlMjJfcGFxLnB1c2glMjglNUIlMjd0cmFja0xpbmslMjclMkMlMjAlMjdodHRwJTNBJTJGJTJGc3RhbmRhcmQtaW5kdXN0cmllLmQyYmNvbnN1bHRpbmcuZnIlMkZjbGljLW1haWwlMjclMkMlMjAlMjdsaW5rJTI3JTVEJTI5JTNCJTIyJTNFc2F2JTQwc3RhbmRhcmQtaW5kdXN0cmllLmNvbSUzQyUyRmElM0UlM0MlMkZsaSUzRSUwQSUzQ2xpJTNFUmVtcGxpc3NleiUyMGxlJTIwZm9ybXVsYWlyZSUyMGRlJTIwY29udGFjdCUzQyUyRmxpJTNFJTBBJTNDJTJGdWwlM0U=[\/vc_raw_html][\/vc_column][vc_column css_animation=\u00bbnone\u00bb width=\u00bb1\/2&#8243;][vc_column_text el_class=\u00bbgros-titre fort traits-gris-droite-gauche titre-gauche vc_sep_border_width_2 vc_separator wpb_content_element vc_separator_align_left vc_sep_width_100 vc_sep_pos_align_center vc_sep_color_grey vc_separator-has-text\u00bb]<\/p>\n<div class=\"vc_sep_holder vc_sep_holder_l\">\n<p class=\"vc_sep_line\" style=\"border-color: grey;\">\n<\/div>\n<h2>NOS CONTRATS<\/h2>\n<div class=\"vc_sep_holder vc_sep_holder_r\">\n<p class=\"vc_sep_line\" style=\"border-color: grey;\">\n<\/div>\n<p>[\/vc_column_text][vc_tta_tabs active_section=\u00bb1&#8243; el_class=\u00bbcontrats\u00bb][vc_tta_section title=\u00bbBASIC\u00bb tab_id=\u00bb1670860325937-06597ae2-d1a2&#8243;][vc_row_inner el_class=\u00bbrange-contrat\u00bb][vc_column_inner width=\u00bb1\/2&#8243;][vc_column_text]Dur\u00e9e[\/vc_column_text][\/vc_column_inner][vc_column_inner width=\u00bb1\/2&#8243;][vc_column_text]A la demande[\/vc_column_text][\/vc_column_inner][\/vc_row_inner][vc_row_inner el_class=\u00bbrange-contrat\u00bb][vc_column_inner width=\u00bb1\/2&#8243;][vc_column_text]Maintenance pr\u00e9ventive[\/vc_column_text][\/vc_column_inner][vc_column_inner width=\u00bb1\/2&#8243;][vc_column_text]A la demande[\/vc_column_text][\/vc_column_inner][\/vc_row_inner][vc_row_inner el_class=\u00bbrange-contrat\u00bb][vc_column_inner width=\u00bb1\/2&#8243;][vc_column_text]Audit M\u00e9canique[\/vc_column_text][\/vc_column_inner][vc_column_inner width=\u00bb1\/2&#8243;][vc_column_text]A la demande[\/vc_column_text][\/vc_column_inner][\/vc_row_inner][vc_row_inner el_class=\u00bbrange-contrat\u00bb][vc_column_inner width=\u00bb1\/2&#8243;][vc_column_text]Audit Expertise process<br \/>\nAm\u00e9lioration continue[\/vc_column_text][\/vc_column_inner][vc_column_inner width=\u00bb1\/2&#8243;][vc_column_text]A la demande[\/vc_column_text][\/vc_column_inner][\/vc_row_inner][vc_row_inner el_class=\u00bbrange-contrat\u00bb][vc_column_inner width=\u00bb1\/2&#8243;][vc_column_text]Pi\u00e8ces d\u2019usure<br \/>\n(suivant liste d\u00e9finie)[\/vc_column_text][\/vc_column_inner][vc_column_inner width=\u00bb1\/2&#8243;][vc_column_text]facturation suppl\u00e9mentaire[\/vc_column_text][\/vc_column_inner][\/vc_row_inner][vc_row_inner el_class=\u00bbrange-contrat\u00bb][vc_column_inner width=\u00bb1\/2&#8243;][vc_column_text]Pi\u00e8ces de rechange<br \/>\n(suivant liste d\u00e9finie)[\/vc_column_text][\/vc_column_inner][vc_column_inner width=\u00bb1\/2&#8243;][vc_column_text]facturation suppl\u00e9mentaire[\/vc_column_text][\/vc_column_inner][\/vc_row_inner][vc_row_inner el_class=\u00bbrange-contrat\u00bb][vc_column_inner width=\u00bb1\/2&#8243;][vc_column_text]Autres pi\u00e8ces[\/vc_column_text][\/vc_column_inner][vc_column_inner width=\u00bb1\/2&#8243;][vc_column_text]facturation suppl\u00e9mentaire[\/vc_column_text][\/vc_column_inner][\/vc_row_inner][vc_row_inner el_class=\u00bbrange-contrat\u00bb][vc_column_inner width=\u00bb1\/2&#8243;][vc_column_text]Stock consignation[\/vc_column_text][\/vc_column_inner][vc_column_inner width=\u00bb1\/2&#8243;][vc_column_text]-[\/vc_column_text][\/vc_column_inner][\/vc_row_inner][vc_row_inner el_class=\u00bbrange-contrat\u00bb][vc_column_inner width=\u00bb1\/2&#8243;][vc_column_text]Equipement<br \/>\nAm\u00e9lioration continue[\/vc_column_text][\/vc_column_inner][vc_column_inner width=\u00bb1\/2&#8243;][vc_column_text]facturation suppl\u00e9mentaire[\/vc_column_text][\/vc_column_inner][\/vc_row_inner][\/vc_tta_section][vc_tta_section title=\u00bbMEDIUM 1&#8243; tab_id=\u00bb1670860855016-19c3c1a4-976d\u00bb][vc_row_inner][vc_column_inner width=\u00bb1\/2&#8243;][vc_column_text]Dur\u00e9e[\/vc_column_text][\/vc_column_inner][vc_column_inner width=\u00bb1\/2&#8243;][vc_column_text]3 ans[\/vc_column_text][\/vc_column_inner][\/vc_row_inner][vc_row_inner][vc_column_inner width=\u00bb1\/2&#8243;][vc_column_text]Maintenance pr\u00e9ventive[\/vc_column_text][\/vc_column_inner][vc_column_inner width=\u00bb1\/2&#8243;][vc_column_text]2x par an[\/vc_column_text][\/vc_column_inner][\/vc_row_inner][vc_row_inner][vc_column_inner width=\u00bb1\/2&#8243;][vc_column_text]Audit M\u00e9canique[\/vc_column_text][\/vc_column_inner][vc_column_inner width=\u00bb1\/2&#8243;][vc_column_text]1x la 1\u00e8re ann\u00e9e[\/vc_column_text][\/vc_column_inner][\/vc_row_inner][vc_row_inner][vc_column_inner width=\u00bb1\/2&#8243;][vc_column_text]Audit Expertise process<br \/>\nAm\u00e9lioration continue[\/vc_column_text][\/vc_column_inner][vc_column_inner width=\u00bb1\/2&#8243;][vc_column_text]A la demande[\/vc_column_text][\/vc_column_inner][\/vc_row_inner][vc_row_inner][vc_column_inner width=\u00bb1\/2&#8243;][vc_column_text]Pi\u00e8ces d\u2019usure<br \/>\n(suivant liste d\u00e9finie)[\/vc_column_text][\/vc_column_inner][vc_column_inner width=\u00bb1\/2&#8243;][vc_column_text]Incluses[\/vc_column_text][\/vc_column_inner][\/vc_row_inner][vc_row_inner][vc_column_inner width=\u00bb1\/2&#8243;][vc_column_text]Pi\u00e8ces de rechange<br \/>\n(suivant liste d\u00e9finie)[\/vc_column_text][\/vc_column_inner][vc_column_inner width=\u00bb1\/2&#8243;][vc_column_text]facturation suppl\u00e9mentaire[\/vc_column_text][\/vc_column_inner][\/vc_row_inner][vc_row_inner][vc_column_inner width=\u00bb1\/2&#8243;][vc_column_text]Autres pi\u00e8ces[\/vc_column_text][\/vc_column_inner][vc_column_inner width=\u00bb1\/2&#8243;][vc_column_text]facturation suppl\u00e9mentaire[\/vc_column_text][\/vc_column_inner][\/vc_row_inner][vc_row_inner][vc_column_inner width=\u00bb1\/2&#8243;][vc_column_text]Stock consignation[\/vc_column_text][\/vc_column_inner][vc_column_inner width=\u00bb1\/2&#8243;][vc_column_text]-[\/vc_column_text][\/vc_column_inner][\/vc_row_inner][vc_row_inner][vc_column_inner width=\u00bb1\/2&#8243;][vc_column_text]Equipement<br \/>\nAm\u00e9lioration continue[\/vc_column_text][\/vc_column_inner][vc_column_inner width=\u00bb1\/2&#8243;][vc_column_text]facturation suppl\u00e9mentaire[\/vc_column_text][\/vc_column_inner][\/vc_row_inner][\/vc_tta_section][vc_tta_section title=\u00bbMEDIUM 2&#8243; tab_id=\u00bb1670860924446-311ca341-ac50&#8243;][vc_row_inner][vc_column_inner width=\u00bb1\/2&#8243;][vc_column_text]Dur\u00e9e[\/vc_column_text][\/vc_column_inner][vc_column_inner width=\u00bb1\/2&#8243;][vc_column_text]3 ans[\/vc_column_text][\/vc_column_inner][\/vc_row_inner][vc_row_inner][vc_column_inner width=\u00bb1\/2&#8243;][vc_column_text]Maintenance pr\u00e9ventive[\/vc_column_text][\/vc_column_inner][vc_column_inner width=\u00bb1\/2&#8243;][vc_column_text]3x par an[\/vc_column_text][\/vc_column_inner][\/vc_row_inner][vc_row_inner][vc_column_inner width=\u00bb1\/2&#8243;][vc_column_text]Audit M\u00e9canique[\/vc_column_text][\/vc_column_inner][vc_column_inner width=\u00bb1\/2&#8243;][vc_column_text]1x la 1\u00e8re ann\u00e9e[\/vc_column_text][\/vc_column_inner][\/vc_row_inner][vc_row_inner][vc_column_inner width=\u00bb1\/2&#8243;][vc_column_text]Audit Expertise process<br \/>\nAm\u00e9lioration continue[\/vc_column_text][\/vc_column_inner][vc_column_inner width=\u00bb1\/2&#8243;][vc_column_text]A la demande[\/vc_column_text][\/vc_column_inner][\/vc_row_inner][vc_row_inner][vc_column_inner width=\u00bb1\/2&#8243;][vc_column_text]Pi\u00e8ces d\u2019usure<br \/>\n(suivant liste d\u00e9finie)[\/vc_column_text][\/vc_column_inner][vc_column_inner width=\u00bb1\/2&#8243;][vc_column_text]Incluses[\/vc_column_text][\/vc_column_inner][\/vc_row_inner][vc_row_inner][vc_column_inner width=\u00bb1\/2&#8243;][vc_column_text]Pi\u00e8ces de rechange<br \/>\n(suivant liste d\u00e9finie)[\/vc_column_text][\/vc_column_inner][vc_column_inner width=\u00bb1\/2&#8243;][vc_column_text]facturation suppl\u00e9mentaire[\/vc_column_text][\/vc_column_inner][\/vc_row_inner][vc_row_inner][vc_column_inner width=\u00bb1\/2&#8243;][vc_column_text]Autres pi\u00e8ces[\/vc_column_text][\/vc_column_inner][vc_column_inner width=\u00bb1\/2&#8243;][vc_column_text]facturation suppl\u00e9mentaire[\/vc_column_text][\/vc_column_inner][\/vc_row_inner][vc_row_inner][vc_column_inner width=\u00bb1\/2&#8243;][vc_column_text]Stock consignation[\/vc_column_text][\/vc_column_inner][vc_column_inner width=\u00bb1\/2&#8243;][vc_column_text]-[\/vc_column_text][\/vc_column_inner][\/vc_row_inner][vc_row_inner][vc_column_inner width=\u00bb1\/2&#8243;][vc_column_text]Equipement<br \/>\nAm\u00e9lioration continue[\/vc_column_text][\/vc_column_inner][vc_column_inner width=\u00bb1\/2&#8243;][vc_column_text]facturation suppl\u00e9mentaire[\/vc_column_text][\/vc_column_inner][\/vc_row_inner][\/vc_tta_section][vc_tta_section title=\u00bbMEDIUM 3&#8243; tab_id=\u00bb1670860941711-dd1d8406-00e8&#8243;][vc_row_inner][vc_column_inner width=\u00bb1\/2&#8243;][vc_column_text]Dur\u00e9e[\/vc_column_text][\/vc_column_inner][vc_column_inner width=\u00bb1\/2&#8243;][vc_column_text]3 ans[\/vc_column_text][\/vc_column_inner][\/vc_row_inner][vc_row_inner][vc_column_inner width=\u00bb1\/2&#8243;][vc_column_text]Maintenance pr\u00e9ventive[\/vc_column_text][\/vc_column_inner][vc_column_inner width=\u00bb1\/2&#8243;][vc_column_text]4x la 1\u00e8re ann\u00e9e puis 3x par an[\/vc_column_text][\/vc_column_inner][\/vc_row_inner][vc_row_inner][vc_column_inner width=\u00bb1\/2&#8243;][vc_column_text]Audit M\u00e9canique[\/vc_column_text][\/vc_column_inner][vc_column_inner width=\u00bb1\/2&#8243;][vc_column_text]1x la 1\u00e8re ann\u00e9e[\/vc_column_text][\/vc_column_inner][\/vc_row_inner][vc_row_inner][vc_column_inner width=\u00bb1\/2&#8243;][vc_column_text]Audit Expertise process<br \/>\nAm\u00e9lioration continue[\/vc_column_text][\/vc_column_inner][vc_column_inner width=\u00bb1\/2&#8243;][vc_column_text]A la demande[\/vc_column_text][\/vc_column_inner][\/vc_row_inner][vc_row_inner][vc_column_inner width=\u00bb1\/2&#8243;][vc_column_text]Pi\u00e8ces d\u2019usure<br \/>\n(suivant liste d\u00e9finie)[\/vc_column_text][\/vc_column_inner][vc_column_inner width=\u00bb1\/2&#8243;][vc_column_text]Incluses[\/vc_column_text][\/vc_column_inner][\/vc_row_inner][vc_row_inner][vc_column_inner width=\u00bb1\/2&#8243;][vc_column_text]Pi\u00e8ces de rechange<br \/>\n(suivant liste d\u00e9finie)[\/vc_column_text][\/vc_column_inner][vc_column_inner width=\u00bb1\/2&#8243;][vc_column_text]facturation suppl\u00e9mentaire[\/vc_column_text][\/vc_column_inner][\/vc_row_inner][vc_row_inner][vc_column_inner width=\u00bb1\/2&#8243;][vc_column_text]Autres pi\u00e8ces[\/vc_column_text][\/vc_column_inner][vc_column_inner width=\u00bb1\/2&#8243;][vc_column_text]facturation suppl\u00e9mentaire[\/vc_column_text][\/vc_column_inner][\/vc_row_inner][vc_row_inner][vc_column_inner width=\u00bb1\/2&#8243;][vc_column_text]Stock consignation[\/vc_column_text][\/vc_column_inner][vc_column_inner width=\u00bb1\/2&#8243;][vc_column_text]-[\/vc_column_text][\/vc_column_inner][\/vc_row_inner][vc_row_inner][vc_column_inner width=\u00bb1\/2&#8243;][vc_column_text]Equipement<br \/>\nAm\u00e9lioration continue[\/vc_column_text][\/vc_column_inner][vc_column_inner width=\u00bb1\/2&#8243;][vc_column_text]facturation suppl\u00e9mentaire[\/vc_column_text][\/vc_column_inner][\/vc_row_inner][\/vc_tta_section][vc_tta_section title=\u00bbPREMIUM\u00bb tab_id=\u00bb1670860994029-bc1c4d32-4ed2&#8243;][vc_row_inner][vc_column_inner width=\u00bb1\/2&#8243;][vc_column_text]Dur\u00e9e[\/vc_column_text][\/vc_column_inner][vc_column_inner width=\u00bb1\/2&#8243;][vc_column_text]3 ans[\/vc_column_text][\/vc_column_inner][\/vc_row_inner][vc_row_inner][vc_column_inner width=\u00bb1\/2&#8243;][vc_column_text]Maintenance pr\u00e9ventive[\/vc_column_text][\/vc_column_inner][vc_column_inner width=\u00bb1\/2&#8243;][vc_column_text]4x la 1\u00e8re ann\u00e9e puis 3x par an[\/vc_column_text][\/vc_column_inner][\/vc_row_inner][vc_row_inner][vc_column_inner width=\u00bb1\/2&#8243;][vc_column_text]Audit M\u00e9canique[\/vc_column_text][\/vc_column_inner][vc_column_inner width=\u00bb1\/2&#8243;][vc_column_text]-[\/vc_column_text][\/vc_column_inner][\/vc_row_inner][vc_row_inner][vc_column_inner width=\u00bb1\/2&#8243;][vc_column_text]Audit Expertise process<br \/>\nAm\u00e9lioration continue[\/vc_column_text][\/vc_column_inner][vc_column_inner width=\u00bb1\/2&#8243;][vc_column_text]1x par an[\/vc_column_text][\/vc_column_inner][\/vc_row_inner][vc_row_inner][vc_column_inner width=\u00bb1\/2&#8243;][vc_column_text]Pi\u00e8ces d\u2019usure<br \/>\n(suivant liste d\u00e9finie)[\/vc_column_text][\/vc_column_inner][vc_column_inner width=\u00bb1\/2&#8243;][vc_column_text]Incluses[\/vc_column_text][\/vc_column_inner][\/vc_row_inner][vc_row_inner][vc_column_inner width=\u00bb1\/2&#8243;][vc_column_text]Pi\u00e8ces de rechange<br \/>\n(suivant liste d\u00e9finie)[\/vc_column_text][\/vc_column_inner][vc_column_inner width=\u00bb1\/2&#8243;][vc_column_text]Incluses[\/vc_column_text][\/vc_column_inner][\/vc_row_inner][vc_row_inner][vc_column_inner width=\u00bb1\/2&#8243;][vc_column_text]Autres pi\u00e8ces[\/vc_column_text][\/vc_column_inner][vc_column_inner width=\u00bb1\/2&#8243;][vc_column_text]facturation suppl\u00e9mentaire[\/vc_column_text][\/vc_column_inner][\/vc_row_inner][vc_row_inner][vc_column_inner width=\u00bb1\/2&#8243;][vc_column_text]Stock consignation[\/vc_column_text][\/vc_column_inner][vc_column_inner width=\u00bb1\/2&#8243;][vc_column_text]Possible[\/vc_column_text][\/vc_column_inner][\/vc_row_inner][vc_row_inner][vc_column_inner width=\u00bb1\/2&#8243;][vc_column_text]Equipement<br \/>\nAm\u00e9lioration continue[\/vc_column_text][\/vc_column_inner][vc_column_inner width=\u00bb1\/2&#8243;][vc_column_text]facturation suppl\u00e9mentaire[\/vc_column_text][\/vc_column_inner][\/vc_row_inner][\/vc_tta_section][\/vc_tta_tabs][\/vc_column][\/vc_row][vc_row][vc_column][vc_btn title=\u00bbContactez-nous\u00bb style=\u00bbflat\u00bb shape=\u00bbsquare\u00bb color=\u00bbblack\u00bb align=\u00bbcenter\u00bb link=\u00bburl:https%3A%2F%2Fwww.standard-industrie.com%2Fes%2Fcontacto%2F|title:Contact%20Standard%20industrie\u00bb][\/vc_column][\/vc_row]<\/p>\n","protected":false},"excerpt":{"rendered":"<p>[vc_row][vc_column][vc_empty_space][\/vc_column][\/vc_row][vc_row el_class=\u00bbinvert-block\u00bb][vc_column width=\u00bb1\/2&#8243; el_class=\u00bbpartie-txt\u00bb][vc_column_text el_class=\u00bbgros-titre fort traits-gris-droite-gauche titre-gauche vc_sep_border_width_2 vc_separator wpb_content_element vc_separator_align_left vc_sep_width_100 vc_sep_pos_align_center vc_sep_color_grey vc_separator-has-text\u00bb] EXPERTISE PROCESS \/ AUDIT [\/vc_column_text][vc_column_text]Un partenaire de confiance pour garantir<span class=\"excerpt-hellip\"> [\u2026]<\/span><\/p>\n","protected":false},"author":1,"featured_media":0,"parent":0,"menu_order":20,"comment_status":"closed","ping_status":"closed","template":"","meta":{"footnotes":""},"class_list":["post-5735","page","type-page","status-publish","hentry"],"_links":{"self":[{"href":"https:\/\/www.standard-industrie.com\/es\/wp-json\/wp\/v2\/pages\/5735","targetHints":{"allow":["GET"]}}],"collection":[{"href":"https:\/\/www.standard-industrie.com\/es\/wp-json\/wp\/v2\/pages"}],"about":[{"href":"https:\/\/www.standard-industrie.com\/es\/wp-json\/wp\/v2\/types\/page"}],"author":[{"embeddable":true,"href":"https:\/\/www.standard-industrie.com\/es\/wp-json\/wp\/v2\/users\/1"}],"replies":[{"embeddable":true,"href":"https:\/\/www.standard-industrie.com\/es\/wp-json\/wp\/v2\/comments?post=5735"}],"version-history":[{"count":0,"href":"https:\/\/www.standard-industrie.com\/es\/wp-json\/wp\/v2\/pages\/5735\/revisions"}],"wp:attachment":[{"href":"https:\/\/www.standard-industrie.com\/es\/wp-json\/wp\/v2\/media?parent=5735"}],"curies":[{"name":"wp","href":"https:\/\/api.w.org\/{rel}","templated":true}]}}