{"id":6063,"date":"2023-01-26T16:33:24","date_gmt":"2023-01-26T15:33:24","guid":{"rendered":"https:\/\/www.standard-industrie.com\/es\/?page_id=6063"},"modified":"2025-06-04T20:46:51","modified_gmt":"2025-06-04T19:46:51","slug":"eliminacion-de-costras-de-yeso-limpieza-de-silos-y-tolvas","status":"publish","type":"page","link":"https:\/\/www.standard-industrie.com\/es\/eliminacion-de-costras-de-yeso-limpieza-de-silos-y-tolvas\/","title":{"rendered":"Eliminaci\u00f3n de atascos o costras de yeso, limpieza de silos y tolvas"},"content":{"rendered":"<p>[vc_row][vc_column][vc_empty_space][vc_column_text el_class=\u00bbgros-titre fort trait-bleu traits-gris-droite-gauche titre-centre vc_separator wpb_content_element vc_separator_align_center vc_sep_width_100 vc_sep_border_width_2 vc_sep_pos_align_center vc_separator-has-text\u00bb]<\/p>\n<div class=\"vc_sep_holder vc_sep_holder_l\">\n<p class=\"vc_sep_line\" style=\"border-color: grey;\">\n<\/div>\n<h2 style=\"text-align: center;\">Servicios de limpieza de silos y tolvas contra la obstrucci\u00f3n por yeso<\/h2>\n<div class=\"vc_sep_holder vc_sep_holder_r\">\n<p class=\"vc_sep_line\" style=\"border-color: grey;\">\n<\/div>\n<p>[\/vc_column_text][\/vc_column][\/vc_row][vc_row el_class=\u00bbinvert-block\u00bb][vc_column width=\u00bb1\/2&#8243;][vc_column_text]Materiales procesados : Anhidrita, yeso, escayola<\/p>\n<p>Soluci\u00f3n propuesta:<\/p>\n<p>El brazo articulado de la <a href=\"\/es\/gironet\/\">GIRONET<\/a>, que gira 360\u00b0, <b>elimina los problemas de obstrucci\u00f3n o de formaci\u00f3n de costras de yeso<\/b>. Esta soluci\u00f3n cumple las normas de seguridad m\u00e1s estrictas:\u00a0 Evita cualquier presencia humana dentro de los silos. La intervenci\u00f3n de la GIRONET permite aumentar la capacidad de almacenamiento. La GIRONET es eficaz en todo tipo de atascos, producto o unidad de almacenamiento. Se puede utilizar sin detener la producci\u00f3n.<\/p>\n<p>Posible recuperaci\u00f3n del material extra\u00eddo.[\/vc_column_text][vc_column_text]Referencia:<\/p>\n<p><u>PLACOPLATRE<\/u> (Francia)<\/p>\n<p>La infiltraci\u00f3n de agua provoc\u00f3 la <b>formaci\u00f3n de una costra en las paredes del silo<\/b> de almacenamiento de yeso. La limpieza del silo con una GIRONET neum\u00e1tica elimin\u00f3 la costra de las paredes y restaur\u00f3 la capacidad de almacenamiento.[\/vc_column_text][\/vc_column][vc_column css_animation=\u00bbslideInRight\u00bb width=\u00bb1\/2&#8243;][vc_single_image image=\u00bb6072&#8243; img_size=\u00bbfull\u00bb alignment=\u00bbcenter\u00bb][\/vc_column][\/vc_row][vc_row][vc_column][vc_btn title=\u00bbContacto\u00bb style=\u00bbflat\u00bb shape=\u00bbsquare\u00bb color=\u00bbblack\u00bb align=\u00bbcenter\u00bb link=\u00bburl:%2Fes%2Fcontacto%2F|title:Contact%20Standard%20industrie\u00bb][\/vc_column][\/vc_row][vc_row][vc_column][vc_empty_space][vc_column_text el_class=\u00bbgros-titre fort trait-bleu traits-gris-droite-gauche titre-centre vc_separator wpb_content_element vc_separator_align_center vc_sep_width_100 vc_sep_border_width_2 vc_sep_pos_align_center vc_separator-has-text\u00bb]<\/p>\n<div class=\"vc_sep_holder vc_sep_holder_l\">\n<p class=\"vc_sep_line\" style=\"border-color: grey;\">\n<\/div>\n<h2 style=\"text-align: center;\">Limpieza con pistola de aire AIRCHOC de yeso, anhidrita o escayola<\/h2>\n<div class=\"vc_sep_holder vc_sep_holder_r\">\n<p class=\"vc_sep_line\" style=\"border-color: grey;\">\n<\/div>\n<p>[\/vc_column_text][\/vc_column][\/vc_row][vc_row el_class=\u00bbinvert-block\u00bb][vc_column css_animation=\u00bbslideInLeft\u00bb width=\u00bb1\/2&#8243;][vc_single_image image=\u00bb6073&#8243; img_size=\u00bbfull\u00bb alignment=\u00bbcenter\u00bb][\/vc_column][vc_column width=\u00bb1\/2&#8243;][vc_column_text]<strong>Soluci\u00f3n propuesta: <\/strong><\/p>\n<p>La <b>instalaci\u00f3n de ca\u00f1ones de aire<\/b> <a href=\"\/es\/airchoc-wireless\/\">AIRCHOC<\/a> en varios puntos estrat\u00e9gicos, es decir, al principio del proceso, donde el yeso est\u00e1 todav\u00eda en forma de polvo, resuelve los problemas de flujo y asegura una extracci\u00f3n mucho m\u00e1s suave del producto.[\/vc_column_text][vc_column_text]Referencia:<\/p>\n<p><u>KNAUF<\/u> (Francia)<\/p>\n<p>El <b>yeso contenido en los silos y tolvas<\/b> se vuelve m\u00e1s pegajoso y, por tanto, se obstruye m\u00e1s, dificultando su extracci\u00f3n. Por ello, KNAUF opt\u00f3 por el rendimiento de las tomas AIRCHOCS colocadas en sus instalaciones. Se han instalado 3 tipos de ca\u00f1ones de aire seg\u00fan el contenedor y la frecuencia de disparo requerida.[\/vc_column_text][\/vc_column][\/vc_row][vc_row][vc_column][vc_empty_space][vc_column_text el_class=\u00bbgros-titre fort trait-bleu traits-gris-droite-gauche titre-centre vc_separator wpb_content_element vc_separator_align_center vc_sep_width_100 vc_sep_border_width_2 vc_sep_pos_align_center vc_separator-has-text\u00bb]<\/p>\n<div class=\"vc_sep_holder vc_sep_holder_l\">\n<p class=\"vc_sep_line\" style=\"border-color: grey;\">\n<\/div>\n<h2 style=\"text-align: center;\">Soluci\u00f3n de aspiraci\u00f3n industrial para polvo de escayola<\/h2>\n<div class=\"vc_sep_holder vc_sep_holder_r\">\n<p class=\"vc_sep_line\" style=\"border-color: grey;\">\n<\/div>\n<p>[\/vc_column_text][\/vc_column][\/vc_row][vc_row el_class=\u00bbinvert-block\u00bb][vc_column width=\u00bb1\/2&#8243;][vc_column_text]Soluci\u00f3n propuesta:<\/p>\n<p>La unidad de aspiraci\u00f3n m\u00f3vil, conectada a la red de aspiraci\u00f3n de la f\u00e1brica, permite llegar a cualquier lugar de dif\u00edcil acceso con una r\u00e1pida velocidad de actuaci\u00f3n<\/p>\n<p>+ M\u00faltiples posibilidades de vaciado gracias a: contenedores, big-bags, bidones, volquetes, manipulaci\u00f3n continua[\/vc_column_text][vc_column_text]Referencia:<\/p>\n<p><u>BPB<\/u> (REINO UNIDO)<\/p>\n<p>La instalaci\u00f3n de un GAD con una caja de aislamiento ac\u00fastico de alto rendimiento en la zona de producci\u00f3n reduce los niveles de polvo y ruido por debajo de los 81 dB.<\/p>\n<p><u>RIGIPS<\/u> (Alemania)<\/p>\n<p>Tras una demostraci\u00f3n del GAD50MVS, el cliente deseaba adquirir este equipo de segunda mano para reducir su inversi\u00f3n. Instalado en su red de aspiraci\u00f3n existente, el GAD permite una limpieza regular para garantizar la seguridad de los operarios. La m\u00e1quina est\u00e1 conectada a un preseparador. El material se recupera en grandes bolsas.<\/p>\n<p><u>SINIAT<\/u> (Francia)<\/p>\n<p>Para la limpieza de toda su f\u00e1brica, este cliente opt\u00f3 por un GAD de alto vac\u00edo debido a la distancia de las numerosas curvas y a la naturaleza de los productos. La m\u00e1quina fue insonorizada, ya que la f\u00e1brica est\u00e1 cerca de zonas residenciales. El cliente qued\u00f3 satisfecho con el rendimiento y el nivel de ruido del GAD.[\/vc_column_text][\/vc_column][vc_column css_animation=\u00bbslideInRight\u00bb width=\u00bb1\/2&#8243;][vc_single_image image=\u00bb6074&#8243; img_size=\u00bbfull\u00bb alignment=\u00bbcenter\u00bb][\/vc_column][\/vc_row][vc_row][vc_column][vc_btn title=\u00bbContacto\u00bb style=\u00bbflat\u00bb shape=\u00bbsquare\u00bb color=\u00bbblack\u00bb align=\u00bbcenter\u00bb link=\u00bburl:%2Fes%2Fcontacto%2F|title:Contact%20Standard%20industrie\u00bb][\/vc_column][\/vc_row][vc_row][vc_column][vc_empty_space][vc_column_text el_class=\u00bbgros-titre fort trait-bleu traits-gris-droite-gauche titre-centre vc_separator wpb_content_element vc_separator_align_center vc_sep_width_100 vc_sep_border_width_2 vc_sep_pos_align_center vc_separator-has-text\u00bb]<\/p>\n<div class=\"vc_sep_holder vc_sep_holder_l\">\n<p class=\"vc_sep_line\" style=\"border-color: grey;\">\n<\/div>\n<h2 style=\"text-align: center;\">Soluci\u00f3n de estanquidad para la cinta transportadora de materias primas<\/h2>\n<div class=\"vc_sep_holder vc_sep_holder_r\">\n<p class=\"vc_sep_line\" style=\"border-color: grey;\">\n<\/div>\n<p>[\/vc_column_text][\/vc_column][\/vc_row][vc_row el_class=\u00bbinvert-block\u00bb][vc_column css_animation=\u00bbslideInLeft\u00bb][vc_column_text]Las malas condiciones meteorol\u00f3gicas pueden hacer que el material salga volando de la cinta transportadora a la salida de la mina.<\/p>\n<p>Soluci\u00f3n propuesta:<\/p>\n<p>El LIFTUBE colocado en el transportador garantiza el sellado y evita as\u00ed que el producto se quede atascado entre la pared y la cinta. El LIFTUBE evita la acumulaci\u00f3n de material, que a largo plazo puede provocar el desplazamiento de la cinta.<\/p>\n<p class=\"fort\">Econom\u00eda:<\/p>\n<ul>\n<li>Disminuye los costes y el tiempo de limpieza.<\/li>\n<li>Optimizar la extracci\u00f3n de anhidrita o yeso.<\/li>\n<\/ul>\n<p class=\"fort\">La seguridad:<\/p>\n<ul>\n<li>Garantizar la limpieza de la obra y, por tanto, la seguridad del operario<\/li>\n<\/ul>\n<p class=\"fort\">Medio ambiente:<\/p>\n<ul>\n<li>Asegurar la extracci\u00f3n sin producir emisiones de polvo, que son perjudiciales para el medio ambiente.<\/li>\n<\/ul>\n<p>[\/vc_column_text][vc_column_text]R\u00e9f\u00e9rence client\u00a0:<\/p>\n<p><u>KNAUF<\/u> (Allemagne)<br \/>\nL\u2019installation du LIFTUBE\u00ae chez KNAUF Wilandsheim a permis de r\u00e9duire le temps de nettoyage de 90%. Ainsi le site est propre et le client n\u2019a plus besoin de faire appel \u00e0 une entreprise de nettoyage. De plus les pertes de mati\u00e8res ainsi que la contamination de l\u2019environnement ont fortement diminu\u00e9es.[\/vc_column_text][\/vc_column][\/vc_row][vc_row][vc_column][vc_images_carousel images=\u00bb6065,6066,6067,6068,6069,6070,6071&#8243; img_size=\u00bbfull\u00bb speed=\u00bb2000&#8243; slides_per_view=\u00bb3&#8243; autoplay=\u00bbyes\u00bb hide_pagination_control=\u00bbyes\u00bb][\/vc_column][\/vc_row]<\/p>\n","protected":false},"excerpt":{"rendered":"<p>[vc_row][vc_column][vc_empty_space][vc_column_text el_class=\u00bbgros-titre fort trait-bleu traits-gris-droite-gauche titre-centre vc_separator wpb_content_element vc_separator_align_center vc_sep_width_100 vc_sep_border_width_2 vc_sep_pos_align_center vc_separator-has-text\u00bb] Servicios de limpieza de silos y tolvas contra la obstrucci\u00f3n por yeso [\/vc_column_text][\/vc_column][\/vc_row][vc_row<span class=\"excerpt-hellip\"> [\u2026]<\/span><\/p>\n","protected":false},"author":1,"featured_media":0,"parent":0,"menu_order":0,"comment_status":"closed","ping_status":"closed","template":"","meta":{"footnotes":""},"class_list":["post-6063","page","type-page","status-publish","hentry"],"_links":{"self":[{"href":"https:\/\/www.standard-industrie.com\/es\/wp-json\/wp\/v2\/pages\/6063","targetHints":{"allow":["GET"]}}],"collection":[{"href":"https:\/\/www.standard-industrie.com\/es\/wp-json\/wp\/v2\/pages"}],"about":[{"href":"https:\/\/www.standard-industrie.com\/es\/wp-json\/wp\/v2\/types\/page"}],"author":[{"embeddable":true,"href":"https:\/\/www.standard-industrie.com\/es\/wp-json\/wp\/v2\/users\/1"}],"replies":[{"embeddable":true,"href":"https:\/\/www.standard-industrie.com\/es\/wp-json\/wp\/v2\/comments?post=6063"}],"version-history":[{"count":0,"href":"https:\/\/www.standard-industrie.com\/es\/wp-json\/wp\/v2\/pages\/6063\/revisions"}],"wp:attachment":[{"href":"https:\/\/www.standard-industrie.com\/es\/wp-json\/wp\/v2\/media?parent=6063"}],"curies":[{"name":"wp","href":"https:\/\/api.w.org\/{rel}","templated":true}]}}