{"id":6292,"date":"2023-05-05T10:38:28","date_gmt":"2023-05-05T09:38:28","guid":{"rendered":"https:\/\/www.standard-industrie.com\/es\/?page_id=6292"},"modified":"2025-06-04T20:47:33","modified_gmt":"2025-06-04T19:47:33","slug":"soluciones-de-aspiracion-y-descolmataje-para-la-industria-de-la-madera","status":"publish","type":"page","link":"https:\/\/www.standard-industrie.com\/es\/soluciones-de-aspiracion-y-descolmataje-para-la-industria-de-la-madera\/","title":{"rendered":"Soluciones de aspiraci\u00f3n y descolmataje para la industria de la madera"},"content":{"rendered":"<p>[vc_row][vc_column][vc_empty_space][vc_column_text el_class=\u00bbgros-titre fort trait-bleu traits-gris-droite-gauche titre-centre vc_separator wpb_content_element vc_separator_align_center vc_sep_width_100 vc_sep_border_width_2 vc_sep_pos_align_center vc_separator-has-text\u00bb]<\/p>\n<div class=\"vc_sep_holder vc_sep_holder_l\">\n<p class=\"vc_sep_line\" style=\"border-color: grey;\">\n<\/div>\n<h2 style=\"text-align: center;\">Soluci\u00f3n de descolmataje para la industria de la madera<\/h2>\n<div class=\"vc_sep_holder vc_sep_holder_r\">\n<p class=\"vc_sep_line\" style=\"border-color: grey;\">\n<\/div>\n<p>[\/vc_column_text][\/vc_column][\/vc_row][vc_row el_class=\u00bbinvert-block\u00bb][vc_column width=\u00bb1\/2&#8243;][vc_column_text]Nuestros equipos de mantenimiento para aserraderos, carpinter\u00edas, plantas de biomasa, fabricantes de celulosa, papel y cart\u00f3n, etc. han permitido a nuestros clientes de la industria de la madera mejorar sus condiciones de funcionamiento y lograr aumentos de productividad.<\/p>\n<p>Standard Industrie le ofrece l<b>as soluciones de limpieza de ca\u00f1\u00f3n de aire comprimido AIRCHOC\u00ae<\/b> para :<\/p>\n<ul>\n<li>Evitar los atascos en silos, tolvas, dep\u00f3sitos de almacenamiento de serr\u00edn, virutas de madera, eucalipto, olivo, celulosa, pellets, briquetas, p\u00e9lets, cenizas de madera, biocombustibles comprimidos, etc.<\/li>\n<li><b>Eliminar los residuos de material en tolvas o conductos<\/b> (caldera de biomasa para el sector dendroenerg\u00e9tico). Por ejemplo: eliminaci\u00f3n de las b\u00f3vedas formadas en los conductos de alimentaci\u00f3n de la caldera de biomasa. <a href=\"https:\/\/www.standard-industrie.com\/es\/airchoc-wireless\/\" target=\"_blank\" rel=\"noopener\">El sistema de ca\u00f1\u00f3n de aire<\/a> evita la formaci\u00f3n de dep\u00f3sitos en la tolva que contiene el material vegetal que alimenta la caldera y ayuda a mantener limpios los haces del economizador.<\/li>\n<li>Partes del circuito cerrado: limpieza, barrido de cenizas de los haces en los economizadores y en el enfriador.<\/li>\n<\/ul>\n<p>[\/vc_column_text][\/vc_column][vc_column css_animation=\u00bbslideInRight\u00bb width=\u00bb1\/2&#8243;][vc_single_image image=\u00bb6306&#8243; img_size=\u00bbfull\u00bb alignment=\u00bbcenter\u00bb][\/vc_column][\/vc_row][vc_row][vc_column][vc_btn title=\u00bbCont\u00e1ctenos\u00bb style=\u00bbflat\u00bb shape=\u00bbsquare\u00bb color=\u00bbblack\u00bb align=\u00bbcenter\u00bb link=\u00bburl:%2Fcontact%2F|title:Contact%20Standard%20industrie\u00bb][\/vc_column][\/vc_row][vc_row][vc_column][vc_empty_space][vc_column_text el_class=\u00bbgros-titre fort trait-bleu traits-gris-droite-gauche titre-centre vc_separator wpb_content_element vc_separator_align_center vc_sep_width_100 vc_sep_border_width_2 vc_sep_pos_align_center vc_separator-has-text\u00bb]<\/p>\n<div class=\"vc_sep_holder vc_sep_holder_l\">\n<p class=\"vc_sep_line\" style=\"border-color: grey;\">\n<\/div>\n<h2 style=\"text-align: center;\">Equipamos la sala de producci\u00f3n con un sistema de aspiraci\u00f3n industrial que permite :<\/h2>\n<div class=\"vc_sep_holder vc_sep_holder_r\">\n<p class=\"vc_sep_line\" style=\"border-color: grey;\">\n<\/div>\n<p>[\/vc_column_text][\/vc_column][\/vc_row][vc_row el_class=\u00bbinvert-block\u00bb][vc_column css_animation=\u00bbslideInLeft\u00bb width=\u00bb1\/2&#8243;][vc_single_image image=\u00bb6303&#8243; img_size=\u00bbfull\u00bb alignment=\u00bbcenter\u00bb][\/vc_column][vc_column width=\u00bb1\/2&#8243;][vc_column_text]<\/p>\n<ul>\n<li><b>Reducir las emisiones de polvo de madera<\/b> y limitar la formaci\u00f3n de capas de polvo de madera.<\/li>\n<li>Reducir el polvo de madera en los equipos el\u00e9ctricos para evitar cualquier riesgo de incendio con el fin de cumplir con las normas de seguros &#8211; Atex.<\/li>\n<li>Recuperar el material para volver a introducirlo en el circuito de producci\u00f3n.<\/li>\n<\/ul>\n<p>[\/vc_column_text][\/vc_column][\/vc_row][vc_row][vc_column][vc_empty_space][vc_column_text el_class=\u00bbgros-titre fort trait-bleu traits-gris-droite-gauche titre-centre vc_separator wpb_content_element vc_separator_align_center vc_sep_width_100 vc_sep_border_width_2 vc_sep_pos_align_center vc_separator-has-text\u00bb]<\/p>\n<div class=\"vc_sep_holder vc_sep_holder_l\"><\/div>\n<h2 style=\"text-align: center;\">Nuestro sistema de cubierta para transportadores LIFTUBE\u00ae permite :<\/h2>\n<div class=\"vc_sep_holder vc_sep_holder_r\">\n<p class=\"vc_sep_line\" style=\"border-color: grey;\">\n<\/div>\n<p>[\/vc_column_text][\/vc_column][\/vc_row][vc_row el_class=\u00bbinvert-block\u00bb][vc_column width=\u00bb1\/2&#8243;][vc_column_text]<\/p>\n<ul>\n<li>Reduzca la humedad optimizando sus cintas transportadoras de pellets de madera, serr\u00edn, pellets de madera, etc.<\/li>\n<li><b>Limite las emisiones de polvo de madera<\/b><\/li>\n<li>Evite derrames y p\u00e9rdidas de material al transportar madera por cinta.<\/li>\n<\/ul>\n<p>[\/vc_column_text][\/vc_column][vc_column css_animation=\u00bbslideInRight\u00bb width=\u00bb1\/2&#8243;][vc_single_image image=\u00bb6304&#8243; img_size=\u00bbfull\u00bb alignment=\u00bbcenter\u00bb][\/vc_column][\/vc_row][vc_row][vc_column][vc_btn title=\u00bbCont\u00e1ctenos\u00bb style=\u00bbflat\u00bb shape=\u00bbsquare\u00bb color=\u00bbblack\u00bb align=\u00bbcenter\u00bb link=\u00bburl:%2Fcontact%2F|title:Contact%20Standard%20industrie\u00bb][\/vc_column][\/vc_row]<\/p>\n","protected":false},"excerpt":{"rendered":"<p>[vc_row][vc_column][vc_empty_space][vc_column_text el_class=\u00bbgros-titre fort trait-bleu traits-gris-droite-gauche titre-centre vc_separator wpb_content_element vc_separator_align_center vc_sep_width_100 vc_sep_border_width_2 vc_sep_pos_align_center vc_separator-has-text\u00bb] Soluci\u00f3n de descolmataje para la industria de la madera [\/vc_column_text][\/vc_column][\/vc_row][vc_row el_class=\u00bbinvert-block\u00bb][vc_column width=\u00bb1\/2&#8243;][vc_column_text]Nuestros equipos<span class=\"excerpt-hellip\"> [\u2026]<\/span><\/p>\n","protected":false},"author":1,"featured_media":0,"parent":0,"menu_order":0,"comment_status":"closed","ping_status":"closed","template":"","meta":{"footnotes":""},"class_list":["post-6292","page","type-page","status-publish","hentry"],"_links":{"self":[{"href":"https:\/\/www.standard-industrie.com\/es\/wp-json\/wp\/v2\/pages\/6292","targetHints":{"allow":["GET"]}}],"collection":[{"href":"https:\/\/www.standard-industrie.com\/es\/wp-json\/wp\/v2\/pages"}],"about":[{"href":"https:\/\/www.standard-industrie.com\/es\/wp-json\/wp\/v2\/types\/page"}],"author":[{"embeddable":true,"href":"https:\/\/www.standard-industrie.com\/es\/wp-json\/wp\/v2\/users\/1"}],"replies":[{"embeddable":true,"href":"https:\/\/www.standard-industrie.com\/es\/wp-json\/wp\/v2\/comments?post=6292"}],"version-history":[{"count":0,"href":"https:\/\/www.standard-industrie.com\/es\/wp-json\/wp\/v2\/pages\/6292\/revisions"}],"wp:attachment":[{"href":"https:\/\/www.standard-industrie.com\/es\/wp-json\/wp\/v2\/media?parent=6292"}],"curies":[{"name":"wp","href":"https:\/\/api.w.org\/{rel}","templated":true}]}}