{"id":6348,"date":"2024-02-06T17:41:08","date_gmt":"2024-02-06T16:41:08","guid":{"rendered":"https:\/\/www.standard-industrie.com\/es\/?page_id=6348"},"modified":"2025-06-04T20:52:53","modified_gmt":"2025-06-04T19:52:53","slug":"soluciones-de-limpieza-y-desempolvado-para-la-industria-del-papel-y-el-carton","status":"publish","type":"page","link":"https:\/\/www.standard-industrie.com\/es\/soluciones-de-limpieza-y-desempolvado-para-la-industria-del-papel-y-el-carton\/","title":{"rendered":"Soluciones de limpieza y desempolvado para la industria del papel y el cart\u00f3n"},"content":{"rendered":"<p>[vc_row][vc_column][vc_empty_space][vc_column_text el_class=\u00bbgros-titre fort trait-bleu traits-gris-droite-gauche titre-centre vc_separator wpb_content_element vc_separator_align_center vc_sep_width_100 vc_sep_border_width_2 vc_sep_pos_align_center vc_separator-has-text\u00bb]<\/p>\n<div class=\"vc_sep_holder vc_sep_holder_l\">\n<p class=\"vc_sep_line\" style=\"border-color: grey;\">\n<\/div>\n<h2 style=\"text-align: center;\">Limpieza del economizador de la caldera en la industria del papel y el cart\u00f3n<\/h2>\n<div class=\"vc_sep_holder vc_sep_holder_r\">\n<p class=\"vc_sep_line\" style=\"border-color: grey;\">\n<\/div>\n<p>[\/vc_column_text][\/vc_column][\/vc_row][vc_row content_placement=\u00bbmiddle\u00bb el_class=\u00bbinvert-block\u00bb][vc_column width=\u00bb1\/2&#8243;][vc_column_text]Las calderas utilizadas para producir pasta de papel y licor negro deben garantizar un alto rendimiento en la producci\u00f3n de vapor. Por ello, hay que evitar el ensuciamiento de los economizadores de las calderas. La soluci\u00f3n de limpieza con pistola de aire <a href=\"\/es\/canon-de-aire-airchoc\/\">AIRCHOC<\/a> act\u00faa directamente sobre los haces de economizadores de las calderas.[\/vc_column_text][\/vc_column][vc_column css_animation=\u00bbslideInRight\u00bb width=\u00bb1\/2&#8243;][vc_single_image image=\u00bb6349&#8243; img_size=\u00bbfull\u00bb alignment=\u00bbcenter\u00bb][\/vc_column][\/vc_row][vc_row][vc_column][vc_btn title=\u00bbContacto\u00bb style=\u00bbflat\u00bb shape=\u00bbsquare\u00bb color=\u00bbblack\u00bb align=\u00bbcenter\u00bb link=\u00bburl:%2Fes%2Fcontacto%2F|title:Contact%20Standard%20industrie\u00bb][\/vc_column][\/vc_row][vc_row][vc_column][vc_empty_space][vc_column_text el_class=\u00bbgros-titre fort trait-bleu traits-gris-droite-gauche titre-centre vc_separator wpb_content_element vc_separator_align_center vc_sep_width_100 vc_sep_border_width_2 vc_sep_pos_align_center vc_separator-has-text\u00bb]<\/p>\n<div class=\"vc_sep_holder vc_sep_holder_l\">\n<p class=\"vc_sep_line\" style=\"border-color: grey;\">\n<\/div>\n<h2 style=\"text-align: center;\">Limpieza de f\u00e1bricas de pasta<\/h2>\n<div class=\"vc_sep_holder vc_sep_holder_r\">\n<p class=\"vc_sep_line\" style=\"border-color: grey;\">\n<\/div>\n<p>[\/vc_column_text][\/vc_column][\/vc_row][vc_row content_placement=\u00bbmiddle\u00bb el_class=\u00bbinvert-block\u00bb][vc_column css_animation=\u00bbslideInLeft\u00bb width=\u00bb1\/2&#8243;][vc_single_image image=\u00bb6350&#8243; img_size=\u00bbfull\u00bb alignment=\u00bbcenter\u00bb][\/vc_column][vc_column width=\u00bb1\/2&#8243;][vc_column_text]La <b>producci\u00f3n de papel y cart\u00f3n<\/b> provoca <b>dep\u00f3sitos de polvo de celulosa<\/b>.\u00a0 Esto requiere una limpieza peri\u00f3dica, lo que repercute considerablemente en los costes de explotaci\u00f3n.<\/p>\n<p>Las <b>soluciones de extracci\u00f3n industrial para plantas de producci\u00f3n de papel<\/b> se utilizan para extraer el <b>polvo generado por la preparaci\u00f3n de la materia prima<\/b>. Una m\u00e1quina de extracci\u00f3n conectada en red limita la contaminaci\u00f3n del aire interior y garantiza la seguridad de los operarios, adem\u00e1s de mantener la productividad de la planta.[\/vc_column_text][\/vc_column][\/vc_row][vc_row][vc_column][vc_empty_space][vc_column_text el_class=\u00bbgros-titre fort trait-bleu traits-gris-droite-gauche titre-centre vc_separator wpb_content_element vc_separator_align_center vc_sep_width_100 vc_sep_border_width_2 vc_sep_pos_align_center vc_separator-has-text\u00bb]<\/p>\n<div class=\"vc_sep_holder vc_sep_holder_l\">\n<p class=\"vc_sep_line\" style=\"border-color: grey;\">\n<\/div>\n<h2 style=\"text-align: center;\">Sellado de cintas transportadoras para la industria del papel y el cart\u00f3n<\/h2>\n<div class=\"vc_sep_holder vc_sep_holder_r\">\n<p class=\"vc_sep_line\" style=\"border-color: grey;\">\n<\/div>\n<p>[\/vc_column_text][\/vc_column][\/vc_row][vc_row content_placement=\u00bbmiddle\u00bb el_class=\u00bbinvert-block\u00bb][vc_column width=\u00bb1\/2&#8243;][vc_column_text]Ces combustibles, tr\u00e8s fins et volatiles, forment beaucoup de poussi\u00e8re dans l\u2019environnement, rendant ce dernier dangereux pour les op\u00e9rateurs. Il est donc n\u00e9cessaire de couvrir les bandes transportant les combustibles alternatifs. La <a href=\"\/liftube-optimisation-convoyeur-a-bande\/\">solution LIFTUBE\u00ae<\/a> garantit l\u2019\u00e9tanch\u00e9it\u00e9 des convoyeurs utilis\u00e9s pour la production de papier et carton : bande transporteuse pour bois, d\u00e9chet de papier, combustibles alternatifs et biomasse.<\/p>\n<p>Estos combustibles, muy finos y vol\u00e1tiles, forman mucho polvo en el ambiente, lo que resulta peligroso para los operarios. Por ello, es necesario cubrir las cintas que transportan los combustibles alternativos. La <a href=\"\/es\/sistema-liftube\/\">soluci\u00f3n LIFTUBE<\/a> garantiza la <b>estanqueidad de las cintas transportadoras utilizadas en la producci\u00f3n de papel y cart\u00f3n<\/b>: cintas transportadoras de madera, papel usado, combustibles alternativos y biomasa, etc.[\/vc_column_text][\/vc_column][vc_column css_animation=\u00bbslideInRight\u00bb width=\u00bb1\/2&#8243;][vc_single_image image=\u00bb6357&#8243; img_size=\u00bbfull\u00bb alignment=\u00bbcenter\u00bb][\/vc_column][\/vc_row][vc_row][vc_column][vc_btn title=\u00bbContacto\u00bb style=\u00bbflat\u00bb shape=\u00bbsquare\u00bb color=\u00bbblack\u00bb align=\u00bbcenter\u00bb link=\u00bburl:%2Fes%2Fcontacto%2F|title:Contact%20Standard%20industrie\u00bb][\/vc_column][\/vc_row]<\/p>\n","protected":false},"excerpt":{"rendered":"<p>[vc_row][vc_column][vc_empty_space][vc_column_text el_class=\u00bbgros-titre fort trait-bleu traits-gris-droite-gauche titre-centre vc_separator wpb_content_element vc_separator_align_center vc_sep_width_100 vc_sep_border_width_2 vc_sep_pos_align_center vc_separator-has-text\u00bb] Limpieza del economizador de la caldera en la industria del papel y el<span class=\"excerpt-hellip\"> [\u2026]<\/span><\/p>\n","protected":false},"author":1,"featured_media":0,"parent":0,"menu_order":0,"comment_status":"closed","ping_status":"closed","template":"","meta":{"footnotes":""},"class_list":["post-6348","page","type-page","status-publish","hentry"],"_links":{"self":[{"href":"https:\/\/www.standard-industrie.com\/es\/wp-json\/wp\/v2\/pages\/6348","targetHints":{"allow":["GET"]}}],"collection":[{"href":"https:\/\/www.standard-industrie.com\/es\/wp-json\/wp\/v2\/pages"}],"about":[{"href":"https:\/\/www.standard-industrie.com\/es\/wp-json\/wp\/v2\/types\/page"}],"author":[{"embeddable":true,"href":"https:\/\/www.standard-industrie.com\/es\/wp-json\/wp\/v2\/users\/1"}],"replies":[{"embeddable":true,"href":"https:\/\/www.standard-industrie.com\/es\/wp-json\/wp\/v2\/comments?post=6348"}],"version-history":[{"count":0,"href":"https:\/\/www.standard-industrie.com\/es\/wp-json\/wp\/v2\/pages\/6348\/revisions"}],"wp:attachment":[{"href":"https:\/\/www.standard-industrie.com\/es\/wp-json\/wp\/v2\/media?parent=6348"}],"curies":[{"name":"wp","href":"https:\/\/api.w.org\/{rel}","templated":true}]}}