{"id":85,"date":"2014-05-20T10:58:02","date_gmt":"2014-05-20T09:58:02","guid":{"rendered":"https:\/\/www.standard-industrie.com\/es\/?page_id=85"},"modified":"2023-02-08T10:02:45","modified_gmt":"2023-02-08T09:02:45","slug":"nuestra-historia","status":"publish","type":"page","link":"https:\/\/www.standard-industrie.com\/es\/nuestra-historia\/","title":{"rendered":"NUESTRA HISTORIA"},"content":{"rendered":"<p>[vc_row][vc_column][vc_empty_space][vc_column_text el_class=\u00bbgros-titre fort traits-gris-droite-gauche titre-gauche vc_sep_border_width_2 vc_separator wpb_content_element vc_separator_align_left vc_sep_width_100 vc_sep_pos_align_center vc_sep_color_grey vc_separator-has-text\u00bb]<\/p>\n<div class=\"vc_sep_holder vc_sep_holder_l\">\n<p class=\"vc_sep_line\" style=\"border-color: grey;\">\n<\/div>\n<h2>UNA IDEA AT\u00cdPICA: EL PRINCIPIO DE LA CISTERNA<\/h2>\n<div class=\"vc_sep_holder vc_sep_holder_r\">\n<p class=\"vc_sep_line\" style=\"border-color: grey;\">\n<\/div>\n<p>[\/vc_column_text][\/vc_column][\/vc_row][vc_row el_class=\u00bbinvert-block\u00bb][vc_column width=\u00bb1\/2&#8243;][vc_column_text]En 1977, Herv\u00e9 Simo\u00ebns se ve\u00eda confrontado con frecuencia a problemas de evacuaci\u00f3n de materia en unidades de almacenamiento como silos o tolvas. En aquella \u00e9poca, la principal soluci\u00f3n para remediar esta situaci\u00f3n era el panel inflable, que era muy eficaz, pero no se pod\u00eda aplicar a todos los tipos de materia. Adem\u00e1s, representaba unos costes considerables de instalaci\u00f3n y revisi\u00f3n, sin contar con sus dificultades de mantenimiento.<\/p>\n<p>&nbsp;<\/p>\n<p>El origen del ca\u00f1\u00f3n de aire AIRCHOC\u00ae se basa en el principio de la cisterna. La idea consist\u00eda en desarrollar un mecanismo situado por fuera de su medio de intervenci\u00f3n, pero la energ\u00eda ten\u00eda que ser diferente. En la industria, el aire comprimido es la energ\u00eda menos perjudicial y est\u00e1 disponible en casi todas partes.<\/p>\n<p>&nbsp;<\/p>\n<p>Durante varios meses de investigaci\u00f3n, se han realizado pruebas a partir de este principio con la creaci\u00f3n de un sistema de apertura instant\u00e1nea. El concepto parec\u00eda prometedor.[\/vc_column_text][vc_column_text]A fuerza de perseverancia, Herv\u00e9 Simo\u00ebns registraba su primera patente del ca\u00f1\u00f3n de aire AIRCHOC\u00ae en 1978 y creaba STANDARD INDUSTRIE International.<\/p>\n<p>&nbsp;<\/p>\n<p>Como la sociedad ten\u00eda su sede en el norte de Francia, empez\u00f3 primero con la prospecci\u00f3n de mercados en esta regi\u00f3n. Los primeros clientes que confiaron en \u00e9l fueron:<\/p>\n<p>\u2013 USINOR (actualmente, ARCELOR)<br \/>\n\u2013 SURCHISTE derivada de las minas de carb\u00f3n del Nord-Pas de Calais<br \/>\n\u2013 Cementos LAFARGE en el municipio de Haubourdin<br \/>\n\u2013 VALRHONA<\/p>\n<p>&nbsp;<\/p>\n<p>Con estas referencias, no han tardado en aparecer otros clientes de grupos o sectores de actividad similares.<\/p>\n<p>&nbsp;<\/p>\n<p>En 1981, STANDARD INDUSTRIE International cruzaba las fronteras \u2014porque hasta entonces gestionaba solicitudes procedentes del territorio franc\u00e9s\u2014, poniendo su saber hacer al servicio de la cementera LAFARGE en Mequ\u00ednez (Marruecos).[\/vc_column_text][\/vc_column][vc_column css_animation=\u00bbslideInRight\u00bb width=\u00bb1\/2&#8243;][vc_raw_html]JTNDZGl2JTIwY2xhc3MlM0QlMjJ5b3V0dWJlX3BsYXllciUyMiUyMHZpZGVvSUQlM0QlMjJ6eGhucFQ1emJaYyUyMiUyMHdpZHRoJTNEJTIyNjAwJTIyJTIwaGVpZ2h0JTNEJTIyNDAwJTIyJTIwdGhlbWUlM0QlMjJsaWdodCUyMiUyMHJlbCUzRCUyMjAlMjIlMjBjb250cm9scyUzRCUyMjAlMjIlMjBzaG93aW5mbyUzRCUyMjAlMjIlMjBhdXRvcGxheSUzRCUyMjElMjIlMjBtdXRlJTNEJTIyMSUyMiUyMCUyMGxvb3AlM0QlMjIxJTIyJTIwbG9hZGluZyUzRCUyMjElMjIlM0UlM0MlMkZkaXYlM0U=[\/vc_raw_html][vc_empty_space][\/vc_column][\/vc_row][vc_row][vc_column][vc_btn title=\u00bbCont\u00e1ctenos\u00bb style=\u00bbflat\u00bb shape=\u00bbsquare\u00bb color=\u00bbblack\u00bb align=\u00bbcenter\u00bb link=\u00bburl:%2Fes%2Fcontacto%2F|title:Contact%20Standard%20industrie\u00bb][\/vc_column][\/vc_row][vc_row][vc_column][vc_empty_space][vc_column_text el_class=\u00bbgros-titre fort traits-gris-droite-gauche titre-gauche vc_sep_border_width_2 vc_separator wpb_content_element vc_separator_align_left vc_sep_width_100 vc_sep_pos_align_center vc_sep_color_grey vc_separator-has-text\u00bb]<\/p>\n<div class=\"vc_sep_holder vc_sep_holder_l\">\n<p class=\"vc_sep_line\" style=\"border-color: grey;\">\n<\/div>\n<h2>AUGE DE STANDARD INDUSTRIE INTERNATIONAL<\/h2>\n<div class=\"vc_sep_holder vc_sep_holder_r\">\n<p class=\"vc_sep_line\" style=\"border-color: grey;\">\n<\/div>\n<p>[\/vc_column_text][\/vc_column][\/vc_row][vc_row el_class=\u00bbinvert-block\u00bb][vc_column css_animation=\u00bbslideInLeft\u00bb width=\u00bb1\/2&#8243;][vc_single_image image=\u00bb4555&#8243; img_size=\u00bbfull\u00bb alignment=\u00bbcenter\u00bb][vc_empty_space][\/vc_column][vc_column width=\u00bb1\/2&#8243;][vc_column_text]Gracias a su reci\u00e9n saber hacer y su conocimiento del mercado, Herv\u00e9 Simo\u00ebns decidi\u00f3 implantar filiales en Europa: Espa\u00f1a, Italia, B\u00e9lgica, Reino Unido y Alemania. A partir de los a\u00f1os noventa, la expansi\u00f3n llegaba hasta M\u00e9xico, Sud\u00e1frica, Canad\u00e1, Estados Unidos, China y el Sudeste Asi\u00e1tico. En 2009, se abr\u00eda una oficina de representaci\u00f3n en Singapur y, en 2013, la filial estadounidense inauguraba sus nuevas instalaciones de 2500 m\u00b2.<\/p>\n<p>&nbsp;<\/p>\n<p>Con el fin de asentar la presencia de STANDARD INDUSTRIE International en todos los territorios, se decidi\u00f3 crear una red de comerciales de exportaci\u00f3n, reforzada con la presencia de agentes. En la actualidad, 7 comerciales y 50 agentes se centran en los Pa\u00edses del Este, el Sudeste Asi\u00e1tico, los pa\u00edses del Magreb, Oriente Pr\u00f3ximo y el \u00c1frica subsahariana.[\/vc_column_text][\/vc_column][\/vc_row][vc_row][vc_column][vc_empty_space][vc_column_text el_class=\u00bbgros-titre fort traits-gris-droite-gauche titre-gauche vc_sep_border_width_2 vc_separator wpb_content_element vc_separator_align_left vc_sep_width_100 vc_sep_pos_align_center vc_sep_color_grey vc_separator-has-text\u00bb]<\/p>\n<div class=\"vc_sep_holder vc_sep_holder_l\">\n<p class=\"vc_sep_line\" style=\"border-color: grey;\">\n<\/div>\n<h2>SOLUCIONES DIVERSIFICADAS AL SERVICIO DE LAS INDUSTRIAS DE GRANEL<\/h2>\n<div class=\"vc_sep_holder vc_sep_holder_r\">\n<p class=\"vc_sep_line\" style=\"border-color: grey;\">\n<\/div>\n<p>[\/vc_column_text][\/vc_column][\/vc_row][vc_row el_class=\u00bbinvert-block\u00bb][vc_column css_animation=\u00bbnone\u00bb][vc_column_text]A parte del auge geogr\u00e1fico, STANDARD INDUSTRIE International ha diversificado las gamas de sus soluciones:<\/p>\n<p>&nbsp;<\/p>\n<p>\u2013 El ca\u00f1\u00f3n de aire AIRCHOC\u00ae ha evolucionado: configuraciones diferentes, capacidades de dep\u00f3sito adaptadas a las necesidades de cada cliente, m\u00e1s aplicaciones para multitud de sectores de actividad\u2026<br \/>\nLa gama de ca\u00f1ones de aire de STANDARD INDUSTRIE International, destinada a responder a los problemas de taponamiento y concreciones, ya es la m\u00e1s amplia del mercado<\/p>\n<p>&nbsp;<\/p>\n<p>\u2013 A principios de los noventa, STANDARD INDUSTRIE International pon\u00eda a punto equipamientos destinados a efectuar prestaciones de limpieza de silos y tolvas. Fue entonces cuando POWERNET y GIRONET constituyeron la gama de \u00abLimpieza de silos y tolvas\u00bb de STANDARD INDUSTRIE International.<\/p>\n<p>&nbsp;<\/p>\n<p>\u2013 A partir de 1995, STANDARD INDUSTRIE International comenz\u00f3 la distribuci\u00f3n de m\u00e1quinas de aspiraci\u00f3n m\u00f3viles para un fabricante regional y conocido en Francia por la calidad de su material. Cuatro a\u00f1os m\u00e1s tarde, este fabricante propon\u00eda a Herv\u00e9 Simo\u00ebns que le comprara la sociedad. Con la integraci\u00f3n de este saber hacer, STANDARD INDUSTRIE International ampliaba su actividad con la gama de \u00abLimpieza industrial por aspiraci\u00f3n\u00bb.<\/p>\n<p>&nbsp;<\/p>\n<p>\u2013 En 2005, Herv\u00e9 Simo\u00ebns decidi\u00f3 enriquecer la actividad de STANDARD INDUSTRIE International mediante la adquisici\u00f3n de una patente que optimizaba los transportadores de cinta tradicionales. Comercializ\u00f3 esta soluci\u00f3n bajo el nombre de LIFTUBE\u00ae y, con el paso de los a\u00f1os, la desarroll\u00f3 en varias versiones.<\/p>\n<p>&nbsp;<\/p>\n<p>Desde 1978, STANDARD INDUSTRIE International se ha ido especializando y ha diversificado la concepci\u00f3n y fabricaci\u00f3n de equipamientos, con el objetivo de facilitar la manutenci\u00f3n de productos pulverulentos a granel, con total seguridad y respetando el medioambiente.<\/p>\n<p>&nbsp;<\/p>\n<p>Gracias a estos procedimientos, ya son 60 los sectores de actividad que optimizan el rendimiento de sus herramientas de producci\u00f3n al tiempo que reducen sus costes de explotaci\u00f3n y mantenimiento.[\/vc_column_text][\/vc_column][\/vc_row][vc_row][vc_column][vc_btn title=\u00bbCont\u00e1ctenos\u00bb style=\u00bbflat\u00bb shape=\u00bbsquare\u00bb color=\u00bbblack\u00bb align=\u00bbcenter\u00bb link=\u00bburl:%2Fes%2Fcontacto%2F|title:Contact%20Standard%20industrie\u00bb][\/vc_column][\/vc_row]<\/p>\n","protected":false},"excerpt":{"rendered":"<p>[vc_row][vc_column][vc_empty_space][vc_column_text el_class=\u00bbgros-titre fort traits-gris-droite-gauche titre-gauche vc_sep_border_width_2 vc_separator wpb_content_element vc_separator_align_left vc_sep_width_100 vc_sep_pos_align_center vc_sep_color_grey vc_separator-has-text\u00bb] UNA IDEA AT\u00cdPICA: EL PRINCIPIO DE LA CISTERNA [\/vc_column_text][\/vc_column][\/vc_row][vc_row el_class=\u00bbinvert-block\u00bb][vc_column width=\u00bb1\/2&#8243;][vc_column_text]En 1977, Herv\u00e9<span class=\"excerpt-hellip\"> [\u2026]<\/span><\/p>\n","protected":false},"author":1,"featured_media":0,"parent":0,"menu_order":82,"comment_status":"open","ping_status":"open","template":"single-standard.php","meta":{"footnotes":""},"class_list":["post-85","page","type-page","status-publish","hentry"],"_links":{"self":[{"href":"https:\/\/www.standard-industrie.com\/es\/wp-json\/wp\/v2\/pages\/85","targetHints":{"allow":["GET"]}}],"collection":[{"href":"https:\/\/www.standard-industrie.com\/es\/wp-json\/wp\/v2\/pages"}],"about":[{"href":"https:\/\/www.standard-industrie.com\/es\/wp-json\/wp\/v2\/types\/page"}],"author":[{"embeddable":true,"href":"https:\/\/www.standard-industrie.com\/es\/wp-json\/wp\/v2\/users\/1"}],"replies":[{"embeddable":true,"href":"https:\/\/www.standard-industrie.com\/es\/wp-json\/wp\/v2\/comments?post=85"}],"version-history":[{"count":0,"href":"https:\/\/www.standard-industrie.com\/es\/wp-json\/wp\/v2\/pages\/85\/revisions"}],"wp:attachment":[{"href":"https:\/\/www.standard-industrie.com\/es\/wp-json\/wp\/v2\/media?parent=85"}],"curies":[{"name":"wp","href":"https:\/\/api.w.org\/{rel}","templated":true}]}}