{"id":867,"date":"2014-06-09T13:58:32","date_gmt":"2014-06-09T12:58:32","guid":{"rendered":"https:\/\/www.standard-industrie.com\/es\/?page_id=867"},"modified":"2025-06-04T21:28:32","modified_gmt":"2025-06-04T20:28:32","slug":"limpieza-industrial-por-aspiracion","status":"publish","type":"page","link":"https:\/\/www.standard-industrie.com\/es\/limpieza-industrial-por-aspiracion\/","title":{"rendered":"LIMPIEZA INDUSTRIAL POR ASPIRACI\u00d3N"},"content":{"rendered":"<p>[vc_row][vc_column][vc_empty_space][vc_column_text el_class=\u00bbgros-titre fort trait-jaune traits-gris-droite-gauche titre-centre vc_separator wpb_content_element vc_separator_align_center vc_sep_width_100 vc_sep_border_width_2 vc_sep_pos_align_center vc_separator-has-text\u00bb]<\/p>\n<div class=\"vc_sep_holder vc_sep_holder_l\">\n<p class=\"vc_sep_line\" style=\"border-color: grey;\">\n<\/div>\n<h2>NUESTRAS SOLUCIONES<\/h2>\n<div class=\"vc_sep_holder vc_sep_holder_r\">\n<p class=\"vc_sep_line\" style=\"border-color: grey;\">\n<\/div>\n<p>[\/vc_column_text][\/vc_column][\/vc_row][vc_row][vc_column width=\u00bb1\/4&#8243;][\/vc_column][vc_column width=\u00bb1\/2&#8243;][vc_column_text]Standard Industrie ofrece una amplia gama de productos para responder a sus problemas de\u00a0<a href=\"https:\/\/www.standard-industrie.com\/es\/la-limpieza-industrial\/\" rel=\"noopener\">limpeza industrial<\/a>. Para ello, le ofrecemos diferentes configuraciones que responden a sus necesidades en cualquier sector de actividad cualquier tipo de producto pulverulento a granel como cemento, gravilla, astillas de madera, carb\u00f3n o productos alimentarios. Nuestros veh\u00edculos de aspiraci\u00f3n (tipo cami\u00f3n aspirador) y nuestras m\u00e1quinas fijas o m\u00f3viles est\u00e1n destinadas a la limpieza, reciclaje y la protecci\u00f3n de las plantas industriales.[\/vc_column_text][vc_btn title=\u00bbDESCARGUE EL CAT\u00c1LOGO\u00bb style=\u00bbflat\u00bb shape=\u00bbsquare\u00bb size=\u00bbsm\u00bb align=\u00bbcenter\u00bb link=\u00bburl:%2Fes%2Fwp-content%2Fuploads%2Fsites%2F11%2F2023%2F01%2FBROCHURE_VACUUM_S-16052022-1.pdf|target:_blank\u00bb][\/vc_column][vc_column width=\u00bb1\/4&#8243;][\/vc_column][\/vc_row][vc_row content_placement=\u00bbbottom\u00bb][vc_column width=\u00bb1\/4&#8243;][vc_single_image image=\u00bb4586&#8243; img_size=\u00bbmedium\u00bb alignment=\u00bbcenter\u00bb onclick=\u00bbcustom_link\u00bb el_class=\u00bbeffect-slide-top-img-hover animation-trait-img-hover trait-jaune img-trait-titre\u00bb link=\u00bb\/es\/valnet\/\u00bb title=\u00bbVALNET\u00bb][\/vc_column][vc_column width=\u00bb1\/4&#8243;][vc_single_image image=\u00bb4588&#8243; img_size=\u00bbmedium\u00bb alignment=\u00bbcenter\u00bb onclick=\u00bbcustom_link\u00bb el_class=\u00bbeffect-slide-top-img-hover animation-trait-img-hover trait-jaune img-trait-titre\u00bb link=\u00bb\/es\/uma-compact\/\u00bb title=\u00bbUMA COMPACT\u00bb][\/vc_column][vc_column width=\u00bb1\/4&#8243;][vc_single_image image=\u00bb4866&#8243; img_size=\u00bbmedium\u00bb alignment=\u00bbcenter\u00bb onclick=\u00bbcustom_link\u00bb el_class=\u00bbeffect-slide-top-img-hover animation-trait-img-hover trait-jaune img-trait-titre\u00bb link=\u00bb\/es\/inc\/\u00bb title=\u00bbINC\u00bb][\/vc_column][vc_column width=\u00bb1\/4&#8243;][vc_single_image image=\u00bb4865&#8243; img_size=\u00bbmedium\u00bb alignment=\u00bbcenter\u00bb onclick=\u00bbcustom_link\u00bb el_class=\u00bbeffect-slide-top-img-hover animation-trait-img-hover trait-jaune img-trait-titre\u00bb link=\u00bb\/es\/gad\/\u00bb title=\u00bbGAD\u00bb][\/vc_column][\/vc_row][vc_row content_placement=\u00bbbottom\u00bb][vc_column width=\u00bb1\/4&#8243;][vc_single_image image=\u00bb4129&#8243; img_size=\u00bbmedium\u00bb alignment=\u00bbcenter\u00bb onclick=\u00bbcustom_link\u00bb el_class=\u00bbeffect-slide-top-img-hover animation-trait-img-hover trait-jaune img-trait-titre\u00bb link=\u00bb\/es\/sam\/\u00bb title=\u00bbSAM\u00bb][\/vc_column][vc_column width=\u00bb1\/4&#8243;][vc_single_image image=\u00bb4864&#8243; img_size=\u00bbmedium\u00bb alignment=\u00bbcenter\u00bb onclick=\u00bbcustom_link\u00bb el_class=\u00bbeffect-slide-top-img-hover animation-trait-img-hover trait-jaune img-trait-titre\u00bb link=\u00bb\/es\/pad\/\u00bb title=\u00bbPAD\u00bb][\/vc_column][vc_column width=\u00bb1\/4&#8243;][vc_single_image image=\u00bb4867&#8243; img_size=\u00bbmedium\u00bb alignment=\u00bbcenter\u00bb onclick=\u00bbcustom_link\u00bb el_class=\u00bbeffect-slide-top-img-hover animation-trait-img-hover trait-jaune img-trait-titre\u00bb link=\u00bb\/es\/pre-separador\/\u00bb title=\u00bbPRE-SEPARADOR\u00bb][\/vc_column][vc_column width=\u00bb1\/4&#8243;][vc_single_image image=\u00bb6044&#8243; img_size=\u00bbmedium\u00bb alignment=\u00bbcenter\u00bb onclick=\u00bbcustom_link\u00bb el_class=\u00bbeffect-slide-top-img-hover\u00bb link=\u00bb\/es\/maquinas-de-aspiracion-de-ocasion\/\u00bb][\/vc_column][\/vc_row][vc_row content_placement=\u00bbbottom\u00bb][vc_column][vc_empty_space height=\u00bb30px\u00bb][\/vc_column][\/vc_row][vc_row equal_height=\u00bbyes\u00bb][vc_column css_animation=\u00bbslideInLeft\u00bb width=\u00bb1\/2&#8243;][vc_column_text el_class=\u00bbtitre titre-long fort trait-jaune traits-gris-droite-gauche titre-centre vc_separator wpb_content_element vc_separator_align_center vc_sep_width_100 vc_sep_border_width_2 vc_sep_pos_align_center vc_separator-has-text\u00bb]<\/p>\n<div class=\"vc_sep_holder vc_sep_holder_l\">\n<p class=\"vc_sep_line\" style=\"border-color: grey;\">\n<\/div>\n<h2 style=\"text-align: center;\">UNIDADES DE ASPIRACI\u00d3N FIJAS Y M\u00d3VILES<\/h2>\n<div class=\"vc_sep_holder vc_sep_holder_r\">\n<p class=\"vc_sep_line\" style=\"border-color: grey;\">\n<\/div>\n<p>[\/vc_column_text][vc_column_text]Nuestra soluciones fijas y m\u00f3viles, que disponen de una capacidad de aspiraci\u00f3n de hasta 25 toneladas\/hora, le permiten combinar ganancia en volumen y flexibilidad. Nuestras m\u00e1quinas le permiten realizar limpiezas o bombeos.<\/p>\n<ul>\n<li>Nuestro\u00a0<b><a href=\"https:\/\/www.standard-industrie.com\/es\/pad\/\" target=\"_blank\" rel=\"noopener\">aspirador industrial con ruedas PAD<\/a><\/b>\u00a0le garantizar\u00e1 movilidad y flexibilidad en las l\u00edneas de producci\u00f3n.<\/li>\n<li>El\u00a0<b><a href=\"https:\/\/www.standard-industrie.com\/es\/sam\/\" target=\"_blank\" rel=\"noopener\">aspirador modulable y desplazable SAM<\/a><\/b>\u00a0ser\u00e1 ideal si desea una mayor capacidad de recogida tanto en silo como en contenedor.<\/li>\n<li>El\u00a0<b><a href=\"https:\/\/www.standard-industrie.com\/es\/gad\/\" target=\"_blank\" rel=\"noopener\">GAD, o grupo de aspiraci\u00f3n desplazable<\/a><\/b>, es garant\u00eda de potencia (aspiraci\u00f3n en largas distancias) y de movilidad a trav\u00e9s de una carretilla elevadora.<\/li>\n<li><b><a href=\"https:\/\/www.standard-industrie.com\/es\/sam\/\" target=\"_blank\" rel=\"noopener\">SAM<\/a><\/b>\u00a0y\u00a0<b><a href=\"https:\/\/www.standard-industrie.com\/es\/gad\/\" target=\"_blank\" rel=\"noopener\">GAD<\/a><\/b>\u00a0pueden utilizarse como\u00a0<b>aspiradores centralizados modulables<\/b>.<\/li>\n<li>La\u00a0<b><a href=\"https:\/\/www.standard-industrie.com\/es\/inc\/\" target=\"_blank\" rel=\"noopener\">central de aspiraci\u00f3n industrial INC<\/a><\/b>, es una soluci\u00f3n fija solicitada por las industrias que buscan un alto rendimiento de aspiraci\u00f3n.<\/li>\n<\/ul>\n<p>[\/vc_column_text][\/vc_column][vc_column css_animation=\u00bbslideInRight\u00bb width=\u00bb1\/2&#8243;][vc_empty_space height=\u00bb50px\u00bb][vc_column_text el_class=\u00bbtitre titre-long fort trait-jaune traits-gris-droite-gauche titre-centre vc_separator wpb_content_element vc_separator_align_center vc_sep_width_100 vc_sep_border_width_2 vc_sep_pos_align_center vc_separator-has-text\u00bb]<\/p>\n<div class=\"vc_sep_holder vc_sep_holder_l\">\n<p class=\"vc_sep_line\" style=\"border-color: grey;\">\n<\/div>\n<h2 style=\"text-align: center;\">VEH\u00cdCULOS DE ASPIRACI\u00d3N<\/h2>\n<div class=\"vc_sep_holder vc_sep_holder_r\">\n<p class=\"vc_sep_line\" style=\"border-color: grey;\">\n<\/div>\n<p>[\/vc_column_text][vc_column_text]La gama de veh\u00edculos de aspiraci\u00f3n de Standard Industrie se organiza de la siguiente manera:<\/p>\n<ul>\n<li>El\u00a0<b><a href=\"https:\/\/www.standard-industrie.com\/es\/valnet\/\" target=\"_blank\" rel=\"noopener\">VALNET, veh\u00edculo de aspiraci\u00f3n con silo<\/a><\/b>\u00a0en un formato muy compacto, es pr\u00e1ctico para los trabajos de aspiraci\u00f3n de mediana envergadura (hasta 19 toneladas\/hora). Sus dimensiones reducidas le permiten introducirse en zonas de acceso dif\u00edcil con una r\u00e1pida velocidad de acci\u00f3n. Adem\u00e1s, para conducir este veh\u00edculo solo necesitas ser titular de un permiso de conducir para turismos.<\/li>\n<li>La\u00a0<b><a href=\"https:\/\/www.standard-industrie.com\/es\/uma-compact\/\" target=\"_blank\" rel=\"noopener\">central de aspiraci\u00f3n sobre remolque UMA compacta<\/a><\/b>, puede remolcarse en una carretilla elevadora, de carga e incluso en un veh\u00edculo agr\u00edcola. Disponible en versi\u00f3n el\u00e9ctrica o di\u00e9sel, su capacidad de limpieza puede alcanzar las 30 toneladas\/hora. Esta soluci\u00f3n. que combina potencia y autonom\u00eda, es una excelente alternativa econ\u00f3mica.<\/li>\n<\/ul>\n<p>[\/vc_column_text][\/vc_column][\/vc_row][vc_row][vc_column][vc_empty_space][vc_column_text el_class=\u00bbgros-titre fort traits-gris-droite-gauche titre-centre vc_separator wpb_content_element vc_separator_align_center vc_sep_width_100 vc_sep_border_width_2 vc_sep_pos_align_center vc_separator-has-text\u00bb]<\/p>\n<div class=\"vc_sep_holder vc_sep_holder_l\">\n<p class=\"vc_sep_line\" style=\"border-color: grey;\">\n<\/div>\n<h2 style=\"text-align: center;\"><strong>PRESEPARADORES<\/strong><\/h2>\n<div class=\"vc_sep_holder vc_sep_holder_r\">\n<p class=\"vc_sep_line\" style=\"border-color: grey;\">\n<\/div>\n<p>[\/vc_column_text][\/vc_column][\/vc_row][vc_row equal_height=\u00bbyes\u00bb][vc_column offset=\u00bbvc_col-lg-6&#8243;][vc_row_inner][vc_column_inner offset=\u00bbvc_hidden-md vc_hidden-sm vc_hidden-xs\u00bb][vc_column_text]Los\u00a0<strong><a href=\"https:\/\/www.standard-industrie.com\/es\/pre-separadores\/\" target=\"_blank\" rel=\"noopener\">PRESEPARADORES<\/a><\/strong>\u00a0de Standard Industrie, tambi\u00e9n conocidos como colectores de polvo, permiten aumentar la capacidad de recogida hasta 7 m<sup>3<\/sup>\u00a0y la filtraci\u00f3n de los residuos con total seguridad.<br \/>\nEstos separadores previos, basculantes o gravitatorios, pueden desplazarse con facilidad con una carretilla elevadora, se ponen en funcionamiento r\u00e1pidamente y le garantizan una gran flexibilidad para la recuperaci\u00f3n de la materia en contenedor, sacos big-bag, volquetes, barriles, etc.[\/vc_column_text][vc_column_text][\/vc_column_text][\/vc_column_inner][\/vc_row_inner][\/vc_column][vc_column css_animation=\u00bbslideInRight\u00bb offset=\u00bbvc_col-lg-6&#8243;][vc_row_inner][vc_column_inner][vc_single_image image=\u00bb4129&#8243; img_size=\u00bbfull\u00bb alignment=\u00bbcenter\u00bb][\/vc_column_inner][\/vc_row_inner][\/vc_column][\/vc_row]<\/p>\n","protected":false},"excerpt":{"rendered":"<p>[vc_row][vc_column][vc_empty_space][vc_column_text el_class=\u00bbgros-titre fort trait-jaune traits-gris-droite-gauche titre-centre vc_separator wpb_content_element vc_separator_align_center vc_sep_width_100 vc_sep_border_width_2 vc_sep_pos_align_center vc_separator-has-text\u00bb] NUESTRAS SOLUCIONES [\/vc_column_text][\/vc_column][\/vc_row][vc_row][vc_column width=\u00bb1\/4&#8243;][\/vc_column][vc_column width=\u00bb1\/2&#8243;][vc_column_text]Standard Industrie ofrece una amplia gama de productos para<span class=\"excerpt-hellip\"> [\u2026]<\/span><\/p>\n","protected":false},"author":1,"featured_media":0,"parent":0,"menu_order":61,"comment_status":"closed","ping_status":"closed","template":"single-nettoyage-industriel-aspiration.php","meta":{"footnotes":""},"class_list":["post-867","page","type-page","status-publish","hentry"],"_links":{"self":[{"href":"https:\/\/www.standard-industrie.com\/es\/wp-json\/wp\/v2\/pages\/867","targetHints":{"allow":["GET"]}}],"collection":[{"href":"https:\/\/www.standard-industrie.com\/es\/wp-json\/wp\/v2\/pages"}],"about":[{"href":"https:\/\/www.standard-industrie.com\/es\/wp-json\/wp\/v2\/types\/page"}],"author":[{"embeddable":true,"href":"https:\/\/www.standard-industrie.com\/es\/wp-json\/wp\/v2\/users\/1"}],"replies":[{"embeddable":true,"href":"https:\/\/www.standard-industrie.com\/es\/wp-json\/wp\/v2\/comments?post=867"}],"version-history":[{"count":0,"href":"https:\/\/www.standard-industrie.com\/es\/wp-json\/wp\/v2\/pages\/867\/revisions"}],"wp:attachment":[{"href":"https:\/\/www.standard-industrie.com\/es\/wp-json\/wp\/v2\/media?parent=867"}],"curies":[{"name":"wp","href":"https:\/\/api.w.org\/{rel}","templated":true}]}}