{"id":876,"date":"2014-06-09T14:31:05","date_gmt":"2014-06-09T13:31:05","guid":{"rendered":"https:\/\/www.standard-industrie.com\/es\/?page_id=876"},"modified":"2025-06-04T21:29:35","modified_gmt":"2025-06-04T20:29:35","slug":"optimizacion-cintas-transportadoras","status":"publish","type":"page","link":"https:\/\/www.standard-industrie.com\/es\/optimizacion-cintas-transportadoras\/","title":{"rendered":"OPTIMIZACI\u00d3N DE LOS TRANSPORTADORES DE CINTAS"},"content":{"rendered":"<p>[vc_row][vc_column][vc_empty_space][vc_column_text el_class=\u00bbgros-titre fort trait-vert traits-gris-droite-gauche titre-centre vc_separator wpb_content_element vc_separator_align_center vc_sep_width_100 vc_sep_border_width_2 vc_sep_pos_align_center vc_separator-has-text\u00bb]<\/p>\n<div class=\"vc_sep_holder vc_sep_holder_l\">\n<p class=\"vc_sep_line\" style=\"border-color: grey;\">\n<\/div>\n<h2>Nuestra soluci\u00f3n<\/h2>\n<div class=\"vc_sep_holder vc_sep_holder_r\">\n<p class=\"vc_sep_line\" style=\"border-color: grey;\">\n<\/div>\n<p>[\/vc_column_text][vc_row_inner el_class=\u00bbrange-5-block\u00bb][vc_column_inner width=\u00bb2\/3&#8243;][vc_column_text]Nuestro\u00a0<b><a href=\"\/es\/sistema-liftube\/\">sistema patentado LIFTUBE\u00ae<\/a><\/b>\u00a0que canaliza la materia, se adapta a los transportadores nuevos o existentes con un ancho de cinta de 500 a 1400 mm.[\/vc_column_text][vc_btn title=\u00bbDESCARGUE EL CAT\u00c1LOGO\u00bb style=\u00bbcustom\u00bb custom_background=\u00bb#1a7a54&#8243; custom_text=\u00bb#ffffff\u00bb shape=\u00bbsquare\u00bb size=\u00bbsm\u00bb align=\u00bbcenter\u00bb link=\u00bburl:https%3A%2F%2Fwww.standard-industrie.com%2Fes%2Fwp-content%2Fuploads%2Fsites%2F11%2F2024%2F03%2FBROCHURE_CONVEYOR_S-28022024.pdf|target:_blank\u00bb][\/vc_column_inner][vc_column_inner width=\u00bb1\/3&#8243;][vc_single_image image=\u00bb4130&#8243; img_size=\u00bbfull\u00bb onclick=\u00bbcustom_link\u00bb el_class=\u00bbeffect-slide-top-img-hover animation-trait-img-hover trait-vert img-trait-titre\u00bb link=\u00bbhttps:\/\/www.standard-industrie.com\/es\/sistema-liftube\/\u00bb title=\u00bbLIFTUBE\u00ae\u00bb][\/vc_column_inner][\/vc_row_inner][\/vc_column][\/vc_row][vc_row content_placement=\u00bbbottom\u00bb css_animation=\u00bbslideInUp\u00bb disable_element=\u00bbyes\u00bb][vc_column width=\u00bb1\/2&#8243;][vc_row_inner equal_height=\u00bbyes\u00bb content_placement=\u00bbbottom\u00bb el_class=\u00bbrange-5-block\u00bb][vc_column_inner width=\u00bb1\/2&#8243; offset=\u00bbvc_col-lg-4 vc_col-xs-6&#8243;][\/vc_column_inner][vc_column_inner el_class=\u00bbblock-option\u00bb width=\u00bb1\/2&#8243; offset=\u00bbvc_col-lg-4 vc_col-xs-6&#8243;][\/vc_column_inner][\/vc_row_inner][\/vc_column][vc_column width=\u00bb1\/2&#8243;][vc_raw_html]JTNDZGl2JTIwY2xhc3MlM0QlMjJ5b3V0dWJlX3BsYXllciUyMiUyMHZpZGVvSUQlM0QlMjJFWk9sak5vZnpKcyUyMiUyMHdpZHRoJTNEJTIyNTAwJTIyJTIwaGVpZ2h0JTNEJTIyMjUwJTIyJTIwdGhlbWUlM0QlMjJsaWdodCUyMiUyMHJlbCUzRCUyMjAlMjIlMjBjb250cm9scyUzRCUyMjAlMjIlMjBzaG93aW5mbyUzRCUyMjAlMjIlMjBhdXRvcGxheSUzRCUyMjElMjIlMjBtdXRlJTNEJTIyMSUyMiUyMCUyMGxvb3AlM0QlMjIxJTIyJTIwbG9hZGluZyUzRCUyMjElMjIlM0UlM0MlMkZkaXYlM0U=[\/vc_raw_html][\/vc_column][\/vc_row][vc_row content_placement=\u00bbbottom\u00bb][vc_column][vc_empty_space height=\u00bb30px\u00bb][\/vc_column][\/vc_row][vc_row][vc_column css_animation=\u00bbslideInLeft\u00bb width=\u00bb1\/2&#8243;][vc_column_text el_class=\u00bbtitre titre-long fort trait-vert traits-gris-droite-gauche titre-centre vc_separator wpb_content_element vc_separator_align_center vc_sep_width_100 vc_sep_border_width_2 vc_sep_pos_align_center vc_separator-has-text\u00bb]<\/p>\n<div class=\"vc_sep_holder vc_sep_holder_l\">\n<p class=\"vc_sep_line\" style=\"border-color: grey;\">\n<\/div>\n<h2 style=\"text-align: center;\">REDUCCI\u00d3N DE LAS P\u00c9RDIDAS DE MATERIA Y DE EMISIONES DE POLVO<\/h2>\n<div class=\"vc_sep_holder vc_sep_holder_r\">\n<p class=\"vc_sep_line\" style=\"border-color: grey;\">\n<\/div>\n<p>[\/vc_column_text][vc_column_text]En algunos casos, los transportadores de cinta producen desbordamientos de materia o levantadas de polvo. Gracias al\u00a0<b><a href=\"https:\/\/www.standard-industrie.com\/es\/sistema-liftube\/\">sistema capotado LIFTUBE\u00ae<\/a><\/b>\u00a0se reduce ampliamente la p\u00e9rdida de explotaci\u00f3n, las emisiones de polvo y el mantenimiento.[\/vc_column_text][vc_images_carousel images=\u00bb4182,4183,4184&#8243; img_size=\u00bbmedium\u00bb mode=\u00bbvertical\u00bb hide_pagination_control=\u00bbyes\u00bb wrap=\u00bbyes\u00bb][\/vc_column][vc_column css_animation=\u00bbslideInRight\u00bb width=\u00bb1\/2&#8243;][vc_empty_space height=\u00bb50px\u00bb][vc_column_text el_class=\u00bbtitre titre-long fort trait-vert traits-gris-droite-gauche titre-centre vc_separator wpb_content_element vc_separator_align_center vc_sep_width_100 vc_sep_border_width_2 vc_sep_pos_align_center vc_separator-has-text\u00bb]<\/p>\n<div class=\"vc_sep_holder vc_sep_holder_l\">\n<p class=\"vc_sep_line\" style=\"border-color: grey;\">\n<\/div>\n<h2 style=\"text-align: center;\">SEGURIDAD Y ALTO RENDIMIENTO<\/h2>\n<div class=\"vc_sep_holder vc_sep_holder_r\">\n<p class=\"vc_sep_line\" style=\"border-color: grey;\">\n<\/div>\n<p>[\/vc_column_text][vc_column_text]Nuestro\u00a0<b><a href=\"\/es\/sistema-liftube\/\">sistema capotado LIFTUBE\u00ae<\/a><\/b>, adaptado al transporte de los productos de alta temperatura, est\u00e1 provisto de canaletas autoextinguibles y accesorios resistentes a temperaturas de hasta 300 \u00b0C. El\u00a0<strong><a href=\"\/es\/sistema-liftube\/\">LIFTUBE\u00ae<\/a><\/strong>, con certificado ATEX y 3 a\u00f1os de garant\u00eda, combina protecci\u00f3n de las zonas expuestas y disminuci\u00f3n de los riesgos durante el mantenimiento.[\/vc_column_text][vc_btn title=\u00bbCont\u00e1ctenos\u00bb style=\u00bbcustom\u00bb custom_background=\u00bb#1a7a54&#8243; custom_text=\u00bb#ffffff\u00bb shape=\u00bbsquare\u00bb size=\u00bbsm\u00bb align=\u00bbcenter\u00bb link=\u00bburl:%2Fes%2Fcontacto%2F\u00bb][\/vc_column][\/vc_row][vc_row][vc_column][vc_empty_space][vc_column_text el_class=\u00bbgros-titre fort traits-gris-droite-gauche titre-centre vc_separator wpb_content_element vc_separator_align_center vc_sep_width_100 vc_sep_border_width_2 vc_sep_pos_align_center vc_separator-has-text\u00bb]<\/p>\n<div class=\"vc_sep_holder vc_sep_holder_l\">\n<p class=\"vc_sep_line\" style=\"border-color: grey;\">\n<\/div>\n<h2 style=\"text-align: center;\">Protecci\u00f3n del medio ambiente<br \/>\nmediante el control del polvo<\/h2>\n<div class=\"vc_sep_holder vc_sep_holder_r\">\n<p class=\"vc_sep_line\" style=\"border-color: grey;\">\n<\/div>\n<p>[\/vc_column_text][\/vc_column][\/vc_row][vc_row full_width=\u00bbstretch_row_content\u00bb equal_height=\u00bbyes\u00bb][vc_column offset=\u00bbvc_col-lg-6&#8243;][vc_row_inner][vc_column_inner el_class=\u00bbspecial-with-1240-1533&#8243; width=\u00bb1\/3&#8243; offset=\u00bbvc_hidden-md vc_hidden-sm vc_hidden-xs\u00bb][\/vc_column_inner][vc_column_inner offset=\u00bbvc_col-lg-8&#8243;][vc_column_text]La presencia de polvo en suspensi\u00f3n o sedimentado est\u00e1 vinculada a la explotaci\u00f3n de las minas y a los procesos de transformaci\u00f3n en las f\u00e1bricas. Estos polvos pueden tener consecuencias para el medio ambiente, para los operarios de la planta y para el vecindario.<\/p>\n<p>La polvosidad se refiere a la concentraci\u00f3n de polvo en la atm\u00f3sfera de trabajo y est\u00e1 definida por el C\u00f3digo de Trabajo con, en particular, valores l\u00edmite de exposici\u00f3n profesional.<br \/>\nPor ejemplo, para el polvo de <b>s\u00edlice cristalina<\/b>.<\/p>\n<p><b>\u00bfC\u00f3mo controlar el polvo y la formaci\u00f3n de polvo en el lugar de trabajo o de producci\u00f3n?<\/b><\/p>\n<p>Prevenir la formaci\u00f3n de contaminantes en la fuente es la actitud m\u00e1s racional que se puede adoptar a la hora de dise\u00f1ar y poner en marcha procesos industriales o de construir equipos.<\/p>\n<p>Por ejemplo, en las <a href=\"https:\/\/www.standard-industrie.com\/es\/mineria-y-extraccion-de-minerales-en-canteras\/\">canteras<\/a>, las principales emisiones de polvo son difusas y se deben a la extracci\u00f3n con maquinaria, la conducci\u00f3n por pistas, los acopios de material, las voladuras o el transporte de material.<\/p>\n<p><b>El recubrimiento de las bandas de caucho<\/b> es necesario: es un m\u00e9todo de contenci\u00f3n adecuado para algunos puntos concretos, por ejemplo para proteger las ca\u00eddas de arena, o para proteger una cinta transportadora expuesta al viento.<\/p>\n<p>Por eso LIFTUBE es una t\u00e9cnica de <b>control del polvo industrial<\/b>.[\/vc_column_text][vc_btn title=\u00bbCont\u00e1ctenos\u00bb style=\u00bbcustom\u00bb custom_background=\u00bb#1a7a54&#8243; custom_text=\u00bb#ffffff\u00bb shape=\u00bbsquare\u00bb size=\u00bbsm\u00bb align=\u00bbcenter\u00bb link=\u00bburl:%2Fes%2Fcontacto%2F\u00bb][\/vc_column_inner][\/vc_row_inner][\/vc_column][vc_column css_animation=\u00bbslideInRight\u00bb css=\u00bb.vc_custom_1667566399438{background-image: url(https:\/\/www.standard-industrie.com\/es\/wp-content\/uploads\/sites\/11\/2022\/09\/LIFTUBE_Protection-du-convoyeur-dans-une-carriere-de-chaux-2.jpg?id=4236) !important;background-position: center !important;background-repeat: no-repeat !important;background-size: cover !important;}\u00bb offset=\u00bbvc_col-lg-6&#8243;][vc_row_inner][vc_column_inner][vc_empty_space height=\u00bb200px\u00bb][\/vc_column_inner][\/vc_row_inner][\/vc_column][\/vc_row]<\/p>\n","protected":false},"excerpt":{"rendered":"<p>[vc_row][vc_column][vc_empty_space][vc_column_text el_class=\u00bbgros-titre fort trait-vert traits-gris-droite-gauche titre-centre vc_separator wpb_content_element vc_separator_align_center vc_sep_width_100 vc_sep_border_width_2 vc_sep_pos_align_center vc_separator-has-text\u00bb] Nuestra soluci\u00f3n [\/vc_column_text][vc_row_inner el_class=\u00bbrange-5-block\u00bb][vc_column_inner width=\u00bb2\/3&#8243;][vc_column_text]Nuestro\u00a0sistema patentado LIFTUBE\u00ae\u00a0que canaliza la materia, se adapta a<span class=\"excerpt-hellip\"> [\u2026]<\/span><\/p>\n","protected":false},"author":1,"featured_media":0,"parent":0,"menu_order":63,"comment_status":"closed","ping_status":"closed","template":"single-optimisation-convoyeurs-bande.php","meta":{"footnotes":""},"class_list":["post-876","page","type-page","status-publish","hentry"],"_links":{"self":[{"href":"https:\/\/www.standard-industrie.com\/es\/wp-json\/wp\/v2\/pages\/876","targetHints":{"allow":["GET"]}}],"collection":[{"href":"https:\/\/www.standard-industrie.com\/es\/wp-json\/wp\/v2\/pages"}],"about":[{"href":"https:\/\/www.standard-industrie.com\/es\/wp-json\/wp\/v2\/types\/page"}],"author":[{"embeddable":true,"href":"https:\/\/www.standard-industrie.com\/es\/wp-json\/wp\/v2\/users\/1"}],"replies":[{"embeddable":true,"href":"https:\/\/www.standard-industrie.com\/es\/wp-json\/wp\/v2\/comments?post=876"}],"version-history":[{"count":0,"href":"https:\/\/www.standard-industrie.com\/es\/wp-json\/wp\/v2\/pages\/876\/revisions"}],"wp:attachment":[{"href":"https:\/\/www.standard-industrie.com\/es\/wp-json\/wp\/v2\/media?parent=876"}],"curies":[{"name":"wp","href":"https:\/\/api.w.org\/{rel}","templated":true}]}}