{"id":882,"date":"2014-06-09T14:40:54","date_gmt":"2014-06-09T13:40:54","guid":{"rendered":"https:\/\/www.standard-industrie.com\/es\/?page_id=882"},"modified":"2025-06-04T21:31:20","modified_gmt":"2025-06-04T20:31:20","slug":"prestaciones-limpieza-silos-tolvas","status":"publish","type":"page","link":"https:\/\/www.standard-industrie.com\/es\/prestaciones-limpieza-silos-tolvas\/","title":{"rendered":"PRESTACIONES DE LIMPIEZA DE SILOS Y TOLVAS"},"content":{"rendered":"<p>[vc_row][vc_column][vc_empty_space][vc_column_text el_class=\u00bbgros-titre fort trait-bleu traits-gris-droite-gauche titre-centre vc_separator wpb_content_element vc_separator_align_center vc_sep_width_100 vc_sep_border_width_2 vc_sep_pos_align_center vc_separator-has-text\u00bb]<\/p>\n<div class=\"vc_sep_holder vc_sep_holder_l\">\n<p class=\"vc_sep_line\" style=\"border-color: grey;\">\n<\/div>\n<h2>NUESTRAS SOLUCIONES<\/h2>\n<div class=\"vc_sep_holder vc_sep_holder_r\">\n<p class=\"vc_sep_line\" style=\"border-color: grey;\">\n<\/div>\n<p>[\/vc_column_text][\/vc_column][\/vc_row][vc_row][vc_column width=\u00bb1\/2&#8243;][vc_column_text]Bas\u00e1ndonos en nuestra experiencia en el campo de la limpieza de silos y tolvas, le ofrecemos soluciones adaptadas que le permiten solucionar los problemas de colmataje y concreciones en las unidades de almacenamiento. Un gran n\u00famero de industrias que utilizan productos pulverulentos a granel se enfrentan tarde o temprano a problemas de colmataje. Los productos impiden su propia evacuaci\u00f3n adhiri\u00e9ndose a las paredes de silos y tolvas.<\/p>\n<p>Nuestra soluciones cumplen las estrictas normas de seguridad y permiten evitar los\u00a0<a href=\"https:\/\/www.standard-industrie.com\/es\/prestaciones-limpieza-silos-tolvas\/\" target=\"_blank\" rel=\"noopener\"><b>trabajos acrobaticos<\/b><\/a>\u00a0y la presencia humana en el interior de los silos.[\/vc_column_text][vc_btn title=\u00bbDescargar el folleto\u00bb style=\u00bbcustom\u00bb custom_background=\u00bb#3e5d9e\u00bb custom_text=\u00bb#ffffff\u00bb shape=\u00bbsquare\u00bb size=\u00bbsm\u00bb align=\u00bbcenter\u00bb link=\u00bburl:%2Fwp-content%2Fthemes%2Fstandardindustrie%2Fimg%2Fpdf%2FFR%2FBROCHURE_CLEANING_SERVICES_F-MKT3.pdf|target:_blank\u00bb][\/vc_column][vc_column width=\u00bb1\/2&#8243;][vc_row_inner][vc_column_inner width=\u00bb1\/3&#8243;][vc_single_image image=\u00bb4678&#8243; img_size=\u00bbfull\u00bb onclick=\u00bbcustom_link\u00bb el_class=\u00bbeffect-slide-top-img-hover animation-trait-img-hover trait-bleu img-trait-titre\u00bb link=\u00bb\/es\/gironet\/\u00bb title=\u00bbGIRONET, soluci\u00f3n de decolmado\u00bb][\/vc_column_inner][vc_column_inner width=\u00bb1\/3&#8243;][vc_single_image image=\u00bb6268&#8243; img_size=\u00bbfull\u00bb onclick=\u00bbcustom_link\u00bb el_class=\u00bbeffect-slide-top-img-hover animation-trait-img-hover trait-bleu img-trait-titre\u00bb link=\u00bb\/es\/powernet-limpieza-de-silos-industriales\/\u00bb title=\u00bbPOWERNET, limpieza de silo industrial\u00bb][\/vc_column_inner][vc_column_inner width=\u00bb1\/3&#8243;][vc_single_image image=\u00bb4677&#8243; img_size=\u00bbfull\u00bb onclick=\u00bbcustom_link\u00bb el_class=\u00bbeffect-slide-top-img-hover animation-trait-img-hover trait-bleu img-trait-titre\u00bb link=\u00bb\/es\/limpieza-por-aspiracion\/\u00bb title=\u00bblimpieza por aspiraci\u00f3n\u00bb][\/vc_column_inner][\/vc_row_inner][\/vc_column][\/vc_row][vc_row content_placement=\u00bbbottom\u00bb][vc_column][vc_empty_space height=\u00bb30px\u00bb][\/vc_column][\/vc_row][vc_row][vc_column css_animation=\u00bbslideInLeft\u00bb width=\u00bb1\/2&#8243;][vc_column_text el_class=\u00bbtitre titre-long fort trait-bleu traits-gris-droite-gauche titre-centre vc_separator wpb_content_element vc_separator_align_center vc_sep_width_100 vc_sep_border_width_2 vc_sep_pos_align_center vc_separator-has-text\u00bb]<\/p>\n<div class=\"vc_sep_holder vc_sep_holder_l\">\n<p class=\"vc_sep_line\" style=\"border-color: grey;\">\n<\/div>\n<h2 style=\"text-align: center;\">TIPOS DE TAPONAMIENTOS<\/h2>\n<div class=\"vc_sep_holder vc_sep_holder_r\">\n<p class=\"vc_sep_line\" style=\"border-color: grey;\">\n<\/div>\n<p>[\/vc_column_text][vc_column_text]En algunos casos, la cinta transportadora sufre desbordamientos de material o genera polvo. Con el sistema cubierto LIFTUBE\u00ae, las p\u00e9rdidas de explotaci\u00f3n, las emisiones de polvo y el mantenimiento se reducen considerablemente.[\/vc_column_text][vc_single_image image=\u00bb4669&#8243; img_size=\u00bbfull\u00bb alignment=\u00bbcenter\u00bb][\/vc_column][vc_column css_animation=\u00bbslideInRight\u00bb width=\u00bb1\/2&#8243;][vc_empty_space height=\u00bb50px\u00bb][vc_column_text el_class=\u00bbtitre titre-long fort trait-bleu traits-gris-droite-gauche titre-centre vc_separator wpb_content_element vc_separator_align_center vc_sep_width_100 vc_sep_border_width_2 vc_sep_pos_align_center vc_separator-has-text\u00bb]<\/p>\n<div class=\"vc_sep_holder vc_sep_holder_l\">\n<p class=\"vc_sep_line\" style=\"border-color: grey;\">\n<\/div>\n<h2 style=\"text-align: center;\">ESTOS PROBLEMAS VINCULADOS AL TAPONAMIENTO PUEDEN PROVOCAR:<\/h2>\n<div class=\"vc_sep_holder vc_sep_holder_r\">\n<p class=\"vc_sep_line\" style=\"border-color: grey;\">\n<\/div>\n<p>[\/vc_column_text][vc_column_text]<\/p>\n<ul>\n<li>\n<ul>\n<li>Interrupci\u00f3n de la producci\u00f3n<\/li>\n<li>Disminuci\u00f3n de la capacidad de extracci\u00f3n<\/li>\n<li>Reducci\u00f3n de la capacidad de almacenamiento<\/li>\n<li>Contaminaciones y fermentaciones de productos<\/li>\n<li>Riesgos de explosi\u00f3n<\/li>\n<li>P\u00e9rdida de materia<\/li>\n<\/ul>\n<p><b>Dependiendo de si su problema puede afectar a un taponamiento de silo o tolva, o a un dep\u00f3sito de material natural o accidental que debe evacuar, le ofrecemos 3 soluciones de limpieza.<\/b><\/li>\n<\/ul>\n<p>[\/vc_column_text][\/vc_column][\/vc_row][vc_row][vc_column][vc_empty_space][vc_column_text el_class=\u00bbgros-titre fort traits-gris-droite-gauche titre-centre vc_separator wpb_content_element vc_separator_align_center vc_sep_width_100 vc_sep_border_width_2 vc_sep_pos_align_center vc_separator-has-text\u00bb]<\/p>\n<div class=\"vc_sep_holder vc_sep_holder_l\">\n<p class=\"vc_sep_line\" style=\"border-color: grey;\">\n<\/div>\n<h2 style=\"text-align: center;\">Ofrecemos 3 soluciones de limpieza industrial<\/h2>\n<div class=\"vc_sep_holder vc_sep_holder_r\">\n<p class=\"vc_sep_line\" style=\"border-color: grey;\">\n<\/div>\n<p>[\/vc_column_text][\/vc_column][\/vc_row][vc_row equal_height=\u00bbyes\u00bb][vc_column width=\u00bb1\/3&#8243;][vc_column_text]<\/p>\n<h3><span class=\"first-title\"><b>DESCOLMATAJE CON LA SOLUCI\u00d3N POWERNET<\/b><\/span><\/h3>\n<p>[\/vc_column_text][vc_column_text]El descolmataje con\u00a0<strong><a href=\"https:\/\/www.standard-industrie.com\/es\/produits\/powernet\/\">Powernet<\/a><\/strong>\u00a0permitir\u00e1 solucionar problemas de abovedado gracias a una perforaci\u00f3n de manera segura de la materia colmatada y facilita su extracci\u00f3n. El uso del\u00a0<strong><a href=\"https:\/\/www.standard-industrie.com\/es\/produits\/powernet\/\">Powernet<\/a><\/strong>\u00a0interviene antes del\u00a0<strong><a href=\"https:\/\/www.standard-industrie.com\/es\/produits\/gironet\/\">Gironet<\/a><\/strong>\u00a0cuando la unidad de almacenamiento est\u00e1 completamente obstruida.[\/vc_column_text][vc_single_image image=\u00bb4672&#8243; img_size=\u00bbfull\u00bb alignment=\u00bbcenter\u00bb][\/vc_column][vc_column width=\u00bb1\/3&#8243;][vc_column_text]<\/p>\n<h3>DESCOLMATAJE CON LA SOLUCI\u00d3N GIRONET<\/h3>\n<p>[\/vc_column_text][vc_column_text]El brazo articulado y rotativo de 360\u00b0 del\u00a0<a href=\"https:\/\/www.standard-industrie.com\/es\/produits\/gironet\/\"><strong>Gironet<\/strong><\/a>\u00a0permite solucionar problemas de chimeneas. De esta manera, puede recuperar la totalidad de su capacidad de almacenamiento con total seguridad y sin perturbar el proceso industrial. El\u00a0<strong><a href=\"https:\/\/www.standard-industrie.com\/es\/produits\/gironet\/\">Gironet<\/a><\/strong>\u00a0posee diferentes versiones\u00a0para adaptarse a cualquier tipo de materia: versi\u00f3n neum\u00e1tica, neum\u00e1tica ATEX e hidr\u00e1ulica.[\/vc_column_text][vc_single_image image=\u00bb4673&#8243; img_size=\u00bbfull\u00bb alignment=\u00bbcenter\u00bb][\/vc_column][vc_column width=\u00bb1\/3&#8243;][vc_column_text]<\/p>\n<h3>LIMPIEZA POR ASPIRACI\u00d3N<\/h3>\n<p>[\/vc_column_text][vc_column_text]<\/p>\n<ul>\n<li>Dependiendo del volumen que deba aspirar, nuestro equipo le ofrecer\u00e1 diversas soluciones de aspiraci\u00f3n como:\n<ul>\n<li><a href=\"https:\/\/www.standard-industrie.com\/es\/produits\/gad\/\" target=\"_blank\" rel=\"noopener\"><b>Grupo de aspiraci\u00f3n desplazable GAD<\/b><\/a><\/li>\n<li><a href=\"https:\/\/www.standard-industrie.com\/es\/produits\/valnet\/\" target=\"_blank\" rel=\"noopener\"><b>Veh\u00edculo ligero de aspiraci\u00f3n VALNET<\/b><\/a><\/li>\n<\/ul>\n<\/li>\n<\/ul>\n<p>[\/vc_column_text][vc_single_image image=\u00bb4674&#8243; img_size=\u00bbfull\u00bb][\/vc_column][\/vc_row]<\/p>\n","protected":false},"excerpt":{"rendered":"<p>[vc_row][vc_column][vc_empty_space][vc_column_text el_class=\u00bbgros-titre fort trait-bleu traits-gris-droite-gauche titre-centre vc_separator wpb_content_element vc_separator_align_center vc_sep_width_100 vc_sep_border_width_2 vc_sep_pos_align_center vc_separator-has-text\u00bb] NUESTRAS SOLUCIONES [\/vc_column_text][\/vc_column][\/vc_row][vc_row][vc_column width=\u00bb1\/2&#8243;][vc_column_text]Bas\u00e1ndonos en nuestra experiencia en el campo de la limpieza<span class=\"excerpt-hellip\"> [\u2026]<\/span><\/p>\n","protected":false},"author":1,"featured_media":0,"parent":0,"menu_order":64,"comment_status":"closed","ping_status":"closed","template":"single-prestations-nettoyage-silos-tremies.php","meta":{"footnotes":""},"class_list":["post-882","page","type-page","status-publish","hentry"],"_links":{"self":[{"href":"https:\/\/www.standard-industrie.com\/es\/wp-json\/wp\/v2\/pages\/882","targetHints":{"allow":["GET"]}}],"collection":[{"href":"https:\/\/www.standard-industrie.com\/es\/wp-json\/wp\/v2\/pages"}],"about":[{"href":"https:\/\/www.standard-industrie.com\/es\/wp-json\/wp\/v2\/types\/page"}],"author":[{"embeddable":true,"href":"https:\/\/www.standard-industrie.com\/es\/wp-json\/wp\/v2\/users\/1"}],"replies":[{"embeddable":true,"href":"https:\/\/www.standard-industrie.com\/es\/wp-json\/wp\/v2\/comments?post=882"}],"version-history":[{"count":0,"href":"https:\/\/www.standard-industrie.com\/es\/wp-json\/wp\/v2\/pages\/882\/revisions"}],"wp:attachment":[{"href":"https:\/\/www.standard-industrie.com\/es\/wp-json\/wp\/v2\/media?parent=882"}],"curies":[{"name":"wp","href":"https:\/\/api.w.org\/{rel}","templated":true}]}}