{"id":889,"date":"2014-06-09T15:27:53","date_gmt":"2014-06-09T14:27:53","guid":{"rendered":"https:\/\/www.standard-industrie.com\/es\/?page_id=889"},"modified":"2023-02-20T15:48:33","modified_gmt":"2023-02-20T14:48:33","slug":"avisos-legales","status":"publish","type":"page","link":"https:\/\/www.standard-industrie.com\/es\/avisos-legales\/","title":{"rendered":"AVISOS LEGALES"},"content":{"rendered":"<p>[vc_row][vc_column][vc_empty_space][vc_column_text]<\/p>\n<h2>Informaci\u00f3n sobre el editor del sitio<\/h2>\n<h2>STANDARD INDUSTRIE<\/h2>\n<p>139-141, rue du Luxembourg &#8211; CS 50207<br \/>\n59054 Roubaix Cedex 1<br \/>\nFRANCE<\/p>\n<p>Tel\u00e9fono : \u00a0+33 (0)3 20 28 32 32<br \/>\nFax : +33 (0)3 20 68 51 16<br \/>\nE-mail : info@www.standard-industrie.com<\/p>\n<p>Inscrita en el Registro Mercantil de Lille Metropole con el n\u00famero 312 479 769<\/p>\n<p>S.A.S. con un capital de 1 237 600<\/p>\n<p>Presidente y Director General: Sr. Herv\u00e9 SIMOENS<\/p>\n<p>Informaci\u00f3n sobre el alojamiento del sitio web<\/p>\n<p>NAVAHO<br \/>\n41 rue de l&#8217;Echiquier<br \/>\n75010 Paris<br \/>\nFRANCE<\/p>\n<p>Tel\u00e9fono : 0825 000 412<br \/>\nCorreo electr\u00f3nico : info@navaho.fr<\/p>\n<p>Inscrita en el Registro Mercantil de Par\u00eds con el n\u00famero 799 422 126<br \/>\nSASU (sociedad por acciones simplificada) con un \u00fanico accionista<\/p>\n<h3>Referenciaci\u00f3n natural del sitio y creaci\u00f3n del sitio<\/h3>\n<p>Company: <a href=\"http:\/\/www.d2bconsulting.fr\/\">D2b Consulting<\/a>, consultor\u00eda en estrategia empresarial y referenciaci\u00f3n natural Direcci\u00f3n:\u00a03, rue Louis Gattefoss\u00e9 &#8211; 69800 St Priest.<\/p>\n<h3>Condiciones legales<\/h3>\n<p>La informaci\u00f3n publicada en este sitio y m\u00e1s ampliamente en los nombres de dominio propiedad de Standard Industrie se proporciona \u00fanicamente con fines informativos. Standard Industrie recopila y elabora estos contenidos a partir de diversas fuentes concordantes. Standard Industrie no se responsabiliza de la veracidad y pertinencia de los contenidos ni del uso y aprovechamiento que de ellos pueda hacer el usuario del sitio. Queda prohibida cualquier reproducci\u00f3n, modificaci\u00f3n, publicaci\u00f3n, copia, total o parcial, de los contenidos presentados en los dominios de Standard Industrie, por alg\u00fan procedimiento que sea y alguno sea el soporte.<\/p>\n<h3>Exclusi\u00f3n de garant\u00eda<\/h3>\n<p>Standard Industrie hace todo lo posible para garantizar la exactitud y la actualizaci\u00f3n del contenido del sitio. No obstante, Standard Industrie declina toda responsabilidad relativa a la informaci\u00f3n que puede consultarse en o a partir del sitio, en particular el contenido, su exhaustividad, su exactitud o su fiabilidad. Standard Industrie no da ninguna garant\u00eda, expresa o impl\u00edcita, en particular en cuanto a la ausencia de interrupci\u00f3n o error en el servicio o en el rendimiento o los resultados derivados de la utilizaci\u00f3n del sitio. La informaci\u00f3n contenida en el sitio puede ser modificada en cualquier momento. Standard Industrie no puede garantizar que la informaci\u00f3n sea completa, veraz o actualizada.<\/p>\n<h3>Exclusi\u00f3n de responsabilidad<\/h3>\n<p>Standard Industrie no ser\u00e1 responsable ante usted o cualquier tercero por cualquier da\u00f1o directo, indirecto o consecuente que surja del uso de la informaci\u00f3n y los materiales contenidos en el sitio u otros contenidos a los que pueda acceder a trav\u00e9s de enlaces desde el sitio. Los sitios enlazados directa o indirectamente no est\u00e1n bajo el control de Standard Industrie. En consecuencia, Standard Industrie no asume ninguna responsabilidad por la informaci\u00f3n publicada en estos sitios. Los enlaces a sitios externos se proporcionan \u00fanicamente por conveniencia y no implican ninguna aprobaci\u00f3n de su contenido.<\/p>\n<h3>Protecci\u00f3n de la vida privada<\/h3>\n<p>Los datos personales recogidos est\u00e1n destinados \u00fanicamente a un uso interno. En ning\u00fan caso se ceder\u00e1n o vender\u00e1n estos datos a terceros. De conformidad con la legislaci\u00f3n francesa, usted dispone de un derecho de acceso, modificaci\u00f3n, rectificaci\u00f3n y supresi\u00f3n de los datos que le conciernen. Para cualquier solicitud, puede ponerse en contacto con nosotros.<\/p>\n<h3>Disposiciones del RGPD<\/h3>\n<p>Standard Industrie es responsable del tratamiento de los datos recogidos en el sitio web www.standard-industrie.com. Se informa especialmente al usuario de que, de conformidad con la Ley francesa de Protecci\u00f3n de Datos del 6 de enero de 1978 en su \u00faltima versi\u00f3n y el Reglamento General de Protecci\u00f3n de Datos del 27 de abril de 2016, la informaci\u00f3n que comunica a trav\u00e9s de los formularios presentes en el sitio web de Standard Industrie es necesaria para responder a su solicitud y est\u00e1 destinada a los departamentos encargados de responder a su solicitud a efectos de seguimiento de dicha solicitud. De conformidad con la Ley francesa de Protecci\u00f3n de Datos de 6 de enero de 1978 en su \u00faltima versi\u00f3n y el Reglamento General de Protecci\u00f3n de Datos (RGPD) de 27 de abril de 2016, el usuario tiene derecho a acceder, rectificar, suprimir, limitar, oponerse y portar la informaci\u00f3n que le concierne, Este derecho puede ejercerse poni\u00e9ndose en contacto con Standard Industrie, 139-141, rue du Luxembourg &#8211; CS 50207 &#8211; 59054 Roubaix Cedex 1 &#8211; FRANCIA, o por correo electr\u00f3nico a info@www.standard-industrie.com, especificando \u00abDerechos personales\u00bb en el asunto y adjuntando una copia de su documento de identidad. Tambi\u00e9n tiene derecho a dar instrucciones sobre el destino de sus datos tras su fallecimiento. Se informa al usuario de que durante sus visitas al sitio www.standard-industrie.com podr\u00e1 instalarse una cookie en su navegador, una vez que haya dado su consentimiento. La informaci\u00f3n recogida en este sitio se conservar\u00e1 durante un periodo de tres a\u00f1os. La cookie es un bloque de datos que no identifica a los usuarios, pero se utiliza para registrar informaci\u00f3n sobre la navegaci\u00f3n de la misma en el sitio. El usuario tiene derecho a acceder, retirar y modificar los datos personales comunicados a trav\u00e9s de cookies en las condiciones indicadas anteriormente. El usuario del sitio web de Standard Industrie est\u00e1 obligado a respetar las disposiciones de la Ley francesa de Protecci\u00f3n de Datos de 6 de enero de 1978, en su versi\u00f3n modificada, cuya violaci\u00f3n est\u00e1 sujeta a sanciones penales. En particular, debe abstenerse de recoger o utilizar cualquier informaci\u00f3n personal a la que acceda y, en general, de cualquier acto que pueda atentar contra la vida privada o la reputaci\u00f3n de las personas. Gesti\u00f3n de cookies<\/p>\n<h3>Enlaces desde y hacia este contenido<\/h3>\n<p>Los contenidos de los dominios de Standard Industrie pueden incluir enlaces a otros sitios u otros contenidos de Internet, que no son propiedad de Standard Industrie. En consecuencia, Standard Industrie no se hace responsable de dichos contenidos ni del funcionamiento de estos sitios (cookies, recogida de datos personales, &#8230;). Es posible crear enlaces a contenidos compilados o producidos por Standard Industrie. Con el fin de optimizar estos enlaces en beneficio de ambos sitios, Standard Industrie podr\u00e1 solicitar una modificaci\u00f3n en la creaci\u00f3n del enlace (palabras clave, URL, &#8230;).<\/p>\n<h3>Copyright<\/h3>\n<p>Reservados todos los derechos de reproducci\u00f3n y distribuci\u00f3n. Standard Industrie 2022.[\/vc_column_text][\/vc_column][\/vc_row]<\/p>\n","protected":false},"excerpt":{"rendered":"<p>[vc_row][vc_column][vc_empty_space][vc_column_text] Informaci\u00f3n sobre el editor del sitio STANDARD INDUSTRIE 139-141, rue du Luxembourg &#8211; CS 50207 59054 Roubaix Cedex 1 FRANCE Tel\u00e9fono : \u00a0+33 (0)3 20<span class=\"excerpt-hellip\"> [\u2026]<\/span><\/p>\n","protected":false},"author":1,"featured_media":0,"parent":0,"menu_order":62,"comment_status":"open","ping_status":"open","template":"","meta":{"footnotes":""},"class_list":["post-889","page","type-page","status-publish","hentry"],"_links":{"self":[{"href":"https:\/\/www.standard-industrie.com\/es\/wp-json\/wp\/v2\/pages\/889","targetHints":{"allow":["GET"]}}],"collection":[{"href":"https:\/\/www.standard-industrie.com\/es\/wp-json\/wp\/v2\/pages"}],"about":[{"href":"https:\/\/www.standard-industrie.com\/es\/wp-json\/wp\/v2\/types\/page"}],"author":[{"embeddable":true,"href":"https:\/\/www.standard-industrie.com\/es\/wp-json\/wp\/v2\/users\/1"}],"replies":[{"embeddable":true,"href":"https:\/\/www.standard-industrie.com\/es\/wp-json\/wp\/v2\/comments?post=889"}],"version-history":[{"count":0,"href":"https:\/\/www.standard-industrie.com\/es\/wp-json\/wp\/v2\/pages\/889\/revisions"}],"wp:attachment":[{"href":"https:\/\/www.standard-industrie.com\/es\/wp-json\/wp\/v2\/media?parent=889"}],"curies":[{"name":"wp","href":"https:\/\/api.w.org\/{rel}","templated":true}]}}