{"id":94,"date":"2014-05-20T15:36:20","date_gmt":"2014-05-20T14:36:20","guid":{"rendered":"https:\/\/www.standard-industrie.com\/es\/?page_id=94"},"modified":"2023-03-22T11:38:39","modified_gmt":"2023-03-22T10:38:39","slug":"nuestros-clientes","status":"publish","type":"page","link":"https:\/\/www.standard-industrie.com\/es\/nuestros-clientes\/","title":{"rendered":"NUESTROS CLIENTES"},"content":{"rendered":"<p>[vc_row][vc_column][vc_empty_space][\/vc_column][\/vc_row][vc_row][vc_column width=\u00bb1\/4&#8243;][\/vc_column][vc_column width=\u00bb1\/2&#8243;][vc_column_text]<\/p>\n<p style=\"text-align: center;\">Nuestras soluciones se dirigen a todos los industriales, en m\u00e1s de 90 pa\u00edses, que almacenan y trabajan con productos pulverulentos&#8230; m\u00e1s de 60 sectores de actividad, entre los que figuran: cementeras, fundiciones, f\u00e1bricas de cer\u00e1mica y vidrio, moliner\u00edas, industrias alimentarias, acer\u00edas y siderurgia, f\u00e1bricas de cal, minas y canteras, sociedad de limpieza, coquer\u00edas, qu\u00edmica, centrales t\u00e9rmicas y centrales de biomasa, incineraci\u00f3n, etc&#8230;<br \/>\n<strong><a href=\"https:\/\/www.standard-industrie.com\/es\/estudio-de-caso\/\" target=\"_blank\" rel=\"noopener\">Tambi\u00e9n puede consultar nuestros estudios de casos.<\/a><\/strong><\/p>\n<p>[\/vc_column_text][\/vc_column][vc_column width=\u00bb1\/4&#8243;][\/vc_column][\/vc_row][vc_row el_class=\u00bbinvert-block\u00bb][vc_column el_class=\u00bbpartie-txt rouge\u00bb][vc_basic_grid post_type=\u00bblogo_client\u00bb max_items=\u00bb200&#8243; show_filter=\u00bbyes\u00bb element_width=\u00bb3&#8243; orderby=\u00bbtitle\u00bb order=\u00bbASC\u00bb filter_style=\u00bbdropdown\u00bb filter_size=\u00bbsm\u00bb item=\u00bb5372&#8243; grid_id=\u00bbvc_gid:1679481464905-d353db75-ebb0-1&#8243; filter_source=\u00bbsecteur_activite\u00bb el_class=\u00bblogo-clients\u00bb][\/vc_column][\/vc_row][vc_row][vc_column][vc_btn title=\u00bbCont\u00e1ctenos\u00bb style=\u00bbflat\u00bb shape=\u00bbsquare\u00bb color=\u00bbblack\u00bb align=\u00bbcenter\u00bb link=\u00bburl:%2Fes%2Fcontacto%2F|title:Contact%20Standard%20industrie\u00bb][\/vc_column][\/vc_row]<\/p>\n","protected":false},"excerpt":{"rendered":"<p>[vc_row][vc_column][vc_empty_space][\/vc_column][\/vc_row][vc_row][vc_column width=\u00bb1\/4&#8243;][\/vc_column][vc_column width=\u00bb1\/2&#8243;][vc_column_text] Nuestras soluciones se dirigen a todos los industriales, en m\u00e1s de 90 pa\u00edses, que almacenan y trabajan con productos pulverulentos&#8230; m\u00e1s de 60<span class=\"excerpt-hellip\"> [\u2026]<\/span><\/p>\n","protected":false},"author":1,"featured_media":0,"parent":0,"menu_order":79,"comment_status":"open","ping_status":"open","template":"single-standard.php","meta":{"footnotes":""},"class_list":["post-94","page","type-page","status-publish","hentry"],"_links":{"self":[{"href":"https:\/\/www.standard-industrie.com\/es\/wp-json\/wp\/v2\/pages\/94","targetHints":{"allow":["GET"]}}],"collection":[{"href":"https:\/\/www.standard-industrie.com\/es\/wp-json\/wp\/v2\/pages"}],"about":[{"href":"https:\/\/www.standard-industrie.com\/es\/wp-json\/wp\/v2\/types\/page"}],"author":[{"embeddable":true,"href":"https:\/\/www.standard-industrie.com\/es\/wp-json\/wp\/v2\/users\/1"}],"replies":[{"embeddable":true,"href":"https:\/\/www.standard-industrie.com\/es\/wp-json\/wp\/v2\/comments?post=94"}],"version-history":[{"count":0,"href":"https:\/\/www.standard-industrie.com\/es\/wp-json\/wp\/v2\/pages\/94\/revisions"}],"wp:attachment":[{"href":"https:\/\/www.standard-industrie.com\/es\/wp-json\/wp\/v2\/media?parent=94"}],"curies":[{"name":"wp","href":"https:\/\/api.w.org\/{rel}","templated":true}]}}