{"id":96,"date":"2014-05-20T15:36:35","date_gmt":"2014-05-20T14:36:35","guid":{"rendered":"https:\/\/www.standard-industrie.com\/es\/?page_id=96"},"modified":"2025-06-04T21:35:23","modified_gmt":"2025-06-04T20:35:23","slug":"nuestra-actividad","status":"publish","type":"page","link":"https:\/\/www.standard-industrie.com\/es\/nuestra-actividad\/","title":{"rendered":"NUESTRA ACTIVIDAD"},"content":{"rendered":"<p>[vc_row][vc_column][vc_empty_space][\/vc_column][\/vc_row][vc_row][vc_column][vc_column_text el_class=\u00bbgros-titre fort traits-gris-droite-gauche titre-gauche vc_sep_border_width_2 vc_separator wpb_content_element vc_separator_align_left vc_sep_width_100 vc_sep_pos_align_center vc_sep_color_grey vc_separator-has-text\u00bb]<\/p>\n<div class=\"vc_sep_holder vc_sep_holder_l\">\n<p class=\"vc_sep_line\" style=\"border-color: grey;\">\n<\/div>\n<h2>STANDARD INDUSTRIE INTERNATIONAL<\/h2>\n<div class=\"vc_sep_holder vc_sep_holder_r\">\n<p class=\"vc_sep_line\" style=\"border-color: grey;\">\n<\/div>\n<p>[\/vc_column_text][vc_row_inner][vc_column_inner width=\u00bb1\/6&#8243;][\/vc_column_inner][vc_column_inner width=\u00bb2\/3&#8243;][vc_column_text]<\/p>\n<p style=\"text-align: center;\">STANDARD INDUSTRIE International, desde 1978, es especialista en el dise\u00f1o y fabricaci\u00f3n de equipos que facilitan la manipulaci\u00f3n de los productos pulverulentos a granel con total seguridad y respetando el medio ambiente.<\/p>\n<p style=\"text-align: center;\">Gracias a nuestros procedimientos, optimizar\u00e1 el rendimiento de sus herramientas de producci\u00f3n reduciendo los costes de explotaci\u00f3n y mantenimiento.<\/p>\n<p style=\"text-align: center;\">4 campos de actividad a su servicio:<\/p>\n<p>[\/vc_column_text][\/vc_column_inner][vc_column_inner width=\u00bb1\/6&#8243;][\/vc_column_inner][\/vc_row_inner][\/vc_column][\/vc_row][vc_row el_class=\u00bbinvert-block\u00bb][vc_column width=\u00bb1\/2&#8243; el_class=\u00bbpartie-txt rouge\u00bb][vc_column_text el_class=\u00bbgros-titre fort traits-gris-droite-gauche titre-gauche vc_sep_border_width_2 vc_separator wpb_content_element vc_separator_align_left vc_sep_width_100 vc_sep_pos_align_center vc_sep_color_grey vc_separator-has-text trait-rouge\u00bb]<\/p>\n<div class=\"vc_sep_holder vc_sep_holder_l\">\n<p class=\"vc_sep_line\" style=\"border-color: grey;\">\n<\/div>\n<h2>ELIMINACI\u00d3N DE OBSTRUCCIONES Y PEGADURAS<\/h2>\n<div class=\"vc_sep_holder vc_sep_holder_r\">\n<p class=\"vc_sep_line\" style=\"border-color: grey;\">\n<\/div>\n<p>[\/vc_column_text][vc_column_text]STANDARD INDUSTRIE International le ofrece tecnolog\u00edas adaptadas a los diferentes tipos de obstrucciones. Estas soluciones preventivas le permiten optimizar su productividad ayud\u00e1ndole a recuperar la totalidad de su capacidad de almacenamiento.<\/p>\n<p>&nbsp;<\/p>\n<p><strong>Productos<\/strong><strong>\u00a0<\/strong>:<a title=\"AIRCHOC\u00ae Wireless\" href=\"\/es\/airchoc-wireless\/\">\u00a0Ca\u00f1\u00f3n de aire AIRCHOC\u00ae \u00a0<\/a>y\u00a0<a title=\"MACSYS WIRELESS\" href=\"\/es\/macsys-wireless\/\">Ca\u00f1\u00f3n de aire multisalida MACSYS<\/a>.[\/vc_column_text][\/vc_column][vc_column css_animation=\u00bbslideInRight\u00bb width=\u00bb1\/2&#8243;][vc_single_image image=\u00bb5876&#8243; img_size=\u00bbfull\u00bb alignment=\u00bbcenter\u00bb][\/vc_column][\/vc_row][vc_row][vc_column][vc_btn title=\u00bbCont\u00e1ctenos\u00bb style=\u00bbflat\u00bb shape=\u00bbsquare\u00bb color=\u00bbblack\u00bb align=\u00bbcenter\u00bb link=\u00bburl:%2Fes%2Fcontacto%2F|title:Contact%20Standard%20industrie\u00bb][\/vc_column][\/vc_row][vc_row el_class=\u00bbinvert-block\u00bb][vc_column css_animation=\u00bbslideInLeft\u00bb width=\u00bb1\/2&#8243;][vc_single_image image=\u00bb5877&#8243; img_size=\u00bbfull\u00bb alignment=\u00bbcenter\u00bb][\/vc_column][vc_column width=\u00bb1\/2&#8243; el_class=\u00bbpartie-txt jaune\u00bb][vc_column_text el_class=\u00bbgros-titre fort trait-jaune traits-gris-droite-gauche titre-gauche vc_sep_border_width_2 vc_separator wpb_content_element vc_separator_align_left vc_sep_width_100 vc_sep_pos_align_center vc_sep_color_grey vc_separator-has-text\u00bb]<\/p>\n<div class=\"vc_sep_holder vc_sep_holder_l\">\n<p class=\"vc_sep_line\" style=\"border-color: grey;\">\n<\/div>\n<h2>LIMPIEZA INDUSTRIAL POR ASPIRACI\u00d3N<\/h2>\n<div class=\"vc_sep_holder vc_sep_holder_r\">\n<p class=\"vc_sep_line\" style=\"border-color: grey;\">\n<\/div>\n<p>[\/vc_column_text][vc_column_text]STANDARD INDUSTRIE International le ofrece una amplia gama de material industrial de aspiraci\u00f3n para responder a todas sus necesidades de limpieza, bombeo y reciclaje: de 5 a 300 CV \u2013 el\u00e9ctrico \u2013 unidad fija, m\u00f3vil o cami\u00f3n.<\/p>\n<p>&nbsp;<\/p>\n<p><strong>Productos<\/strong><strong>\u00a0<\/strong><strong>:\u00a0<a title=\"VALNET\" href=\"\/es\/valnet\/\">VALNET<\/a>,\u00a0<a title=\"UMA COMPACT\" href=\"\/es\/uma-compact\/\">UMA Compact<\/a>,\u00a0<a title=\"INC\" href=\"\/es\/inc\/\">INC<\/a>,\u00a0<a title=\"GAD\" href=\"\/es\/gad\/\">GAD<\/a>,\u00a0<a title=\"SAM\" href=\"\/es\/sam\/\">SAM<\/a>,\u00a0<a title=\"PAD\" href=\"\/es\/pad\/\">PAD<\/a>,\u00a0<a title=\"PRESEPARADORES\" href=\"\/es\/pre-separadores\/\">Preseparadores<\/a>.<\/strong>[\/vc_column_text][\/vc_column][\/vc_row][vc_row el_class=\u00bbinvert-block\u00bb][vc_column width=\u00bb1\/2&#8243; el_class=\u00bbpartie-txt vert\u00bb][vc_column_text el_class=\u00bbgros-titre fort traits-gris-droite-gauche titre-gauche vc_sep_border_width_2 vc_separator wpb_content_element vc_separator_align_left vc_sep_width_100 vc_sep_pos_align_center vc_sep_color_grey vc_separator-has-text trait-vert\u00bb]<\/p>\n<div class=\"vc_sep_holder vc_sep_holder_l\">\n<p class=\"vc_sep_line\" style=\"border-color: grey;\">\n<\/div>\n<h2>OPTIMIZACI\u00d3N DE LOS TRANSPORTADORES DE CINTAS<\/h2>\n<div class=\"vc_sep_holder vc_sep_holder_r\">\n<p class=\"vc_sep_line\" style=\"border-color: grey;\">\n<\/div>\n<p>[\/vc_column_text][vc_column_text]STANDARD INDUSTRIE International le ofrece un sistema innovador que optimiza la estanquidad de cualquier cinta transportadora. Sus problemas de seguridad, de reducci\u00f3n de emisiones de polvos y de sus costes de mantenimiento pueden solucionarse con nuestro sistema patentado.<\/p>\n<p>&nbsp;<\/p>\n<p><strong>Productos<\/strong><strong>\u00a0<\/strong><strong>:<a title=\"LIFTUBE\u00ae\" href=\"https:\/\/www.standard-industrie.com\/es\/produits\/liftube\/\">\u00a0LIFTUBE<sup>\u00ae<\/sup><\/a><\/strong>[\/vc_column_text][\/vc_column][vc_column css_animation=\u00bbslideInRight\u00bb width=\u00bb1\/2&#8243;][vc_single_image image=\u00bb5878&#8243; img_size=\u00bbfull\u00bb alignment=\u00bbcenter\u00bb][\/vc_column][\/vc_row][vc_row el_class=\u00bbinvert-block\u00bb][vc_column css_animation=\u00bbslideInLeft\u00bb width=\u00bb1\/2&#8243;][vc_single_image image=\u00bb5879&#8243; img_size=\u00bbfull\u00bb alignment=\u00bbcenter\u00bb][\/vc_column][vc_column width=\u00bb1\/2&#8243; el_class=\u00bbpartie-txt bleu\u00bb][vc_column_text el_class=\u00bbgros-titre fort trait-bleu-fonce traits-gris-droite-gauche titre-gauche vc_sep_border_width_2 vc_separator wpb_content_element vc_separator_align_left vc_sep_width_100 vc_sep_pos_align_center vc_sep_color_grey vc_separator-has-text\u00bb]<\/p>\n<div class=\"vc_sep_holder vc_sep_holder_l\">\n<p class=\"vc_sep_line\" style=\"border-color: grey;\">\n<\/div>\n<h2>PRESTACIONES DE LIMPIEZA DE SILOS Y TOLVAS<\/h2>\n<div class=\"vc_sep_holder vc_sep_holder_r\">\n<p class=\"vc_sep_line\" style=\"border-color: grey;\">\n<\/div>\n<p>[\/vc_column_text][vc_column_text]STANDARD INDUSTRIE International tambi\u00e9n es prestataria de servicios y le ofrece operaciones de limpieza y de aspiraci\u00f3n de silos y tolvas con total seguridad y sin intervenci\u00f3n humana en el interior de sus unidades de almacenamiento.<\/p>\n<p>&nbsp;<\/p>\n<p><strong>Productos<\/strong><strong>\u00a0<\/strong><strong>:\u00a0<a title=\"POWERNET\" href=\"\/es\/powernet-limpieza-de-silos-industriales\/\">POWERNET<\/a>,\u00a0<a title=\"GIRONET\" href=\"\/es\/gironet\/\">GIRONET\u00a0<\/a>\/\u00a0<a title=\"Prestaciones de limpieza de silos y tolvas\" href=\"\/es\/prestaciones-limpieza-silos-tolvas\/\">Prestaciones de limpieza de silos y tolvas :\u00a0GAD, VALNET, Cami\u00f3n de aspiraci\u00f3n.<\/a><\/strong>[\/vc_column_text][\/vc_column][\/vc_row][vc_row el_class=\u00bbinvert-block\u00bb][vc_column width=\u00bb1\/2&#8243; el_class=\u00bbpartie-txt violet\u00bb][vc_column_text el_class=\u00bbgros-titre fort trait-violet traits-gris-droite-gauche titre-gauche vc_sep_border_width_2 vc_separator wpb_content_element vc_separator_align_left vc_sep_width_100 vc_sep_pos_align_center vc_sep_color_grey vc_separator-has-text\u00bb]<\/p>\n<div class=\"vc_sep_holder vc_sep_holder_l\">\n<p class=\"vc_sep_line\" style=\"border-color: grey;\">\n<\/div>\n<h2>TRANSPORTE, CRIBADO &amp; FLUJO<\/h2>\n<div class=\"vc_sep_holder vc_sep_holder_r\">\n<p class=\"vc_sep_line\" style=\"border-color: grey;\">\n<\/div>\n<p>[\/vc_column_text][vc_column_text]Standard Industrie International le ofrece otras soluciones para el transporte, cribado o flujo de productos a granel. A pedido, fabricamos piezas de caucho moldeado. Estos productos se utilizan en la industria de la cristaler\u00eda, la cer\u00e1mica, los fertilizantes, la agroindustria, la qu\u00edmica, las acer\u00edas o las f\u00e1bricas de cemento.<\/p>\n<p>&nbsp;<\/p>\n<p><strong>Productos :\u00a0<a href=\"\/es\/transporte-cribado-flujo\/\">Obturador elastico, Cangilones de caucho, bolas.<\/a><\/strong>[\/vc_column_text][\/vc_column][vc_column css_animation=\u00bbslideInRight\u00bb width=\u00bb1\/2&#8243;][vc_single_image image=\u00bb5880&#8243; img_size=\u00bbfull\u00bb alignment=\u00bbcenter\u00bb][\/vc_column][\/vc_row][vc_row][vc_column][vc_btn title=\u00bbCont\u00e1ctenos\u00bb style=\u00bbflat\u00bb shape=\u00bbsquare\u00bb color=\u00bbblack\u00bb align=\u00bbcenter\u00bb link=\u00bburl:%2Fes%2Fcontacto%2F|title:Contact%20Standard%20industrie\u00bb][\/vc_column][\/vc_row]<\/p>\n","protected":false},"excerpt":{"rendered":"<p>[vc_row][vc_column][vc_empty_space][\/vc_column][\/vc_row][vc_row][vc_column][vc_column_text el_class=\u00bbgros-titre fort traits-gris-droite-gauche titre-gauche vc_sep_border_width_2 vc_separator wpb_content_element vc_separator_align_left vc_sep_width_100 vc_sep_pos_align_center vc_sep_color_grey vc_separator-has-text\u00bb] STANDARD INDUSTRIE INTERNATIONAL [\/vc_column_text][vc_row_inner][vc_column_inner width=\u00bb1\/6&#8243;][\/vc_column_inner][vc_column_inner width=\u00bb2\/3&#8243;][vc_column_text] STANDARD INDUSTRIE International, desde 1978, es especialista<span class=\"excerpt-hellip\"> [\u2026]<\/span><\/p>\n","protected":false},"author":1,"featured_media":0,"parent":0,"menu_order":80,"comment_status":"closed","ping_status":"closed","template":"single-standard.php","meta":{"footnotes":""},"class_list":["post-96","page","type-page","status-publish","hentry"],"_links":{"self":[{"href":"https:\/\/www.standard-industrie.com\/es\/wp-json\/wp\/v2\/pages\/96","targetHints":{"allow":["GET"]}}],"collection":[{"href":"https:\/\/www.standard-industrie.com\/es\/wp-json\/wp\/v2\/pages"}],"about":[{"href":"https:\/\/www.standard-industrie.com\/es\/wp-json\/wp\/v2\/types\/page"}],"author":[{"embeddable":true,"href":"https:\/\/www.standard-industrie.com\/es\/wp-json\/wp\/v2\/users\/1"}],"replies":[{"embeddable":true,"href":"https:\/\/www.standard-industrie.com\/es\/wp-json\/wp\/v2\/comments?post=96"}],"version-history":[{"count":0,"href":"https:\/\/www.standard-industrie.com\/es\/wp-json\/wp\/v2\/pages\/96\/revisions"}],"wp:attachment":[{"href":"https:\/\/www.standard-industrie.com\/es\/wp-json\/wp\/v2\/media?parent=96"}],"curies":[{"name":"wp","href":"https:\/\/api.w.org\/{rel}","templated":true}]}}