{"id":141,"date":"2014-05-22T13:29:48","date_gmt":"2014-05-22T12:29:48","guid":{"rendered":"https:\/\/www.standard-industrie.com\/it\/jobs\/"},"modified":"2014-05-22T13:29:48","modified_gmt":"2014-05-22T12:29:48","slug":"jobs","status":"publish","type":"page","link":"https:\/\/www.standard-industrie.com\/it\/jobs\/","title":{"rendered":"Liste Offres d&#8217;Emploi"},"content":{"rendered":"<p>Hello! Le plugin Job Manager utilise cette page comme mod\u00e8le. N&#8217;h\u00e9sitez pas \u00e0 changer les param\u00e8tres de cette page par contre, Merci de ne pas supprimer cette page. Veuillez noter aussi que les modifications que vous effectuez sur cette page ne seront pas affich\u00e9es sur le site.<\/p>\n","protected":false},"excerpt":{"rendered":"<p>Hello! Le plugin Job Manager utilise cette page comme mod\u00e8le. N&#8217;h\u00e9sitez pas \u00e0 changer les param\u00e8tres de cette page par contre, Merci de ne pas supprimer<span class=\"excerpt-hellip\"> [\u2026]<\/span><\/p>\n","protected":false},"author":1,"featured_media":0,"parent":0,"menu_order":65,"comment_status":"closed","ping_status":"closed","template":"","meta":{"footnotes":""},"class_list":["post-141","page","type-page","status-publish","hentry"],"_links":{"self":[{"href":"https:\/\/www.standard-industrie.com\/it\/wp-json\/wp\/v2\/pages\/141","targetHints":{"allow":["GET"]}}],"collection":[{"href":"https:\/\/www.standard-industrie.com\/it\/wp-json\/wp\/v2\/pages"}],"about":[{"href":"https:\/\/www.standard-industrie.com\/it\/wp-json\/wp\/v2\/types\/page"}],"author":[{"embeddable":true,"href":"https:\/\/www.standard-industrie.com\/it\/wp-json\/wp\/v2\/users\/1"}],"replies":[{"embeddable":true,"href":"https:\/\/www.standard-industrie.com\/it\/wp-json\/wp\/v2\/comments?post=141"}],"version-history":[{"count":0,"href":"https:\/\/www.standard-industrie.com\/it\/wp-json\/wp\/v2\/pages\/141\/revisions"}],"wp:attachment":[{"href":"https:\/\/www.standard-industrie.com\/it\/wp-json\/wp\/v2\/media?parent=141"}],"curies":[{"name":"wp","href":"https:\/\/api.w.org\/{rel}","templated":true}]}}