{"id":16,"date":"2014-05-16T09:33:15","date_gmt":"2014-05-16T08:33:15","guid":{"rendered":"https:\/\/www.standard-industrie.com\/it\/?page_id=16"},"modified":"2025-06-05T10:08:26","modified_gmt":"2025-06-05T09:08:26","slug":"qualite","status":"publish","type":"page","link":"https:\/\/www.standard-industrie.com\/it\/qualite\/","title":{"rendered":"Qualit\u00e0 \/ ambiente"},"content":{"rendered":"<p>[vc_row][vc_column][vc_empty_space][\/vc_column][\/vc_row][vc_row][vc_column][vc_column_text el_class=&#8221;gros-titre fort traits-gris-droite-gauche titre-gauche vc_sep_border_width_2 vc_separator wpb_content_element vc_separator_align_left vc_sep_width_100 vc_sep_pos_align_center vc_sep_color_grey vc_separator-has-text&#8221;]<\/p>\n<div class=\"vc_sep_holder vc_sep_holder_l\">\n<p class=\"vc_sep_line\" style=\"border-color: grey;\">\n<\/div>\n<h2>STANDARD INDUSTRIE INTERNATIONAL<\/h2>\n<div class=\"vc_sep_holder vc_sep_holder_r\">\n<p class=\"vc_sep_line\" style=\"border-color: grey;\">\n<\/div>\n<p>[\/vc_column_text][vc_column_text]Poich\u00e9 l\u2019adesione ha un sistema di gestione QSA, una tappa essenziale per la performance e la continuit\u00e0 nel tempo di un\u2019azienda, alla STANDARD INDUSTRIE abbiamo deciso di\u00a0<b>mettere in atto delle azioni concrete di miglioramento. Queste ultime sono dettate dalla nostra politica QSA.<\/b>[\/vc_column_text][\/vc_column][\/vc_row][vc_row el_class=&#8221;invert-block&#8221;][vc_column width=&#8221;1\/2&#8243; el_class=&#8221;partie-txt&#8221;][vc_column_text el_class=&#8221;gros-titre fort traits-gris-droite-gauche titre-gauche vc_sep_border_width_2 vc_separator wpb_content_element vc_separator_align_left vc_sep_width_100 vc_sep_pos_align_center vc_sep_color_grey vc_separator-has-text&#8221;]<\/p>\n<div class=\"vc_sep_holder vc_sep_holder_l\">\n<p class=\"vc_sep_line\" style=\"border-color: grey;\">\n<\/div>\n<h2>QUALIT\u00c0<\/h2>\n<div class=\"vc_sep_holder vc_sep_holder_r\">\n<p class=\"vc_sep_line\" style=\"border-color: grey;\">\n<\/div>\n<p>[\/vc_column_text][vc_column_text]Il nostro obiettivo; la soddisfazione del cliente e questo si traduce con:<\/p>\n<ul>\n<li>un\u2019importante presenza<\/li>\n<li>test non distruttivi dei nostri prodotti nelle varie fasi di produzione<\/li>\n<li>la creazione di un\u2019organizzazione che permette di essere reattivi<\/li>\n<\/ul>\n<p>[\/vc_column_text][\/vc_column][vc_column css_animation=&#8221;slideInRight&#8221; width=&#8221;1\/2&#8243;][vc_single_image image=&#8221;3418&#8243; img_size=&#8221;full&#8221; alignment=&#8221;center&#8221;][\/vc_column][\/vc_row][vc_row el_class=&#8221;invert-block&#8221;][vc_column css_animation=&#8221;none&#8221; width=&#8221;1\/2&#8243;][vc_column_text el_class=&#8221;gros-titre fort traits-gris-droite-gauche titre-gauche vc_sep_border_width_2 vc_separator wpb_content_element vc_separator_align_left vc_sep_width_100 vc_sep_pos_align_center vc_sep_color_grey vc_separator-has-text&#8221;]<\/p>\n<div class=\"vc_sep_holder vc_sep_holder_l\">\n<p class=\"vc_sep_line\" style=\"border-color: grey;\">\n<\/div>\n<h2>SICUREZZA<\/h2>\n<div class=\"vc_sep_holder vc_sep_holder_r\">\n<p class=\"vc_sep_line\" style=\"border-color: grey;\">\n<\/div>\n<p>[\/vc_column_text][vc_column_text]Permettere il lavoro in sicurezza \u00e8 la nostra parola d\u2019ordine e questo comporta:<\/p>\n<ul>\n<li>l\u2019elaborazione di apparecchiature che facilitano la manipolazione in occasione della produzione o della manutenzione (GIRONET, LIFTUBE)<\/li>\n<li>la formazione dei nostri collaboratori<\/li>\n<li>l\u2019integrazione dell\u2019evoluzione dei regolamenti<\/li>\n<\/ul>\n<p>[\/vc_column_text][\/vc_column][vc_column width=&#8221;1\/2&#8243; el_class=&#8221;partie-txt&#8221;][vc_column_text el_class=&#8221;gros-titre fort traits-gris-droite-gauche titre-gauche vc_sep_border_width_2 vc_separator wpb_content_element vc_separator_align_left vc_sep_width_100 vc_sep_pos_align_center vc_sep_color_grey vc_separator-has-text&#8221;]<\/p>\n<div class=\"vc_sep_holder vc_sep_holder_l\">\n<p class=\"vc_sep_line\" style=\"border-color: grey;\">\n<\/div>\n<h2>AMBIENTE<\/h2>\n<div class=\"vc_sep_holder vc_sep_holder_r\">\n<p class=\"vc_sep_line\" style=\"border-color: grey;\">\n<\/div>\n<p>[\/vc_column_text][vc_column_text]Poich\u00e9 \u00e8 importante preservare le nostre risorse e limitare il nostro impatto:<\/p>\n<ul>\n<li>abbiamo creato una gestione dei rifiuti che ne favorisce il riutilizzo interno e successivamente il riciclo<\/li>\n<li>ottimizziamo le uscite dei nostri tecnici-commerciali per limitare le emissioni di Gas a effetto serra (GES)<\/li>\n<\/ul>\n<p>[\/vc_column_text][\/vc_column][\/vc_row][vc_row][vc_column][vc_btn title=&#8221;Contattaci&#8221; style=&#8221;flat&#8221; shape=&#8221;square&#8221; color=&#8221;black&#8221; align=&#8221;center&#8221; link=&#8221;url:%2Fit%2Fcontatto%2F|title:Contact%20Standard%20industrie&#8221;][\/vc_column][\/vc_row][vc_row el_class=&#8221;invert-block&#8221;][vc_column css_animation=&#8221;slideInLeft&#8221; width=&#8221;1\/2&#8243;][vc_single_image image=&#8221;4823&#8243; img_size=&#8221;full&#8221; alignment=&#8221;center&#8221;][\/vc_column][vc_column width=&#8221;1\/2&#8243; el_class=&#8221;partie-txt&#8221;][vc_column_text el_class=&#8221;gros-titre fort traits-gris-droite-gauche titre-gauche vc_sep_border_width_2 vc_separator wpb_content_element vc_separator_align_left vc_sep_width_100 vc_sep_pos_align_center vc_sep_color_grey vc_separator-has-text&#8221;]<\/p>\n<div class=\"vc_sep_holder vc_sep_holder_l\">\n<p class=\"vc_sep_line\" style=\"border-color: grey;\">\n<\/div>\n<h2>QUALIT\u00c0 &#8220;MADE IN FRANCE&#8221;<\/h2>\n<div class=\"vc_sep_holder vc_sep_holder_r\">\n<p class=\"vc_sep_line\" style=\"border-color: grey;\">\n<\/div>\n<p>[\/vc_column_text][vc_column_text]Dalla sua creazione nel 1978, STANDARD INDUSTRIE si basa sull&#8217;insieme dell&#8217;ecosistema Hauts de France per il suo sviluppo e la sua influenza internazionale. Partner industriali, logistici, finanziari, scuole e consulenza ci accompagnano quotidianamente nella promozione del MADE IN FRANCE.<\/p>\n<p>I nostri team, impegnati con French Fab, progettano, sviluppano, industrializzano e vendono le nostre soluzioni in tecnologia proprietaria con un obiettivo permanente: soddisfare i nostri clienti e mantenere la nostra leadership tecnologica.<\/p>\n<p>Il Direttore Generale ci spiega perch\u00e9 acquistare MADE IN FRANCE:<\/p>\n<p>Per una PMI esportatrice, mantenere l&#8217;equilibrio delle relazioni commerciali \u00e8 diventato complesso. Allora bisogna restare semplici e pragmatici. I nostri partner storici, per la maggior parte situati a meno di 4 ore da Roubaix, ci assicurano la disponibilit\u00e0 e la reattivit\u00e0 di cui abbiamo bisogno per garantire la nostra attivit\u00e0. Ottimizzare i nostri flussi, co-sviluppare i nostri prodotti in base alle loro capacit\u00e0 macchina, gestire le non conformit\u00e0 di produzione&#8230; tutto questo ci permette di risparmiare molto tempo per dedicarci ai nostri clienti. Proprio per i nostri clienti sappiamo che dobbiamo rimanere competitivi perch\u00e9 ci muoviamo in un mercato aperto; ci\u00f2 deve necessariamente passare attraverso leve complementari al solo prezzo: le monete di ricambio in \u00abcircuito corto\u00bb o la disponibilit\u00e0 dei nostri esperti tecnici, ad esempio. Siamo grati ai clienti che rimangono fedeli ai nostri prodotti e servizi e condividono la nostra visione di un tessuto industriale francese digitalizzato, modernizzato e rispettoso dell&#8217;ambiente. Invito i nostri potenziali clienti, che spesso beneficiano di sovvenzioni e altri aiuti governativi, a riconsiderare la loro politica di acquisto per privilegiare, a parit\u00e0 di perimetro tecnico, i prodotti e le offerte MADE IN FRANCE. \u00bb[\/vc_column_text][\/vc_column][\/vc_row][vc_row][vc_column][vc_column_text]<\/p>\n<div class=\"intro\">\n<p>Grazie alla partecipazione di ognuno dei nostri collaboratori, STANDARD INDUSTRIE \u00e8\u00a0<b>certificata ISO 9001 dal 1994 e ISO 45001 dal 2021.<\/b><\/p>\n<\/div>\n<p>[\/vc_column_text][\/vc_column][\/vc_row][vc_row el_class=&#8221;invert-block&#8221;][vc_column css_animation=&#8221;slideInLeft&#8221; width=&#8221;1\/2&#8243;][vc_single_image image=&#8221;6452&#8243; img_size=&#8221;medium&#8221; alignment=&#8221;center&#8221;][\/vc_column][vc_column width=&#8221;1\/2&#8243; el_class=&#8221;partie-txt&#8221;][vc_column_text]<b>ISO 9001 :<\/b>\u00a0standard internazionale di gestione della Qualit\u00e0. L\u2019obiettivo principale \u00e8 la soddisfazione del cliente e il miglioramento continuo.<\/p>\n<p><b>ISO 45001 :\u00a0<\/b>standard internazionale di gestione della Salute e della Sicurezza nel Lavoro. L\u2019obiettivo \u00e8 di ottenere una migliore gestione dei rischi per ridurre il numero di incidenti e infortuni, conformarsi alla legislazione e migliorare le prestazioni.[\/vc_column_text][\/vc_column][\/vc_row][vc_row][vc_column][vc_column_text]<\/p>\n<h3>I nostri prodotti sono certificati a seconda delle gamme e dei mercati :<\/h3>\n<p>[\/vc_column_text][\/vc_column][\/vc_row][vc_row equal_height=&#8221;yes&#8221;][vc_column width=&#8221;1\/3&#8243;][vc_single_image image=&#8221;2328&#8243; img_size=&#8221;full&#8221; alignment=&#8221;center&#8221;][vc_column_text]Questo logo indica che l\u2019apparecchiatura pu\u00f2 essere utilizzata in tutta sicurezza in un\u2019atmosfera parzialmente esplosiva, data dalla presenza di gas infiammabili, vapori, nebbia o nubi di polveri combustibili.<br \/>\nLa base della certificazione ATEX \u00e8 la direttiva europea 94\/9\/CE.[\/vc_column_text][\/vc_column][vc_column width=&#8221;1\/3&#8243;][vc_single_image image=&#8221;2330&#8243; img_size=&#8221;full&#8221; alignment=&#8221;center&#8221;][vc_column_text]La marcatura CE attesta che il prodotto \u00e8 conforme ai requisiti essenziali di sicurezza definiti dalla direttiva o dalle direttive applicabili.<br \/>\nLa marcatura CE \u00e8 regolata dalla direttiva 93\/68\/CEE del Consiglio del 22 luglio 1993.<br \/>\n\u00c8 obbligatoria per commercializzare un prodotto nell\u2019Unione europea.[\/vc_column_text][\/vc_column][vc_column width=&#8221;1\/3&#8243;][vc_single_image image=&#8221;2332&#8243; img_size=&#8221;full&#8221; alignment=&#8221;center&#8221;][vc_column_text]<\/p>\n<div class=\"bottom\">\n<div class=\"paragraphe\">\n<p>Questa marcatura attesta la conformit\u00e0 ai requisiti di sicurezza e qualit\u00e0 della Federazione russa. Il certificato GOST R \u00e8 obbligatorio per ogni tipo di merce importato in altri paesi o prodotto in Russia.<\/p>\n<\/div>\n<\/div>\n<p>[\/vc_column_text][\/vc_column][\/vc_row][vc_row equal_height=&#8221;yes&#8221;][vc_column width=&#8221;1\/3&#8243;][vc_single_image image=&#8221;4828&#8243; img_size=&#8221;full&#8221; alignment=&#8221;center&#8221;][vc_column_text]Il Certificato CSA \u00e8 rilasciato dalla Canadian Standards Association e attesta che un prodotto, una procedura o un servizio \u00e8 stato testato secondo le norme canadesi o americane e che rispetta i requisiti di una norma CSA applicabile o qualsiasi altro documento riconosciuto come riferimento per la certificazione.<br \/>\nQuesto logo \u00e8 riconosciuto negli Stati Uniti, in Canada e in tutto il mondo[\/vc_column_text][\/vc_column][vc_column width=&#8221;1\/3&#8243;][vc_single_image image=&#8221;4829&#8243; alignment=&#8221;center&#8221;][vc_column_text]Il certificato UL \u00e8 rilasciato da Underwriters Laboratories e attesta che alcuni prodotti, componenti, materiali, apparecchiature e sistemi sono conformi a norme specifiche.<br \/>\nLe lettere C e\/o U possono accompagnare il logo e questo significa che il prodotto pu\u00f2 essere utilizzato sul mercato canadese e\/o americano.[\/vc_column_text][\/vc_column][vc_column width=&#8221;1\/3&#8243;][vc_single_image image=&#8221;4830&#8243; alignment=&#8221;center&#8221;][vc_empty_space height=&#8221;23px&#8221;][vc_column_text]Il Certificato ASME \u00e8 rilasciato dall\u2019American Society of Mechanical Engineers e attesta che i metodi di fabbricazione dei prodotti sono conformi alle norme specifiche che hanno stabilito. Sono specializzati negli impianti sotto pressione. Permette la commercializzazione negli Stati Uniti.[\/vc_column_text][\/vc_column][\/vc_row][vc_row][vc_column][vc_btn title=&#8221;Contattaci&#8221; style=&#8221;flat&#8221; shape=&#8221;square&#8221; color=&#8221;black&#8221; align=&#8221;center&#8221; link=&#8221;url:%2Fit%2Fcontatto%2F|title:Contact%20Standard%20industrie&#8221;][\/vc_column][\/vc_row]<\/p>\n","protected":false},"excerpt":{"rendered":"<p>[vc_row][vc_column][vc_empty_space][\/vc_column][\/vc_row][vc_row][vc_column][vc_column_text el_class=&#8221;gros-titre fort traits-gris-droite-gauche titre-gauche vc_sep_border_width_2 vc_separator wpb_content_element vc_separator_align_left vc_sep_width_100 vc_sep_pos_align_center vc_sep_color_grey vc_separator-has-text&#8221;] STANDARD INDUSTRIE INTERNATIONAL [\/vc_column_text][vc_column_text]Poich\u00e9 l\u2019adesione ha un sistema di gestione QSA, una tappa<span class=\"excerpt-hellip\"> [\u2026]<\/span><\/p>\n","protected":false},"author":1,"featured_media":0,"parent":0,"menu_order":76,"comment_status":"closed","ping_status":"closed","template":"","meta":{"footnotes":""},"class_list":["post-16","page","type-page","status-publish","hentry"],"_links":{"self":[{"href":"https:\/\/www.standard-industrie.com\/it\/wp-json\/wp\/v2\/pages\/16","targetHints":{"allow":["GET"]}}],"collection":[{"href":"https:\/\/www.standard-industrie.com\/it\/wp-json\/wp\/v2\/pages"}],"about":[{"href":"https:\/\/www.standard-industrie.com\/it\/wp-json\/wp\/v2\/types\/page"}],"author":[{"embeddable":true,"href":"https:\/\/www.standard-industrie.com\/it\/wp-json\/wp\/v2\/users\/1"}],"replies":[{"embeddable":true,"href":"https:\/\/www.standard-industrie.com\/it\/wp-json\/wp\/v2\/comments?post=16"}],"version-history":[{"count":0,"href":"https:\/\/www.standard-industrie.com\/it\/wp-json\/wp\/v2\/pages\/16\/revisions"}],"wp:attachment":[{"href":"https:\/\/www.standard-industrie.com\/it\/wp-json\/wp\/v2\/media?parent=16"}],"curies":[{"name":"wp","href":"https:\/\/api.w.org\/{rel}","templated":true}]}}