{"id":2499,"date":"2017-04-20T13:15:39","date_gmt":"2017-04-20T12:15:39","guid":{"rendered":"https:\/\/www.standard-industrie.com\/it\/?page_id=2499"},"modified":"2025-06-05T09:53:19","modified_gmt":"2025-06-05T08:53:19","slug":"manutenzione-industriale","status":"publish","type":"page","link":"https:\/\/www.standard-industrie.com\/it\/manutenzione-industriale\/","title":{"rendered":"Manutenzione industriale"},"content":{"rendered":"<p>[vc_row][vc_column][vc_empty_space][\/vc_column][\/vc_row][vc_row el_class=&#8221;invert-block&#8221;][vc_column width=&#8221;1\/2&#8243; el_class=&#8221;partie-txt&#8221;][vc_column_text el_class=&#8221;gros-titre fort traits-gris-droite-gauche titre-gauche vc_sep_border_width_2 vc_separator wpb_content_element vc_separator_align_left vc_sep_width_100 vc_sep_pos_align_center vc_sep_color_grey vc_separator-has-text&#8221;]<\/p>\n<div class=\"vc_sep_holder vc_sep_holder_l\">\n<p class=\"vc_sep_line\" style=\"border-color: grey;\">\n<\/div>\n<h2>I DIFFERENTI TIPI DI MANUTENZIONE<\/h2>\n<div class=\"vc_sep_holder vc_sep_holder_r\">\n<p class=\"vc_sep_line\" style=\"border-color: grey;\">\n<\/div>\n<p>[\/vc_column_text][vc_column_text]Nella vita di tutti i giorni, che si parli dell\u2019industria o del settore privato, passiamo le nostre giornate in collaborazione con diversi apparecchi o macchine pensate per semplificarci la vita e per eseguire diverse attivit\u00e0 in vari settori.<\/p>\n<p>Al momento dell\u2019acquisto di questi elementi, viene fornita una garanzia del produttore\/costruttore, che pu\u00f2 essere estesa dall\u2019insegna di rivendita o dal distributore. La maggior parte del tempo, queste garanzie sono incentrate sui difetti di fabbricazione e non su un\u2019_usura quotidiana dell\u2019oggetto stesso, che in alcuni casi deve essere seguito, controllato e\/o riparato. Queste fasi di controllo e riparazione sono chiamate manutenzione. L\u2019idea \u00e8 mantenere un prodotto funzionante e in grado di rispondere alle esigenze dell\u2019utente.[\/vc_column_text][vc_column_text el_class=&#8221;gros-titre fort traits-gris-droite-gauche titre-gauche vc_sep_border_width_2 vc_separator wpb_content_element vc_separator_align_left vc_sep_width_100 vc_sep_pos_align_center vc_sep_color_grey vc_separator-has-text&#8221;]<\/p>\n<div class=\"vc_sep_holder vc_sep_holder_l\">\n<p class=\"vc_sep_line\" style=\"border-color: grey;\">\n<\/div>\n<h3>Si distinguono 3 tipi di manutenzione:<\/h3>\n<div class=\"vc_sep_holder vc_sep_holder_r\">\n<p class=\"vc_sep_line\" style=\"border-color: grey;\">\n<\/div>\n<p>[\/vc_column_text][vc_column_text]<\/p>\n<ul>\n<li><a href=\"\/it\/maintenance-industrielle\/la-manutenzione-correttiva\/\">La manutenzione correttiva<\/a><\/li>\n<li><a href=\"\/it\/manutenzione-industriale\/la-manutenzione-preventiva\/\">La manutenzione preventiva<\/a><\/li>\n<li><a href=\"\/it\/manutenzione-industriale\/la-manutenzione-curativa\/\">La manutenzione curativa<\/a><\/li>\n<\/ul>\n<p>[\/vc_column_text][\/vc_column][vc_column css_animation=&#8221;slideInRight&#8221; width=&#8221;1\/2&#8243;][vc_single_image image=&#8221;5768&#8243; img_size=&#8221;full&#8221; alignment=&#8221;center&#8221;][\/vc_column][\/vc_row][vc_row][vc_column][vc_btn title=&#8221;Contattaci&#8221; style=&#8221;flat&#8221; shape=&#8221;square&#8221; color=&#8221;black&#8221; align=&#8221;center&#8221; link=&#8221;url:%2Fit%2Fcontatto%2F|title:Contact%20Standard%20industrie&#8221;][\/vc_column][\/vc_row][vc_row el_class=&#8221;invert-block&#8221;][vc_column css_animation=&#8221;zoomInLeft&#8221; width=&#8221;1\/2&#8243;][vc_single_image image=&#8221;5767&#8243; img_size=&#8221;full&#8221; alignment=&#8221;center&#8221;][\/vc_column][vc_column width=&#8221;1\/2&#8243; el_class=&#8221;partie-txt&#8221;][vc_column_text el_class=&#8221;gros-titre fort traits-gris-droite-gauche titre-gauche vc_sep_border_width_2 vc_separator wpb_content_element vc_separator_align_left vc_sep_width_100 vc_sep_pos_align_center vc_sep_color_grey vc_separator-has-text&#8221;]<\/p>\n<div class=\"vc_sep_holder vc_sep_holder_l\">\n<p class=\"vc_sep_line\" style=\"border-color: grey;\">\n<\/div>\n<h2>COMPETENZA \/ AUDIT<\/h2>\n<div class=\"vc_sep_holder vc_sep_holder_r\">\n<p class=\"vc_sep_line\" style=\"border-color: grey;\">\n<\/div>\n<p>[\/vc_column_text][vc_column_text]Un partner di fiducia per garantire la disponibilit\u00e0 e le prestazioni delle vostre apparecchiature.<\/p>\n<p><strong>AUDIT<\/strong><\/p>\n<p>Gli audit sono interventi delicati e precisi che informano sullo stato di funzionamento di un parco macchine inserito in un processo. Il loro scopo \u00e8 quello di individuare anomalie e malfunzionamenti e di proporre adeguate soluzioni correttive\/migliorative.<\/p>\n<p>Mettiamo a vostra disposizione le competenze e l&#8217;esperienza dei nostri esperti meccanici e tecnici di processo. La nostra gamma <strong>SI SERVICES Audit &#8211; Medium &#8211; Premium<\/strong> offre una serie di servizi per garantire le prestazioni e la durata nel tempo delle vostre apparecchiature Standard Industrie.<\/p>\n<p>&nbsp;<\/p>\n<p>L&#8217;audit meccanico comprende :<\/p>\n<ul>\n<li>Una visita di un giorno da parte di un tecnico<\/li>\n<li>Ispezione meccanica delle vostre apparecchiature Standard Industrie<\/li>\n<li>La stesura di un rapporto che elenca le parti da sostituire sulle apparecchiature che lo richiedono.<\/li>\n<li>Questo audit pu\u00f2 essere effettuato in un impianto in funzione.<\/li>\n<\/ul>\n<p>&nbsp;<\/p>\n<p>L&#8217;audit di competenza del processo comprende:<\/p>\n<ul>\n<li>Un tecnico o un ingegnere esperto si reca sul posto per un giorno.<\/li>\n<li>L&#8217;ispezione e la perizia di processo di tutte le vostre apparecchiature Standard Industrie<\/li>\n<li>La stesura di un rapporto e le nostre raccomandazioni per il miglioramento.<\/li>\n<li>Questa valutazione viene effettuata durante la sospensione della produzione dell&#8217;impianto.<\/li>\n<\/ul>\n<p>[\/vc_column_text][\/vc_column][\/vc_row][vc_row][vc_column][vc_btn title=&#8221;Contattateci&#8221; style=&#8221;flat&#8221; shape=&#8221;square&#8221; color=&#8221;black&#8221; align=&#8221;center&#8221; link=&#8221;url:https%3A%2F%2Fwww.standard-industrie.com\/it%2Fcontact-standard-industrie%2F|title:Contact%20Standard%20industrie&#8221;][\/vc_column][\/vc_row][vc_row el_class=&#8221;invert-block&#8221;][vc_column width=&#8221;1\/2&#8243; el_class=&#8221;partie-txt&#8221;][vc_column_text el_class=&#8221;gros-titre fort traits-gris-droite-gauche titre-gauche vc_sep_border_width_2 vc_separator wpb_content_element vc_separator_align_left vc_sep_width_100 vc_sep_pos_align_center vc_sep_color_grey vc_separator-has-text&#8221;]<\/p>\n<div class=\"vc_sep_holder vc_sep_holder_l\">\n<p class=\"vc_sep_line\" style=\"border-color: grey;\">\n<\/div>\n<h2>SERVIZI DI MANUTENZIONE<\/h2>\n<div class=\"vc_sep_holder vc_sep_holder_r\">\n<p class=\"vc_sep_line\" style=\"border-color: grey;\">\n<\/div>\n<p>[\/vc_column_text][vc_column_text]Gli interventi di manutenzione devono essere eseguiti regolarmente per garantire la disponibilit\u00e0 del parco macchine e quindi il regolare svolgimento del processo e la produttivit\u00e0, in tutta sicurezza. Per garantire l&#8217;affidabilit\u00e0 ottimale delle vostre apparecchiature Standard Industrie, interveniamo ed eseguiamo per voi la manutenzione preventiva.<\/p>\n<ul>\n<li><b>Fornitura di parti soggette a usura<\/b><\/li>\n<li><b>Sostituzione di parti in loco da parte di un tecnico<\/b><\/li>\n<\/ul>\n<p>Nell&#8217;ambito delle operazioni di manutenzione correttiva o correttiva, Standard Industrie si impegna a tenere a magazzino i pezzi pi\u00f9 comuni e a fornire i pezzi pi\u00f9 complessi nel pi\u00f9 breve tempo possibile. Possibilit\u00e0 di stock in conto deposito per contratti a premio.[\/vc_column_text][\/vc_column][vc_column css_animation=&#8221;slideInRight&#8221; width=&#8221;1\/2&#8243;][vc_single_image image=&#8221;4649&#8243; img_size=&#8221;full&#8221; alignment=&#8221;center&#8221;][\/vc_column][\/vc_row][vc_row][vc_column el_class=&#8221;partie-txt&#8221; offset=&#8221;vc_col-lg-6&#8243;][vc_column_text el_class=&#8221;gros-titre fort traits-gris-droite-gauche titre-gauche vc_sep_border_width_2 vc_separator wpb_content_element vc_separator_align_left vc_sep_width_100 vc_sep_pos_align_center vc_sep_color_grey vc_separator-has-text&#8221;]<\/p>\n<div class=\"vc_sep_holder vc_sep_holder_l\">\n<p class=\"vc_sep_line\" style=\"border-color: grey;\">\n<\/div>\n<h2>ASSISTENZA TECNICA E MIGLIORAMENTO CONTINUO<\/h2>\n<div class=\"vc_sep_holder vc_sep_holder_r\">\n<p class=\"vc_sep_line\" style=\"border-color: grey;\">\n<\/div>\n<p>[\/vc_column_text][vc_raw_html]JTNDdWwlM0UlMEElM0NsaSUzRUklMjBub3N0cmklMjB0ZWNuaWNpJTIwZWQlMjBlc3BlcnRpJTIwc29ubyUyMGRpc3BvbmliaWxpJTIwZGFsbGUlMjA4LjAwJTIwYWxsZSUyMDE4LjAwJTJDJTIwZGFsJTIwbHVuZWQlQzMlQUMlMjBhbCUyMHZlbmVyZCVDMyVBQyUyQyUyMHBlciUyMGFzc2lzdGVydmklMjBuZWxsJTI3dXRpbGl6em8lMjBkZWxsZSUyMHZvc3RyZSUyMGFwcGFyZWNjaGlhdHVyZSUyMFN0YW5kYXJkJTIwSW5kdXN0cmllLiUzQyUyRmxpJTNFJTBBJTNDbGklM0VDb250YXR0YXRlbGklMjB2aWElMjBpbCUyMG1vZHVsbyUyMGRpJTIwY29udGF0dG8lM0MlMkZsaSUzRSUwQSUzQyUyRnVsJTNF[\/vc_raw_html][\/vc_column][vc_column css_animation=&#8221;none&#8221; offset=&#8221;vc_col-lg-6&#8243;][vc_column_text el_class=&#8221;gros-titre fort traits-gris-droite-gauche titre-gauche vc_sep_border_width_2 vc_separator wpb_content_element vc_separator_align_left vc_sep_width_100 vc_sep_pos_align_center vc_sep_color_grey vc_separator-has-text&#8221;]<\/p>\n<div class=\"vc_sep_holder vc_sep_holder_l\">\n<p class=\"vc_sep_line\" style=\"border-color: grey;\">\n<\/div>\n<h2>I NOSTRI CONTRATTI<\/h2>\n<div class=\"vc_sep_holder vc_sep_holder_r\">\n<p class=\"vc_sep_line\" style=\"border-color: grey;\">\n<\/div>\n<p>[\/vc_column_text][vc_tta_tabs active_section=&#8221;1&#8243; el_class=&#8221;contrats&#8221;][vc_tta_section title=&#8221;AUDIT +&#8221; tab_id=&#8221;1670860325937-06597ae2-d1a2&#8243;][vc_row_inner el_class=&#8221;range-contrat&#8221;][vc_column_inner width=&#8221;1\/2&#8243;][vc_column_text]Durata[\/vc_column_text][\/vc_column_inner][vc_column_inner width=&#8221;1\/2&#8243;][vc_column_text]3 anni[\/vc_column_text][\/vc_column_inner][\/vc_row_inner][vc_row_inner el_class=&#8221;range-contrat&#8221;][vc_column_inner width=&#8221;1\/2&#8243;][vc_column_text]Audit mecanico[\/vc_column_text][\/vc_column_inner][vc_column_inner width=&#8221;1\/2&#8243;][vc_column_text]2x per anno[\/vc_column_text][\/vc_column_inner][\/vc_row_inner][vc_row_inner el_class=&#8221;range-contrat&#8221;][vc_column_inner width=&#8221;1\/2&#8243;][vc_column_text]Competenza nel processo di audit<br \/>\nMiglioramento continuo[\/vc_column_text][\/vc_column_inner][vc_column_inner width=&#8221;1\/2&#8243;][vc_column_text]1x per anno[\/vc_column_text][\/vc_column_inner][\/vc_row_inner][vc_row_inner el_class=&#8221;range-contrat&#8221;][vc_column_inner width=&#8221;1\/2&#8243;][vc_column_text]Assistenza tecnica e miglioramento[\/vc_column_text][\/vc_column_inner][vc_column_inner width=&#8221;1\/2&#8243;][vc_column_text]2x mezza giornata all&#8217;anno &#8211; riunione tecnica in loco[\/vc_column_text][\/vc_column_inner][\/vc_row_inner][\/vc_tta_section][vc_tta_section title=&#8221;MEDIUM&#8221; tab_id=&#8221;1670860855016-19c3c1a4-976d&#8221;][vc_row_inner el_class=&#8221;range-contrat&#8221;][vc_column_inner width=&#8221;1\/2&#8243;][vc_column_text]Durata[\/vc_column_text][\/vc_column_inner][vc_column_inner width=&#8221;1\/2&#8243;][vc_column_text]3 anni[\/vc_column_text][\/vc_column_inner][\/vc_row_inner][vc_row_inner el_class=&#8221;range-contrat&#8221;][vc_column_inner width=&#8221;1\/2&#8243;][vc_column_text]Manutenzione preventiva[\/vc_column_text][\/vc_column_inner][vc_column_inner width=&#8221;1\/2&#8243;][vc_column_text]4x per anno<br \/>\n<em>Da adattare alle specificit\u00e0 dell&#8217;impianto<\/em>[\/vc_column_text][\/vc_column_inner][\/vc_row_inner][vc_row_inner el_class=&#8221;range-contrat&#8221;][vc_column_inner width=&#8221;1\/2&#8243;][vc_column_text]Parti soggette a usura<br \/>\n(secondo l&#8217;elenco definito &#8211; livello I)[\/vc_column_text][\/vc_column_inner][vc_column_inner width=&#8221;1\/2&#8243;][vc_column_text]Fatturazione extra &#8211; Listino speciale a prezzo fisso con tempi di consegna di 6 mesi. Ordine diretto per risparmiare (non \u00e8 necessario chiedere un preventivo)[\/vc_column_text][\/vc_column_inner][\/vc_row_inner][vc_row_inner el_class=&#8221;range-contrat&#8221;][vc_column_inner width=&#8221;1\/2&#8243;][vc_column_text]Pezzi di ricambio e altro<br \/>\n(secondo l&#8217;elenco definito &#8211; livello II)[\/vc_column_text][\/vc_column_inner][vc_column_inner width=&#8221;1\/2&#8243;][vc_column_text]Fatturazione extra &#8211; Listino speciale a prezzo fisso con un tempo di consegna di 6 mesi. Ordine diretto per risparmiare (non \u00e8 necessario chiedere un preventivo entro questi 6 mesi).[\/vc_column_text][\/vc_column_inner][\/vc_row_inner][\/vc_tta_section][vc_tta_section title=&#8221;MEDIUM +&#8221; tab_id=&#8221;1670860924446-311ca341-ac50&#8243;][vc_row_inner el_class=&#8221;range-contrat&#8221;][vc_column_inner width=&#8221;1\/2&#8243;][vc_column_text]Durata[\/vc_column_text][\/vc_column_inner][vc_column_inner width=&#8221;1\/2&#8243;][vc_column_text]3 anni[\/vc_column_text][\/vc_column_inner][\/vc_row_inner][vc_row_inner el_class=&#8221;range-contrat&#8221;][vc_column_inner width=&#8221;1\/2&#8243;][vc_column_text]Manutenzione preventiva[\/vc_column_text][\/vc_column_inner][vc_column_inner width=&#8221;1\/2&#8243;][vc_column_text]4x per anno<br \/>\n<em>Da adattare alle specificit\u00e0 dell&#8217;impianto<\/em>[\/vc_column_text][\/vc_column_inner][\/vc_row_inner][vc_row_inner el_class=&#8221;range-contrat&#8221;][vc_column_inner width=&#8221;1\/2&#8243;][vc_column_text]Parti soggette a usura<br \/>\n(secondo l&#8217;elenco definito &#8211; livello I)[\/vc_column_text][\/vc_column_inner][vc_column_inner width=&#8221;1\/2&#8243;][vc_column_text]Incluse[\/vc_column_text][\/vc_column_inner][\/vc_row_inner][vc_row_inner el_class=&#8221;range-contrat&#8221;][vc_column_inner width=&#8221;1\/2&#8243;][vc_column_text]Pezzi di ricambio e altro<br \/>\n(secondo l&#8217;elenco definito &#8211; livello II)[\/vc_column_text][\/vc_column_inner][vc_column_inner width=&#8221;1\/2&#8243;][vc_column_text]Fatturazione extra &#8211; Listino speciale a prezzo fisso con un tempo di consegna di 6 mesi. Ordine diretto per risparmiare (non \u00e8 necessario chiedere un preventivo entro questi 6 mesi).[\/vc_column_text][\/vc_column_inner][\/vc_row_inner][\/vc_tta_section][vc_tta_section title=&#8221;PREMIUM&#8221; tab_id=&#8221;1670860994029-bc1c4d32-4ed2&#8243;][vc_row_inner el_class=&#8221;range-contrat&#8221;][vc_column_inner width=&#8221;1\/2&#8243;][vc_column_text]Durata[\/vc_column_text][\/vc_column_inner][vc_column_inner width=&#8221;1\/2&#8243;][vc_column_text]3 anni[\/vc_column_text][\/vc_column_inner][\/vc_row_inner][vc_row_inner el_class=&#8221;range-contrat&#8221;][vc_column_inner width=&#8221;1\/2&#8243;][vc_column_text]Manutenzione preventiva[\/vc_column_text][\/vc_column_inner][vc_column_inner width=&#8221;1\/2&#8243;][vc_column_text]4x per anno<br \/>\n<em>Da adattare alle specificit\u00e0 dell&#8217;impianto<\/em>[\/vc_column_text][\/vc_column_inner][\/vc_row_inner][vc_row_inner el_class=&#8221;range-contrat&#8221;][vc_column_inner width=&#8221;1\/2&#8243;][vc_column_text]Parti soggette a usura<br \/>\n(secondo l&#8217;elenco definito &#8211; livello I)[\/vc_column_text][\/vc_column_inner][vc_column_inner width=&#8221;1\/2&#8243;][vc_column_text]Incluse[\/vc_column_text][\/vc_column_inner][\/vc_row_inner][vc_row_inner el_class=&#8221;range-contrat&#8221;][vc_column_inner width=&#8221;1\/2&#8243;][vc_column_text]Pezzi di ricambio<br \/>\n(secondo l&#8217;elenco definito)[\/vc_column_text][\/vc_column_inner][vc_column_inner width=&#8221;1\/2&#8243;][vc_column_text]Incluse[\/vc_column_text][\/vc_column_inner][\/vc_row_inner][vc_row_inner el_class=&#8221;range-contrat&#8221;][vc_column_inner width=&#8221;1\/2&#8243;][vc_column_text]Pezzi di ricambio e altro<br \/>\n(secondo l&#8217;elenco definito &#8211; livello II)[\/vc_column_text][\/vc_column_inner][vc_column_inner width=&#8221;1\/2&#8243;][vc_column_text]Fatturazione extra &#8211; Listino speciale a prezzo fisso con un tempo di consegna di 6 mesi. Ordine diretto per risparmiare (non \u00e8 necessario chiedere un preventivo entro questi 6 mesi).[\/vc_column_text][\/vc_column_inner][\/vc_row_inner][vc_row_inner el_class=&#8221;range-contrat&#8221;][vc_column_inner width=&#8221;1\/2&#8243;][vc_column_text]Stock in conto vendita[\/vc_column_text][\/vc_column_inner][vc_column_inner width=&#8221;1\/2&#8243;][vc_column_text]Possibile[\/vc_column_text][\/vc_column_inner][\/vc_row_inner][vc_row_inner el_class=&#8221;range-contrat&#8221;][vc_column_inner width=&#8221;1\/2&#8243;][vc_column_text]<span lang=\"EN-US\">Conversione a AIRCHOC AC6<\/span>[\/vc_column_text][\/vc_column_inner][vc_column_inner width=&#8221;1\/2&#8243;][vc_column_text]Incluso (% da definire)[\/vc_column_text][\/vc_column_inner][\/vc_row_inner][\/vc_tta_section][\/vc_tta_tabs][\/vc_column][\/vc_row][vc_row][vc_column][vc_btn title=&#8221;Contattateci&#8221; style=&#8221;flat&#8221; shape=&#8221;square&#8221; color=&#8221;black&#8221; align=&#8221;center&#8221; link=&#8221;url:https%3A%2F%2Fwww.standard-industrie.com%2Fit%2Fcontatto%2F|title:Contact%20Standard%20industrie&#8221;][\/vc_column][\/vc_row]<\/p>\n","protected":false},"excerpt":{"rendered":"<p>[vc_row][vc_column][vc_empty_space][\/vc_column][\/vc_row][vc_row el_class=&#8221;invert-block&#8221;][vc_column width=&#8221;1\/2&#8243; el_class=&#8221;partie-txt&#8221;][vc_column_text el_class=&#8221;gros-titre fort traits-gris-droite-gauche titre-gauche vc_sep_border_width_2 vc_separator wpb_content_element vc_separator_align_left vc_sep_width_100 vc_sep_pos_align_center vc_sep_color_grey vc_separator-has-text&#8221;] I DIFFERENTI TIPI DI MANUTENZIONE [\/vc_column_text][vc_column_text]Nella vita di tutti i<span class=\"excerpt-hellip\"> [\u2026]<\/span><\/p>\n","protected":false},"author":1,"featured_media":0,"parent":0,"menu_order":47,"comment_status":"closed","ping_status":"closed","template":"","meta":{"footnotes":""},"class_list":["post-2499","page","type-page","status-publish","hentry"],"_links":{"self":[{"href":"https:\/\/www.standard-industrie.com\/it\/wp-json\/wp\/v2\/pages\/2499","targetHints":{"allow":["GET"]}}],"collection":[{"href":"https:\/\/www.standard-industrie.com\/it\/wp-json\/wp\/v2\/pages"}],"about":[{"href":"https:\/\/www.standard-industrie.com\/it\/wp-json\/wp\/v2\/types\/page"}],"author":[{"embeddable":true,"href":"https:\/\/www.standard-industrie.com\/it\/wp-json\/wp\/v2\/users\/1"}],"replies":[{"embeddable":true,"href":"https:\/\/www.standard-industrie.com\/it\/wp-json\/wp\/v2\/comments?post=2499"}],"version-history":[{"count":0,"href":"https:\/\/www.standard-industrie.com\/it\/wp-json\/wp\/v2\/pages\/2499\/revisions"}],"wp:attachment":[{"href":"https:\/\/www.standard-industrie.com\/it\/wp-json\/wp\/v2\/media?parent=2499"}],"curies":[{"name":"wp","href":"https:\/\/api.w.org\/{rel}","templated":true}]}}