{"id":2506,"date":"2017-04-20T13:29:15","date_gmt":"2017-04-20T12:29:15","guid":{"rendered":"https:\/\/www.standard-industrie.com\/it\/?page_id=2506"},"modified":"2025-06-05T09:53:59","modified_gmt":"2025-06-05T08:53:59","slug":"la-manutenzione-curativa","status":"publish","type":"page","link":"https:\/\/www.standard-industrie.com\/it\/manutenzione-industriale\/la-manutenzione-curativa\/","title":{"rendered":"La manutenzione curativa"},"content":{"rendered":"<p>[vc_row][vc_column][vc_empty_space][\/vc_column][\/vc_row][vc_row el_class=&#8221;invert-block&#8221;][vc_column width=&#8221;1\/2&#8243; el_class=&#8221;partie-txt&#8221;][vc_column_text el_class=&#8221;gros-titre fort traits-gris-droite-gauche titre-gauche vc_sep_border_width_2 vc_separator wpb_content_element vc_separator_align_left vc_sep_width_100 vc_sep_pos_align_center vc_sep_color_grey vc_separator-has-text&#8221;]<\/p>\n<div class=\"vc_sep_holder vc_sep_holder_l\">\n<p class=\"vc_sep_line\" style=\"border-color: grey;\">\n<\/div>\n<h2>Che cos&#8217;\u00e8 la manutenzione curativa?<\/h2>\n<div class=\"vc_sep_holder vc_sep_holder_r\">\n<p class=\"vc_sep_line\" style=\"border-color: grey;\">\n<\/div>\n<p>[\/vc_column_text][vc_column_text]A differenza della\u00a0<a href=\"https:\/\/www.standard-industrie.com\/it\/manutenzione\/la-manutenzione-correttiva\/\">manutenzione correttiva palliativa<\/a>, che ricordiamo consistere nella riparazione provvisoria di un\u2019apparecchiatura, la manutenzione curativa si attua quando una macchina o un impianto \u00e8 in panne e non pu\u00f2 essere riparato. In questo caso, \u00e8 necessario sostituire il materiale in parte o nella sua interezza. \u00c8 possibile che questa manutenzione curativa avvenga dopo una manutenzione preventiva o correttiva.<\/p>\n<p>Nell\u2019ambito della\u00a0<b>manutenzione curativa<\/b>, non si specifica se il materiale difettoso disturba o meno il processo nella sua globalit\u00e0. Pu\u00f2 quindi trattarsi di una riparazione di minore o maggiore entit\u00e0.<br \/>\nPer esempio, un\u2019asciugabiancheria la cui resistenza \u00e8 guasta non asciuga pi\u00f9. Bisogna quindi intervenire e sostituire la resistenza per ripristinare la funzione principale della macchina. Una bicicletta che ha una gomma bucata e che \u00e8 stata riparata con un toppino (manutenzione correttiva palliativa) e che si buca di nuovo dovr\u00e0 essere sostituita: questa \u00e8 la manutenzione curativa.<\/p>\n<p>Nell\u2019industria, pu\u00f2 trattarsi di un silo o di una tramoggia dotata di una valvola a ghigliottina per l\u2019estrazione. Se questa valvola \u00e8 bloccata a causa della corrosione, deformata a causa di un urto\u2026 non sar\u00e0 possibile dosare il rilascio del prodotto. Quindi sar\u00e0 necessario sostituirla per ripristinare l\u2019estrazione del silo per l\u2019alimentazione del processo.<br \/>\nPossiamo ancora prendere come esempio il caso di un convogliatore con nastri il cui nastro \u00e8 gi\u00e0 stato riparato (eventualmente ri-spillato o ri-vulcanizzato) che si strappa di nuovo in larghezza o lunghezza a seguito di una deviazione del nastro, che pertanto dovr\u00e0 essere sostituito perch\u00e9 \u00e8 gi\u00e0 stato troppo riparato o ha subito troppi danni per continuare ad essere utilizzato.<\/p>\n<p>La manutenzione curativa pu\u00f2 quindi essere equiparata alla\u00a0<b>riparazione di apparecchiature difettose<\/b>\u00a0o danneggiate. Quest\u2019ultima ha potuto essere associata ad altri interventi di manutenzione:\u00a0<a href=\"https:\/\/www.standard-industrie.com\/it\/manutenzione\/la-manutenzione-preventiva\/\">manutenzione preventiva<\/a>\u00a0o correttiva. Generalmente \u00e8 legata alla\u00a0<b>fine della vita di una macchina<\/b>\u00a0o di un suo componente.[\/vc_column_text][vc_btn title=&#8221;Contattateci&#8221; style=&#8221;flat&#8221; shape=&#8221;square&#8221; color=&#8221;black&#8221; align=&#8221;center&#8221; link=&#8221;url:%2Fit%2Fcontatto%2F|title:Contact%20Standard%20industrie&#8221;][\/vc_column][vc_column css_animation=&#8221;slideInRight&#8221; width=&#8221;1\/2&#8243;][vc_single_image image=&#8221;2525&#8243; img_size=&#8221;full&#8221; alignment=&#8221;center&#8221;][\/vc_column][\/vc_row]<\/p>\n","protected":false},"excerpt":{"rendered":"<p>[vc_row][vc_column][vc_empty_space][\/vc_column][\/vc_row][vc_row el_class=&#8221;invert-block&#8221;][vc_column width=&#8221;1\/2&#8243; el_class=&#8221;partie-txt&#8221;][vc_column_text el_class=&#8221;gros-titre fort traits-gris-droite-gauche titre-gauche vc_sep_border_width_2 vc_separator wpb_content_element vc_separator_align_left vc_sep_width_100 vc_sep_pos_align_center vc_sep_color_grey vc_separator-has-text&#8221;] Che cos&#8217;\u00e8 la manutenzione curativa? [\/vc_column_text][vc_column_text]A differenza della\u00a0manutenzione correttiva palliativa,<span class=\"excerpt-hellip\"> [\u2026]<\/span><\/p>\n","protected":false},"author":1,"featured_media":0,"parent":2499,"menu_order":48,"comment_status":"closed","ping_status":"closed","template":"","meta":{"footnotes":""},"class_list":["post-2506","page","type-page","status-publish","hentry"],"_links":{"self":[{"href":"https:\/\/www.standard-industrie.com\/it\/wp-json\/wp\/v2\/pages\/2506","targetHints":{"allow":["GET"]}}],"collection":[{"href":"https:\/\/www.standard-industrie.com\/it\/wp-json\/wp\/v2\/pages"}],"about":[{"href":"https:\/\/www.standard-industrie.com\/it\/wp-json\/wp\/v2\/types\/page"}],"author":[{"embeddable":true,"href":"https:\/\/www.standard-industrie.com\/it\/wp-json\/wp\/v2\/users\/1"}],"replies":[{"embeddable":true,"href":"https:\/\/www.standard-industrie.com\/it\/wp-json\/wp\/v2\/comments?post=2506"}],"version-history":[{"count":0,"href":"https:\/\/www.standard-industrie.com\/it\/wp-json\/wp\/v2\/pages\/2506\/revisions"}],"up":[{"embeddable":true,"href":"https:\/\/www.standard-industrie.com\/it\/wp-json\/wp\/v2\/pages\/2499"}],"wp:attachment":[{"href":"https:\/\/www.standard-industrie.com\/it\/wp-json\/wp\/v2\/media?parent=2506"}],"curies":[{"name":"wp","href":"https:\/\/api.w.org\/{rel}","templated":true}]}}