{"id":2886,"date":"2018-04-05T10:15:55","date_gmt":"2018-04-05T09:15:55","guid":{"rendered":"https:\/\/www.standard-industrie.com\/it\/?page_id=2886"},"modified":"2025-06-05T09:48:41","modified_gmt":"2025-06-05T08:48:41","slug":"pulizia-industriale","status":"publish","type":"page","link":"https:\/\/www.standard-industrie.com\/it\/pulizia-industriale\/","title":{"rendered":"PULIZIA INDUSTRIALE"},"content":{"rendered":"<p>I[vc_row][vc_column css=&#8221;.vc_custom_1668767480700{margin-top: 10px !important;}&#8221;][vc_column_text el_class=&#8221;btn-retour txt-rouge&#8221;]<\/p>\n<div class=\"vc_sep_holder vc_sep_holder_l\">\n<p class=\"vc_sep_line\" style=\"border-color: grey;\"><a href=\"\/it\/pulizia-industriale-con-aspirazione\/\">&lt; Pulizia industriale con aspirazione<br \/>\n<\/a><\/p>\n<\/div>\n<p>[\/vc_column_text][\/vc_column][\/vc_row][vc_row][vc_column][vc_empty_space][vc_column_text el_class=&#8221;gros-titre fort trait-rouge traits-gris-droite-gauche titre-centre vc_separator wpb_content_element vc_separator_align_center vc_sep_width_100 vc_sep_border_width_2 vc_sep_pos_align_center vc_separator-has-text&#8221;]<\/p>\n<div class=\"vc_sep_holder vc_sep_holder_l\">\n<p class=\"vc_sep_line\" style=\"border-color: grey;\">\n<\/div>\n<h2 style=\"text-align: center;\">COS&#8217;\u00c8 LA PULIZIA INDUSTRIALE<\/h2>\n<div class=\"vc_sep_holder vc_sep_holder_r\">\n<p class=\"vc_sep_line\" style=\"border-color: grey;\">\n<\/div>\n<p>[\/vc_column_text][\/vc_column][\/vc_row][vc_row el_class=&#8221;invert-block&#8221;][vc_column width=&#8221;1\/2&#8243;][vc_column_text]Per perfezionare questo settore, \u00e8 necessario operare una distinzione tra le diverse aziende di pulizia.<br \/>\nAlcune imprese di pulizia sono specializzate nella pulizia dei locali o anche nella loro manutenzione nell\u2019ambito della disinfezione o della decontaminazione, ad esempio: sono imprese di depurazione o di servizi di pulizia. Altre imprese, specializzate nella pulizia di recipienti o anche di moquette, sono pi\u00f9 integrate e incorporabili nel settore terziario. Impiegano operatori il cui compito consiste nella pulizia dei locali. Bench\u00e9 assimilate alla pulizia industriale, tali imprese di pulizia sono piuttosto lontane dalla pulizia industriale propriamente detta.<\/p>\n<p>La pulizia industriale risulta infatti pi\u00f9 orientata verso\u00a0<a href=\"\/it\/nostra-attivita\/\" target=\"_blank\" rel=\"noopener\"><b>la pulizia di siti industriali<\/b><\/a>, vedi il settore agroalimentare e altri settori di attivit\u00e0 vicini all\u2019industria.<\/p>\n<p>Tali aziende possono ad esempio specializzarsi nella pulizia post-incidente e utilizzare strumenti di pulizia professionali come pulitori a vapore e dispositivi per il disintasamento nel caso in cui la fabbrica ove \u00e8 avvenuto l\u2019incidente abbia dei silos. A volte,\u00a0<a href=\"\/it\/eliminazione-di-intasamenti-e-concrezioni\/\" target=\"_blank\" rel=\"noopener\"><b>per mettere in funzione i dispositivi di disintasamento o di decapaggio, sar\u00e0 necessario l\u2019impiego di aria compressa<\/b>.<\/a><\/p>\n<p>Altre imprese operano nel campo della pura pulizia industriale e sono quelle che vengono richieste per l\u2019esecuzione delle pulizie giornaliere.[\/vc_column_text][\/vc_column][vc_column width=&#8221;1\/2&#8243;][vc_single_image image=&#8221;5101&#8243; img_size=&#8221;full&#8221; alignment=&#8221;center&#8221;][\/vc_column][\/vc_row][vc_row][vc_column][vc_empty_space][vc_column_text el_class=&#8221;gros-titre fort trait-rouge traits-gris-droite-gauche titre-centre vc_separator wpb_content_element vc_separator_align_center vc_sep_width_100 vc_sep_border_width_2 vc_sep_pos_align_center vc_separator-has-text&#8221;]<\/p>\n<div class=\"vc_sep_holder vc_sep_holder_l\">\n<p class=\"vc_sep_line\" style=\"border-color: grey;\">\n<\/div>\n<h2 style=\"text-align: center;\">QUALI MACCHINE IMPIEGARE LA PULIZIA INDUSTRIALE ?<\/h2>\n<div class=\"vc_sep_holder vc_sep_holder_r\">\n<p class=\"vc_sep_line\" style=\"border-color: grey;\">\n<\/div>\n<p>[\/vc_column_text][\/vc_column][\/vc_row][vc_row el_class=&#8221;invert-block&#8221;][vc_column width=&#8221;1\/4&#8243;][\/vc_column][vc_column width=&#8221;1\/2&#8243;][vc_column_text]Per rispondere alle esigenze dei propri clienti, gli operatori di pulizia industriale dovranno essere in alcuni casi dotati di macchine per l\u2019aspirazione che vanno dai piccoli aspirapolvere mobili ai\u00a0<b>camion di aspirazione<\/b>.<\/p>\n<p>La gamma di queste attrezzature di aspirazione \u00e8 molto vasta e alcune aziende sono specializzate proprio in questo campo. Il mercato della pulizia industriale \u00e8 in crescita e rigoroso. Inoltre, le attrezzature per la pulizia devono oggi soddisfare le accresciute esigenze delle fabbriche in termini di risultato. Per una pulizia pi\u00f9 rapida ed efficiente,\u00a0<a href=\"\/it\/pulizia-industriale-con-aspirazione\/\" target=\"_blank\" rel=\"noopener\"><b>le attrezzature di aspirazione<\/b><\/a>\u00a0devono offrire risposte adeguate alle esigenze specifiche della pulizia industriale. Pi\u00f9 grande sar\u00e0 la fabbrica, maggiore sar\u00e0 la necessit\u00e0 di una pulizia industriale e i requisiti prestazionali previsti dovranno essere adeguati. A tale scopo, le fabbriche potranno equipaggiarsi direttamente con camion aspiranti che metteranno a disposizione degli operatori di imprese di pulizia esterne, o richiederanno alla loro impresa di pulizie di dotarsi di un camion aspirante.[\/vc_column_text][\/vc_column][vc_column width=&#8221;1\/4&#8243;][\/vc_column][\/vc_row][vc_row][vc_column css=&#8221;.vc_custom_1668767480700{margin-top: 10px !important;}&#8221;][vc_column_text el_class=&#8221;btn-retour txt-rouge&#8221;]<\/p>\n<div class=\"vc_sep_holder vc_sep_holder_l\">\n<p class=\"vc_sep_line\" style=\"border-color: grey;\"><a href=\"\/it\/pulizia-industriale-con-aspirazione\/\">&lt; Pulizia industriale con aspirazione<br \/>\n<\/a><\/p>\n<\/div>\n<p>[\/vc_column_text][\/vc_column][\/vc_row]<\/p>\n","protected":false},"excerpt":{"rendered":"<p>I[vc_row][vc_column css=&#8221;.vc_custom_1668767480700{margin-top: 10px !important;}&#8221;][vc_column_text el_class=&#8221;btn-retour txt-rouge&#8221;] &lt; Pulizia industriale con aspirazione [\/vc_column_text][\/vc_column][\/vc_row][vc_row][vc_column][vc_empty_space][vc_column_text el_class=&#8221;gros-titre fort trait-rouge traits-gris-droite-gauche titre-centre vc_separator wpb_content_element vc_separator_align_center vc_sep_width_100 vc_sep_border_width_2 vc_sep_pos_align_center vc_separator-has-text&#8221;] COS&#8217;\u00c8 LA<span class=\"excerpt-hellip\"> [\u2026]<\/span><\/p>\n","protected":false},"author":1,"featured_media":0,"parent":0,"menu_order":44,"comment_status":"closed","ping_status":"closed","template":"single-nettoyage-industriel-aspiration.php","meta":{"footnotes":""},"class_list":["post-2886","page","type-page","status-publish","hentry"],"_links":{"self":[{"href":"https:\/\/www.standard-industrie.com\/it\/wp-json\/wp\/v2\/pages\/2886","targetHints":{"allow":["GET"]}}],"collection":[{"href":"https:\/\/www.standard-industrie.com\/it\/wp-json\/wp\/v2\/pages"}],"about":[{"href":"https:\/\/www.standard-industrie.com\/it\/wp-json\/wp\/v2\/types\/page"}],"author":[{"embeddable":true,"href":"https:\/\/www.standard-industrie.com\/it\/wp-json\/wp\/v2\/users\/1"}],"replies":[{"embeddable":true,"href":"https:\/\/www.standard-industrie.com\/it\/wp-json\/wp\/v2\/comments?post=2886"}],"version-history":[{"count":0,"href":"https:\/\/www.standard-industrie.com\/it\/wp-json\/wp\/v2\/pages\/2886\/revisions"}],"wp:attachment":[{"href":"https:\/\/www.standard-industrie.com\/it\/wp-json\/wp\/v2\/media?parent=2886"}],"curies":[{"name":"wp","href":"https:\/\/api.w.org\/{rel}","templated":true}]}}