{"id":2904,"date":"2018-04-05T13:10:00","date_gmt":"2018-04-05T12:10:00","guid":{"rendered":"https:\/\/www.standard-industrie.com\/it\/?page_id=2904"},"modified":"2025-06-05T09:52:48","modified_gmt":"2025-06-05T08:52:48","slug":"compressore-daria","status":"publish","type":"page","link":"https:\/\/www.standard-industrie.com\/it\/compressore-daria\/","title":{"rendered":"Compressore d&#8217;aria"},"content":{"rendered":"<p>[vc_row][vc_column css=&#8221;.vc_custom_1668767480700{margin-top: 10px !important;}&#8221;][vc_column_text el_class=&#8221;btn-retour txt-rouge&#8221;]<\/p>\n<div class=\"vc_sep_holder vc_sep_holder_l\">\n<p class=\"vc_sep_line\" style=\"border-color: grey;\"><a href=\"\/it\/eliminazione-di-intasamenti-e-concrezioni\/\">&lt; Eliminazione di intasamenti e concrezioni<\/a><\/p>\n<\/div>\n<p>[\/vc_column_text][\/vc_column][\/vc_row][vc_row][vc_column][vc_empty_space][vc_column_text el_class=&#8221;gros-titre fort trait-rouge traits-gris-droite-gauche titre-centre vc_separator wpb_content_element vc_separator_align_center vc_sep_width_100 vc_sep_border_width_2 vc_sep_pos_align_center vc_separator-has-text&#8221;]<\/p>\n<div class=\"vc_sep_holder vc_sep_holder_l\">\n<p class=\"vc_sep_line\" style=\"border-color: grey;\">\n<\/div>\n<h2 style=\"text-align: center;\">Come funziona, perch\u00e9 \u00e8 utile e come si usa?<\/h2>\n<div class=\"vc_sep_holder vc_sep_holder_r\">\n<p class=\"vc_sep_line\" style=\"border-color: grey;\">\n<\/div>\n<p>[\/vc_column_text][\/vc_column][\/vc_row][vc_row el_class=&#8221;invert-block&#8221;][vc_column width=&#8221;1\/2&#8243;][vc_column_text]La scelta di un <b>compressore d&#8217;aria<\/b> si basa su :<\/p>\n<ul>\n<li>l&#8217;uso dell&#8217;aria compressa, ma anche i suoi principi<\/li>\n<li>Il suo funzionamento: motorizzazione, potenza, capacit\u00e0, ecc.<\/li>\n<\/ul>\n<p><em>Esistono due tipi di meccanismi di compressione: <b>i compressori a vite<\/b> e <b>i compressori a pistone<\/b>. Entrambi sono adatti sia per i compressori professionali che per quelli privati.<\/em>[\/vc_column_text][\/vc_column][vc_column width=&#8221;1\/2&#8243;][vc_single_image image=&#8221;5096&#8243; img_size=&#8221;medium&#8221; alignment=&#8221;center&#8221;][vc_empty_space][\/vc_column][\/vc_row][vc_row][vc_column css_animation=&#8221;slideInLeft&#8221; width=&#8221;1\/2&#8243;][vc_column_text el_class=&#8221;titre titre-long fort trait-rouge traits-gris-droite-gauche titre-centre vc_separator wpb_content_element vc_separator_align_center vc_sep_width_100 vc_sep_border_width_2 vc_sep_pos_align_center vc_separator-has-text&#8221;]<\/p>\n<div class=\"vc_sep_holder vc_sep_holder_l\">\n<p class=\"vc_sep_line\" style=\"border-color: grey;\">\n<\/div>\n<h2 style=\"text-align: center;\">COMPRESSORE A VITE: IL PI\u00d9 COMUNE MA IL PI\u00d9 COSTOSO<\/h2>\n<div class=\"vc_sep_holder vc_sep_holder_r\">\n<p class=\"vc_sep_line\" style=\"border-color: grey;\">\n<\/div>\n<p>[\/vc_column_text][vc_column_text]Il <b>compressore a vite<\/b> \u00e8 il sistema pi\u00f9 comunemente utilizzato dal pubblico. L&#8217;aria viene compressa dalla rotazione dei due rotori di una vite. Da un lato,<b> il compressore<\/b> aspira l&#8217;aria ruotando le viti, dall&#8217;altro, l&#8217;aria viene rilasciata sotto pressione. Le dimensioni ridotte dei <b>compressori a vite<\/b> li rendono pi\u00f9 comodi da usare, soprattutto per <b>i compressori portatili<\/b> o a batteria (ad esempio, per il gonfiaggio dei pneumatici delle auto). Sono anche i pi\u00f9 costosi sul mercato. Il loro prezzo elevato pu\u00f2 indurre gli acquirenti a scegliere compressori di seconda mano per ridurre la spesa.[\/vc_column_text][\/vc_column][vc_column css_animation=&#8221;slideInRight&#8221; width=&#8221;1\/2&#8243;][vc_empty_space height=&#8221;50px&#8221;][vc_column_text el_class=&#8221;titre titre-long fort trait-rouge traits-gris-droite-gauche titre-centre vc_separator wpb_content_element vc_separator_align_center vc_sep_width_100 vc_sep_border_width_2 vc_sep_pos_align_center vc_separator-has-text&#8221;]<\/p>\n<div class=\"vc_sep_holder vc_sep_holder_l\">\n<p class=\"vc_sep_line\" style=\"border-color: grey;\">\n<\/div>\n<h2 style=\"text-align: center;\">COMPRESSORE A PISTONI: SOPRATTUTTO NELL&#8217;INDUSTRIA, IN PARTICOLARE PER IL GAS<\/h2>\n<div class=\"vc_sep_holder vc_sep_holder_r\">\n<p class=\"vc_sep_line\" style=\"border-color: grey;\">\n<\/div>\n<p>[\/vc_column_text][vc_column_text]Azionati da un motore, i pistoni si muovono avanti e indietro attraverso cilindri dotati di valvole di non ritorno. \u00c8 questo movimento che crea la compressione dell&#8217;aria.<b> I compressori a pistoni<\/b> sono utilizzati principalmente nell&#8217;industria e possono comprimere i gas in modo stabile (ad esempio, <b>i compressori ABAC<\/b>).<\/p>\n<p>Il tipo di alimentazione del motore influisce sul funzionamento e sull&#8217;uso dei <b>compressori<\/b>. Esistono due tipi di motori: <b>elettrici o termici<\/b>.[\/vc_column_text][\/vc_column][\/vc_row][vc_row][vc_column css_animation=&#8221;slideInLeft&#8221; width=&#8221;1\/2&#8243;][vc_column_text el_class=&#8221;titre titre-long fort trait-rouge traits-gris-droite-gauche titre-centre vc_separator wpb_content_element vc_separator_align_center vc_sep_width_100 vc_sep_border_width_2 vc_sep_pos_align_center vc_separator-has-text&#8221;]<\/p>\n<div class=\"vc_sep_holder vc_sep_holder_l\">\n<p class=\"vc_sep_line\" style=\"border-color: grey;\">\n<\/div>\n<h2 style=\"text-align: center;\">COMPRESSORE ELETTRICO: IL PI\u00d9 SEMPLICE<\/h2>\n<div class=\"vc_sep_holder vc_sep_holder_r\">\n<p class=\"vc_sep_line\" style=\"border-color: grey;\">\n<\/div>\n<p>[\/vc_column_text][vc_column_text]Il modello pi\u00f9 economico e comodo da usare \u00e8 <b>il compressore elettrico<\/b>. Tuttavia, non pu\u00f2 essere utilizzato in cantiere. Deve essere collegato in modo permanente alla rete elettrica.<\/p>\n<p>Il compressore elettrico viene utilizzato ad esempio per :<\/p>\n<ul>\n<li>Sabbiatura: pistola per sabbiatura<\/li>\n<li>Verniciatura: aerografo e pistola per verniciatura<\/li>\n<li>Gonfiaggio: pistola a soffiaggio tramite attacco rapido<\/li>\n<\/ul>\n<p>[\/vc_column_text][\/vc_column][vc_column css_animation=&#8221;slideInRight&#8221; width=&#8221;1\/2&#8243;][vc_empty_space height=&#8221;50px&#8221;][vc_column_text el_class=&#8221;titre titre-long fort trait-rouge traits-gris-droite-gauche titre-centre vc_separator wpb_content_element vc_separator_align_center vc_sep_width_100 vc_sep_border_width_2 vc_sep_pos_align_center vc_separator-has-text&#8221;]<\/p>\n<div class=\"vc_sep_holder vc_sep_holder_l\">\n<p class=\"vc_sep_line\" style=\"border-color: grey;\">\n<\/div>\n<h2 style=\"text-align: center;\">COMPRESSORE TERMICO: IL MODELLO PROFESSIONALE<\/h2>\n<div class=\"vc_sep_holder vc_sep_holder_r\">\n<p class=\"vc_sep_line\" style=\"border-color: grey;\">\n<\/div>\n<p>[\/vc_column_text][vc_column_text]<b>Il compressore termico<\/b> \u00e8 destinato in particolare all&#8217;uso professionale. Trae la sua energia da un combustibile, benzina o diesel. \u00c8 quindi pi\u00f9 costoso del compressore elettrico. In compenso, \u00e8 molto pi\u00f9 potente. Non avendo bisogno di una presa di corrente per funzionare, \u00e8 molto pi\u00f9 mobile.[\/vc_column_text][\/vc_column][\/vc_row][vc_row][vc_column css_animation=&#8221;slideInLeft&#8221; width=&#8221;1\/2&#8243;][vc_column_text el_class=&#8221;titre titre-long fort trait-rouge traits-gris-droite-gauche titre-centre vc_separator wpb_content_element vc_separator_align_center vc_sep_width_100 vc_sep_border_width_2 vc_sep_pos_align_center vc_separator-has-text&#8221;]<\/p>\n<div class=\"vc_sep_holder vc_sep_holder_l\">\n<p class=\"vc_sep_line\" style=\"border-color: grey;\">\n<\/div>\n<h2 style=\"text-align: center;\">COMPRESSORI SPECIFICI: SILENZIOSI O SENZA OLIO<\/h2>\n<div class=\"vc_sep_holder vc_sep_holder_r\">\n<p class=\"vc_sep_line\" style=\"border-color: grey;\">\n<\/div>\n<p>[\/vc_column_text][vc_column_text]I compressori presentano una serie di inconvenienti. Alcuni compressori sono stati quindi progettati per migliorare la qualit\u00e0 d&#8217;uso degli apparecchi e il loro comfort:<\/p>\n<ul>\n<li><b>Compressori silenziosi:<\/b> per non disturbare il vicinato e per proteggere l&#8217;udito degli utenti.<\/li>\n<li><b>Compressori privi di olio:<\/b> per ridurre gli sprechi e i costi di esercizio.<\/li>\n<\/ul>\n<p>[\/vc_column_text][\/vc_column][vc_column css_animation=&#8221;slideInRight&#8221; width=&#8221;1\/2&#8243;][vc_empty_space height=&#8221;50px&#8221;][vc_column_text el_class=&#8221;titre titre-long fort trait-rouge traits-gris-droite-gauche titre-centre vc_separator wpb_content_element vc_separator_align_center vc_sep_width_100 vc_sep_border_width_2 vc_sep_pos_align_center vc_separator-has-text&#8221;]<\/p>\n<div class=\"vc_sep_holder vc_sep_holder_l\">\n<p class=\"vc_sep_line\" style=\"border-color: grey;\">\n<\/div>\n<h2 style=\"text-align: center;\">SISTEMI DI SICUREZZA<\/h2>\n<div class=\"vc_sep_holder vc_sep_holder_r\">\n<p class=\"vc_sep_line\" style=\"border-color: grey;\">\n<\/div>\n<p>[\/vc_column_text][vc_column_text]<b>Il serbatoio del compressore<\/b> pu\u00f2 essere un elemento pericoloso, in quanto soggetto a pressioni elevate. Fortunatamente, esistono diversi sistemi che possono essere utilizzati per mantenere una sicurezza ottimale: un manometro collegato a una valvola di sicurezza tramite un raccordo a T, una valvola di scarico, ecc.[\/vc_column_text][\/vc_column][\/vc_row][vc_row][vc_column][vc_empty_space][vc_column_text el_class=&#8221;gros-titre fort trait-rouge traits-gris-droite-gauche titre-centre vc_separator wpb_content_element vc_separator_align_center vc_sep_width_100 vc_sep_border_width_2 vc_sep_pos_align_center vc_separator-has-text&#8221;]<\/p>\n<div class=\"vc_sep_holder vc_sep_holder_l\">\n<p class=\"vc_sep_line\" style=\"border-color: grey;\">\n<\/div>\n<h2 style=\"text-align: center;\">Quali sono le applicazioni del compressore d&#8217;aria di Standard Industrie?<\/h2>\n<div class=\"vc_sep_holder vc_sep_holder_r\">\n<p class=\"vc_sep_line\" style=\"border-color: grey;\">\n<\/div>\n<p>[\/vc_column_text][\/vc_column][\/vc_row][vc_row el_class=&#8221;invert-block&#8221;][vc_column width=&#8221;1\/2&#8243;][vc_column_text]Per Standard Industrie International,<b> i compressori<\/b> sono una parte essenziale <b>del processo di pulizia e disintasamento di sili, tramogge, filtri,<\/b> ecc. L&#8217;aria compressa viene utilizzata per :<\/p>\n<p>\u2013 nei serbatoi della nostra gamma di <b>cannoni ad aria compressa AIRCHOC\u00ae<\/b>.<br \/>\n\u2013 per le nostre macchine per la pulizia di silo e tramogge\u00a0<a href=\"https:\/\/www.standard-industrie.com\/it\/gironet\/\" target=\"_blank\" rel=\"noopener\"><strong>Gironet<\/strong><\/a>, e le nostre macchine di perforazione\u00a0<a href=\"https:\/\/www.standard-industrie.com\/it\/powernet-pulizia-silo-industriale\/\" target=\"_blank\" rel=\"noopener\"><strong>Powernet<\/strong><\/a><br \/>\n\u2013 anche nei<a href=\"https:\/\/www.standard-industrie.com\/it\/pulizia-industriale-con-aspirazione\/\" target=\"_blank\" rel=\"noopener\"><b>\u00a0nostri <\/b><b>aspirapolvere<\/b><b> (pulizia dei filtri)<\/b><\/a>.<\/p>\n<p>Di solito i nostri clienti dispongono gi\u00e0 di un <b>compressore<\/b> per l&#8217;intero impianto. Ma possiamo anche determinare la potenza necessaria per nuovi impianti e creare nuove reti d&#8217;aria per soddisfare le esigenze dei nostri cannoni, ad esempio.<\/p>\n<p>Il collegamento tra il <b>compressore<\/b> e il suo serbatoio avviene tramite un tubo rigido in acciaio o in acciaio inox, il cui diametro pu\u00f2 variare a seconda della potenza richiesta.<\/p>\n<p>Di seguito un esempio di <b>installazione di un compressore:<\/b>[\/vc_column_text][\/vc_column][vc_column width=&#8221;1\/2&#8243;][vc_single_image image=&#8221;5098&#8243; img_size=&#8221;full&#8221; alignment=&#8221;center&#8221;][vc_empty_space][\/vc_column][\/vc_row][vc_row][vc_column][vc_column_text el_class=&#8221;btn-retour txt-rouge&#8221;]<\/p>\n<div class=\"vc_sep_holder vc_sep_holder_l\">\n<p class=\"vc_sep_line\" style=\"border-color: grey;\"><a href=\"\/it\/eliminazione-di-intasamenti-e-concrezioni\/\">&lt; Eliminazione di intasamenti e concrezioni<\/a><\/p>\n<\/div>\n<p>[\/vc_column_text][\/vc_column][\/vc_row]<\/p>\n","protected":false},"excerpt":{"rendered":"<p>[vc_row][vc_column css=&#8221;.vc_custom_1668767480700{margin-top: 10px !important;}&#8221;][vc_column_text el_class=&#8221;btn-retour txt-rouge&#8221;] &lt; Eliminazione di intasamenti e concrezioni [\/vc_column_text][\/vc_column][\/vc_row][vc_row][vc_column][vc_empty_space][vc_column_text el_class=&#8221;gros-titre fort trait-rouge traits-gris-droite-gauche titre-centre vc_separator wpb_content_element vc_separator_align_center vc_sep_width_100 vc_sep_border_width_2 vc_sep_pos_align_center vc_separator-has-text&#8221;] Come<span class=\"excerpt-hellip\"> [\u2026]<\/span><\/p>\n","protected":false},"author":1,"featured_media":0,"parent":0,"menu_order":46,"comment_status":"closed","ping_status":"closed","template":"single-airchoc.php","meta":{"footnotes":""},"class_list":["post-2904","page","type-page","status-publish","hentry"],"_links":{"self":[{"href":"https:\/\/www.standard-industrie.com\/it\/wp-json\/wp\/v2\/pages\/2904","targetHints":{"allow":["GET"]}}],"collection":[{"href":"https:\/\/www.standard-industrie.com\/it\/wp-json\/wp\/v2\/pages"}],"about":[{"href":"https:\/\/www.standard-industrie.com\/it\/wp-json\/wp\/v2\/types\/page"}],"author":[{"embeddable":true,"href":"https:\/\/www.standard-industrie.com\/it\/wp-json\/wp\/v2\/users\/1"}],"replies":[{"embeddable":true,"href":"https:\/\/www.standard-industrie.com\/it\/wp-json\/wp\/v2\/comments?post=2904"}],"version-history":[{"count":0,"href":"https:\/\/www.standard-industrie.com\/it\/wp-json\/wp\/v2\/pages\/2904\/revisions"}],"wp:attachment":[{"href":"https:\/\/www.standard-industrie.com\/it\/wp-json\/wp\/v2\/media?parent=2904"}],"curies":[{"name":"wp","href":"https:\/\/api.w.org\/{rel}","templated":true}]}}