{"id":3384,"date":"2020-10-13T12:48:19","date_gmt":"2020-10-13T11:48:19","guid":{"rendered":"https:\/\/www.standard-industrie.com\/it\/?page_id=3384"},"modified":"2021-07-13T16:27:56","modified_gmt":"2021-07-13T15:27:56","slug":"remerciement-contact","status":"publish","type":"page","link":"https:\/\/www.standard-industrie.com\/it\/remerciement-contact\/","title":{"rendered":"Standard Industrie &#8211; Merci pour votre contact"},"content":{"rendered":"<p>Merci pour votre prise de contact.<\/p>\n<p>Votre demande d&#8217;information a bien \u00e9t\u00e9 prise en compte.<\/p>\n<p>Nous vous recontactons dans les plus brefs d\u00e9lais. <a href=\"https:\/\/www.standard-industrie.com\/it\/\">Retour \u00e0 l&#8217;accueil<\/a><\/p>\n","protected":false},"excerpt":{"rendered":"<p>Merci pour votre prise de contact. Votre demande d&#8217;information a bien \u00e9t\u00e9 prise en compte. Nous vous recontactons dans les plus brefs d\u00e9lais. Retour \u00e0 l&#8217;accueil<\/p>\n","protected":false},"author":4,"featured_media":0,"parent":0,"menu_order":38,"comment_status":"closed","ping_status":"closed","template":"","meta":{"footnotes":""},"class_list":["post-3384","page","type-page","status-publish","hentry"],"_links":{"self":[{"href":"https:\/\/www.standard-industrie.com\/it\/wp-json\/wp\/v2\/pages\/3384","targetHints":{"allow":["GET"]}}],"collection":[{"href":"https:\/\/www.standard-industrie.com\/it\/wp-json\/wp\/v2\/pages"}],"about":[{"href":"https:\/\/www.standard-industrie.com\/it\/wp-json\/wp\/v2\/types\/page"}],"author":[{"embeddable":true,"href":"https:\/\/www.standard-industrie.com\/it\/wp-json\/wp\/v2\/users\/4"}],"replies":[{"embeddable":true,"href":"https:\/\/www.standard-industrie.com\/it\/wp-json\/wp\/v2\/comments?post=3384"}],"version-history":[{"count":0,"href":"https:\/\/www.standard-industrie.com\/it\/wp-json\/wp\/v2\/pages\/3384\/revisions"}],"wp:attachment":[{"href":"https:\/\/www.standard-industrie.com\/it\/wp-json\/wp\/v2\/media?parent=3384"}],"curies":[{"name":"wp","href":"https:\/\/api.w.org\/{rel}","templated":true}]}}