{"id":3999,"date":"2022-08-30T09:36:56","date_gmt":"2022-08-30T08:36:56","guid":{"rendered":"https:\/\/www.standard-industrie.com\/it\/?page_id=3999"},"modified":"2025-06-05T07:40:50","modified_gmt":"2025-06-05T06:40:50","slug":"accueil-standard-industrie","status":"publish","type":"page","link":"https:\/\/www.standard-industrie.com\/it\/","title":{"rendered":"Accueil Standard Industrie"},"content":{"rendered":"<p>[vc_row][vc_column][vc_empty_space][vc_column_text el_class=&#8221;gros-titre fort traits-gris-droite-gauche titre-centre vc_separator wpb_content_element vc_separator_align_center vc_sep_width_100 vc_sep_border_width_2 vc_sep_pos_align_center vc_separator-has-text&#8221;]<\/p>\n<div class=\"vc_sep_holder vc_sep_holder_l\">\n<p class=\"vc_sep_line\" style=\"border-color: grey;\">\n<\/div>\n<h2>Le nostre soluzioni<\/h2>\n<div class=\"vc_sep_holder vc_sep_holder_r\">\n<p class=\"vc_sep_line\" style=\"border-color: grey;\">\n<\/div>\n<p>[\/vc_column_text][vc_row_inner][vc_column_inner width=&#8221;1\/2&#8243;][vc_column_text]Standard Industrie fornisce soluzioni diversificate per aiutare i produttori di materiali sfusi a livello internazionale e per tutti i tipi di settori.[\/vc_column_text][\/vc_column_inner][vc_column_inner width=&#8221;1\/2&#8243;][\/vc_column_inner][\/vc_row_inner][vc_row_inner el_class=&#8221;range-5-block&#8221;][vc_column_inner width=&#8221;1\/5&#8243; offset=&#8221;vc_col-xs-6&#8243;][vc_single_image image=&#8221;4336&#8243; img_size=&#8221;full&#8221; onclick=&#8221;custom_link&#8221; el_class=&#8221;effect-slide-top-img-hover animation-trait-img-hover trait-rouge img-trait-titre&#8221; link=&#8221;\/it\/eliminazione-di-intasamenti-e-concrezioni\/&#8221; title=&#8221;Eliminazione di intasamenti e concrezioni&#8221;][\/vc_column_inner][vc_column_inner width=&#8221;1\/5&#8243; offset=&#8221;vc_col-xs-6&#8243;][vc_single_image image=&#8221;4129&#8243; img_size=&#8221;full&#8221; onclick=&#8221;custom_link&#8221; el_class=&#8221;effect-slide-top-img-hover animation-trait-img-hover trait-jaune img-trait-titre&#8221; link=&#8221;\/it\/pulizia-industriale-con-aspirazione\/&#8221; title=&#8221;Pulizia industriale con aspirazione&#8221;][\/vc_column_inner][vc_column_inner width=&#8221;1\/5&#8243; offset=&#8221;vc_col-xs-6&#8243;][vc_single_image image=&#8221;4130&#8243; img_size=&#8221;full&#8221; onclick=&#8221;custom_link&#8221; el_class=&#8221;effect-slide-top-img-hover animation-trait-img-hover trait-vert img-trait-titre&#8221; link=&#8221;\/it\/ottimizzazione-dei-convogliatori-a-nastro\/&#8221; title=&#8221;Ottimizzazione dei convogliatori aa nastro&#8221;][\/vc_column_inner][vc_column_inner width=&#8221;1\/5&#8243; offset=&#8221;vc_col-xs-6&#8243;][vc_single_image image=&#8221;4131&#8243; img_size=&#8221;full&#8221; onclick=&#8221;custom_link&#8221; el_class=&#8221;effect-slide-top-img-hover animation-trait-img-hover trait-bleu img-trait-titre&#8221; link=&#8221;\/it\/servizi-pulizia-silos-tremies\/&#8221; title=&#8221;Prestazioni di pulizia di silos &amp; tramogge&#8221;][\/vc_column_inner][vc_column_inner width=&#8221;1\/5&#8243; offset=&#8221;vc_col-xs-6&#8243;][vc_single_image image=&#8221;4132&#8243; img_size=&#8221;full&#8221; onclick=&#8221;custom_link&#8221; el_class=&#8221;effect-slide-top-img-hover animation-trait-img-hover trait-violet img-trait-titre&#8221; link=&#8221;\/it\/trasporto-vagliatura-e-fuoriuscita\/&#8221; title=&#8221;Trasporto vagliatura e fuoriuscita&#8221;][\/vc_column_inner][\/vc_row_inner][\/vc_column][\/vc_row][vc_row][vc_column][vc_empty_space][vc_column_text el_class=&#8221;gros-titre fort traits-gris-droite-gauche titre-centre vc_separator wpb_content_element vc_separator_align_center vc_sep_width_100 vc_sep_border_width_2 vc_sep_pos_align_center vc_separator-has-text&#8221;]<\/p>\n<div class=\"vc_sep_holder vc_sep_holder_l\">\n<p class=\"vc_sep_line\" style=\"border-color: grey;\">\n<\/div>\n<h2>I nostri settori<\/h2>\n<div class=\"vc_sep_holder vc_sep_holder_r\">\n<p class=\"vc_sep_line\" style=\"border-color: grey;\">\n<\/div>\n<p>[\/vc_column_text][vc_row_inner][vc_column_inner width=&#8221;1\/2&#8243;][vc_column_text]Lavoriamo in diversi settori, come quello del cemento, del vetro, delle miniere e delle cave e molti altri, per fornire soluzioni di pulizia per l&#8217;industria dei materiali sfusi.[\/vc_column_text][\/vc_column_inner][vc_column_inner width=&#8221;1\/2&#8243;][\/vc_column_inner][\/vc_row_inner][vc_tta_tour active_section=&#8221;1&#8243; el_class=&#8221;range-secteurs&#8221;][vc_tta_section title=&#8221;Cementeria&#8221; tab_id=&#8221;1663676834756-aab29fd0-e048&#8243;][vc_row_inner el_class=&#8221;txt-btn-page-secteurs&#8221;][vc_column_inner width=&#8221;1\/2&#8243; css=&#8221;.vc_custom_1675953102945{padding-top: 30px !important;padding-right: 30px !important;padding-bottom: 30px !important;padding-left: 30px !important;background-color: rgba(255,255,255,0.8) !important;*background-color: rgb(255,255,255) !important;}&#8221;][vc_column_text]Le nostre soluzioni di pulizia per i cementifici eliminano i blocchi\u00a0e\u00a0gli intasamenti nelle unit\u00e0 di stoccaggio\u00a0e nelle\u00a0linee di transito dei fumi presenti nel processo.[\/vc_column_text][vc_btn title=&#8221;Per saperne di pi\u00f9&#8221; shape=&#8221;square&#8221; color=&#8221;warning&#8221; link=&#8221;url:%2Fit%2Fsoluzione-industriale-di-aspirazione-e-pulizia-per-cementifici%2F&#8221;][\/vc_column_inner][vc_column_inner width=&#8221;1\/2&#8243;][\/vc_column_inner][\/vc_row_inner][vc_single_image image=&#8221;4444&#8243; img_size=&#8221;full&#8221; alignment=&#8221;center&#8221;][\/vc_tta_section][vc_tta_section title=&#8221;Vetreria&#8221; tab_id=&#8221;1663678802508-3dd6017c-2a4f&#8221;][vc_row_inner el_class=&#8221;txt-btn-page-secteurs&#8221;][vc_column_inner width=&#8221;1\/2&#8243; css=&#8221;.vc_custom_1675953114867{padding-top: 30px !important;padding-right: 30px !important;padding-bottom: 30px !important;padding-left: 30px !important;background-color: rgba(255,255,255,0.8) !important;*background-color: rgb(255,255,255) !important;}&#8221;][vc_column_text]Le\u00a0nostre soluzioni con canonne ad aria compressa\u00a0<a href=\"https:\/\/www.standard-industrie.com\/it\/eliminazione-di-intasamenti-e-concrezioni\/\" target=\"_blank\" rel=\"noopener\"><u>eliminano i blocchi<\/u><\/a>\u00a0e\u00a0concrezioni nelle unit\u00e0 di stoccaggio\u00a0e nelle linee di transito dei fumi e trattamento dei fumi, caricamento e confezionamento.[\/vc_column_text][vc_btn title=&#8221;Per saperne di pi\u00f9&#8221; shape=&#8221;square&#8221; color=&#8221;warning&#8221; link=&#8221;url:%2Fit%2Fsoluzione-di-aspirazione-e-pulizia-per-lindustria-del-vetro%2F&#8221;][\/vc_column_inner][vc_column_inner width=&#8221;1\/2&#8243;][\/vc_column_inner][\/vc_row_inner][vc_single_image image=&#8221;4441&#8243; img_size=&#8221;full&#8221; alignment=&#8221;center&#8221;][\/vc_tta_section][vc_tta_section title=&#8221;Miniere e cave di minerali&#8221; tab_id=&#8221;1663679084549-396f71bf-654f&#8221;][vc_row_inner el_class=&#8221;txt-btn-page-secteurs&#8221;][vc_column_inner width=&#8221;1\/2&#8243; css=&#8221;.vc_custom_1675953126191{padding-top: 30px !important;padding-right: 30px !important;padding-bottom: 30px !important;padding-left: 30px !important;background-color: rgba(255,255,255,0.8) !important;*background-color: rgb(255,255,255) !important;}&#8221;][vc_column_text]Le nostre soluzioni per la pulizia del canone ad aria compressa rimuovono i depositi di materiale, gli intasamenti e le concrezioni come <b>gli intasamenti di sabbia, aggregati e argilla.<\/b>[\/vc_column_text][vc_btn title=&#8221;Per saperne di pi\u00f9&#8221; shape=&#8221;square&#8221; color=&#8221;warning&#8221; link=&#8221;url:https%3A%2F%2Fwww.standard-industrie.com%2Fit%2Fminiere-e-cave-di-minerali%2F&#8221;][\/vc_column_inner][vc_column_inner width=&#8221;1\/2&#8243;][\/vc_column_inner][\/vc_row_inner][vc_single_image image=&#8221;4445&#8243; img_size=&#8221;full&#8221; alignment=&#8221;center&#8221;][\/vc_tta_section][vc_tta_section title=&#8221;Trattemento dei rifiuti&#8221; tab_id=&#8221;1663679126140-a1414a3c-0f2b&#8221;][vc_row_inner el_class=&#8221;txt-btn-page-secteurs&#8221;][vc_column_inner width=&#8221;1\/2&#8243; css=&#8221;.vc_custom_1675953137987{padding-top: 30px !important;padding-right: 30px !important;padding-bottom: 30px !important;padding-left: 30px !important;background-color: rgba(255,255,255,0.8) !important;*background-color: rgb(255,255,255) !important;}&#8221;][vc_column_text]Le nostre\u00a0<b>soluzioni per la pulizia, <\/b>cannoni<b> ad aria compressa,\u00a0<\/b><a href=\"https:\/\/www.standard-industrie.com\/it\/eliminazione-di-intasamenti-e-concrezioni\/\" target=\"_blank\" rel=\"noopener\"><u>rimuovono depositi di materiale<\/u><u><\/u><\/a>,\u00a0gli intasamenti\u00a0e le\u00a0concrezioni\u00a0nelle unit\u00e0 di stoccaggio e negli scivoli di trasporto del materiale.[\/vc_column_text][vc_btn title=&#8221;Per saperne di pi\u00f9&#8221; shape=&#8221;square&#8221; color=&#8221;warning&#8221; link=&#8221;url:%2Fit%2Fminiere-e-cave-di-minerali%2F&#8221;][\/vc_column_inner][vc_column_inner width=&#8221;1\/2&#8243;][\/vc_column_inner][\/vc_row_inner][vc_single_image image=&#8221;4448&#8243; img_size=&#8221;full&#8221; alignment=&#8221;center&#8221;][\/vc_tta_section][vc_tta_section title=&#8221;Produzione di energia&#8221; tab_id=&#8221;1663679159217-2320528c-519b&#8221;][vc_row_inner el_class=&#8221;txt-btn-page-secteurs&#8221;][vc_column_inner width=&#8221;1\/2&#8243; css=&#8221;.vc_custom_1675953152869{padding-top: 30px !important;padding-right: 30px !important;padding-bottom: 30px !important;padding-left: 30px !important;background-color: rgba(255,255,255,0.8) !important;*background-color: rgb(255,255,255) !important;}&#8221;][vc_column_text]I nostri servizi consentono <a href=\"https:\/\/www.standard-industrie.com\/it\/eliminazione-di-intasamenti-e-concrezioni\/\" target=\"_blank\" rel=\"noopener\">il disintensamento di ceneri<\/a>, calce, gesso, refiom o sostanze vegetali utilizzate per alimentare le caldaie a biomassa.[\/vc_column_text][vc_btn title=&#8221;Per saperne di pi\u00f9&#8221; shape=&#8221;square&#8221; color=&#8221;warning&#8221; link=&#8221;url:%2Fit%2Fproduzione-energia-trattamento-rifiuti-inceneritori-rifiuti-domestici-biomassa%2F&#8221;][\/vc_column_inner][vc_column_inner width=&#8221;1\/2&#8243;][\/vc_column_inner][\/vc_row_inner][vc_single_image image=&#8221;4446&#8243; img_size=&#8221;full&#8221; alignment=&#8221;center&#8221;][\/vc_tta_section][vc_tta_section title=&#8221;Industria alimentare&#8221; tab_id=&#8221;1663679205414-cd0cd74c-3ee9&#8243;][vc_row_inner el_class=&#8221;txt-btn-page-secteurs&#8221;][vc_column_inner width=&#8221;1\/2&#8243; css=&#8221;.vc_custom_1675953164971{padding-top: 30px !important;padding-right: 30px !important;padding-bottom: 30px !important;padding-left: 30px !important;background-color: rgba(255,255,255,0.8) !important;*background-color: rgb(255,255,255) !important;}&#8221;][vc_column_text]Le nostre\u00a0<b>soluzioni di pulizia\u00a0<\/b>per la\u00a0<b>fluidificazione della produzione di alimenti animali o umani<\/b>\u00a0<a href=\"https:\/\/www.standard-industrie.com\/it\/eliminazione-di-intasamenti-e-concrezioni\/\" target=\"_blank\" rel=\"noopener\"><u>eliminano\u00a0depositi di materiale<\/u><\/a>, gli intasamenti e le concrezioni nelle unit\u00e0 di stoccaggio e nei canali di trasporto del materiale.[\/vc_column_text][vc_btn title=&#8221;Per saperne di pi\u00f9&#8221; shape=&#8221;square&#8221; color=&#8221;warning&#8221; link=&#8221;url:%2Fit%2Fsoluzione-di-aspirazione-e-pulizia-per-industria-alimentare%2F&#8221;][\/vc_column_inner][vc_column_inner width=&#8221;1\/2&#8243;][\/vc_column_inner][\/vc_row_inner][vc_single_image image=&#8221;4442&#8243; img_size=&#8221;full&#8221; alignment=&#8221;center&#8221;][\/vc_tta_section][vc_tta_section title=&#8221;Industria siderurgica&#8221; tab_id=&#8221;1663679274544-30d45493-5251&#8243;][vc_row_inner el_class=&#8221;txt-btn-page-secteurs&#8221;][vc_column_inner width=&#8221;1\/2&#8243; css=&#8221;.vc_custom_1675953175380{padding-top: 30px !important;padding-right: 30px !important;padding-bottom: 30px !important;padding-left: 30px !important;background-color: rgba(255,255,255,0.8) !important;*background-color: rgb(255,255,255) !important;}&#8221;][vc_column_text]Le nostre <b>soluzioni di pulizia per l\u2019industria siderurgica<\/b>\u00a0<a href=\"https:\/\/www.standard-industrie.com\/it\/eliminazione-di-intasamenti-e-concrezioni\/\" target=\"_blank\" rel=\"noopener\">rimuovono depositi di materiale<\/a>, ostruzioni e concrezioni nelle unit\u00e0 di stoccaggio e nelle aree di lavorazione di gas e polveri.[\/vc_column_text][vc_btn title=&#8221;Per saperne di pi\u00f9&#8221; shape=&#8221;square&#8221; color=&#8221;warning&#8221; link=&#8221;url:%2Fit%2Fsoluzione-di-aspirazione-e-pulizia-per-lindustria-siderurgica%2F&#8221;][\/vc_column_inner][vc_column_inner width=&#8221;1\/2&#8243;][\/vc_column_inner][\/vc_row_inner][vc_single_image image=&#8221;4447&#8243; img_size=&#8221;full&#8221; alignment=&#8221;center&#8221;][\/vc_tta_section][vc_tta_section title=&#8221;Gesso&#8221; tab_id=&#8221;1675953047218-98bb72a0-4a3d&#8221;][vc_row_inner el_class=&#8221;txt-btn-page-secteurs&#8221;][vc_column_inner width=&#8221;1\/2&#8243; css=&#8221;.vc_custom_1675953196008{padding-top: 30px !important;padding-right: 30px !important;padding-bottom: 30px !important;padding-left: 30px !important;background-color: rgba(255,255,255,0.8) !important;*background-color: rgb(255,255,255) !important;}&#8221;][vc_column_text]I nostri clienti produttori di gesso utilizzano i nostri servizi per la pulizia delle croste di gesso nei loro silos o per l&#8217;aspirazione dei loro siti di produzione.[\/vc_column_text][vc_btn title=&#8221;Per saperne di pi\u00f9&#8221; shape=&#8221;square&#8221; color=&#8221;warning&#8221; link=&#8221;url:%2Fit%2Frimozione-di-intasamenti-o-croste-di-gesso-pulizia-di-silo-e-tramogge%2F&#8221;][\/vc_column_inner][vc_column_inner width=&#8221;1\/2&#8243;][\/vc_column_inner][\/vc_row_inner][vc_single_image image=&#8221;6198&#8243; img_size=&#8221;full&#8221; alignment=&#8221;center&#8221;][\/vc_tta_section][vc_tta_section title=&#8221;Legno&#8221; tab_id=&#8221;1684155286673-2364d5d4-f54d&#8221;][vc_row_inner el_class=&#8221;txt-btn-page-secteurs&#8221;][vc_column_inner width=&#8221;1\/2&#8243; css=&#8221;.vc_custom_1675953196008{padding-top: 30px !important;padding-right: 30px !important;padding-bottom: 30px !important;padding-left: 30px !important;background-color: rgba(255,255,255,0.8) !important;*background-color: rgb(255,255,255) !important;}&#8221;][vc_column_text]Scopri le nostre soluzioni di manutenzione per l&#8217;industria del legno, della carta e del cartone[\/vc_column_text][vc_btn title=&#8221;Per saperne di pi\u00f9&#8221; shape=&#8221;square&#8221; color=&#8221;warning&#8221; link=&#8221;url:https%3A%2F%2Fwww.standard-industrie.com%2Fit%2Fsoluzioni-di-aspirazione-e-pulizia-per-lindustria-del-legno%2F|title:Soluzioni%20di%20aspirazione%20e%20pulizia%20per%20l%E2%80%99industria%20del%20legno&#8221;][\/vc_column_inner][vc_column_inner width=&#8221;1\/2&#8243;][\/vc_column_inner][\/vc_row_inner][vc_single_image image=&#8221;6376&#8243; img_size=&#8221;full&#8221; alignment=&#8221;center&#8221;][\/vc_tta_section][vc_tta_section title=&#8221;Carta e cartone&#8221; tab_id=&#8221;1707239223906-14dc7c2b-ff01&#8243;][vc_row_inner el_class=&#8221;txt-btn-page-secteurs&#8221;][vc_column_inner width=&#8221;1\/2&#8243; css=&#8221;.vc_custom_1675953196008{padding-top: 30px !important;padding-right: 30px !important;padding-bottom: 30px !important;padding-left: 30px !important;background-color: rgba(255,255,255,0.8) !important;*background-color: rgb(255,255,255) !important;}&#8221;][vc_column_text]La produzione di carta e cartone genera depositi di polvere di cellulosa. Ci\u00f2 richiede una pulizia regolare, che ha un impatto considerevole sui costi operativi.[\/vc_column_text][vc_btn title=&#8221;Per saperne di pi\u00f9&#8221; shape=&#8221;square&#8221; color=&#8221;warning&#8221; link=&#8221;url:https%3A%2F%2Fwww.standard-industrie.com%2Fit%2Fsoluzioni-di-aspirazione-e-pulizia-per-lindustria-del-legno%2F|title:Soluzioni%20di%20aspirazione%20e%20pulizia%20per%20l%E2%80%99industria%20del%20legno&#8221;][\/vc_column_inner][vc_column_inner width=&#8221;1\/2&#8243;][\/vc_column_inner][\/vc_row_inner][vc_single_image image=&#8221;6423&#8243; img_size=&#8221;full&#8221; alignment=&#8221;center&#8221;][\/vc_tta_section][\/vc_tta_tour][\/vc_column][\/vc_row][vc_row full_width=&#8221;stretch_row&#8221; parallax=&#8221;content-moving&#8221; parallax_image=&#8221;5866&#8243; css=&#8221;.vc_custom_1673002501873{background-color: #a6ddf4 !important;}&#8221; el_class=&#8221;txt-blanc&#8221;][vc_column][vc_empty_space][vc_column_text el_class=&#8221;gros-titre fort trait-blanc traits-gris-droite-gauche titre-centre vc_separator wpb_content_element vc_separator_align_center vc_sep_width_100 vc_sep_border_width_2 vc_sep_pos_align_center vc_separator-has-text&#8221;]<\/p>\n<div class=\"vc_sep_holder vc_sep_holder_l\">\n<p class=\"vc_sep_line\" style=\"border-color: grey;\">\n<\/div>\n<h2 class=\"txt-blanc\">Notizie<\/h2>\n<div class=\"vc_sep_holder vc_sep_holder_r\">\n<p class=\"vc_sep_line\" style=\"border-color: grey;\">\n<\/div>\n<p>[\/vc_column_text][vc_basic_grid post_type=&#8221;post&#8221; max_items=&#8221;3&#8243; item=&#8221;4424&#8243; grid_id=&#8221;vc_gid:1728048958430-18c7c42a-f234-10&#8243; el_class=&#8221;actu&#8221;][\/vc_column][\/vc_row][vc_row][vc_column][vc_empty_space][vc_column_text el_class=&#8221;gros-titre fort traits-gris-droite-gauche titre-centre vc_separator wpb_content_element vc_separator_align_center vc_sep_width_100 vc_sep_border_width_2 vc_sep_pos_align_center vc_separator-has-text&#8221;]<\/p>\n<div class=\"vc_sep_holder vc_sep_holder_l\">\n<p class=\"vc_sep_line\" style=\"border-color: grey;\">\n<\/div>\n<h2 class=\"\">Standard industrie<\/h2>\n<div class=\"vc_sep_holder vc_sep_holder_r\">\n<p class=\"vc_sep_line\" style=\"border-color: grey;\">\n<\/div>\n<p>[\/vc_column_text][vc_tta_tabs active_section=&#8221;1&#8243; el_class=&#8221;range-standard-industrie&#8221;][vc_tta_section title=&#8221;Nostra storia&#8221; tab_id=&#8221;1663681684697-08ed2588-35cc&#8221;][vc_row_inner][vc_column_inner width=&#8221;1\/2&#8243;][vc_column_text]Nel 1977 Herv\u00e9 Simo\u00ebns si confrontava regolarmente con i limiti di scarico del materiale nelle unit\u00e0 di stoccaggio tipo silos o tramogge. A quell\u2019epoca, per rimediare al problema, la soluzione principale consisteva nel pannello gonfiabile.[\/vc_column_text][vc_btn title=&#8221;Per saperne di pi\u00f9&#8221; shape=&#8221;square&#8221; color=&#8221;warning&#8221; link=&#8221;url:%2Fit%2Fnostra-storia%2F&#8221;][\/vc_column_inner][vc_column_inner width=&#8221;1\/2&#8243;][vc_single_image image=&#8221;4068&#8243; img_size=&#8221;full&#8221;][\/vc_column_inner][\/vc_row_inner][\/vc_tta_section][vc_tta_section title=&#8221;Nostra team&#8221; tab_id=&#8221;1663681850419-d8a8e18d-2833&#8243;][vc_row_inner][vc_column_inner width=&#8221;1\/2&#8243;][vc_column_text]STANDARD INDUSTRIE INTERNATIONAL \u00e8 un team motivato e dinamico che mette a vostra disposizione know-how ed esperienza per proporvi soluzioni adatte ai vostri problemi e alle vostre esigenze. Il nostro team tecnico, specializzato nei processi industriali, interviene in tutto il mondo ed \u00e8 a vostra disposizione per fornirVi consigli utili circa l\u2019installazione e relativamente alla messa in servizio delle vostre attrezzature.[\/vc_column_text][vc_btn title=&#8221;Per saperne di pi\u00f9&#8221; shape=&#8221;square&#8221; color=&#8221;warning&#8221; link=&#8221;url:%2Fit%2Fnostro-team%2F&#8221;][\/vc_column_inner][vc_column_inner width=&#8221;1\/2&#8243;][vc_single_image image=&#8221;4072&#8243; img_size=&#8221;full&#8221;][\/vc_column_inner][\/vc_row_inner][\/vc_tta_section][vc_tta_section title=&#8221;Nostri clienti&#8221; tab_id=&#8221;1663681919907-ff3a65cd-cfcf&#8221;][vc_row_inner][vc_column_inner width=&#8221;1\/2&#8243;][vc_column_text]Le nostre soluzioni si rivolgono a tutti gli industriali, in oltre 90 paesi, che stoccano e lavorano con prodotti polverosi\u2026 o pi\u00f9 di 60 settori di attivit\u00e0.[\/vc_column_text][vc_btn title=&#8221;Per saperne di pi\u00f9&#8221; shape=&#8221;square&#8221; color=&#8221;warning&#8221; link=&#8221;url:%2Fit%2Fnostri-clienti%2F&#8221;][\/vc_column_inner][vc_column_inner width=&#8221;1\/2&#8243;][vc_single_image image=&#8221;4064&#8243; img_size=&#8221;full&#8221;][\/vc_column_inner][\/vc_row_inner][\/vc_tta_section][\/vc_tta_tabs][\/vc_column][\/vc_row]<\/p>\n","protected":false},"excerpt":{"rendered":"<p>[vc_row][vc_column][vc_empty_space][vc_column_text el_class=&#8221;gros-titre fort traits-gris-droite-gauche titre-centre vc_separator wpb_content_element vc_separator_align_center vc_sep_width_100 vc_sep_border_width_2 vc_sep_pos_align_center vc_separator-has-text&#8221;] Le nostre soluzioni [\/vc_column_text][vc_row_inner][vc_column_inner width=&#8221;1\/2&#8243;][vc_column_text]Standard Industrie fornisce soluzioni diversificate per aiutare i produttori di<span class=\"excerpt-hellip\"> [\u2026]<\/span><\/p>\n","protected":false},"author":1,"featured_media":0,"parent":0,"menu_order":2,"comment_status":"closed","ping_status":"closed","template":"","meta":{"footnotes":""},"class_list":["post-3999","page","type-page","status-publish","hentry"],"_links":{"self":[{"href":"https:\/\/www.standard-industrie.com\/it\/wp-json\/wp\/v2\/pages\/3999","targetHints":{"allow":["GET"]}}],"collection":[{"href":"https:\/\/www.standard-industrie.com\/it\/wp-json\/wp\/v2\/pages"}],"about":[{"href":"https:\/\/www.standard-industrie.com\/it\/wp-json\/wp\/v2\/types\/page"}],"author":[{"embeddable":true,"href":"https:\/\/www.standard-industrie.com\/it\/wp-json\/wp\/v2\/users\/1"}],"replies":[{"embeddable":true,"href":"https:\/\/www.standard-industrie.com\/it\/wp-json\/wp\/v2\/comments?post=3999"}],"version-history":[{"count":0,"href":"https:\/\/www.standard-industrie.com\/it\/wp-json\/wp\/v2\/pages\/3999\/revisions"}],"wp:attachment":[{"href":"https:\/\/www.standard-industrie.com\/it\/wp-json\/wp\/v2\/media?parent=3999"}],"curies":[{"name":"wp","href":"https:\/\/api.w.org\/{rel}","templated":true}]}}