{"id":4690,"date":"2022-11-17T17:05:49","date_gmt":"2022-11-17T16:05:49","guid":{"rendered":"https:\/\/www.standard-industrie.com\/it\/?page_id=4690"},"modified":"2025-06-05T07:43:39","modified_gmt":"2025-06-05T06:43:39","slug":"cannone-ad-aria-compressa-airchoc","status":"publish","type":"page","link":"https:\/\/www.standard-industrie.com\/it\/cannone-ad-aria-compressa-airchoc\/","title":{"rendered":"Cannone ad aria compressa AIRCHOC"},"content":{"rendered":"<p>[vc_row][vc_column css=&#8221;.vc_custom_1668767480700{margin-top: 10px !important;}&#8221;][vc_column_text el_class=&#8221;btn-retour txt-rouge&#8221;]<\/p>\n<div class=\"vc_sep_holder vc_sep_holder_l\">\n<p class=\"vc_sep_line\" style=\"border-color: grey;\"><a href=\"\/it\/eliminazione-di-intasamenti-e-concrezioni\/\">&lt; Eliminazione di intasamenti e concrezioni<\/a><\/p>\n<\/div>\n<p>[\/vc_column_text][\/vc_column][\/vc_row][vc_row][vc_column][vc_empty_space][vc_column_text el_class=&#8221;gros-titre fort trait-rouge traits-gris-droite-gauche titre-centre vc_separator wpb_content_element vc_separator_align_center vc_sep_width_100 vc_sep_border_width_2 vc_sep_pos_align_center vc_separator-has-text&#8221;]<\/p>\n<div class=\"vc_sep_holder vc_sep_holder_l\">\n<p class=\"vc_sep_line\" style=\"border-color: grey;\">\n<\/div>\n<h2 style=\"text-align: center;\">LA SOLUZIONE AI PROBLEMI DI INTASAMENTI E CONCREZIONI<\/h2>\n<div class=\"vc_sep_holder vc_sep_holder_r\">\n<p class=\"vc_sep_line\" style=\"border-color: grey;\">\n<\/div>\n<p>[\/vc_column_text][\/vc_column][\/vc_row][vc_row el_class=&#8221;invert-block&#8221;][vc_column width=&#8221;1\/2&#8243;][vc_column_text]<\/p>\n<ul>\n<li>AIRCHOC\u00ae\u00a0agisce preventivamente e direttamente sul prodotto<\/li>\n<li>Un\u00a0<strong>volume d\u2019aria compressa<\/strong>,\u00a0compreso tra\u00a0<strong>4\u00a0e 400 l<\/strong>, viene liberato istantaneamente attraverso un foro di uscita adatto<\/li>\n<li>L\u2019effetto ottenuto corrisponde a una deflagrazione<\/li>\n<\/ul>\n<p>=&gt; INTASAMENTI E CONCREZIONI SONO ELIMINATI<\/p>\n<p>LA GAMMA PI\u00d9 AMPIA DEL MERCATO<\/p>\n<ul>\n<li>Serbatoi da\u00a01 a 400 l<\/li>\n<li>Diametro nominale di uscita da 50 a 200 mm<\/li>\n<li>Adattato ad alta temperatura.<\/li>\n<li>Opzione disponibile: ATEX Zona 20<\/li>\n<li>Opzioni complementari: Ghigliottina automatica, Cabina di pilotaggio e di sorveglianza.<\/li>\n<li>Oltre\u00a0200.000\u00a0AIRCHOC<sup>\u00ae<\/sup>\u00a0in pi\u00f9 di\u00a090 paesi<\/li>\n<\/ul>\n<p>Tutta la nostra gamma di cannoni ad aria \u00e8 stata sviluppata nella versione wireless<\/p>\n<p>Ogni installazione AIRCHOC\u00ae con filo elettrico pu\u00f2 essere trasformata in versione senza fili[\/vc_column_text][vc_btn title=&#8221;Scarica la brochure&#8221; style=&#8221;custom&#8221; custom_background=&#8221;#c93742&#8243; custom_text=&#8221;#ffffff&#8221; shape=&#8221;square&#8221; align=&#8221;left&#8221; i_icon_fontawesome=&#8221;fas fa-file-pdf&#8221; add_icon=&#8221;true&#8221; link=&#8221;url:https%3A%2F%2Fwww.standard-industrie.com%2Fit%2Fwp-content%2Fuploads%2Fsites%2F12%2F2023%2F02%2FBROCHURE_DECLOGGING_I-22112022.pdf|target:_blank&#8221; el_class=&#8221;btn-vert btn-animation&#8221;][\/vc_column][vc_column width=&#8221;1\/2&#8243;][vc_column_text]<style id=\"wp_carousel_dynamic_css4703\">#sp-wp-carousel-free-id-4703 .wpcp-swiper-dots {margin: 40px 0px 0px 0px;}.wpcp-wrapper-4703 .swiper-wrapper .swiper-slide-kenburn, .wpcp-wrapper-4703 .swiper-wrapper, .wpcp-wrapper-4703 .wpcpro-row{align-items: center;}#sp-wp-carousel-free-id-4703 .wpcp-single-item {box-shadow: 0px 0px 0px 0px #dddddd;transition: all .3s;margin: 0px;}#sp-wp-carousel-free-id-4703.swiper-flip .wpcp-single-item{margin: 0!important;}#sp-wp-carousel-free-id-4703 .wpcp-single-item:hover {box-shadow: 0px 0px 0px 0px #dddddd;}#sp-wp-carousel-free-id-4703.sp-wpcp-4703 .wpcp-single-item {border: 0px none #dddddd;}#sp-wp-carousel-free-id-4703.sp-wpcp-4703 .swiper-button-prev,#sp-wp-carousel-free-id-4703.sp-wpcp-4703 .swiper-button-next,#sp-wp-carousel-free-id-4703.sp-wpcp-4703 .swiper-button-prev:hover,#sp-wp-carousel-free-id-4703.sp-wpcp-4703 .swiper-button-next:hover {background: none;border: none;font-size: 30px;}#sp-wp-carousel-free-id-4703.sp-wpcp-4703 .swiper-button-prev i,#sp-wp-carousel-free-id-4703.sp-wpcp-4703 .swiper-button-next i {color: #aaa;}#sp-wp-carousel-free-id-4703.sp-wpcp-4703 .swiper-button-prev i:hover,#sp-wp-carousel-free-id-4703.sp-wpcp-4703 .swiper-button-next i:hover {color: #c72f37;}#sp-wp-carousel-free-id-4703.sp-wpcp-4703 .wpcp-swiper-dots .swiper-pagination-bullet {background-color: #cccccc;}#sp-wp-carousel-free-id-4703.sp-wpcp-4703 .wpcp-swiper-dots .swiper-pagination-bullet.swiper-pagination-bullet-active {background-color: #c72f37;} #sp-wp-carousel-free-id-4703.sp-wpcp-4703.wpcp-image-carousel .wpcp-single-item:hover img, #sp-wp-carousel-free-id-4703.sp-wpcp-4703.wpcp-post-carousel .wpcp-single-item:hover img, #sp-wp-carousel-free-id-4703.sp-wpcp-4703.wpcp-product-carousel .wpcp-single-item:hover img{-webkit-transform: scale(1.2);-moz-transform: scale(1.2);transform: scale(1.2);}@media screen and (max-width: 479px) {#sp-wp-carousel-free-id-4703.nav-vertical-center {padding: 0;margin:0;}#sp-wp-carousel-free-id-4703.nav-vertical-center .wpcp-next-button,#sp-wp-carousel-free-id-4703.nav-vertical-center .wpcp-prev-button {display: none;}}#sp-wp-carousel-free-id-4703 .wpcpro-row>[class*=\"wpcpro-col-\"] { padding: 0 10px; padding-bottom: 20px;} #sp-wp-carousel-free-id-4703 .swiper-slide .single-item-fade:not(:last-child) { margin-right: 20px;}@media (min-width: 480px) { .wpcpro-row .wpcpro-col-sm-1 { flex: 0 0 100%; max-width: 100%; } .wpcpro-row .wpcpro-col-sm-2 { flex: 0 0 50%; max-width: 50%; } .wpcpro-row .wpcpro-col-sm-2-5 { flex: 0 0 75%; max-width: 75%; } .wpcpro-row .wpcpro-col-sm-3 { flex: 0 0 33.333%; max-width: 33.333%; } .wpcpro-row .wpcpro-col-sm-4 { flex: 0 0 25%; max-width: 25%; } .wpcpro-row .wpcpro-col-sm-5 { flex: 0 0 20%; max-width: 20%; } .wpcpro-row .wpcpro-col-sm-6 { flex: 0 0 16.66666666666667%; max-width: 16.66666666666667%; } .wpcpro-row .wpcpro-col-sm-7 { flex: 0 0 14.28571428%; max-width: 14.28571428%; } .wpcpro-row .wpcpro-col-sm-8 { flex: 0 0 12.5%; max-width: 12.5%; } } @media (max-width: 480px) { .wpcpro-row .wpcpro-col-xs-1 { flex: 0 0 100%; max-width: 100%; } .wpcpro-row .wpcpro-col-xs-2 { flex: 0 0 50%; max-width: 50%; } .wpcpro-row .wpcpro-col-xs-3 { flex: 0 0 33.222%; max-width: 33.222%; } .wpcpro-row .wpcpro-col-xs-4 { flex: 0 0 25%; max-width: 25%; } .wpcpro-row .wpcpro-col-xs-5 { flex: 0 0 20%; max-width: 20%; } .wpcpro-row .wpcpro-col-xs-6 { flex: 0 0 16.6667%; max-width: 16.6667%; } .wpcpro-row .wpcpro-col-xs-7 { flex: 0 0 14.28571428%; max-width: 14.28571428%; } .wpcpro-row .wpcpro-col-xs-8 { flex: 0 0 12.5%; max-width: 12.5%; } } @media (min-width: 736px) { .wpcpro-row .wpcpro-col-md-1 { flex: 0 0 100%; max-width: 100%; } .wpcpro-row .wpcpro-col-md-2 { flex: 0 0 50%; max-width: 50%; } .wpcpro-row .wpcpro-col-md-2-5 { flex: 0 0 75%; max-width: 75%; } .wpcpro-row .wpcpro-col-md-3 { flex: 0 0 33.333%; max-width: 33.333%; } .wpcpro-row .wpcpro-col-md-4 { flex: 0 0 25%; max-width: 25%; } .wpcpro-row .wpcpro-col-md-5 { flex: 0 0 20%; max-width: 20%; } .wpcpro-row .wpcpro-col-md-6 { flex: 0 0 16.66666666666667%; max-width: 16.66666666666667%; } .wpcpro-row .wpcpro-col-md-7 { flex: 0 0 14.28571428%; max-width: 14.28571428%; } .wpcpro-row .wpcpro-col-md-8 { flex: 0 0 12.5%; max-width: 12.5%; } } @media (min-width: 980px) { .wpcpro-row .wpcpro-col-lg-1 { flex: 0 0 100%; max-width: 100%; } .wpcpro-row .wpcpro-col-lg-2 { flex: 0 0 50%; max-width: 50%; } .wpcpro-row .wpcpro-col-lg-3 { flex: 0 0 33.222%; max-width: 33.222%; } .wpcpro-row .wpcpro-col-lg-4 { flex: 0 0 25%; max-width: 25%; } .wpcpro-row .wpcpro-col-lg-5 { flex: 0 0 20%; max-width: 20%; } .wpcpro-row .wpcpro-col-lg-6 { flex: 0 0 16.6667%; max-width: 16.6667%; } .wpcpro-row .wpcpro-col-lg-7 { flex: 0 0 14.28571428%; max-width: 14.28571428%; } .wpcpro-row .wpcpro-col-lg-8 { flex: 0 0 12.5%; max-width: 12.5%; } } @media (min-width: 1200px) { .wpcpro-row .wpcpro-col-xl-1 { flex: 0 0 100%; max-width: 100%; } .wpcpro-row .wpcpro-col-xl-2 { flex: 0 0 50%; max-width: 50%; } .wpcpro-row .wpcpro-col-xl-3 { flex: 0 0 33.22222222%; max-width: 33.22222222%; } .wpcpro-row .wpcpro-col-xl-4 { flex: 0 0 25%; max-width: 25%; } .wpcpro-row .wpcpro-col-xl-5 { flex: 0 0 20%; max-width: 20%; } .wpcpro-row .wpcpro-col-xl-6 { flex: 0 0 16.66667%; max-width: 16.66667%; } .wpcpro-row .wpcpro-col-xl-7 { flex: 0 0 14.28571428%; max-width: 14.28571428%; } .wpcpro-row .wpcpro-col-xl-8 { flex: 0 0 12.5%; max-width: 12.5%; } }<\/style><div class=\"wpcp-carousel-wrapper wpcp-wrapper-4703\">\n\t<div id=\"wpcp-preloader-4703\" class=\"wpcp-carousel-preloader\"><img decoding=\"async\" src=\"https:\/\/www.standard-industrie.com\/it\/wp-content\/plugins\/wp-carousel-free\/public\/css\/spinner.svg\" alt=\"Preloader Image\" \/><\/div>\t<div class=\"wpcp-carousel-content-wrapper\">\n\t<div id=\"sp-wp-carousel-free-id-4703\" class=\"wpcp-carousel-section sp-wpcp-4703  nav-vertical-center wpcp-image-carousel wpcp-preloader wpcp-standard\" data-swiper='{ &quot;accessibility&quot;:true, &quot;spaceBetween&quot;:20, &quot;arrows&quot;:true, &quot;freeMode&quot;: false, &quot;autoplay&quot;:true, &quot;effect&quot;: &quot;&quot;, &quot;centerMode&quot;: false, &quot;autoplaySpeed&quot;:3000, &quot;dots&quot;:true, &quot;infinite&quot;:true, &quot;speed&quot;:600, &quot;pauseOnHover&quot;:true,\n\t\t\t&quot;slidesToShow&quot;:{&quot;lg_desktop&quot;:1, &quot;desktop&quot;: 1, &quot;laptop&quot;: 1, &quot;tablet&quot;: 1, &quot;mobile&quot;: 1}, &quot;responsive&quot;:{&quot;desktop&quot;:1200, &quot;laptop&quot;: 980, &quot;tablet&quot;: 736, &quot;mobile&quot;: 480}, &quot;rtl&quot;:false, &quot;lazyLoad&quot;: &quot;false&quot;, &quot;swipe&quot;: true, &quot;draggable&quot;: true, &quot;swipeToSlide&quot;:false }' dir=\"ltr\">\n\t\t<div class=\"swiper-wrapper\">\n\t\t<div class=\"swiper-slide\">\n\t<div class=\"wpcp-single-item\">\n\t\t\t<div class=\"wpcp-slide-image\">\n\t\t<img loading=\"lazy\" decoding=\"async\" class=\"skip-lazy\" src=\"https:\/\/www.standard-industrie.com\/it\/wp-content\/uploads\/sites\/12\/2023\/05\/1.jpg\" alt=\"\" width=\"600\" height=\"800\">\t<\/div>\n\t\t<\/div>\n<\/div>\n\t<div class=\"swiper-slide\">\n\t<div class=\"wpcp-single-item\">\n\t\t\t<div class=\"wpcp-slide-image\">\n\t\t<img loading=\"lazy\" decoding=\"async\" class=\"skip-lazy\" src=\"https:\/\/www.standard-industrie.com\/it\/wp-content\/uploads\/sites\/12\/2022\/11\/AC615-electrovanne-1.jpg\" alt=\"AC615-electrovanne (1)\" width=\"800\" height=\"800\">\t<\/div>\n\t\t<\/div>\n<\/div>\n\t<div class=\"swiper-slide\">\n\t<div class=\"wpcp-single-item\">\n\t\t\t<div class=\"wpcp-slide-image\">\n\t\t<img loading=\"lazy\" decoding=\"async\" class=\"skip-lazy\" src=\"https:\/\/www.standard-industrie.com\/it\/wp-content\/uploads\/sites\/12\/2022\/11\/06_AirchocWireless_Industrie_Ciment.jpg\" alt=\"06_AirchocWireless_Industrie_Ciment\" width=\"794\" height=\"678\">\t<\/div>\n\t\t<\/div>\n<\/div>\n\t<div class=\"swiper-slide\">\n\t<div class=\"wpcp-single-item\">\n\t\t\t<div class=\"wpcp-slide-image\">\n\t\t<img loading=\"lazy\" decoding=\"async\" class=\"skip-lazy\" src=\"https:\/\/www.standard-industrie.com\/it\/wp-content\/uploads\/sites\/12\/2022\/11\/AIRCHOC-6-range-1024x1024-1.png\" alt=\"AIRCHOC-6-range-1024x1024 (1)\" width=\"800\" height=\"800\">\t<\/div>\n\t\t<\/div>\n<\/div>\n\t<div class=\"swiper-slide\">\n\t<div class=\"wpcp-single-item\">\n\t\t\t<div class=\"wpcp-slide-image\">\n\t\t<img loading=\"lazy\" decoding=\"async\" class=\"skip-lazy\" src=\"https:\/\/www.standard-industrie.com\/it\/wp-content\/uploads\/sites\/12\/2022\/11\/airchoc_tete-1.jpg\" alt=\"airchoc_tete (1)\" width=\"800\" height=\"800\">\t<\/div>\n\t\t<\/div>\n<\/div>\n\t<div class=\"swiper-slide\">\n\t<div class=\"wpcp-single-item\">\n\t\t\t<div class=\"wpcp-slide-image\">\n\t\t<img loading=\"lazy\" decoding=\"async\" class=\"skip-lazy\" src=\"https:\/\/www.standard-industrie.com\/it\/wp-content\/uploads\/sites\/12\/2023\/11\/1.jpg\" alt=\"AC5 install\u00e9 sur un \u00e9conomiseur vertical \u00e0 l'UTVE L'Unit\u00e9 de Traitement et de Valorisation Energ\u00e9tique (usine d'incin\u00e9ration) \u00e0 Lyon\" width=\"800\" height=\"450\">\t<\/div>\n\t\t<\/div>\n<\/div>\n\t\t\t<\/div>\n\t\t\t\t\t<div class=\"wpcp-swiper-dots swiper-pagination\"><\/div>\n\t\t\t\t<!-- If we need navigation buttons -->\n\t\t\t\t\t<div class=\"wpcp-prev-button swiper-button-prev\"><i class=\"fa fa-angle-left\"><\/i><\/div>\n\t\t\t<div class=\"wpcp-next-button swiper-button-next\"><i class=\"fa fa-angle-right\"><\/i><\/div>\n\t\t\t<\/div>\n\t<\/div>\n<\/div>\n[\/vc_column_text][vc_empty_space][\/vc_column][\/vc_row][vc_row el_class=&#8221;invert-block&#8221;][vc_column width=&#8221;1\/4&#8243;][\/vc_column][vc_column width=&#8221;1\/2&#8243;][vc_raw_html]JTNDZGl2JTIwY2xhc3MlM0QlMjJ5b3V0dWJlX3BsYXllciUyMiUyMHZpZGVvSUQlM0QlMjI0dExuRFRiYW5zTSUyMiUyMHdpZHRoJTNEJTIyNjAwJTIyJTIwaGVpZ2h0JTNEJTIyNDAwJTIyJTIwdGhlbWUlM0QlMjJsaWdodCUyMiUyMHJlbCUzRCUyMjAlMjIlMjBjb250cm9scyUzRCUyMjAlMjIlMjBzaG93aW5mbyUzRCUyMjAlMjIlMjBhdXRvcGxheSUzRCUyMjElMjIlMjBtdXRlJTNEJTIyMSUyMiUyMCUyMGxvb3AlM0QlMjIxJTIyJTIwbG9hZGluZyUzRCUyMjElMjIlM0UlM0MlMkZkaXYlM0U=[\/vc_raw_html][\/vc_column][vc_column width=&#8221;1\/4&#8243;][\/vc_column][\/vc_row][vc_row][vc_column][vc_tta_tabs style=&#8221;flat&#8221; shape=&#8221;square&#8221; color=&#8221;white&#8221; active_section=&#8221;1&#8243; el_class=&#8221;encart-plus-infos infos-rouge&#8221;][vc_tta_section title=&#8221;Vantaggi&#8221; tab_id=&#8221;1663937971177-be64cebd-0221&#8243;][vc_row_inner][vc_column_inner width=&#8221;1\/2&#8243;][vc_column_text]<\/p>\n<ul>\n<li>FORZA D\u2019IMPATTO :\u00a0Testa aerodinamica \/ Relazione tra il volume del serbatoio e il diametro nominale di uscita della testa<\/li>\n<li>SICUREZZA POSITIVA :\u00a0Nessun sparo\u00a0di AIRCHOC\u00ae in caso di diminuzione della pressione dell\u2019aria<\/li>\n<li>RISPARMIO :\u00a0Riduzione del consumo d\u2019aria \/ 1 sola alimentazione pneumatica \/ Sistema Wireless<\/li>\n<li>QUALIT\u00c0\u2019 :\u00a0Serbatoio zincato internamente ed esternamente \/ Testa in ghisa \/ Durata di vita superiore ai 30 anni<\/li>\n<li>MANUTENZIONE :\u00a0Accesso diretto al meccanismo<\/li>\n<li>AFFIDABILIT\u00c0\u2019 :\u00a0Valvola di scarico accelerato protetta \/ Pistone autocentrante<\/li>\n<li>SILENZIOSITA\u2019 :\u00a0Riduzione dell\u2019inquinamento acustico<\/li>\n<\/ul>\n<p>[\/vc_column_text][\/vc_column_inner][vc_column_inner width=&#8221;1\/2&#8243;][vc_single_image image=&#8221;6397&#8243; img_size=&#8221;full&#8221; alignment=&#8221;center&#8221;][\/vc_column_inner][\/vc_row_inner][\/vc_tta_section][vc_tta_section title=&#8221;Servizi associati&#8221; tab_id=&#8221;1663938142981-6b5d81f0-143c&#8221;][vc_row_inner][vc_column_inner width=&#8221;1\/2&#8243;][vc_column_text]<\/p>\n<ul>\n<li>Sopralluoghi e raccomandazioni tecniche (dimensionamento e impianto)<\/li>\n<li>Fornitura di un progetto di installazione<\/li>\n<li>Possibilit\u00e0 di montaggio, supervisione e messa in funzione da parte nostra<\/li>\n<li>Garanzia fino a 3 anni<\/li>\n<li><a href=\"https:\/\/www.standard-industrie.com\/it\/manutenzione-industriale\/\">Servizio post-vendita e contratto di manutenzione<\/a><\/li>\n<li>Follow-up regolamentari<\/li>\n<\/ul>\n<p>[\/vc_column_text][\/vc_column_inner][vc_column_inner width=&#8221;1\/2&#8243;][vc_single_image image=&#8221;4710&#8243; img_size=&#8221;full&#8221; alignment=&#8221;center&#8221;][\/vc_column_inner][\/vc_row_inner][\/vc_tta_section][vc_tta_section title=&#8221;Opzioni \/ accessori&#8221; tab_id=&#8221;1663938171381-dcb55700-be8e&#8221;][vc_row_inner][vc_column_inner width=&#8221;1\/6&#8243; offset=&#8221;vc_hidden-md vc_hidden-sm vc_hidden-xs&#8221;][\/vc_column_inner][vc_column_inner offset=&#8221;vc_col-lg-8&#8243;][vc_column_text]<\/p>\n<ul>\n<li><a href=\"https:\/\/www.standard-industrie.com\/it\/deflettore-pulizia-del-cannone\/\" target=\"_blank\" rel=\"noopener\">DEFLETTORI<\/a> :\u00a0Orientano il flusso d\u2019aria verso i punti sensibili dell\u2019intasamento \u2013 Versione in acciaio o acciaio inox refrattario<\/li>\n<li>DISPOSITIVI DI COMANDO AUTOMATICO E CICLICO :\u00a0Attivano automaticamente gli spari dell\u2019 AIRCHOC<sup>\u00ae<\/sup>\u00a0(Controllo fino a 128 AIRCHOC<sup>\u00ae<\/sup>)<\/li>\n<li><a href=\"https:\/\/www.standard-industrie.com\/it\/deflettore-pulizia-del-cannone\/\" target=\"_blank\" rel=\"noopener\">ISOLATORE<\/a> :\u00a0Rende sicure le operazioni di manutenzione: alta temperatura, prodotto aggressivo, rischio di ritorno di materiale<\/li>\n<li>DISPOSITIVI DI SICUREZZA :\u00a0Garantiscono l\u2019uso e la manutenzione degli AIRCHOC<sup>\u00ae<\/sup>\u00a0in tutta sicurezza (manometro, valvola di sicurezza, valvola di isolamento\u2026)<\/li>\n<li>KIT DI MANUTENZIONE :\u00a0Riduce il tempo di intervento e semplifica la gestione dello stock<\/li>\n<li>PISTONE SMUSSATO INOX :\u00a0Aumenta la durata di vita e resiste agli ambienti aggressivi (industria chimica, impianti di incenerimento, cementifici)<\/li>\n<li>RAMPA DI CONTROLLO REMOTA :\u00a0Attiva a distanza gli spari dell\u2019AIRCHOC<sup>\u00ae<\/sup>\u00a0(Elettrovalvole centralizzate e posizionate ad altezza uomo)<\/li>\n<li>DISTRIBUTORE PNEUMATICO :\u00a0Attiva in modo pneumatico gli spari dell\u2019 AIRCHOC<sup>\u00ae<\/sup>.<\/li>\n<\/ul>\n<p>[\/vc_column_text][\/vc_column_inner][vc_column_inner width=&#8221;1\/6&#8243; offset=&#8221;vc_hidden-md vc_hidden-sm vc_hidden-xs&#8221;][\/vc_column_inner][\/vc_row_inner][\/vc_tta_section][\/vc_tta_tabs][\/vc_column][\/vc_row][vc_row][vc_column][vc_column_text el_class=&#8221;gros-titre fort trait-rouge traits-gris-droite-gauche titre-gauche vc_sep_border_width_2 vc_separator wpb_content_element vc_separator_align_left vc_sep_width_100 vc_sep_pos_align_center vc_sep_color_grey vc_separator-has-text&#8221;]<\/p>\n<div class=\"vc_sep_holder vc_sep_holder_l\">\n<p class=\"vc_sep_line\" style=\"border-color: grey;\">\n<\/div>\n<h2>Caso d&#8217;uso della pistola ad aria compressa AIRCHOC<\/h2>\n<div class=\"vc_sep_holder vc_sep_holder_r\">\n<p class=\"vc_sep_line\" style=\"border-color: grey;\">\n<\/div>\n<p>[\/vc_column_text][vc_basic_grid post_type=&#8221;caso-duso&#8221; max_items=&#8221;10&#8243; show_filter=&#8221;yes&#8221; item=&#8221;4303&#8243; grid_id=&#8221;vc_gid:1695900647562-97c24eed-9d0c-5&#8243; filter_source=&#8221;secteur&#8221; taxonomies=&#8221;171&#8243;][\/vc_column][\/vc_row][vc_row][vc_column][vc_column_text el_class=&#8221;btn-retour txt-rouge&#8221;]<\/p>\n<div class=\"vc_sep_holder vc_sep_holder_l\">\n<p class=\"vc_sep_line\" style=\"border-color: grey;\"><a href=\"\/it\/eliminazione-di-intasamenti-e-concrezioni\/\">&lt; Eliminazione di intasamenti e concrezioni<\/a><\/p>\n<\/div>\n<p>[\/vc_column_text][\/vc_column][\/vc_row]<\/p>\n","protected":false},"excerpt":{"rendered":"<p>[vc_row][vc_column css=&#8221;.vc_custom_1668767480700{margin-top: 10px !important;}&#8221;][vc_column_text el_class=&#8221;btn-retour txt-rouge&#8221;] &lt; Eliminazione di intasamenti e concrezioni [\/vc_column_text][\/vc_column][\/vc_row][vc_row][vc_column][vc_empty_space][vc_column_text el_class=&#8221;gros-titre fort trait-rouge traits-gris-droite-gauche titre-centre vc_separator wpb_content_element vc_separator_align_center vc_sep_width_100 vc_sep_border_width_2 vc_sep_pos_align_center vc_separator-has-text&#8221;] LA<span class=\"excerpt-hellip\"> [\u2026]<\/span><\/p>\n","protected":false},"author":1,"featured_media":0,"parent":0,"menu_order":8,"comment_status":"closed","ping_status":"closed","template":"single-airchoc-light.php","meta":{"footnotes":""},"class_list":["post-4690","page","type-page","status-publish","hentry"],"_links":{"self":[{"href":"https:\/\/www.standard-industrie.com\/it\/wp-json\/wp\/v2\/pages\/4690","targetHints":{"allow":["GET"]}}],"collection":[{"href":"https:\/\/www.standard-industrie.com\/it\/wp-json\/wp\/v2\/pages"}],"about":[{"href":"https:\/\/www.standard-industrie.com\/it\/wp-json\/wp\/v2\/types\/page"}],"author":[{"embeddable":true,"href":"https:\/\/www.standard-industrie.com\/it\/wp-json\/wp\/v2\/users\/1"}],"replies":[{"embeddable":true,"href":"https:\/\/www.standard-industrie.com\/it\/wp-json\/wp\/v2\/comments?post=4690"}],"version-history":[{"count":0,"href":"https:\/\/www.standard-industrie.com\/it\/wp-json\/wp\/v2\/pages\/4690\/revisions"}],"wp:attachment":[{"href":"https:\/\/www.standard-industrie.com\/it\/wp-json\/wp\/v2\/media?parent=4690"}],"curies":[{"name":"wp","href":"https:\/\/api.w.org\/{rel}","templated":true}]}}