{"id":4790,"date":"2022-11-18T17:02:41","date_gmt":"2022-11-18T16:02:41","guid":{"rendered":"https:\/\/www.standard-industrie.com\/it\/?page_id=4790"},"modified":"2025-06-05T07:41:46","modified_gmt":"2025-06-05T06:41:46","slug":"progamma-di-manutenzione-airchoc","status":"publish","type":"page","link":"https:\/\/www.standard-industrie.com\/it\/progamma-di-manutenzione-airchoc\/","title":{"rendered":"Progamma di manutenzione AIRCHOC"},"content":{"rendered":"<p>[vc_row][vc_column css=&#8221;.vc_custom_1668767480700{margin-top: 10px !important;}&#8221;][vc_column_text el_class=&#8221;btn-retour txt-rouge&#8221;]<\/p>\n<div class=\"vc_sep_holder vc_sep_holder_l\">\n<p class=\"vc_sep_line\" style=\"border-color: grey;\"><a href=\"\/it\/eliminazione-di-intasamenti-e-concrezioni\/\">&lt; Eliminazione di intasamenti e concrezioni<\/a><\/p>\n<\/div>\n<p>[\/vc_column_text][\/vc_column][\/vc_row][vc_row][vc_column][vc_empty_space][vc_column_text el_class=&#8221;gros-titre fort trait-rouge traits-gris-droite-gauche titre-centre vc_separator wpb_content_element vc_separator_align_center vc_sep_width_100 vc_sep_border_width_2 vc_sep_pos_align_center vc_separator-has-text&#8221;]<\/p>\n<div class=\"vc_sep_holder vc_sep_holder_l\">\n<p class=\"vc_sep_line\" style=\"border-color: grey;\">\n<\/div>\n<h2 style=\"text-align: center;\">LA SOLUZIONE PI\u00d9 ECONOMICA E UN AMBIENTE PRESERVATO<\/h2>\n<div class=\"vc_sep_holder vc_sep_holder_r\">\n<p class=\"vc_sep_line\" style=\"border-color: grey;\">\n<\/div>\n<p>[\/vc_column_text][\/vc_column][\/vc_row][vc_row el_class=&#8221;invert-block&#8221;][vc_column width=&#8221;1\/2&#8243;][vc_column_text]<\/p>\n<div class=\"right\" dir=\"ltr\">\n<div class=\"texte\">\n<p>=&gt; Per poter evitare gli arresti di produzione o tempi di attesa eccessivi per gli operatori, STANDARD INDUSTRIE ha sviluppato un sistema di manutenzione:<\/p>\n<ul>\n<li>1\u00a0\u2013 Una valigia contenente un meccanismo completo Airchoc\u00ae \u00e8 tenuta a magazzino dall\u2019utente Airchoc\u00ae.<\/li>\n<li>2\u00a0\u2013 Non appena \u00e8 necessaria la manutenzione, il meccanismo utilizzato viene semplicemente sostituito dal meccanismo contenuto nella valigia.<\/li>\n<li>3\u00a0\u2013 Il meccanismo utilizzato viene semplicemente reintegrato nella valigia e spedito a Standard Industrie per essere pulito e riparato dai nostri tecnici specializzati.<\/li>\n<li>4\u00a0\u2013 La valigia viene infine rispedita all\u2019utente per l\u2019uso durante la successiva manutenzione.<\/li>\n<\/ul>\n<p><b>Prova il nostro programma di manutenzione!<\/b><\/p>\n<\/div>\n<\/div>\n<p>[\/vc_column_text][vc_btn title=&#8221;Scarica la brochure&#8221; style=&#8221;custom&#8221; custom_background=&#8221;#c93742&#8243; custom_text=&#8221;#ffffff&#8221; shape=&#8221;square&#8221; align=&#8221;left&#8221; i_icon_fontawesome=&#8221;fas fa-file-pdf&#8221; add_icon=&#8221;true&#8221; link=&#8221;url:https%3A%2F%2Fwww.standard-industrie.com%2Fit%2Fwp-content%2Fuploads%2Fsites%2F12%2F2023%2F01%2FBROCHURE_DECLOGGING_I-22112022.pdf|target:_blank&#8221; el_class=&#8221;btn-vert btn-animation&#8221;][vc_btn title=&#8221;PROVA IL NOSTRO PROGRAMMA DI MANUTENZIONE&#8221; style=&#8221;custom&#8221; custom_background=&#8221;#c93742&#8243; custom_text=&#8221;#ffffff&#8221; shape=&#8221;square&#8221; align=&#8221;left&#8221; i_icon_fontawesome=&#8221;fas fa-file-pdf&#8221; add_icon=&#8221;true&#8221; link=&#8221;url:%2Fit%2Fcontatto%2F&#8221; el_class=&#8221;btn-vert btn-animation&#8221;][\/vc_column][vc_column width=&#8221;1\/2&#8243;][vc_raw_html]JTNDaWZyYW1lJTIwd2lkdGglM0QlMjI1NjAlMjIlMjBoZWlnaHQlM0QlMjIzMTUlMjIlMjBzcmMlM0QlMjJodHRwcyUzQSUyRiUyRnd3dy55b3V0dWJlLmNvbSUyRmVtYmVkJTJGNEJFbHp5LTVCYWslMjIlMjB0aXRsZSUzRCUyMllvdVR1YmUlMjB2aWRlbyUyMHBsYXllciUyMiUyMGZyYW1lYm9yZGVyJTNEJTIyMCUyMiUyMGFsbG93JTNEJTIyYWNjZWxlcm9tZXRlciUzQiUyMGF1dG9wbGF5JTNCJTIwY2xpcGJvYXJkLXdyaXRlJTNCJTIwZW5jcnlwdGVkLW1lZGlhJTNCJTIwZ3lyb3Njb3BlJTNCJTIwcGljdHVyZS1pbi1waWN0dXJlJTNCJTIwd2ViLXNoYXJlJTIyJTIwYWxsb3dmdWxsc2NyZWVuJTNFJTNDJTJGaWZyYW1lJTNF[\/vc_raw_html][vc_empty_space][\/vc_column][\/vc_row][vc_row][vc_column][vc_tta_tabs style=&#8221;flat&#8221; shape=&#8221;square&#8221; color=&#8221;white&#8221; active_section=&#8221;1&#8243; el_class=&#8221;encart-plus-infos infos-rouge&#8221;][vc_tta_section title=&#8221;Vantaggi&#8221; tab_id=&#8221;1663937971177-be64cebd-0221&#8243;][vc_row_inner][vc_column_inner width=&#8221;1\/2&#8243;][vc_column_text]<\/p>\n<ul>\n<li>VELOCIT\u00c0 D&#8217;AZIONE: non \u00e8 necessario attendere un tecnico. Ci\u00f2 significa niente pi\u00f9 rallentamenti della produzione a causa di cannoni ad aria compressa malfunzionanti.<\/li>\n<li>PROFITTABILIT\u00c0<\/li>\n<li>FACILE: 10 minuti per sostituire il meccanismo bloccato.<\/li>\n<\/ul>\n<p>[\/vc_column_text][\/vc_column_inner][vc_column_inner width=&#8221;1\/2&#8243;][vc_single_image image=&#8221;4793&#8243; img_size=&#8221;full&#8221; alignment=&#8221;center&#8221;][\/vc_column_inner][\/vc_row_inner][\/vc_tta_section][vc_tta_section title=&#8221;Servizi correlati&#8221; tab_id=&#8221;1663938142981-6b5d81f0-143c&#8221;][vc_row_inner][vc_column_inner width=&#8221;1\/2&#8243;][vc_column_text]<\/p>\n<ul>\n<li><b>Sopralluoghi e raccomandazioni tecniche (dimensionamento e impianto)<\/b><\/li>\n<li><b>Fornitura di un progetto di installazione<\/b><\/li>\n<li><b>Possibilit\u00e0 di montaggio, supervisione e messa in funzione da parte nostra<\/b><\/li>\n<li><b>Garanzia fino a 3 anni<\/b><\/li>\n<li><b>Servizio post-vendita e contratto di manutenzione<\/b><\/li>\n<li><b>Follow-up regolamentari<\/b><\/li>\n<\/ul>\n<p>[\/vc_column_text][\/vc_column_inner][vc_column_inner width=&#8221;1\/2&#8243;][vc_single_image image=&#8221;4792&#8243; img_size=&#8221;full&#8221; alignment=&#8221;center&#8221;][\/vc_column_inner][\/vc_row_inner][\/vc_tta_section][vc_tta_section title=&#8221;Opzioni \/ Accessori&#8221; tab_id=&#8221;1663938171381-dcb55700-be8e&#8221;][vc_row_inner][vc_column_inner width=&#8221;1\/6&#8243; offset=&#8221;vc_hidden-md vc_hidden-sm vc_hidden-xs&#8221;][\/vc_column_inner][vc_column_inner offset=&#8221;vc_col-lg-8&#8243;][vc_column_text]<\/p>\n<ul>\n<li><b>KIT DI MANUTENZIONE<\/b> PER CANONE AD ARIA COMPRESSA: riduzione dei tempi di intervento e facilit\u00e0 di inventario.<\/li>\n<\/ul>\n<p>[\/vc_column_text][\/vc_column_inner][vc_column_inner width=&#8221;1\/6&#8243; offset=&#8221;vc_hidden-md vc_hidden-sm vc_hidden-xs&#8221;][\/vc_column_inner][\/vc_row_inner][\/vc_tta_section][\/vc_tta_tabs][\/vc_column][\/vc_row][vc_row][vc_column][vc_column_text el_class=&#8221;btn-retour txt-rouge&#8221;]<\/p>\n<div class=\"vc_sep_holder vc_sep_holder_l\">\n<p class=\"vc_sep_line\" style=\"border-color: grey;\"><a href=\"\/it\/eliminazione-di-intasamenti-e-concrezioni\/\">&lt; Eliminazione di intasamenti e concrezioni<\/a><\/p>\n<\/div>\n<p>[\/vc_column_text][\/vc_column][\/vc_row]<\/p>\n","protected":false},"excerpt":{"rendered":"<p>[vc_row][vc_column css=&#8221;.vc_custom_1668767480700{margin-top: 10px !important;}&#8221;][vc_column_text el_class=&#8221;btn-retour txt-rouge&#8221;] &lt; Eliminazione di intasamenti e concrezioni [\/vc_column_text][\/vc_column][\/vc_row][vc_row][vc_column][vc_empty_space][vc_column_text el_class=&#8221;gros-titre fort trait-rouge traits-gris-droite-gauche titre-centre vc_separator wpb_content_element vc_separator_align_center vc_sep_width_100 vc_sep_border_width_2 vc_sep_pos_align_center vc_separator-has-text&#8221;] LA<span class=\"excerpt-hellip\"> [\u2026]<\/span><\/p>\n","protected":false},"author":1,"featured_media":0,"parent":0,"menu_order":5,"comment_status":"closed","ping_status":"closed","template":"single-airchoc-light.php","meta":{"footnotes":""},"class_list":["post-4790","page","type-page","status-publish","hentry"],"_links":{"self":[{"href":"https:\/\/www.standard-industrie.com\/it\/wp-json\/wp\/v2\/pages\/4790","targetHints":{"allow":["GET"]}}],"collection":[{"href":"https:\/\/www.standard-industrie.com\/it\/wp-json\/wp\/v2\/pages"}],"about":[{"href":"https:\/\/www.standard-industrie.com\/it\/wp-json\/wp\/v2\/types\/page"}],"author":[{"embeddable":true,"href":"https:\/\/www.standard-industrie.com\/it\/wp-json\/wp\/v2\/users\/1"}],"replies":[{"embeddable":true,"href":"https:\/\/www.standard-industrie.com\/it\/wp-json\/wp\/v2\/comments?post=4790"}],"version-history":[{"count":0,"href":"https:\/\/www.standard-industrie.com\/it\/wp-json\/wp\/v2\/pages\/4790\/revisions"}],"wp:attachment":[{"href":"https:\/\/www.standard-industrie.com\/it\/wp-json\/wp\/v2\/media?parent=4790"}],"curies":[{"name":"wp","href":"https:\/\/api.w.org\/{rel}","templated":true}]}}