{"id":6010,"date":"2023-01-26T12:37:06","date_gmt":"2023-01-26T11:37:06","guid":{"rendered":"https:\/\/www.standard-industrie.com\/it\/?page_id=6010"},"modified":"2025-06-05T07:33:48","modified_gmt":"2025-06-05T06:33:48","slug":"rimozione-di-intasamenti-o-croste-di-gesso-pulizia-di-silo-e-tramogge","status":"publish","type":"page","link":"https:\/\/www.standard-industrie.com\/it\/rimozione-di-intasamenti-o-croste-di-gesso-pulizia-di-silo-e-tramogge\/","title":{"rendered":"Rimozione di intasamenti o croste di gesso, pulizia di silo e tramogge"},"content":{"rendered":"<p>[vc_row][vc_column][vc_empty_space][vc_column_text el_class=&#8221;gros-titre fort trait-bleu traits-gris-droite-gauche titre-centre vc_separator wpb_content_element vc_separator_align_center vc_sep_width_100 vc_sep_border_width_2 vc_sep_pos_align_center vc_separator-has-text&#8221;]<\/p>\n<div class=\"vc_sep_holder vc_sep_holder_l\">\n<p class=\"vc_sep_line\" style=\"border-color: grey;\">\n<\/div>\n<h2 style=\"text-align: center;\">Servizi di pulizia di silo e tramogge contro l&#8217;intasamento di gesso<\/h2>\n<div class=\"vc_sep_holder vc_sep_holder_r\">\n<p class=\"vc_sep_line\" style=\"border-color: grey;\">\n<\/div>\n<p>[\/vc_column_text][\/vc_column][\/vc_row][vc_row el_class=&#8221;invert-block&#8221;][vc_column width=&#8221;1\/2&#8243;][vc_column_text]Materiali trattati : Anidrite, gesso, intonaco<\/p>\n<p>Soluzione proposta:<\/p>\n<p>Il braccio articolato di <a href=\"\/it\/gironet\/\">GIRONET<\/a>, che ruota di 360\u00b0, <b>elimina i problemi di intasamento o la formazione di croste di gesso<\/b>. Questa soluzione soddisfa i pi\u00f9 severi standard di sicurezza:\u00a0 Evita la presenza umana all&#8217;interno dei silos. L&#8217;intervento di <a href=\"\/it\/gironet\/\">GIRONET<\/a> consente di aumentare la capacit\u00e0 di stoccaggio.<\/p>\n<p>GIRONET \u00e8 efficace su tutti i tipi di intasamento, di prodotto o di unit\u00e0 di stoccaggio. Pu\u00f2 essere utilizzato senza interrompere la produzione.<\/p>\n<p>Possibile recupero del materiale estratto.[\/vc_column_text][vc_column_text]<strong>Referenze:<\/strong><\/p>\n<p><u>PLACOPLATRE<\/u> (Francia)<\/p>\n<p>Le infiltrazioni d&#8217;acqua hanno causato la formazione di una <b>crosta sulle pareti del silo di stoccaggio del gesso<\/b>. La pulizia del silo con un <a href=\"\/it\/gironet\/\">GIRONET<\/a> pneumatico ha <b>eliminato le croste sulle pareti<\/b> e ripristinato la capacit\u00e0 di stoccaggio.[\/vc_column_text][\/vc_column][vc_column css_animation=&#8221;slideInRight&#8221; width=&#8221;1\/2&#8243;][vc_single_image image=&#8221;6015&#8243; img_size=&#8221;full&#8221; alignment=&#8221;center&#8221;][\/vc_column][\/vc_row][vc_row][vc_column][vc_btn title=&#8221;Contattateci&#8221; style=&#8221;flat&#8221; shape=&#8221;square&#8221; color=&#8221;black&#8221; align=&#8221;center&#8221; link=&#8221;url:%2Fit%2Fcontatto%2F|title:Contact%20Standard%20industrie&#8221;][\/vc_column][\/vc_row][vc_row][vc_column][vc_empty_space][vc_column_text el_class=&#8221;gros-titre fort trait-bleu traits-gris-droite-gauche titre-centre vc_separator wpb_content_element vc_separator_align_center vc_sep_width_100 vc_sep_border_width_2 vc_sep_pos_align_center vc_separator-has-text&#8221;]<\/p>\n<div class=\"vc_sep_holder vc_sep_holder_l\">\n<p class=\"vc_sep_line\" style=\"border-color: grey;\">\n<\/div>\n<h2 style=\"text-align: center;\">Pulizia con pistola ad aria compressa di anidrite, gesso, intonaco<\/h2>\n<div class=\"vc_sep_holder vc_sep_holder_r\">\n<p class=\"vc_sep_line\" style=\"border-color: grey;\">\n<\/div>\n<p>[\/vc_column_text][\/vc_column][\/vc_row][vc_row el_class=&#8221;invert-block&#8221;][vc_column css_animation=&#8221;slideInLeft&#8221; width=&#8221;1\/2&#8243;][vc_single_image image=&#8221;6014&#8243; img_size=&#8221;full&#8221; alignment=&#8221;center&#8221;][\/vc_column][vc_column width=&#8221;1\/2&#8243;][vc_column_text]Soluzione proposta:<\/p>\n<p>L&#8217;<b>installazione dei cannoni ad aria AIRCHOC<\/b> in vari punti strategici, ad esempio all&#8217;inizio del processo, quando il gesso \u00e8 ancora in polvere, risolve i problemi di flusso e garantisce un&#8217;estrazione molto pi\u00f9 fluida del prodotto.[\/vc_column_text][vc_column_text]Referenze:<\/p>\n<p><u>KNAUF<\/u> (France)<br \/>\nIl gesso contenuto nei sili e negli <b>scivoli<\/b> diventa pi\u00f9 appiccicoso e quindi pi\u00f9 intasato, rendendo difficile l&#8217;estrazione. Per questo motivo KNAUF ha optato per le prestazioni degli scatti AIRCHOCS posizionati sulle sue installazioni. Sono stati installati 3 tipi di cannoni ad aria compressa a seconda del contenitore e della frequenza di sparo richiesta.[\/vc_column_text][\/vc_column][\/vc_row][vc_row][vc_column][vc_empty_space][vc_column_text el_class=&#8221;gros-titre fort trait-bleu traits-gris-droite-gauche titre-centre vc_separator wpb_content_element vc_separator_align_center vc_sep_width_100 vc_sep_border_width_2 vc_sep_pos_align_center vc_separator-has-text&#8221;]<\/p>\n<div class=\"vc_sep_holder vc_sep_holder_l\">\n<p class=\"vc_sep_line\" style=\"border-color: grey;\">\n<\/div>\n<h2 style=\"text-align: center;\">Soluzione di aspirazione industriale per polveri di gesso<\/h2>\n<div class=\"vc_sep_holder vc_sep_holder_r\">\n<p class=\"vc_sep_line\" style=\"border-color: grey;\">\n<\/div>\n<p>[\/vc_column_text][\/vc_column][\/vc_row][vc_row el_class=&#8221;invert-block&#8221;][vc_column width=&#8221;1\/2&#8243;][vc_column_text]Soluzione proposta:<\/p>\n<p>L&#8217;unit\u00e0 di aspirazione mobile, collegata alla rete di aspirazione della fabbrica, consente di raggiungere qualsiasi punto di difficile accesso con una velocit\u00e0 d&#8217;azione elevata.<br \/>\n+ Molteplici possibilit\u00e0 di svuotamento grazie a: contenitori, big-bag, fusti, cassoni, movimentazione continua[\/vc_column_text][vc_column_text]<strong>Referenze:\u00a0<\/strong><\/p>\n<p><u>BPB<\/u> (REGNO UNITO)<\/p>\n<p>L&#8217;installazione di un GAD con un box di isolamento acustico ad alte prestazioni nell&#8217;area di produzione riduce i livelli di polvere e rumore a meno di 81 dB.<\/p>\n<p><u>RIGIPS<\/u> (Germania)<\/p>\n<p>Dopo una dimostrazione del GAD50MVS, il cliente ha voluto acquistare questa apparecchiatura di seconda mano per ridurre l&#8217;investimento. Installato sulla rete di aspirazione esistente, il GAD consente una pulizia regolare per garantire la sicurezza degli operatori. La macchina \u00e8 collegata a un pre-separatore. Il materiale viene recuperato in grandi sacchi.<\/p>\n<p><u>SINIAT<\/u> (Francia)<\/p>\n<p>Per la pulizia dell&#8217;intero stabilimento, questo cliente ha optato per un GAD ad alto vuoto a causa della distanza delle numerose curve e della natura dei prodotti. La macchina \u00e8 stata insonorizzata perch\u00e9 lo stabilimento \u00e8 vicino a zone residenziali. Il cliente \u00e8 rimasto soddisfatto delle prestazioni e del livello di rumorosit\u00e0 del GAD.[\/vc_column_text][\/vc_column][vc_column css_animation=&#8221;slideInRight&#8221; width=&#8221;1\/2&#8243;][vc_single_image image=&#8221;6013&#8243; img_size=&#8221;full&#8221; alignment=&#8221;center&#8221;][\/vc_column][\/vc_row][vc_row][vc_column][vc_btn title=&#8221;Contattateci&#8221; style=&#8221;flat&#8221; shape=&#8221;square&#8221; color=&#8221;black&#8221; align=&#8221;center&#8221; link=&#8221;url:%2Fit%2Fcontatto%2F|title:Contact%20Standard%20industrie&#8221;][\/vc_column][\/vc_row][vc_row][vc_column][vc_empty_space][vc_column_text el_class=&#8221;gros-titre fort trait-bleu traits-gris-droite-gauche titre-centre vc_separator wpb_content_element vc_separator_align_center vc_sep_width_100 vc_sep_border_width_2 vc_sep_pos_align_center vc_separator-has-text&#8221;]<\/p>\n<div class=\"vc_sep_holder vc_sep_holder_l\">\n<p class=\"vc_sep_line\" style=\"border-color: grey;\">\n<\/div>\n<h2 style=\"text-align: center;\">Soluzione di tenuta per il trasportatore di materie prime<\/h2>\n<div class=\"vc_sep_holder vc_sep_holder_r\">\n<p class=\"vc_sep_line\" style=\"border-color: grey;\">\n<\/div>\n<p>[\/vc_column_text][\/vc_column][\/vc_row][vc_row el_class=&#8221;invert-block&#8221;][vc_column css_animation=&#8221;slideInLeft&#8221;][vc_column_text]Le cattive condizioni atmosferiche possono far volare il materiale dal nastro trasportatore all&#8217;uscita della miniera.<\/p>\n<p>Soluzione proposta:<\/p>\n<p>Il <a href=\"\/it\/ottimizzazione-del-trasportatore-a-nastro-per-ascensori\/\">LIFTUBE<\/a> posizionato sul trasportatore garantisce la tenuta ed evita che il prodotto rimanga incastrato tra la parete e il nastro. Il <a href=\"\/it\/ottimizzazione-del-trasportatore-a-nastro-per-ascensori\/\">LIFTUBE<\/a> impedisce l&#8217;accumulo di materiale, che a lungo andare pu\u00f2 causare lo spostamento del nastro.<\/p>\n<p class=\"fort\">Economia :<\/p>\n<ul>\n<li>Riduzione dei costi e dei tempi di pulizia.<\/li>\n<li>Ottimizzare l&#8217;estrazione di anidrite o gesso.<\/li>\n<\/ul>\n<p class=\"fort\">Sicurezza :<\/p>\n<ul>\n<li>Garantire la pulizia del sito e quindi la sicurezza dell&#8217;operatore.<\/li>\n<\/ul>\n<p class=\"fort\">Ambiente :<\/p>\n<ul>\n<li>Assicurano l&#8217;estrazione senza produrre emissioni di polvere, dannose per l&#8217;ambiente.<\/li>\n<\/ul>\n<p>[\/vc_column_text][vc_column_text]Referenze:<\/p>\n<p><u>KNAUF<\/u> (Allemagne)<\/p>\n<p>L&#8217;installazione del LIFTUBE\u00ae presso KNAUF Wilandsheim ha ridotto i tempi di pulizia del 90%. Ci\u00f2 significa che il sito \u00e8 pulito e che il cliente non deve pi\u00f9 rivolgersi a un&#8217;impresa di pulizie. Inoltre, le perdite di materiale e la contaminazione ambientale sono state notevolmente ridotte.[\/vc_column_text][\/vc_column][\/vc_row][vc_row][vc_column][vc_images_carousel images=&#8221;6018,6019,6020,6021,6022,6023,6024&#8243; img_size=&#8221;full&#8221; speed=&#8221;2000&#8243; slides_per_view=&#8221;3&#8243; autoplay=&#8221;yes&#8221; hide_pagination_control=&#8221;yes&#8221;][\/vc_column][\/vc_row]<\/p>\n","protected":false},"excerpt":{"rendered":"<p>[vc_row][vc_column][vc_empty_space][vc_column_text el_class=&#8221;gros-titre fort trait-bleu traits-gris-droite-gauche titre-centre vc_separator wpb_content_element vc_separator_align_center vc_sep_width_100 vc_sep_border_width_2 vc_sep_pos_align_center vc_separator-has-text&#8221;] Servizi di pulizia di silo e tramogge contro l&#8217;intasamento di gesso [\/vc_column_text][\/vc_column][\/vc_row][vc_row el_class=&#8221;invert-block&#8221;][vc_column<span class=\"excerpt-hellip\"> [\u2026]<\/span><\/p>\n","protected":false},"author":1,"featured_media":0,"parent":0,"menu_order":0,"comment_status":"closed","ping_status":"closed","template":"","meta":{"footnotes":""},"class_list":["post-6010","page","type-page","status-publish","hentry"],"_links":{"self":[{"href":"https:\/\/www.standard-industrie.com\/it\/wp-json\/wp\/v2\/pages\/6010","targetHints":{"allow":["GET"]}}],"collection":[{"href":"https:\/\/www.standard-industrie.com\/it\/wp-json\/wp\/v2\/pages"}],"about":[{"href":"https:\/\/www.standard-industrie.com\/it\/wp-json\/wp\/v2\/types\/page"}],"author":[{"embeddable":true,"href":"https:\/\/www.standard-industrie.com\/it\/wp-json\/wp\/v2\/users\/1"}],"replies":[{"embeddable":true,"href":"https:\/\/www.standard-industrie.com\/it\/wp-json\/wp\/v2\/comments?post=6010"}],"version-history":[{"count":0,"href":"https:\/\/www.standard-industrie.com\/it\/wp-json\/wp\/v2\/pages\/6010\/revisions"}],"wp:attachment":[{"href":"https:\/\/www.standard-industrie.com\/it\/wp-json\/wp\/v2\/media?parent=6010"}],"curies":[{"name":"wp","href":"https:\/\/api.w.org\/{rel}","templated":true}]}}