{"id":85,"date":"2014-05-20T10:58:02","date_gmt":"2014-05-20T09:58:02","guid":{"rendered":"https:\/\/www.standard-industrie.com\/it\/?page_id=85"},"modified":"2023-02-23T11:59:36","modified_gmt":"2023-02-23T10:59:36","slug":"nostra-storia","status":"publish","type":"page","link":"https:\/\/www.standard-industrie.com\/it\/nostra-storia\/","title":{"rendered":"NOSTRA STORIA"},"content":{"rendered":"<p>[vc_row][vc_column][vc_empty_space][vc_column_text el_class=&#8221;gros-titre fort traits-gris-droite-gauche titre-gauche vc_sep_border_width_2 vc_separator wpb_content_element vc_separator_align_left vc_sep_width_100 vc_sep_pos_align_center vc_sep_color_grey vc_separator-has-text&#8221;]<\/p>\n<div class=\"vc_sep_holder vc_sep_holder_l\">\n<p class=\"vc_sep_line\" style=\"border-color: grey;\">\n<\/div>\n<h2>UN&#8217;IDEA ATIPICA: IL PRINCIPIO DELLO SCIACQUONE<\/h2>\n<div class=\"vc_sep_holder vc_sep_holder_r\">\n<p class=\"vc_sep_line\" style=\"border-color: grey;\">\n<\/div>\n<p>[\/vc_column_text][\/vc_column][\/vc_row][vc_row el_class=&#8221;invert-block&#8221;][vc_column width=&#8221;1\/2&#8243;][vc_column_text]Nel 1977 Herv\u00e9 Simo\u00ebns si confrontava regolarmente con i limiti di scarico del materiale nelle unit\u00e0 di stoccaggio tipo silos o tramogge. A quell\u2019epoca, per rimediare al problema, la soluzione principale consisteva nel pannello gonfiabile. Seppur efficace, questo principio non era per\u00f2 applicabile a tutti i tipi di materiale, inoltre era piuttosto costoso in termini di installazione e manutenzione, cui si aggiungevano difficolt\u00e0 di manutenzione generale.<\/p>\n<p>&nbsp;<\/p>\n<p>L\u2019origine del cannone ad aria AIRCHOC\u00ae si basa sul principio dello sciacquone. L\u2019idea era quella di sviluppare un meccanismo posto all\u2019esterno del luogo d\u2019intervento, che facesse uso di un\u2019energia diversa. Nell\u2019industria l\u2019aria compressa rappresenta l\u2019energia meno nociva e disponibile ovunque o quasi.<\/p>\n<p>&nbsp;<\/p>\n<p>Per parecchi mesi furono condotte ricerche ed effettuati test partendo da questo principio, immaginando un sistema ad apertura istantanea. L\u2019idea sembrava promettente.[\/vc_column_text][vc_column_text]A forza di perseverare, nel 1978, Herv\u00e9 Simo\u00ebns deposit\u00f2 il suo primo brevetto per il cannone ad aria AIRCHOC\u00ae e cre\u00f2 STANDARD INDUSTRIE International.<\/p>\n<p>&nbsp;<\/p>\n<p>La societ\u00e0, con sede nel nord della Francia, adott\u00f2 sin da subito un approccio volto alla ricerca di clienti a livello regionale. I primi a dargli fiducia furono:<\/p>\n<p>\u2013 USINOR (oggi ARCELOR)<\/p>\n<p>\u2013 SURCHISTE, derivata dalle miniere di carbone della regione Nord-Pas de Calais<\/p>\n<p>\u2013 I cementifici LAFARGE ad Haubourdin<\/p>\n<p>\u2013 VALRHONA<\/p>\n<p>&nbsp;<\/p>\n<p>Ben presto queste referenze portarono altri clienti provenienti da gruppi o settori d\u2019attivit\u00e0 affini.<\/p>\n<p>&nbsp;<\/p>\n<p>Nel 1981 STANDARD INDUSTRIE International varc\u00f2 le frontiere francesi. Gestendo fino ad allora solo richieste provenienti dalla Francia, mise il suo know-how a servizio dei Cementifici LAFARGE a MEKNES (in Marocco).[\/vc_column_text][\/vc_column][vc_column css_animation=&#8221;slideInRight&#8221; width=&#8221;1\/2&#8243;][vc_raw_html]JTNDZGl2JTIwY2xhc3MlM0QlMjJ5b3V0dWJlX3BsYXllciUyMiUyMHZpZGVvSUQlM0QlMjJ6eGhucFQ1emJaYyUyMiUyMHdpZHRoJTNEJTIyNjAwJTIyJTIwaGVpZ2h0JTNEJTIyNDAwJTIyJTIwdGhlbWUlM0QlMjJsaWdodCUyMiUyMHJlbCUzRCUyMjAlMjIlMjBjb250cm9scyUzRCUyMjAlMjIlMjBzaG93aW5mbyUzRCUyMjAlMjIlMjBhdXRvcGxheSUzRCUyMjElMjIlMjBtdXRlJTNEJTIyMSUyMiUyMCUyMGxvb3AlM0QlMjIxJTIyJTIwbG9hZGluZyUzRCUyMjElMjIlM0UlM0MlMkZkaXYlM0U=[\/vc_raw_html][vc_empty_space][\/vc_column][\/vc_row][vc_row][vc_column][vc_btn title=&#8221;Contattaci&#8221; style=&#8221;flat&#8221; shape=&#8221;square&#8221; color=&#8221;black&#8221; align=&#8221;center&#8221; link=&#8221;url:%2Fit%2Fcontatto%2F|title:Contact%20Standard%20industrie&#8221;][\/vc_column][\/vc_row][vc_row][vc_column][vc_empty_space][vc_column_text el_class=&#8221;gros-titre fort traits-gris-droite-gauche titre-gauche vc_sep_border_width_2 vc_separator wpb_content_element vc_separator_align_left vc_sep_width_100 vc_sep_pos_align_center vc_sep_color_grey vc_separator-has-text&#8221;]<\/p>\n<div class=\"vc_sep_holder vc_sep_holder_l\">\n<p class=\"vc_sep_line\" style=\"border-color: grey;\">\n<\/div>\n<h2>LO SVILUPPO DI STANDARD INDUSTRIE INTERNATIONAL<\/h2>\n<div class=\"vc_sep_holder vc_sep_holder_r\">\n<p class=\"vc_sep_line\" style=\"border-color: grey;\">\n<\/div>\n<p>[\/vc_column_text][\/vc_column][\/vc_row][vc_row el_class=&#8221;invert-block&#8221;][vc_column css_animation=&#8221;slideInLeft&#8221; width=&#8221;1\/2&#8243;][vc_single_image image=&#8221;4555&#8243; img_size=&#8221;full&#8221; alignment=&#8221;center&#8221;][vc_empty_space][\/vc_column][vc_column width=&#8221;1\/2&#8243;][vc_column_text]Forte del suo know-how in pieno sviluppo e della conoscenza del mercato, Herv\u00e9 Simo\u00ebns decise di creare delle filiali in Europa: Spagna, Italia, Belgio, regno Unito e Germania. Dagli anni \u201990 la sua presenza si \u00e8 estesa a Messico, Sud Africa, Canada, Stati Uniti, Cina e Asia sud orientale. Nel 2009 \u00e8 stato aperto un ufficio di collegamento a Singapore e nel 2013 la filiale americana ha inaugurato i suoi nuovi locali di 2.500 m\u00b2.<\/p>\n<p>&nbsp;<\/p>\n<p>Per radicare la presenza di STANDARD INDUSTRIE International in tutti i territori, \u00e8 stata sviluppata una rete di commerciali export, rafforzata dalla presenza di agenti. Ormai non meno di 7 commerciali e 50 agenti si dedicano ai Paesi dell\u2019Est, all\u2019Asia sud orientale, al Maghreb, al Medio Oriente e all\u2019Africa subsahariana.[\/vc_column_text][\/vc_column][\/vc_row][vc_row][vc_column][vc_empty_space][vc_column_text el_class=&#8221;gros-titre fort traits-gris-droite-gauche titre-gauche vc_sep_border_width_2 vc_separator wpb_content_element vc_separator_align_left vc_sep_width_100 vc_sep_pos_align_center vc_sep_color_grey vc_separator-has-text&#8221;]<\/p>\n<div class=\"vc_sep_holder vc_sep_holder_l\">\n<p class=\"vc_sep_line\" style=\"border-color: grey;\">\n<\/div>\n<h2>SOLUZIONI DIVERSIFICATE A SERVIZIO DEGLI INDUSTRIALI DEI PRODOTTI SFUSI<\/h2>\n<div class=\"vc_sep_holder vc_sep_holder_r\">\n<p class=\"vc_sep_line\" style=\"border-color: grey;\">\n<\/div>\n<p>[\/vc_column_text][\/vc_column][\/vc_row][vc_row el_class=&#8221;invert-block&#8221;][vc_column css_animation=&#8221;none&#8221;][vc_column_text]Oltre al suo sviluppo geografico STANDARD INDUSTRIE International ha diversificato le sue gamme di soluzioni:<\/p>\n<p>&nbsp;<\/p>\n<p>\u2013 Il cannone ad aria AIRCHOC\u00ae si \u00e8 evoluto. Ora \u00e8 proposto in diverse configurazioni, con serbatoi dalle diverse capacit\u00e0, adatte alle esigenze di ogni cliente e le sue applicazioni sono ora estese a numerosi settori di attivit\u00e0.<\/p>\n<p>La gamma di cannoni ad aria di STANDARD INDUSTRIE International, destinata a rispondere ai problemi di intasamenti e concrezioni, \u00e8 ormai la pi\u00f9 vasta del mercato.<\/p>\n<p>&nbsp;<\/p>\n<p>\u2013 All\u2019inizio degli anni \u201990 STANDARD INDUSTRIE International mise a punto delle apparecchiature destinate a compiere delle prestazioni di pulizia di silos e tramogge. In questo periodo POWERNET e GIRONET andarono a costituire la gamma \u201cprestazioni di pulizia di silos e tramogge\u201d di STANDARD INDUSTRIE International.<\/p>\n<p>&nbsp;<\/p>\n<p>\u2013 Dal 1995 STANDARD INDUSTRIE International distribu\u00ec macchine di aspirazione mobili per un costruttore regionale, noto a livello nazionale francese per la qualit\u00e0 del suo materiale. Quattro anni pi\u00f9 tardi questo fabbricante propose ad Herv\u00e9 Simo\u00ebns di rilevarlo. Grazie al suo savoir-faire integrato STANDARD INDUSTRIE International\u00a0ampli\u00f2 la sua attivit\u00e0 con la gamma \u201cPulizia industriale tramite aspirazione\u201d.<\/p>\n<p>&nbsp;<\/p>\n<p>\u2013 Nel 2005 Herv\u00e9 Simo\u00ebns decise di arricchire l\u2019attivit\u00e0 di STANDARD INDUSTRIE International acquisendo un brevetto che ottimizzava i nastri trasportatori tradizionali. Nel corso degli anni commercializz\u00f2 questa soluzione con il nome LIFTUBE\u00ae, sviluppandone anche diverse versioni.<\/p>\n<p>&nbsp;<\/p>\n<p>Dal 1978 STANDARD INDUSTRIE International si \u00e8 quindi specializzata e diversificata nella progettazione e nella fabbricazione di apparecchiature. Il suo obiettivo: facilitare la movimentazione dei prodotti pulverulenti sfusi, in tutta sicurezza e nel rispetto dell\u2019ambiente.<\/p>\n<p>Grazie a questi procedimenti, non meno di 60 settori d\u2019attivit\u00e0 ottimizzano le prestazioni dei loro strumenti di produzione, riducendo i costi di gestione e di manutenzione.[\/vc_column_text][\/vc_column][\/vc_row][vc_row][vc_column][vc_btn title=&#8221;Contattaci&#8221; style=&#8221;flat&#8221; shape=&#8221;square&#8221; color=&#8221;black&#8221; align=&#8221;center&#8221; link=&#8221;url:%2Fit%2Fcontatto%2F|title:Contact%20Standard%20industrie&#8221;][\/vc_column][\/vc_row]<\/p>\n","protected":false},"excerpt":{"rendered":"<p>[vc_row][vc_column][vc_empty_space][vc_column_text el_class=&#8221;gros-titre fort traits-gris-droite-gauche titre-gauche vc_sep_border_width_2 vc_separator wpb_content_element vc_separator_align_left vc_sep_width_100 vc_sep_pos_align_center vc_sep_color_grey vc_separator-has-text&#8221;] UN&#8217;IDEA ATIPICA: IL PRINCIPIO DELLO SCIACQUONE [\/vc_column_text][\/vc_column][\/vc_row][vc_row el_class=&#8221;invert-block&#8221;][vc_column width=&#8221;1\/2&#8243;][vc_column_text]Nel 1977 Herv\u00e9 Simo\u00ebns si<span class=\"excerpt-hellip\"> [\u2026]<\/span><\/p>\n","protected":false},"author":1,"featured_media":0,"parent":0,"menu_order":82,"comment_status":"open","ping_status":"open","template":"single-standard.php","meta":{"footnotes":""},"class_list":["post-85","page","type-page","status-publish","hentry"],"_links":{"self":[{"href":"https:\/\/www.standard-industrie.com\/it\/wp-json\/wp\/v2\/pages\/85","targetHints":{"allow":["GET"]}}],"collection":[{"href":"https:\/\/www.standard-industrie.com\/it\/wp-json\/wp\/v2\/pages"}],"about":[{"href":"https:\/\/www.standard-industrie.com\/it\/wp-json\/wp\/v2\/types\/page"}],"author":[{"embeddable":true,"href":"https:\/\/www.standard-industrie.com\/it\/wp-json\/wp\/v2\/users\/1"}],"replies":[{"embeddable":true,"href":"https:\/\/www.standard-industrie.com\/it\/wp-json\/wp\/v2\/comments?post=85"}],"version-history":[{"count":0,"href":"https:\/\/www.standard-industrie.com\/it\/wp-json\/wp\/v2\/pages\/85\/revisions"}],"wp:attachment":[{"href":"https:\/\/www.standard-industrie.com\/it\/wp-json\/wp\/v2\/media?parent=85"}],"curies":[{"name":"wp","href":"https:\/\/api.w.org\/{rel}","templated":true}]}}