{"id":867,"date":"2014-06-09T13:58:32","date_gmt":"2014-06-09T12:58:32","guid":{"rendered":"https:\/\/www.standard-industrie.com\/it\/?page_id=867"},"modified":"2025-06-05T10:05:40","modified_gmt":"2025-06-05T09:05:40","slug":"pulizia-industriale-con-aspirazione","status":"publish","type":"page","link":"https:\/\/www.standard-industrie.com\/it\/pulizia-industriale-con-aspirazione\/","title":{"rendered":"PULIZIA INDUSTRIALE CON ASPIRAZIONE"},"content":{"rendered":"<p>[vc_row][vc_column][vc_empty_space][vc_column_text el_class=&#8221;gros-titre fort trait-jaune traits-gris-droite-gauche titre-centre vc_separator wpb_content_element vc_separator_align_center vc_sep_width_100 vc_sep_border_width_2 vc_sep_pos_align_center vc_separator-has-text&#8221;]<\/p>\n<div class=\"vc_sep_holder vc_sep_holder_l\">\n<p class=\"vc_sep_line\" style=\"border-color: grey;\">\n<\/div>\n<h2>Nostre soluzioni<\/h2>\n<div class=\"vc_sep_holder vc_sep_holder_r\">\n<p class=\"vc_sep_line\" style=\"border-color: grey;\">\n<\/div>\n<p>[\/vc_column_text][\/vc_column][\/vc_row][vc_row][vc_column width=&#8221;1\/4&#8243;][\/vc_column][vc_column width=&#8221;1\/2&#8243;][vc_column_text]Standard Industrie offre una gamma molto ampia di prodotti per rispondere ai vostri problemi di\u00a0<b><a href=\"\/it\/pulizia-industriale\/\" target=\"_blank\" rel=\"noopener\">pulizia industriale<\/a><\/b>. Per questo, vi proponiamo diverse configurazioni per soddisfare le vostre esigenze, indipendentemente dal vostro settore di attivit\u00e0 e dal tipo di prodotto polverulente sfuso, come cemento, ghiaia, trucioli di legno, carbone o prodotti alimentari\u2026 I nostri veicoli di aspirazione (tipo camion aspiratore) e le nostre macchine fisse o mobili sono progettate per la pulizia, il riciclaggio e la messa in sicurezza dei vostri siti industriali.[\/vc_column_text][vc_btn title=&#8221;Scarica la brochure&#8221; style=&#8221;flat&#8221; shape=&#8221;square&#8221; size=&#8221;sm&#8221; align=&#8221;center&#8221; link=&#8221;url:%2Fit%2Fwp-content%2Fuploads%2Fsites%2F12%2F2023%2F02%2FBROCHURE_VACUUM_I-16052022.pdf|target:_blank&#8221;][\/vc_column][vc_column width=&#8221;1\/4&#8243;][\/vc_column][\/vc_row][vc_row content_placement=&#8221;bottom&#8221;][vc_column width=&#8221;1\/4&#8243;][vc_single_image image=&#8221;4586&#8243; img_size=&#8221;medium&#8221; alignment=&#8221;center&#8221; onclick=&#8221;custom_link&#8221; el_class=&#8221;effect-slide-top-img-hover animation-trait-img-hover trait-jaune img-trait-titre&#8221; link=&#8221;\/it\/valnet\/&#8221; title=&#8221;VALNET&#8221;][\/vc_column][vc_column width=&#8221;1\/4&#8243;][vc_single_image image=&#8221;4588&#8243; img_size=&#8221;medium&#8221; alignment=&#8221;center&#8221; onclick=&#8221;custom_link&#8221; el_class=&#8221;effect-slide-top-img-hover animation-trait-img-hover trait-jaune img-trait-titre&#8221; link=&#8221;\/it\/uma-compact\/&#8221; title=&#8221;UMA COMPACT&#8221;][\/vc_column][vc_column width=&#8221;1\/4&#8243;][vc_single_image image=&#8221;4866&#8243; img_size=&#8221;medium&#8221; alignment=&#8221;center&#8221; onclick=&#8221;custom_link&#8221; el_class=&#8221;effect-slide-top-img-hover animation-trait-img-hover trait-jaune img-trait-titre&#8221; link=&#8221;\/it\/inc\/&#8221; title=&#8221;INC&#8221;][\/vc_column][vc_column width=&#8221;1\/4&#8243;][vc_single_image image=&#8221;4865&#8243; img_size=&#8221;medium&#8221; alignment=&#8221;center&#8221; onclick=&#8221;custom_link&#8221; el_class=&#8221;effect-slide-top-img-hover animation-trait-img-hover trait-jaune img-trait-titre&#8221; link=&#8221;\/it\/gad\/&#8221; title=&#8221;GAD&#8221;][\/vc_column][\/vc_row][vc_row content_placement=&#8221;bottom&#8221;][vc_column width=&#8221;1\/4&#8243;][vc_single_image image=&#8221;4129&#8243; img_size=&#8221;medium&#8221; alignment=&#8221;center&#8221; onclick=&#8221;custom_link&#8221; el_class=&#8221;effect-slide-top-img-hover animation-trait-img-hover trait-jaune img-trait-titre&#8221; link=&#8221;\/it\/sam\/&#8221; title=&#8221;SAM&#8221;][\/vc_column][vc_column width=&#8221;1\/4&#8243;][vc_single_image image=&#8221;4864&#8243; img_size=&#8221;medium&#8221; alignment=&#8221;center&#8221; onclick=&#8221;custom_link&#8221; el_class=&#8221;effect-slide-top-img-hover animation-trait-img-hover trait-jaune img-trait-titre&#8221; link=&#8221;\/it\/pad\/&#8221; title=&#8221;PAD&#8221;][\/vc_column][vc_column width=&#8221;1\/4&#8243;][vc_single_image image=&#8221;4867&#8243; img_size=&#8221;medium&#8221; alignment=&#8221;center&#8221; onclick=&#8221;custom_link&#8221; el_class=&#8221;effect-slide-top-img-hover animation-trait-img-hover trait-jaune img-trait-titre&#8221; link=&#8221;\/it\/pre-separatori\/&#8221; title=&#8221;PR\u00c9-S\u00c9PARATEURS&#8221;][\/vc_column][vc_column width=&#8221;1\/4&#8243;][vc_single_image image=&#8221;4722&#8243; img_size=&#8221;medium&#8221; alignment=&#8221;center&#8221; onclick=&#8221;custom_link&#8221; el_class=&#8221;effect-slide-top-img-hover&#8221; link=&#8221;\/it\/macchine-occasione-per-aspirazione\/&#8221;][\/vc_column][\/vc_row][vc_row content_placement=&#8221;bottom&#8221;][vc_column][vc_empty_space height=&#8221;30px&#8221;][\/vc_column][\/vc_row][vc_row equal_height=&#8221;yes&#8221;][vc_column css_animation=&#8221;slideInLeft&#8221; width=&#8221;1\/2&#8243;][vc_column_text el_class=&#8221;titre titre-long fort trait-jaune traits-gris-droite-gauche titre-centre vc_separator wpb_content_element vc_separator_align_center vc_sep_width_100 vc_sep_border_width_2 vc_sep_pos_align_center vc_separator-has-text&#8221;]<\/p>\n<div class=\"vc_sep_holder vc_sep_holder_l\">\n<p class=\"vc_sep_line\" style=\"border-color: grey;\">\n<\/div>\n<h2 style=\"text-align: center;\">Unit\u00e0 di aspirazione fisse e mobili<\/h2>\n<div class=\"vc_sep_holder vc_sep_holder_r\">\n<p class=\"vc_sep_line\" style=\"border-color: grey;\">\n<\/div>\n<p>[\/vc_column_text][vc_column_text]Con una capacit\u00e0 di aspirazione fino a 25 tonnellate\/ora, le nostre soluzioni fisse e mobili consentono di combinare riduzione di ingombri e flessibilit\u00e0. Infatti, le nostre macchine consentono di eseguire operazioni di pulizia o di pompaggio.<\/p>\n<ul>\n<li>Il nostro\u00a0<b><a href=\"\/it\/pad\/\">aspiratore industriale su ruote PAD<\/a><\/b>\u00a0vi garantir\u00e0 mobilit\u00e0 e flessibilit\u00e0 sulle vostre linee di produzione.<\/li>\n<li>L\u2019<b><a href=\"\/it\/sam\/\">aspiratore modulare e mobile SAM<\/a><\/b>\u00a0\u00e8 l\u2019ideale se desiderate una maggiore capacit\u00e0 di raccolta, che pu\u00f2 realizzarsi in silo o in container.<\/li>\n<li>Il\u00a0<a href=\"\/it\/gad\/\"><b>GAD, o gruppo di aspirazione mobile<\/b><\/a>, garantisce potenza (aspirazione su lunghe distanze) e mobilit\u00e0 tramite un carrello elevatore.<\/li>\n<li><strong><a href=\"\/it\/sam\/\">SAM<\/a><\/strong>\u00a0e\u00a0<strong><a href=\"\/it\/gad\/\">GAD<\/a><\/strong>\u00a0possono essere usati entrambi come\u00a0<b>aspiratori centralizzati modulabili<\/b>.<\/li>\n<li>La\u00a0<b><a href=\"\/it\/inc\/\">centrale di aspirazione industriale INC<\/a><\/b>, \u00e8 una soluzione fissa richiesta dalle industrie alla ricerca di elevate prestazioni di aspirazione.<\/li>\n<\/ul>\n<p>.[\/vc_column_text][\/vc_column][vc_column css_animation=&#8221;slideInRight&#8221; width=&#8221;1\/2&#8243;][vc_empty_space height=&#8221;50px&#8221;][vc_column_text el_class=&#8221;titre titre-long fort trait-jaune traits-gris-droite-gauche titre-centre vc_separator wpb_content_element vc_separator_align_center vc_sep_width_100 vc_sep_border_width_2 vc_sep_pos_align_center vc_separator-has-text&#8221;]<\/p>\n<div class=\"vc_sep_holder vc_sep_holder_l\">\n<p class=\"vc_sep_line\" style=\"border-color: grey;\">\n<\/div>\n<h2 style=\"text-align: center;\">Veicoli di aspirazione<\/h2>\n<div class=\"vc_sep_holder vc_sep_holder_r\">\n<p class=\"vc_sep_line\" style=\"border-color: grey;\">\n<\/div>\n<p>[\/vc_column_text][vc_column_text]La gamma di veicoli di aspirazione Standard Industrie \u00e8 organizzata come segue:<\/p>\n<ul>\n<li>Il\u00a0<a href=\"\/it\/valnet\/\"><b>VALNET, veicolo di aspirazione con silo<\/b><\/a>\u00a0di dimensioni molto compatte, \u00e8 pratico per i lavori di aspirazione di media entit\u00e0 (fino a 19 tonnellate\/ora). Il suo ingombro ridotto permetter\u00e0 di raggiungere qualsiasi zona di difficile accesso con una velocit\u00e0 d\u2019azione rapida. Inoltre, questo veicolo pu\u00f2 essere guidato con la semplice patente B.<\/li>\n<li>La\u00a0<a href=\"\/it\/uma-compact\/\"><b>centrale di aspirazione su rimorchio UMA compatta<\/b><\/a>, \u00e8 trainabile tramite carrello elevatore, caricatore o veicolo agricolo. Disponibile in versione elettrica o diesel, la sua capacit\u00e0 di pulizia pu\u00f2 raggiungere le 30 tonnellate\/ora. Questa soluzione, che combina potenza e autonomia, \u00e8 un\u2019ottima alternativa economica.<\/li>\n<\/ul>\n<p>[\/vc_column_text][\/vc_column][\/vc_row][vc_row][vc_column][vc_empty_space][vc_column_text el_class=&#8221;gros-titre fort traits-gris-droite-gauche titre-centre vc_separator wpb_content_element vc_separator_align_center vc_sep_width_100 vc_sep_border_width_2 vc_sep_pos_align_center vc_separator-has-text&#8221;]<\/p>\n<div class=\"vc_sep_holder vc_sep_holder_l\">\n<p class=\"vc_sep_line\" style=\"border-color: grey;\">\n<\/div>\n<h2 style=\"text-align: center;\">Pre-separatore<\/h2>\n<div class=\"vc_sep_holder vc_sep_holder_r\">\n<p class=\"vc_sep_line\" style=\"border-color: grey;\">\n<\/div>\n<p>[\/vc_column_text][\/vc_column][\/vc_row][vc_row equal_height=&#8221;yes&#8221;][vc_column offset=&#8221;vc_col-lg-6&#8243;][vc_row_inner][vc_column_inner offset=&#8221;vc_hidden-md vc_hidden-sm vc_hidden-xs&#8221;][vc_column_text]Chiamati anche raccoglitori di polveri, i\u00a0<a href=\"\/it\/pre-separatori\/\"><b>pre-separatori<\/b><\/a>\u00a0Standard Industrie permettono di aumentare la capacit\u00e0 di raccolta fino a 7m<sup>3<\/sup>\u00a0e la filtrazione dei vostri rifiuti in totale sicurezza.<\/p>\n<p>Questi pre-separatori basculanti e\/o a gravit\u00e0 possono essere facilmente spostati con carrello elevatore, sono veloci da mettere in funzione e consentono una grande flessibilit\u00e0 per recuperare i materiali in container, big-bag, benne, fusti\u2026[\/vc_column_text][vc_column_text][\/vc_column_text][\/vc_column_inner][\/vc_row_inner][\/vc_column][vc_column css_animation=&#8221;slideInRight&#8221; offset=&#8221;vc_col-lg-6&#8243;][vc_row_inner][vc_column_inner][vc_single_image image=&#8221;4129&#8243; img_size=&#8221;full&#8221; alignment=&#8221;center&#8221;][\/vc_column_inner][\/vc_row_inner][\/vc_column][\/vc_row]<\/p>\n","protected":false},"excerpt":{"rendered":"<p>[vc_row][vc_column][vc_empty_space][vc_column_text el_class=&#8221;gros-titre fort trait-jaune traits-gris-droite-gauche titre-centre vc_separator wpb_content_element vc_separator_align_center vc_sep_width_100 vc_sep_border_width_2 vc_sep_pos_align_center vc_separator-has-text&#8221;] Nostre soluzioni [\/vc_column_text][\/vc_column][\/vc_row][vc_row][vc_column width=&#8221;1\/4&#8243;][\/vc_column][vc_column width=&#8221;1\/2&#8243;][vc_column_text]Standard Industrie offre una gamma molto ampia di prodotti<span class=\"excerpt-hellip\"> [\u2026]<\/span><\/p>\n","protected":false},"author":1,"featured_media":0,"parent":0,"menu_order":61,"comment_status":"closed","ping_status":"closed","template":"single-nettoyage-industriel-aspiration.php","meta":{"footnotes":""},"class_list":["post-867","page","type-page","status-publish","hentry"],"_links":{"self":[{"href":"https:\/\/www.standard-industrie.com\/it\/wp-json\/wp\/v2\/pages\/867","targetHints":{"allow":["GET"]}}],"collection":[{"href":"https:\/\/www.standard-industrie.com\/it\/wp-json\/wp\/v2\/pages"}],"about":[{"href":"https:\/\/www.standard-industrie.com\/it\/wp-json\/wp\/v2\/types\/page"}],"author":[{"embeddable":true,"href":"https:\/\/www.standard-industrie.com\/it\/wp-json\/wp\/v2\/users\/1"}],"replies":[{"embeddable":true,"href":"https:\/\/www.standard-industrie.com\/it\/wp-json\/wp\/v2\/comments?post=867"}],"version-history":[{"count":0,"href":"https:\/\/www.standard-industrie.com\/it\/wp-json\/wp\/v2\/pages\/867\/revisions"}],"wp:attachment":[{"href":"https:\/\/www.standard-industrie.com\/it\/wp-json\/wp\/v2\/media?parent=867"}],"curies":[{"name":"wp","href":"https:\/\/api.w.org\/{rel}","templated":true}]}}