{"id":882,"date":"2014-06-09T14:40:54","date_gmt":"2014-06-09T13:40:54","guid":{"rendered":"https:\/\/www.standard-industrie.com\/it\/?page_id=882"},"modified":"2025-06-05T10:07:01","modified_gmt":"2025-06-05T09:07:01","slug":"servizi-pulizia-silos-tremies","status":"publish","type":"page","link":"https:\/\/www.standard-industrie.com\/it\/servizi-pulizia-silos-tremies\/","title":{"rendered":"PRESTAZIONI DI PULIZIA DI SILOS &#038; TRAMOGGE"},"content":{"rendered":"<p>[vc_row][vc_column][vc_empty_space][vc_column_text el_class=&#8221;gros-titre fort trait-bleu traits-gris-droite-gauche titre-centre vc_separator wpb_content_element vc_separator_align_center vc_sep_width_100 vc_sep_border_width_2 vc_sep_pos_align_center vc_separator-has-text&#8221;]<\/p>\n<div class=\"vc_sep_holder vc_sep_holder_l\">\n<p class=\"vc_sep_line\" style=\"border-color: grey;\">\n<\/div>\n<h2>NOSTRE SOLUZIONI<\/h2>\n<div class=\"vc_sep_holder vc_sep_holder_r\">\n<p class=\"vc_sep_line\" style=\"border-color: grey;\">\n<\/div>\n<p>[\/vc_column_text][\/vc_column][\/vc_row][vc_row][vc_column width=&#8221;1\/2&#8243;][vc_column_text]Le nostre soluzioni soddisfano standard di sicurezza rigorosi e permettono di evitare qualsiasi presenza umana all&#8217;interno dei silos. Forti della nostra esperienza nel campo della pulizia di silos e tramogge, vi offriamo soluzioni su misura per risolvere i vostri problemi di intasamenti e incrostazioni all&#8217;interno delle vostre unit\u00e0 di stoccaggio. Infatti, molti industriali che utilizzano prodotti polverulenti sfusi prima o poi si trovano a fare i conti con un problema di intasamento. I materiali impediranno la propria evacuazione aderendo alle pareti dei silos e delle tramogge. Le nostre soluzioni soddisfano standard di sicurezza rigorosi e permettono di evitare<b>\u00a0<a href=\"\/it\/lavori-in-quota\/\" target=\"_blank\" rel=\"noopener\">lavori in quota<\/a><\/b>, e quindi, qualsiasi presenza umana all&#8217;interno dei silos.[\/vc_column_text][vc_btn title=&#8221;Scarica la brochure&#8221; style=&#8221;custom&#8221; custom_background=&#8221;#3e5d9e&#8221; custom_text=&#8221;#ffffff&#8221; shape=&#8221;square&#8221; size=&#8221;sm&#8221; align=&#8221;center&#8221; link=&#8221;url:%2Fwp-content%2Fthemes%2Fstandardindustrie%2Fimg%2Fpdf%2FFR%2FBROCHURE_CLEANING_SERVICES_F-MKT3.pdf&#8221;][\/vc_column][vc_column width=&#8221;1\/2&#8243;][vc_row_inner][vc_column_inner width=&#8221;1\/3&#8243;][vc_single_image image=&#8221;4678&#8243; img_size=&#8221;full&#8221; onclick=&#8221;custom_link&#8221; el_class=&#8221;effect-slide-top-img-hover animation-trait-img-hover trait-bleu img-trait-titre&#8221; link=&#8221;\/it\/gironet\/&#8221; title=&#8221;GIRONET, soluzione di depurazione&#8221;][\/vc_column_inner][vc_column_inner width=&#8221;1\/3&#8243;][vc_single_image image=&#8221;6314&#8243; img_size=&#8221;full&#8221; onclick=&#8221;custom_link&#8221; el_class=&#8221;effect-slide-top-img-hover animation-trait-img-hover trait-bleu img-trait-titre&#8221; link=&#8221;\/it\/powernet-pulizia-silo-industriale\/&#8221; title=&#8221;POWERNET, pulizia di silo industriale&#8221;][\/vc_column_inner][vc_column_inner width=&#8221;1\/3&#8243;][vc_single_image image=&#8221;4677&#8243; img_size=&#8221;full&#8221; onclick=&#8221;custom_link&#8221; el_class=&#8221;effect-slide-top-img-hover animation-trait-img-hover trait-bleu img-trait-titre&#8221; link=&#8221;\/it\/pulizia-tramite-aspirazione\/&#8221; title=&#8221;Pulizia ad aspirazione&#8221;][\/vc_column_inner][\/vc_row_inner][\/vc_column][\/vc_row][vc_row content_placement=&#8221;bottom&#8221;][vc_column][vc_empty_space height=&#8221;30px&#8221;][\/vc_column][\/vc_row][vc_row][vc_column css_animation=&#8221;slideInLeft&#8221; width=&#8221;1\/2&#8243;][vc_column_text el_class=&#8221;titre titre-long fort trait-bleu traits-gris-droite-gauche titre-centre vc_separator wpb_content_element vc_separator_align_center vc_sep_width_100 vc_sep_border_width_2 vc_sep_pos_align_center vc_separator-has-text&#8221;]<\/p>\n<div class=\"vc_sep_holder vc_sep_holder_l\">\n<p class=\"vc_sep_line\" style=\"border-color: grey;\">\n<\/div>\n<h2 style=\"text-align: center;\">TIPI DI INTASAMENTI RISCONTRATI<\/h2>\n<div class=\"vc_sep_holder vc_sep_holder_r\">\n<p class=\"vc_sep_line\" style=\"border-color: grey;\">\n<\/div>\n<p>[\/vc_column_text][vc_column_text]In alcuni casi il nastro trasportatore \u00e8 soggetto a traboccamenti di materiale o a polveri. Grazie al sistema LIFTUBE capottato, perdita di esercizio, emissioni di polveri e manutenzione saranno fortemente ridotte.[\/vc_column_text][vc_single_image image=&#8221;4669&#8243; img_size=&#8221;full&#8221; alignment=&#8221;center&#8221;][\/vc_column][vc_column css_animation=&#8221;slideInRight&#8221; width=&#8221;1\/2&#8243;][vc_empty_space height=&#8221;50px&#8221;][vc_column_text el_class=&#8221;titre titre-long fort trait-bleu traits-gris-droite-gauche titre-centre vc_separator wpb_content_element vc_separator_align_center vc_sep_width_100 vc_sep_border_width_2 vc_sep_pos_align_center vc_separator-has-text&#8221;]<\/p>\n<div class=\"vc_sep_holder vc_sep_holder_l\">\n<p class=\"vc_sep_line\" style=\"border-color: grey;\">\n<\/div>\n<h2 style=\"text-align: center;\">QUESTI PROBLEMI LEGATI ALL&#8217;INTASAMENTO DI MATERIALI POSSONO CAUSARE :<\/h2>\n<div class=\"vc_sep_holder vc_sep_holder_r\">\n<p class=\"vc_sep_line\" style=\"border-color: grey;\">\n<\/div>\n<p>[\/vc_column_text][vc_column_text]<\/p>\n<ul>\n<li>\n<ul>\n<li>Arresto della produzione<\/li>\n<li>Diminuzione della portata di estrazione<\/li>\n<li>Riduzione della capacit\u00e0 di stoccaggio<\/li>\n<li>Contaminazioni e fermentazioni di prodotti<\/li>\n<li>Rischi di esplosione<\/li>\n<li>Perdita di materiale<\/li>\n<\/ul>\n<p><b>A seconda del vostro problema che pu\u00f2 riguardare un intasamento di silo\/tramoggia o un deposito di materiale naturale o accidentale da rimuovere, noi vi proponiamo 3 soluzioni di pulizia:<\/b><\/li>\n<\/ul>\n<p>[\/vc_column_text][\/vc_column][\/vc_row][vc_row][vc_column][vc_empty_space][vc_column_text el_class=&#8221;gros-titre fort traits-gris-droite-gauche titre-centre vc_separator wpb_content_element vc_separator_align_center vc_sep_width_100 vc_sep_border_width_2 vc_sep_pos_align_center vc_separator-has-text&#8221;]<\/p>\n<div class=\"vc_sep_holder vc_sep_holder_l\">\n<p class=\"vc_sep_line\" style=\"border-color: grey;\">\n<\/div>\n<h2 style=\"text-align: center;\">Offriamo 3 soluzioni di pulizia industriale<\/h2>\n<div class=\"vc_sep_holder vc_sep_holder_r\">\n<p class=\"vc_sep_line\" style=\"border-color: grey;\">\n<\/div>\n<p>[\/vc_column_text][\/vc_column][\/vc_row][vc_row equal_height=&#8221;yes&#8221;][vc_column width=&#8221;1\/3&#8243;][vc_column_text]<\/p>\n<h3>DISINTASAMENTO CON LA SOLUZIONE POWERNET<\/h3>\n<p>[\/vc_column_text][vc_column_text]Il disintasamento grazie al\u00a0<strong><a href=\"\/it\/powernet-pulizia-silo-industriale\/\">Powernet<\/a><\/strong>\u00a0permette di risolvere i problemi delle volte tramite una perforazione eseguita in totale sicurezza del materiale intasato al fine di facilitarne lo smaltimento. L&#8217;utilizzo del\u00a0<strong><a href=\"\/it\/powernet-pulizia-silo-industriale\/\">Powernet<\/a><\/strong>\u00a0interviene a monte del\u00a0<strong><a href=\"\/it\/gironet\/\">Gironet<\/a><\/strong>\u00a0quando l&#8217;unit\u00e0 di stoccaggio \u00e8 completamente ostruita.[\/vc_column_text][vc_single_image image=&#8221;4672&#8243; img_size=&#8221;full&#8221; alignment=&#8221;center&#8221;][\/vc_column][vc_column width=&#8221;1\/3&#8243;][vc_column_text]<\/p>\n<h3>DISINTASAMENTO CON LA SOLUZIONE GIRONET<\/h3>\n<p>[\/vc_column_text][vc_column_text]Il braccio articolato con rotazione a 360\u00b0 del\u00a0<a href=\"\/it\/gironet\/\"><strong>Gironet<\/strong><\/a>\u00a0permette di risolvere i problemi del camino. Potrete cos\u00ec recuperare l&#8217;integralit\u00e0 della vostra capacit\u00e0 di stoccaggio in totale sicurezza e senza interrompere il processo industriale. Il\u00a0<strong><a href=\"\/it\/gironet\/\">Gironet<\/a><\/strong> \u00e8 disponibile in diverse versioni per adattarsi a tutti i tipi di materiale: versione pneumatica, pneumatica ATEX e idraulica.[\/vc_column_text][vc_single_image image=&#8221;4673&#8243; img_size=&#8221;full&#8221; alignment=&#8221;center&#8221;][\/vc_column][vc_column width=&#8221;1\/3&#8243;][vc_column_text]<\/p>\n<h3>PULIZIA TRAMITE ASPIRAZIONE<\/h3>\n<p>[\/vc_column_text][vc_column_text]<\/p>\n<ul>\n<li>A seconda del volume da aspirare, il nostro team vi proporr\u00e0 pi\u00f9 soluzioni di aspirazione tra le seguenti:\n<ul>\n<li><a href=\"\/it\/gad\/\"><b>Gruppo di aspirazione mobile GAD<\/b><\/a><\/li>\n<li><a href=\"\/it\/valnet\/\"><b>Veicolo leggero di aspirazione VALNET<\/b><\/a><\/li>\n<\/ul>\n<\/li>\n<\/ul>\n<p>[\/vc_column_text][vc_single_image image=&#8221;4674&#8243; img_size=&#8221;full&#8221;][\/vc_column][\/vc_row]<\/p>\n","protected":false},"excerpt":{"rendered":"<p>[vc_row][vc_column][vc_empty_space][vc_column_text el_class=&#8221;gros-titre fort trait-bleu traits-gris-droite-gauche titre-centre vc_separator wpb_content_element vc_separator_align_center vc_sep_width_100 vc_sep_border_width_2 vc_sep_pos_align_center vc_separator-has-text&#8221;] NOSTRE SOLUZIONI [\/vc_column_text][\/vc_column][\/vc_row][vc_row][vc_column width=&#8221;1\/2&#8243;][vc_column_text]Le nostre soluzioni soddisfano standard di sicurezza rigorosi e permettono<span class=\"excerpt-hellip\"> [\u2026]<\/span><\/p>\n","protected":false},"author":1,"featured_media":0,"parent":0,"menu_order":64,"comment_status":"closed","ping_status":"closed","template":"single-prestations-nettoyage-silos-tremies.php","meta":{"footnotes":""},"class_list":["post-882","page","type-page","status-publish","hentry"],"_links":{"self":[{"href":"https:\/\/www.standard-industrie.com\/it\/wp-json\/wp\/v2\/pages\/882","targetHints":{"allow":["GET"]}}],"collection":[{"href":"https:\/\/www.standard-industrie.com\/it\/wp-json\/wp\/v2\/pages"}],"about":[{"href":"https:\/\/www.standard-industrie.com\/it\/wp-json\/wp\/v2\/types\/page"}],"author":[{"embeddable":true,"href":"https:\/\/www.standard-industrie.com\/it\/wp-json\/wp\/v2\/users\/1"}],"replies":[{"embeddable":true,"href":"https:\/\/www.standard-industrie.com\/it\/wp-json\/wp\/v2\/comments?post=882"}],"version-history":[{"count":0,"href":"https:\/\/www.standard-industrie.com\/it\/wp-json\/wp\/v2\/pages\/882\/revisions"}],"wp:attachment":[{"href":"https:\/\/www.standard-industrie.com\/it\/wp-json\/wp\/v2\/media?parent=882"}],"curies":[{"name":"wp","href":"https:\/\/api.w.org\/{rel}","templated":true}]}}