{"id":889,"date":"2014-06-09T15:27:53","date_gmt":"2014-06-09T14:27:53","guid":{"rendered":"https:\/\/www.standard-industrie.com\/it\/?page_id=889"},"modified":"2023-02-20T16:02:36","modified_gmt":"2023-02-20T15:02:36","slug":"menzioni-legali","status":"publish","type":"page","link":"https:\/\/www.standard-industrie.com\/it\/menzioni-legali\/","title":{"rendered":"MENZIONI LEGALI"},"content":{"rendered":"<p>[vc_row][vc_column][vc_empty_space][vc_column_text]<\/p>\n<h2>Informazioni sull&#8217;editore del sito<\/h2>\n<h2>STANDARD INDUSTRIE<\/h2>\n<p>139-141, rue du Luxembourg &#8211; CS 50207<br \/>\n59054 Roubaix Cedex 1<br \/>\nFRANCE<\/p>\n<p>Telefono : +33 (0)3 20 28 32 32<br \/>\nFax : +33 (0)3 20 68 51 16<br \/>\nE-mail : info@www.standard-industrie.com\/it<\/p>\n<p>Iscritta al Registro del Commercio e delle Imprese di Lille Metropole con il numero 312 479 769.<\/p>\n<p>S.A.S. with a capital of 1 237 600 \u20ac.<\/p>\n<p>Presidente e Amministratore delegato: Herv\u00e9 SIMOENS<\/p>\n<p>Informazioni sull&#8217;host del sito web<\/p>\n<p>NAVAHO<br \/>\n41 rue de l&#8217;Echiquier<br \/>\n75010 Paris<br \/>\nFRANCE<\/p>\n<p>Telefono : 0825 000 412<br \/>\nE-mail : info@navaho.fr<\/p>\n<p>Iscritta al Registro del Commercio e delle Imprese di Parigi con il numero 799 422 126<\/p>\n<p>SASU (societ\u00e0 per azioni semplificata) con un unico azionista<\/p>\n<h3>Riferimento naturale del sito<\/h3>\n<p>Azienda:<a href=\"http:\/\/www.d2bconsulting.fr\/\"> D2b Consulting<\/a>, consulenza in strategia aziendale e referenziazione naturale Indirizzo: 3, rue Louis Gattefoss\u00e9 &#8211; 69800 St Priest<\/p>\n<h3>Termini e condizioni legali<\/h3>\n<p>Le informazioni pubblicate su questo sito e, pi\u00f9 in generale, sui nomi di dominio di propriet\u00e0 di Standard Industrie sono fornite a titolo puramente informativo. Standard Industrie compila e produce questi contenuti da varie fonti concordanti. Standard Industrie non pu\u00f2 essere ritenuta responsabile della veridicit\u00e0 e della pertinenza dei contenuti n\u00e9 dell&#8217;uso e dello sfruttamento che l&#8217;utente del sito potrebbe farne. \u00c8 vietata qualsiasi riproduzione, modifica, pubblicazione, copia, totale o parziale dei contenuti presentati sui domini di Standard Industrie, da parte di qualche processo che ne sia il supporto.<\/p>\n<h3>Esclusione di garanzia<\/h3>\n<p>La Standard Industrie fa del suo meglio per garantire l&#8217;accuratezza e l&#8217;aggiornamento dei contenuti del sito. Tuttavia, Standard Industrie declina ogni responsabilit\u00e0 in merito alle informazioni che possono essere consultate su o dal sito, in particolare il contenuto, la sua esaustivit\u00e0, la sua accuratezza o la sua affidabilit\u00e0. Standard Industrie non fornisce alcuna garanzia, esplicita o implicita, in particolare per quanto riguarda l&#8217;assenza di interruzioni o errori nel servizio o le prestazioni o i risultati derivanti dall&#8217;utilizzo del sito. Le informazioni contenute nel sito possono essere modificate in qualsiasi momento. Standard Industrie non pu\u00f2 garantire che le informazioni siano complete, veritiere o aggiornate.<\/p>\n<h3>Esclusione di responsabilit\u00e0<\/h3>\n<p>La Standard Industrie non sar\u00e0 responsabile nei confronti dell&#8217;utente o di terzi per eventuali danni diretti, indiretti o consequenziali derivanti dall&#8217;uso delle informazioni e dei materiali contenuti nel sito o di altri contenuti a cui si pu\u00f2 accedere tramite link dal sito. I siti collegati direttamente o indirettamente non sono sotto il controllo della Standard Industrie. Di conseguenza, Standard Industrie non si assume alcuna responsabilit\u00e0 per le informazioni pubblicate su tali siti. I collegamenti a siti esterni sono forniti solo per comodit\u00e0 e non implicano alcuna approvazione del loro contenuto.<\/p>\n<h3>Disposizioni del RGPD<\/h3>\n<p>Standard Industrie \u00e8 responsabile del trattamento dei dati raccolti sul sito web www.standard-industrie.com. L&#8217;utente \u00e8 in particolare informato che, in conformit\u00e0 con la legge francese sulla protezione dei dati del 6 gennaio 1978, nella sua versione modificata, e con il regolamento generale sulla protezione dei dati del 27 aprile 2016, le informazioni che comunica attraverso i moduli presenti sul sito web di Standard Industrie sono necessarie per rispondere alla sua richiesta e sono destinate ai servizi incaricati di rispondere alla sua richiesta per dare seguito a tale richiesta. Conformemente alla legge francese sulla protezione dei dati del 6 gennaio 1978 nella sua ultima versione e al Regolamento generale sulla protezione dei dati (RGPD) del 27 aprile 2016, l&#8217;utente ha il diritto di accedere, rettificare, cancellare, limitare, opporsi e portare le informazioni che lo riguardano, Questo diritto pu\u00f2 essere esercitato contattando Standard Industrie, 139-141, rue du Luxembourg &#8211; CS 50207 &#8211; 59054 Roubaix Cedex 1 &#8211; FRANCIA, o inviando un&#8217;e-mail a info@www.standard-industrie.com, specificando &#8220;Diritti personali&#8221; nell&#8217;oggetto e allegando una copia del proprio documento di identit\u00e0. L&#8217;utente ha inoltre il diritto di dare istruzioni sul destino dei suoi dati dopo la sua morte. L&#8217;utente \u00e8 informato che durante le sue visite al sito www.standard-industrie.com, un cookie pu\u00f2 essere installato sul suo browser, dopo aver dato il suo consenso. Le informazioni raccolte su questo sito saranno conservate per un periodo di tre anni. Il cookie \u00e8 un blocco di dati che non identifica l&#8217;utente ma viene utilizzato per registrare informazioni sulla sua navigazione sul sito. L&#8217;utente ha il diritto di accedere, ritirare e modificare i dati personali comunicati attraverso i cookie alle condizioni sopra indicate. L&#8217;utente del sito Standard Industrie \u00e8 tenuto a rispettare le disposizioni della legge francese sulla protezione dei dati personali del 6 gennaio 1978 e successive modifiche, la cui violazione \u00e8 soggetta a sanzioni penali. In particolare, deve astenersi dal raccogliere o utilizzare le informazioni personali a cui accede e, in generale, da qualsiasi atto che possa violare la privacy o la reputazione delle persone. Gestione dei cookie<\/p>\n<p>&nbsp;<\/p>\n<h3>Collegamenti da e verso questo contenuto<\/h3>\n<p>I contenuti dei domini di Standard Industrie possono includere link ad altri siti o ad altri contenuti internet, non di propriet\u00e0 di Standard Industrie. Di conseguenza, Standard Industrie non pu\u00f2 essere ritenuta responsabile di questi contenuti e del funzionamento di questi siti (cookie, raccolta di dati personali, &#8230;). \u00c8 possibile creare collegamenti a contenuti compilati o prodotti dalla Standard Industrie. Al fine di ottimizzare questi link a vantaggio di entrambi i siti, Standard Industrie pu\u00f2 richiedere una modifica nella creazione del link (parole chiave, URL, &#8230;)<\/p>\n<h3>Copyright<\/h3>\n<p>Tutti i diritti di riproduzione e distribuzione sono riservati. Standard Industrie 2022.[\/vc_column_text][\/vc_column][\/vc_row]<\/p>\n","protected":false},"excerpt":{"rendered":"<p>[vc_row][vc_column][vc_empty_space][vc_column_text] Informazioni sull&#8217;editore del sito STANDARD INDUSTRIE 139-141, rue du Luxembourg &#8211; CS 50207 59054 Roubaix Cedex 1 FRANCE Telefono : +33 (0)3 20 28 32<span class=\"excerpt-hellip\"> [\u2026]<\/span><\/p>\n","protected":false},"author":1,"featured_media":0,"parent":0,"menu_order":62,"comment_status":"open","ping_status":"open","template":"","meta":{"footnotes":""},"class_list":["post-889","page","type-page","status-publish","hentry"],"_links":{"self":[{"href":"https:\/\/www.standard-industrie.com\/it\/wp-json\/wp\/v2\/pages\/889","targetHints":{"allow":["GET"]}}],"collection":[{"href":"https:\/\/www.standard-industrie.com\/it\/wp-json\/wp\/v2\/pages"}],"about":[{"href":"https:\/\/www.standard-industrie.com\/it\/wp-json\/wp\/v2\/types\/page"}],"author":[{"embeddable":true,"href":"https:\/\/www.standard-industrie.com\/it\/wp-json\/wp\/v2\/users\/1"}],"replies":[{"embeddable":true,"href":"https:\/\/www.standard-industrie.com\/it\/wp-json\/wp\/v2\/comments?post=889"}],"version-history":[{"count":0,"href":"https:\/\/www.standard-industrie.com\/it\/wp-json\/wp\/v2\/pages\/889\/revisions"}],"wp:attachment":[{"href":"https:\/\/www.standard-industrie.com\/it\/wp-json\/wp\/v2\/media?parent=889"}],"curies":[{"name":"wp","href":"https:\/\/api.w.org\/{rel}","templated":true}]}}