{"id":96,"date":"2014-05-20T15:36:35","date_gmt":"2014-05-20T14:36:35","guid":{"rendered":"https:\/\/www.standard-industrie.com\/it\/?page_id=96"},"modified":"2025-06-05T10:09:10","modified_gmt":"2025-06-05T09:09:10","slug":"nostra-attivita","status":"publish","type":"page","link":"https:\/\/www.standard-industrie.com\/it\/nostra-attivita\/","title":{"rendered":"NOSTRA ATTIVIT\u00c0"},"content":{"rendered":"<p>[vc_row][vc_column][vc_empty_space][\/vc_column][\/vc_row][vc_row][vc_column][vc_column_text el_class=&#8221;gros-titre fort traits-gris-droite-gauche titre-gauche vc_sep_border_width_2 vc_separator wpb_content_element vc_separator_align_left vc_sep_width_100 vc_sep_pos_align_center vc_sep_color_grey vc_separator-has-text&#8221;]<\/p>\n<div class=\"vc_sep_holder vc_sep_holder_l\">\n<p class=\"vc_sep_line\" style=\"border-color: grey;\">\n<\/div>\n<h2>STANDARD INDUSTRIE INTERNATIONAL<\/h2>\n<div class=\"vc_sep_holder vc_sep_holder_r\">\n<p class=\"vc_sep_line\" style=\"border-color: grey;\">\n<\/div>\n<p>[\/vc_column_text][vc_row_inner][vc_column_inner width=&#8221;1\/6&#8243;][\/vc_column_inner][vc_column_inner width=&#8221;2\/3&#8243;][vc_column_text]<\/p>\n<p style=\"text-align: center;\">STANDARD INDUSTRIE International \u00e9 dal 1978 specialista nella concezione e fabbricazione di attrezzature che facilitano la manutenzione dei prodotti pulverulenti sfusi in tutta sicurezza e nel rispetto dell\u2019ambiente.<\/p>\n<p style=\"text-align: center;\">Grazie ai nostri processi, ottimizzate le performances dei vostri macchinari di produzione riducendo i vostri costi di esercizio e di manutenzione.<\/p>\n<p style=\"text-align: center;\">4 domini di attivit\u00e0 a vostro servizio\u00a0:<\/p>\n<p>[\/vc_column_text][\/vc_column_inner][vc_column_inner width=&#8221;1\/6&#8243;][\/vc_column_inner][\/vc_row_inner][\/vc_column][\/vc_row][vc_row el_class=&#8221;invert-block&#8221;][vc_column width=&#8221;1\/2&#8243; el_class=&#8221;partie-txt rouge&#8221;][vc_column_text el_class=&#8221;gros-titre fort traits-gris-droite-gauche titre-gauche vc_sep_border_width_2 vc_separator wpb_content_element vc_separator_align_left vc_sep_width_100 vc_sep_pos_align_center vc_sep_color_grey vc_separator-has-text trait-rouge&#8221;]<\/p>\n<div class=\"vc_sep_holder vc_sep_holder_l\">\n<p class=\"vc_sep_line\" style=\"border-color: grey;\">\n<\/div>\n<h2>ELIMINAZIONE DI INTASAMENTI E CONCREZIONI :<\/h2>\n<div class=\"vc_sep_holder vc_sep_holder_r\">\n<p class=\"vc_sep_line\" style=\"border-color: grey;\">\n<\/div>\n<p>[\/vc_column_text][vc_column_text]STANDARD INDUSTRIE International vi propone delle tecnologie adattate ai differenti tipi di intasamento. Queste soluzioni preventive vi permettono di ottimizzare la vostra produttivit\u00e0 aiutandovi a ritrovare la totalit\u00e0 della vostra capacit\u00e0 di stoccaggio.<\/p>\n<p>&nbsp;<\/p>\n<p><b>Prodotti\u00a0:\u00a0<a title=\"AIRCHOC\u00ae Wireless\" href=\"\/it\/cannone-ad-aria-compressa-airchoc\/\">Cannone ad aria AIRCHOC<sup>\u00ae<\/sup><\/a>\u00a0&amp;<a title=\"MACSYS WIRELESS\" href=\"\/it\/cannone-ad-aria-compressa-senza-fili-macsys\/\"> Cannone ad aria multi uscite MACSYS<\/a>.<\/b>[\/vc_column_text][\/vc_column][vc_column css_animation=&#8221;slideInRight&#8221; width=&#8221;1\/2&#8243;][vc_single_image image=&#8221;5876&#8243; img_size=&#8221;full&#8221; alignment=&#8221;center&#8221;][\/vc_column][\/vc_row][vc_row][vc_column][vc_btn title=&#8221;Contattaci&#8221; style=&#8221;flat&#8221; shape=&#8221;square&#8221; color=&#8221;black&#8221; align=&#8221;center&#8221; link=&#8221;url:%2Fit%2Fcontatto%2F|title:Contact%20Standard%20industrie&#8221;][\/vc_column][\/vc_row][vc_row el_class=&#8221;invert-block&#8221;][vc_column css_animation=&#8221;slideInLeft&#8221; width=&#8221;1\/2&#8243;][vc_single_image image=&#8221;5877&#8243; img_size=&#8221;full&#8221; alignment=&#8221;center&#8221;][\/vc_column][vc_column width=&#8221;1\/2&#8243; el_class=&#8221;partie-txt jaune&#8221;][vc_column_text el_class=&#8221;gros-titre fort trait-jaune traits-gris-droite-gauche titre-gauche vc_sep_border_width_2 vc_separator wpb_content_element vc_separator_align_left vc_sep_width_100 vc_sep_pos_align_center vc_sep_color_grey vc_separator-has-text&#8221;]<\/p>\n<div class=\"vc_sep_holder vc_sep_holder_l\">\n<p class=\"vc_sep_line\" style=\"border-color: grey;\">\n<\/div>\n<h2>PULIZIA INDUSTRIALE CON ASPIRAZIONE :<\/h2>\n<div class=\"vc_sep_holder vc_sep_holder_r\">\n<p class=\"vc_sep_line\" style=\"border-color: grey;\">\n<\/div>\n<p>[\/vc_column_text][vc_column_text]STANDARD INDUSTRIE International vi offre una larga gamma di apparecchiature industriali d\u2019aspirazione per rispondere a tutti i vostri bisogni di pulizia, pompaggio e riciclaggio : da 5 a 300CV \u2013 elettrica \u2013 unit\u00e0 fissa, mobile o camion.<\/p>\n<p>&nbsp;<\/p>\n<p><span class=\"fort\">Prodotti\u00a0:<a title=\"VALNET\" href=\"\/it\/valnet\/\">V<\/a><a title=\"VALNET\" href=\"\/it\/valnet\/\">ALNET<\/a>,\u00a0<a title=\"UMA COMPACT\" href=\"\/it\/uma-compact\/\">UMA Compact<\/a>,\u00a0<a title=\"INC\" href=\"\/it\/inc\/\">INC<\/a>,\u00a0<a title=\"GAD\" href=\"\/it\/gad\/\">GAD<\/a>,\u00a0<a href=\"\/it\/sam\/\">SAM<\/a>,\u00a0<a title=\"PAD\" href=\"\/it\/pad\/\">PAD<\/a>,\u00a0<a title=\"PRE-SEPARATORI\" href=\"\/it\/pre-separatori\/\">Pre-separatori<\/a>.<\/span>[\/vc_column_text][\/vc_column][\/vc_row][vc_row el_class=&#8221;invert-block&#8221;][vc_column width=&#8221;1\/2&#8243; el_class=&#8221;partie-txt vert&#8221;][vc_column_text el_class=&#8221;gros-titre fort traits-gris-droite-gauche titre-gauche vc_sep_border_width_2 vc_separator wpb_content_element vc_separator_align_left vc_sep_width_100 vc_sep_pos_align_center vc_sep_color_grey vc_separator-has-text trait-vert&#8221;]<\/p>\n<div class=\"vc_sep_holder vc_sep_holder_l\">\n<p class=\"vc_sep_line\" style=\"border-color: grey;\">\n<\/div>\n<h2>OTTIMIZZAZIONE DEI CONVOGLIATORI A NASTRO :<\/h2>\n<div class=\"vc_sep_holder vc_sep_holder_r\">\n<p class=\"vc_sep_line\" style=\"border-color: grey;\">\n<\/div>\n<p>[\/vc_column_text][vc_column_text]STANDARD INDUSTRIE International vi propone un sistema innovativo che ottimizza la tenuta stagna di tutto il convogliatore a nastro. I vostri problemi di sicurezza, di riduzione di emissioni di polveri e dei vostri costi di manutenzione possono essere risolti grazie al nostro sistema brevettato<\/p>\n<p>&nbsp;<\/p>\n<p><span class=\"fort\">Prodotti\u00a0:\u00a0<a title=\"LIFTUBE\u00ae\" href=\"\/it\/ottimizzazione-del-trasportatore-a-nastro-per-ascensori\/\">LIFTUBE<sup>\u00ae<\/sup><\/a><\/span>[\/vc_column_text][\/vc_column][vc_column css_animation=&#8221;slideInRight&#8221; width=&#8221;1\/2&#8243;][vc_single_image image=&#8221;5878&#8243; img_size=&#8221;full&#8221; alignment=&#8221;center&#8221;][\/vc_column][\/vc_row][vc_row el_class=&#8221;invert-block&#8221;][vc_column css_animation=&#8221;slideInLeft&#8221; width=&#8221;1\/2&#8243;][vc_single_image image=&#8221;5879&#8243; img_size=&#8221;full&#8221; alignment=&#8221;center&#8221;][\/vc_column][vc_column width=&#8221;1\/2&#8243; el_class=&#8221;partie-txt bleu&#8221;][vc_column_text el_class=&#8221;gros-titre fort trait-bleu-fonce traits-gris-droite-gauche titre-gauche vc_sep_border_width_2 vc_separator wpb_content_element vc_separator_align_left vc_sep_width_100 vc_sep_pos_align_center vc_sep_color_grey vc_separator-has-text&#8221;]<\/p>\n<div class=\"vc_sep_holder vc_sep_holder_l\">\n<p class=\"vc_sep_line\" style=\"border-color: grey;\">\n<\/div>\n<h2>PRESTAZIONI DI PULIZIA DI SILOS &amp; TRAMOGGE :<\/h2>\n<div class=\"vc_sep_holder vc_sep_holder_r\">\n<p class=\"vc_sep_line\" style=\"border-color: grey;\">\n<\/div>\n<p>[\/vc_column_text][vc_column_text]STANDARD INDUSTRIE International \u00e8 inoltre fornitrice di servizio e vi propone delle operazioni di pulizia e di aspirazione di silos e tramogge in tutta sicurezza e senza intervento umano all\u2019interno delle vostre unit\u00e0 di stoccaggio..<\/p>\n<p>&nbsp;<\/p>\n<p><span class=\"fort\">Prodotti\u00a0:\u00a0<a title=\"POWERNET\" href=\"\/it\/powernet-pulizia-silo-industriale\/\">POWERNET<\/a>,\u00a0<a title=\"GIRONET\" href=\"\/it\/gironet\/\">GIRONET<\/a>\u00a0\/\u00a0<a title=\"Pulizia tramite aspirazione\" href=\"\/it\/pulizia-tramite-aspirazione\/\">Pulizia tramite aspirazione :\u00a0GAD, VALNET,\u00a0Camion d\u2019aspirazione.<\/a><\/span>[\/vc_column_text][\/vc_column][\/vc_row][vc_row el_class=&#8221;invert-block&#8221;][vc_column width=&#8221;1\/2&#8243; el_class=&#8221;partie-txt violet&#8221;][vc_column_text el_class=&#8221;gros-titre fort trait-violet traits-gris-droite-gauche titre-gauche vc_sep_border_width_2 vc_separator wpb_content_element vc_separator_align_left vc_sep_width_100 vc_sep_pos_align_center vc_sep_color_grey vc_separator-has-text&#8221;]<\/p>\n<div class=\"vc_sep_holder vc_sep_holder_l\">\n<p class=\"vc_sep_line\" style=\"border-color: grey;\">\n<\/div>\n<h2>TRASPORTO, VAGLIATURA &amp; FUORIUSCITA<\/h2>\n<div class=\"vc_sep_holder vc_sep_holder_r\">\n<p class=\"vc_sep_line\" style=\"border-color: grey;\">\n<\/div>\n<p>[\/vc_column_text][vc_column_text]Standard Industrie International offre altre soluzioni per il trasporto, lo screening o lo smaltimento di prodotti sfusi. Su richiesta, produciamo parti in gomma stampata. Questi prodotti sono utilizzati nell\u2019industria del vetro, della ceramica, dei fertilizzanti, dell\u2019agrobusiness, della chimica, delle acciaierie o dei cementifici.<\/p>\n<p>&nbsp;<\/p>\n<p><b>Prodotti :\u00a0Otturatore flessibile, tazze in gomma, Pezzi di gomma.<\/b>[\/vc_column_text][\/vc_column][vc_column css_animation=&#8221;slideInRight&#8221; width=&#8221;1\/2&#8243;][vc_single_image image=&#8221;5880&#8243; img_size=&#8221;full&#8221; alignment=&#8221;center&#8221;][\/vc_column][\/vc_row][vc_row][vc_column][vc_btn title=&#8221;Contattaci&#8221; style=&#8221;flat&#8221; shape=&#8221;square&#8221; color=&#8221;black&#8221; align=&#8221;center&#8221; link=&#8221;url:%2Fit%2Fcontatto%2F|title:Contact%20Standard%20industrie&#8221;][\/vc_column][\/vc_row]<\/p>\n","protected":false},"excerpt":{"rendered":"<p>[vc_row][vc_column][vc_empty_space][\/vc_column][\/vc_row][vc_row][vc_column][vc_column_text el_class=&#8221;gros-titre fort traits-gris-droite-gauche titre-gauche vc_sep_border_width_2 vc_separator wpb_content_element vc_separator_align_left vc_sep_width_100 vc_sep_pos_align_center vc_sep_color_grey vc_separator-has-text&#8221;] STANDARD INDUSTRIE INTERNATIONAL [\/vc_column_text][vc_row_inner][vc_column_inner width=&#8221;1\/6&#8243;][\/vc_column_inner][vc_column_inner width=&#8221;2\/3&#8243;][vc_column_text] STANDARD INDUSTRIE International \u00e9 dal 1978 specialista<span class=\"excerpt-hellip\"> [\u2026]<\/span><\/p>\n","protected":false},"author":1,"featured_media":0,"parent":0,"menu_order":80,"comment_status":"closed","ping_status":"closed","template":"single-standard.php","meta":{"footnotes":""},"class_list":["post-96","page","type-page","status-publish","hentry"],"_links":{"self":[{"href":"https:\/\/www.standard-industrie.com\/it\/wp-json\/wp\/v2\/pages\/96","targetHints":{"allow":["GET"]}}],"collection":[{"href":"https:\/\/www.standard-industrie.com\/it\/wp-json\/wp\/v2\/pages"}],"about":[{"href":"https:\/\/www.standard-industrie.com\/it\/wp-json\/wp\/v2\/types\/page"}],"author":[{"embeddable":true,"href":"https:\/\/www.standard-industrie.com\/it\/wp-json\/wp\/v2\/users\/1"}],"replies":[{"embeddable":true,"href":"https:\/\/www.standard-industrie.com\/it\/wp-json\/wp\/v2\/comments?post=96"}],"version-history":[{"count":0,"href":"https:\/\/www.standard-industrie.com\/it\/wp-json\/wp\/v2\/pages\/96\/revisions"}],"wp:attachment":[{"href":"https:\/\/www.standard-industrie.com\/it\/wp-json\/wp\/v2\/media?parent=96"}],"curies":[{"name":"wp","href":"https:\/\/api.w.org\/{rel}","templated":true}]}}