{"id":16,"date":"2014-05-16T09:33:15","date_gmt":"2014-05-16T08:33:15","guid":{"rendered":"https:\/\/www.standard-industrie.com\/pt\/?page_id=16"},"modified":"2025-06-05T11:25:41","modified_gmt":"2025-06-05T10:25:41","slug":"qualidade","status":"publish","type":"page","link":"https:\/\/www.standard-industrie.com\/pt\/qualidade\/","title":{"rendered":"QUALIDADE \/ AMBIENTE"},"content":{"rendered":"<p>[vc_row][vc_column][vc_empty_space][\/vc_column][\/vc_row][vc_row][vc_column][vc_column_text el_class=&#8221;gros-titre fort traits-gris-droite-gauche titre-gauche vc_sep_border_width_2 vc_separator wpb_content_element vc_separator_align_left vc_sep_width_100 vc_sep_pos_align_center vc_sep_color_grey vc_separator-has-text&#8221;]<\/p>\n<div class=\"vc_sep_holder vc_sep_holder_l\">\n<p class=\"vc_sep_line\" style=\"border-color: grey;\">\n<\/div>\n<h2>STANDARD INDUSTRIE INTERNATIONAL<\/h2>\n<div class=\"vc_sep_holder vc_sep_holder_r\">\n<p class=\"vc_sep_line\" style=\"border-color: grey;\">\n<\/div>\n<p>[\/vc_column_text][vc_column_text]<\/p>\n<div class=\"intro\">\n<p>Porque aderir a um sistema de gerenciamento de QSA \u00e9 uma etapa fundamental para o desempenho e perenidade de uma empresa, decidimos implementar na STANDARD INDUSTRIE International,\u00a0a\u00e7\u00f5es concretas de melhoria. Estas \u00faltimas s\u00e3o determinadas por nossa Pol\u00edtica de QSA (Qualidade \u2013 Seguran\u00e7a \u2013 Ambiente).<\/p>\n<\/div>\n<div class=\"middle\"><\/div>\n<p>[\/vc_column_text][\/vc_column][\/vc_row][vc_row el_class=&#8221;invert-block&#8221;][vc_column width=&#8221;1\/2&#8243; el_class=&#8221;partie-txt&#8221;][vc_column_text el_class=&#8221;gros-titre fort traits-gris-droite-gauche titre-gauche vc_sep_border_width_2 vc_separator wpb_content_element vc_separator_align_left vc_sep_width_100 vc_sep_pos_align_center vc_sep_color_grey vc_separator-has-text&#8221;]<\/p>\n<div class=\"vc_sep_holder vc_sep_holder_l\">\n<p class=\"vc_sep_line\" style=\"border-color: grey;\">\n<\/div>\n<h2>QUALIDADE<\/h2>\n<div class=\"vc_sep_holder vc_sep_holder_r\">\n<p class=\"vc_sep_line\" style=\"border-color: grey;\">\n<\/div>\n<p>[\/vc_column_text][vc_column_text]Nosso objetivo: satisfa\u00e7\u00e3o do cliente. Isto resulta em:<\/p>\n<ul>\n<li>presen\u00e7a de proximidade<\/li>\n<li>ensaios n\u00e3o destrutivos de nossos produtos nas diferentes etapas de produ\u00e7\u00e3o<\/li>\n<li>a cria\u00e7\u00e3o de uma organiza\u00e7\u00e3o que permite ser reativo<\/li>\n<\/ul>\n<p>[\/vc_column_text][\/vc_column][vc_column css_animation=&#8221;slideInRight&#8221; width=&#8221;1\/2&#8243;][vc_single_image image=&#8221;3418&#8243; img_size=&#8221;full&#8221; alignment=&#8221;center&#8221;][\/vc_column][\/vc_row][vc_row el_class=&#8221;invert-block&#8221;][vc_column css_animation=&#8221;none&#8221; width=&#8221;1\/2&#8243;][vc_column_text el_class=&#8221;gros-titre fort traits-gris-droite-gauche titre-gauche vc_sep_border_width_2 vc_separator wpb_content_element vc_separator_align_left vc_sep_width_100 vc_sep_pos_align_center vc_sep_color_grey vc_separator-has-text&#8221;]<\/p>\n<div class=\"vc_sep_holder vc_sep_holder_l\">\n<p class=\"vc_sep_line\" style=\"border-color: grey;\">\n<\/div>\n<h2>SEGURAN\u00c7A<\/h2>\n<div class=\"vc_sep_holder vc_sep_holder_r\">\n<p class=\"vc_sep_line\" style=\"border-color: grey;\">\n<\/div>\n<p>[\/vc_column_text][vc_column_text]Permitir o trabalho em\u00a0<b>seguran\u00e7a<\/b>\u00a0\u00e9 nossa palavra de ordem. Isto implica:<\/p>\n<ul>\n<li>a elabora\u00e7\u00e3o de equipamentos que facilitem os manuseios no momento da produ\u00e7\u00e3o<br \/>\nou da manuten\u00e7\u00e3o (GIRONET, LIFTUBE)<\/li>\n<li>O treinamento de nossos colaboradores<\/li>\n<li>a tomada em considera\u00e7\u00e3o da evolu\u00e7\u00e3o regulamentar<\/li>\n<\/ul>\n<p>[\/vc_column_text][\/vc_column][vc_column width=&#8221;1\/2&#8243; el_class=&#8221;partie-txt&#8221;][vc_column_text el_class=&#8221;gros-titre fort traits-gris-droite-gauche titre-gauche vc_sep_border_width_2 vc_separator wpb_content_element vc_separator_align_left vc_sep_width_100 vc_sep_pos_align_center vc_sep_color_grey vc_separator-has-text&#8221;]<\/p>\n<div class=\"vc_sep_holder vc_sep_holder_l\">\n<p class=\"vc_sep_line\" style=\"border-color: grey;\">\n<\/div>\n<h2>AMBIENTE<\/h2>\n<div class=\"vc_sep_holder vc_sep_holder_r\">\n<p class=\"vc_sep_line\" style=\"border-color: grey;\">\n<\/div>\n<p>[\/vc_column_text][vc_column_text]Porque \u00e9 importante preservar nossos recursos e reduzir nosso impacto:<\/p>\n<ul>\n<li>implementamos um gerenciamento de res\u00edduos, promovendo a reutiliza\u00e7\u00e3o<br \/>\ninterna e, em seguida, a reciclagem<\/li>\n<li>melhoramos os percursos de nossos consultores t\u00e9cnicos para reduzir nossas<br \/>\nemiss\u00f5es de G\u00e1s com Efeito Estufa (GEE)<\/li>\n<\/ul>\n<p>[\/vc_column_text][\/vc_column][\/vc_row][vc_row][vc_column][vc_btn title=&#8221;Contacte-nos&#8221; style=&#8221;flat&#8221; shape=&#8221;square&#8221; color=&#8221;black&#8221; align=&#8221;center&#8221; link=&#8221;url:%2Fpt%2Fcontacto%2F|title:Contact%20Standard%20industrie&#8221;][\/vc_column][\/vc_row][vc_row][vc_column][vc_column_text]<\/p>\n<div class=\"intro\">\n<p>Gra\u00e7as \u00e0 participa\u00e7\u00e3o de todos os nossos colaboradores, a STANDARD INDUSTRIE\u00a0disp\u00f5e da certifica\u00e7\u00e3o\u00a0ISO 9001\u00a0desde 1994 e da\u00a0ISO 45001\u00a0desde 2021.<\/p>\n<\/div>\n<p>[\/vc_column_text][\/vc_column][\/vc_row][vc_row el_class=&#8221;invert-block&#8221;][vc_column css_animation=&#8221;slideInLeft&#8221; width=&#8221;1\/2&#8243;][vc_single_image image=&#8221;6428&#8243; img_size=&#8221;medium&#8221; alignment=&#8221;center&#8221;][\/vc_column][vc_column width=&#8221;1\/2&#8243; el_class=&#8221;partie-txt&#8221;][vc_column_text]<strong>ISO 9001:\u00a0<\/strong>A norma ISO 9001 \u00e9 uma norma internacional de gest\u00e3o da Qualidade. O principal objetivo \u00e9 a satisfa\u00e7\u00e3o do cliente e\u00a0<strong>a melhoria cont\u00ednua.<\/strong>\u00a0S\u00e3o realizadas auditorias frequentes antes de se cumprir esta\u00a0<a href=\"http:\/\/www.iso.org\/iso\/fr\/iso_9000\">norma ISO 9001<\/a>.<\/p>\n<p>ISO 45001:\u00a0A norma ISO 45001 \u00e9 uma norma internacional de gest\u00e3o de Sa\u00fade e Seguran\u00e7a no Trabalho.\u00a0O objetivo \u00e9 obter um melhor gerenciamento de riscos para reduzir o n\u00famero de acidentes, cumprir a legisla\u00e7\u00e3o e melhorar os desempenhos.[\/vc_column_text][\/vc_column][\/vc_row][vc_row][vc_column][vc_column_text]Nossos produtos s\u00e3o certificados de acordo com as linhas e nossos mercados:\u00a0[\/vc_column_text][\/vc_column][\/vc_row][vc_row equal_height=&#8221;yes&#8221;][vc_column width=&#8221;1\/3&#8243;][vc_single_image image=&#8221;2328&#8243; img_size=&#8221;full&#8221; alignment=&#8221;center&#8221;][vc_column_text]A norma ATEX (Atmosfera Explosiva) indica que o material pode ser usado em seguran\u00e7a em ambientes perigosos. Isto \u00e9, zonas onde o risco de explos\u00e3o \u00e9 significativo: presen\u00e7a de gases inflam\u00e1veis, vapores, n\u00e9voa ou nuvens de poeira combust\u00edvel.<\/p>\n<div class=\"bottom\">\n<div class=\"paragraphe\">\n<p>A base da certifica\u00e7\u00e3o ATEX \u00e9 a diretiva europeia 94\/9\/CE.<\/p>\n<\/div>\n<div class=\"clearfix\"><\/div>\n<\/div>\n<p>[\/vc_column_text][\/vc_column][vc_column width=&#8221;1\/3&#8243;][vc_single_image image=&#8221;2330&#8243; img_size=&#8221;full&#8221; alignment=&#8221;center&#8221;][vc_column_text]A marca\u00e7\u00e3o\u00a0<strong>CE<\/strong>\u00a0atesta que o produto est\u00e1 em conformidade com os requisitos fundamentais de seguran\u00e7a definidos pela ou pelas diretiva(s) aplic\u00e1vel(eis).<\/p>\n<p>A norma CE \u00e9 regida pela diretiva 93\/68\/CEE do Conselho de 22 de julho de 1993.<\/p>\n<div class=\"bottom\">\n<div class=\"paragraphe\">\n<p>\u00c9 obrigat\u00f3ria para comercializar um produto na Uni\u00e3o Europeia.<\/p>\n<\/div>\n<div class=\"clearfix\"><\/div>\n<\/div>\n<p>[\/vc_column_text][\/vc_column][vc_column width=&#8221;1\/3&#8243;][vc_single_image image=&#8221;2332&#8243; img_size=&#8221;full&#8221; alignment=&#8221;center&#8221;][vc_column_text]Esta marca\u00e7\u00e3o atesta a conformidade com os requisitos de seguran\u00e7a e qualidade pr\u00f3prios da Federa\u00e7\u00e3o da R\u00fassia.<\/p>\n<p>O certificado\u00a0<strong>GOST R<\/strong>\u00a0\u00e9 obrigat\u00f3rio para qualquer tipo de mercadorias importadas em outros pa\u00edses ou produzidos na R\u00fassia.[\/vc_column_text][\/vc_column][\/vc_row][vc_row equal_height=&#8221;yes&#8221;][vc_column width=&#8221;1\/3&#8243;][vc_single_image image=&#8221;4828&#8243; img_size=&#8221;full&#8221; alignment=&#8221;center&#8221;][vc_column_text]<\/p>\n<div class=\"bottom\">\n<div class=\"paragraphe\">\n<p>O\u00a0<strong>Certificado CSA<\/strong>\u00a0\u00e9 emitido pela Associa\u00e7\u00e3o de Normas Canadense e atesta que um produto, um procedimento ou um servi\u00e7o foi testado de acordo com as normas canadenses ou americanas e que cumpre os requisitos de uma norma CSA aplic\u00e1vel ou de qualquer outro documento reconhecido como refer\u00eancia para a certifica\u00e7\u00e3o.<\/p>\n<\/div>\n<div class=\"clearfix\"><\/div>\n<\/div>\n<p>[\/vc_column_text][\/vc_column][vc_column width=&#8221;1\/3&#8243;][vc_single_image image=&#8221;4829&#8243; alignment=&#8221;center&#8221;][vc_column_text]O\u00a0Certificado UL\u00a0\u00e9 emitido pela Underwriters Laboratories e atesta que alguns produtos, componentes, materiais e sistemas est\u00e3o em conformidade com normas espec\u00edficas.<\/p>\n<p>As letras C e\/ou U podem acompanhar este logo e significa que o produto pode ser usado no mercado canadense e\/ou americano.[\/vc_column_text][\/vc_column][vc_column width=&#8221;1\/3&#8243;][\/vc_column][\/vc_row][vc_row][vc_column][vc_btn title=&#8221;Contacte-nos&#8221; style=&#8221;flat&#8221; shape=&#8221;square&#8221; color=&#8221;black&#8221; align=&#8221;center&#8221; link=&#8221;url:%2Fpt%2Fcontacto%2F|title:Contact%20Standard%20industrie&#8221;][\/vc_column][\/vc_row]<\/p>\n","protected":false},"excerpt":{"rendered":"<p>[vc_row][vc_column][vc_empty_space][\/vc_column][\/vc_row][vc_row][vc_column][vc_column_text el_class=&#8221;gros-titre fort traits-gris-droite-gauche titre-gauche vc_sep_border_width_2 vc_separator wpb_content_element vc_separator_align_left vc_sep_width_100 vc_sep_pos_align_center vc_sep_color_grey vc_separator-has-text&#8221;] STANDARD INDUSTRIE INTERNATIONAL [\/vc_column_text][vc_column_text] Porque aderir a um sistema de gerenciamento de QSA<span class=\"excerpt-hellip\"> [\u2026]<\/span><\/p>\n","protected":false},"author":1,"featured_media":0,"parent":0,"menu_order":76,"comment_status":"closed","ping_status":"closed","template":"","meta":{"footnotes":""},"class_list":["post-16","page","type-page","status-publish","hentry"],"_links":{"self":[{"href":"https:\/\/www.standard-industrie.com\/pt\/wp-json\/wp\/v2\/pages\/16","targetHints":{"allow":["GET"]}}],"collection":[{"href":"https:\/\/www.standard-industrie.com\/pt\/wp-json\/wp\/v2\/pages"}],"about":[{"href":"https:\/\/www.standard-industrie.com\/pt\/wp-json\/wp\/v2\/types\/page"}],"author":[{"embeddable":true,"href":"https:\/\/www.standard-industrie.com\/pt\/wp-json\/wp\/v2\/users\/1"}],"replies":[{"embeddable":true,"href":"https:\/\/www.standard-industrie.com\/pt\/wp-json\/wp\/v2\/comments?post=16"}],"version-history":[{"count":0,"href":"https:\/\/www.standard-industrie.com\/pt\/wp-json\/wp\/v2\/pages\/16\/revisions"}],"wp:attachment":[{"href":"https:\/\/www.standard-industrie.com\/pt\/wp-json\/wp\/v2\/media?parent=16"}],"curies":[{"name":"wp","href":"https:\/\/api.w.org\/{rel}","templated":true}]}}