{"id":206,"date":"2014-05-30T14:27:11","date_gmt":"2014-05-30T13:27:11","guid":{"rendered":"https:\/\/www.standard-industrie.com\/pt\/?page_id=206"},"modified":"2025-06-04T10:47:35","modified_gmt":"2025-06-04T09:47:35","slug":"eliminacao-das-obstrucoes-e-concrecoes","status":"publish","type":"page","link":"https:\/\/www.standard-industrie.com\/pt\/eliminacao-das-obstrucoes-e-concrecoes\/","title":{"rendered":"ELIMINA\u00c7\u00c3O DAS OBSTRU\u00c7\u00d5ES E CONCRE\u00c7\u00d5ES"},"content":{"rendered":"<p>[vc_row][vc_column][vc_empty_space][vc_column_text el_class=&#8221;gros-titre fort trait-rouge traits-gris-droite-gauche titre-centre vc_separator wpb_content_element vc_separator_align_center vc_sep_width_100 vc_sep_border_width_2 vc_sep_pos_align_center vc_separator-has-text&#8221;]<\/p>\n<div class=\"vc_sep_holder vc_sep_holder_l\">\n<p class=\"vc_sep_line\" style=\"border-color: grey;\">\n<\/div>\n<h2>NOSSAS SOLU\u00c7\u00d5ES<\/h2>\n<div class=\"vc_sep_holder vc_sep_holder_r\">\n<p class=\"vc_sep_line\" style=\"border-color: grey;\">\n<\/div>\n<p>[\/vc_column_text][\/vc_column][\/vc_row][vc_row][vc_column width=&#8221;1\/4&#8243;][\/vc_column][vc_column width=&#8221;1\/2&#8243;][vc_column_text]Os canh\u00f5es de ar\u00a0<a href=\"\/pt\/airchoc-wireless\/\">AIRCHOC\u00ae<\/a><strong>\u00a0<\/strong>e<strong>\u00a0<\/strong><a href=\"\/pt\/macsys-wireless\/\">MACSYS<\/a>\u00a0da Standard Industrie permitem responder de maneira eficaz aos problemas de obstru\u00e7\u00f5es e concre\u00e7\u00f5es em suas unidades de armazenamento: desentupimento de silos, tremonhas, dep\u00f3sitos.<\/p>\n<p>As obstru\u00e7\u00f5es e concre\u00e7\u00f5es de seus silos e tremonhas podem ser resolvidas com efici\u00eancia combinando pot\u00eancia e inova\u00e7\u00e3o gra\u00e7as aos canh\u00f5es de ar\u00a0<a href=\"\/pt\/airchoc-wireless\/\">AIRCHOC\u00ae<\/a><strong>\u00a0<\/strong>e<strong>\u00a0<\/strong><a href=\"\/pt\/macsys-wireless\/\">MACSYS<\/a>\u00a0da Standard Industrie.[\/vc_column_text][vc_btn title=&#8221;BAIXE O FOLHETO&#8221; style=&#8221;custom&#8221; custom_background=&#8221;#c72f37&#8243; custom_text=&#8221;#ffffff&#8221; shape=&#8221;square&#8221; size=&#8221;sm&#8221; align=&#8221;center&#8221; link=&#8221;url:https%3A%2F%2Fwww.standard-industrie.com%2Fpt%2Fwp-content%2Fuploads%2Fsites%2F13%2F2023%2F04%2FBROCHURE_DECLOGGING_P-11042023.pdf|target:_blank&#8221;][\/vc_column][vc_column width=&#8221;1\/4&#8243;][\/vc_column][\/vc_row][vc_row content_placement=&#8221;bottom&#8221; disable_element=&#8221;yes&#8221; el_class=&#8221;range-5-block&#8221;][vc_column width=&#8221;1\/4&#8243;][vc_single_image image=&#8221;4561&#8243; img_size=&#8221;medium&#8221; onclick=&#8221;custom_link&#8221; el_class=&#8221;effect-slide-top-img-hover animation-trait-img-hover trait-rouge img-trait-titre&#8221; link=&#8221;\/canon-a-air-comprime-airchoc\/&#8221; title=&#8221;AIRCHOC\u00ae&#8221;][\/vc_column][vc_column width=&#8221;1\/4&#8243;][vc_single_image image=&#8221;4559&#8243; img_size=&#8221;medium&#8221; onclick=&#8221;custom_link&#8221; el_class=&#8221;effect-slide-top-img-hover animation-trait-img-hover trait-rouge img-trait-titre&#8221; link=&#8221;\/deflecteur-pour-canon-de-decolmatage\/&#8221; title=&#8221;DEFLETOR&#8221;][\/vc_column][vc_column width=&#8221;1\/4&#8243;][vc_single_image image=&#8221;4562&#8243; img_size=&#8221;medium&#8221; onclick=&#8221;custom_link&#8221; el_class=&#8221;effect-slide-top-img-hover animation-trait-img-hover trait-rouge img-trait-titre&#8221; link=&#8221;\/macsys-wireless\/&#8221; title=&#8221;MACSYS WIRELESS&#8221;][\/vc_column][vc_column width=&#8221;1\/4&#8243; el_class=&#8221;block-option&#8221;][vc_column_text el_class=&#8221;txt-option margin-zero&#8221;]En option :[\/vc_column_text][vc_single_image image=&#8221;4569&#8243; img_size=&#8221;medium&#8221; onclick=&#8221;custom_link&#8221; el_class=&#8221;effect-slide-top-img-hover animation-trait-img-hover trait-rouge img-trait-titre&#8221; link=&#8221;\/programme-de-maintenance-airchoc\/&#8221; title=&#8221;PROGRAMME DE MAINTENANCE AIRCHOC\u00ae&#8221;][\/vc_column][\/vc_row][vc_row content_placement=&#8221;bottom&#8221; el_class=&#8221;range-5-block&#8221;][vc_column width=&#8221;1\/4&#8243;][vc_single_image image=&#8221;4561&#8243; img_size=&#8221;medium&#8221; onclick=&#8221;custom_link&#8221; el_class=&#8221;effect-slide-top-img-hover animation-trait-img-hover trait-rouge img-trait-titre&#8221; link=&#8221;\/pt\/airchoc-wireless\/&#8221; title=&#8221;AIRCHOC\u00ae&#8221;][\/vc_column][vc_column width=&#8221;1\/4&#8243;][vc_single_image image=&#8221;4559&#8243; img_size=&#8221;medium&#8221; onclick=&#8221;custom_link&#8221; el_class=&#8221;effect-slide-top-img-hover animation-trait-img-hover trait-rouge img-trait-titre&#8221; link=&#8221;\/pt\/defletor\/&#8221; title=&#8221;ACESS\u00d3RIOS&#8221;][\/vc_column][vc_column width=&#8221;1\/4&#8243;][vc_single_image image=&#8221;4562&#8243; img_size=&#8221;medium&#8221; onclick=&#8221;custom_link&#8221; el_class=&#8221;effect-slide-top-img-hover animation-trait-img-hover trait-rouge img-trait-titre&#8221; link=&#8221;\/pt\/macsys-wireless\/&#8221; title=&#8221;MACSYS WIRELESS&#8221;][\/vc_column][vc_column width=&#8221;1\/4&#8243; el_class=&#8221;block-option&#8221;][\/vc_column][\/vc_row][vc_row content_placement=&#8221;bottom&#8221;][vc_column][vc_empty_space height=&#8221;30px&#8221;][\/vc_column][\/vc_row][vc_row][vc_column css_animation=&#8221;slideInLeft&#8221; width=&#8221;1\/2&#8243;][vc_column_text el_class=&#8221;titre titre-long fort trait-rouge traits-gris-droite-gauche titre-centre vc_separator wpb_content_element vc_separator_align_center vc_sep_width_100 vc_sep_border_width_2 vc_sep_pos_align_center vc_separator-has-text&#8221;]<\/p>\n<div class=\"vc_sep_holder vc_sep_holder_l\">\n<p class=\"vc_sep_line\" style=\"border-color: grey;\">\n<\/div>\n<h2 style=\"text-align: center;\">COMO FUNCIONAM OS CANH\u00d5ES AIRCHOC\u00ae E MACSYS?<\/h2>\n<div class=\"vc_sep_holder vc_sep_holder_r\">\n<p class=\"vc_sep_line\" style=\"border-color: grey;\">\n<\/div>\n<p>[\/vc_column_text][vc_column_text]O canh\u00e3o de ar libera um volume de ar sob press\u00e3o dentro de sua unidade de armazenamento e descola o ac\u00famulo de material.<\/p>\n<p>O dep\u00f3sito do canh\u00e3o de ar \u00e9 ligado a um compressor de ar.\u00a0<strong><a href=\"\/pt\/compressor-de-ar\/\" target=\"_blank\" rel=\"noopener\">Saber mais sobre o compressor de ar<\/a><\/strong>.<\/p>\n<p>Desta forma, os problemas de perdas de armazenamento ou de diminui\u00e7\u00e3o do fluxo de extra\u00e7\u00e3o s\u00e3o solucionados.<\/p>\n<p>O uso de um canh\u00e3o de ar\u00a0<a href=\"\/pt\/airchoc-wireless\/\">AIRCHOC\u00ae<\/a><strong>\u00a0<\/strong>e<strong>\u00a0<\/strong><a href=\"\/pt\/macsys-wireless\/\">MACSYS<\/a>\u00a0tamb\u00e9m permite estabilizar e melhorar seu processo industrial. Efetivamente, quando a desobstru\u00e7\u00e3o \u00e9 realizada tarde demais, pode causar uma perda de material (solidificado, por exemplo), uma contamina\u00e7\u00e3o ou fermenta\u00e7\u00e3o de produtos ou at\u00e9 uma interrup\u00e7\u00e3o tempor\u00e1ria da produ\u00e7\u00e3o.[\/vc_column_text][\/vc_column][vc_column css_animation=&#8221;slideInRight&#8221; width=&#8221;1\/2&#8243;][vc_empty_space height=&#8221;50px&#8221;][vc_column_text el_class=&#8221;titre titre-long fort trait-rouge traits-gris-droite-gauche titre-centre vc_separator wpb_content_element vc_separator_align_center vc_sep_width_100 vc_sep_border_width_2 vc_sep_pos_align_center vc_separator-has-text&#8221;]<\/p>\n<div class=\"vc_sep_holder vc_sep_holder_l\">\n<p class=\"vc_sep_line\" style=\"border-color: grey;\">\n<\/div>\n<h2 style=\"text-align: center;\">TIPOS DE OBSTRU\u00c7\u00d5ES ENCONTRADOS<\/h2>\n<div class=\"vc_sep_holder vc_sep_holder_r\">\n<p class=\"vc_sep_line\" style=\"border-color: grey;\">\n<\/div>\n<p>[\/vc_column_text][vc_images_carousel images=&#8221;6159,6160,6161,6162&#8243; img_size=&#8221;medium&#8221; mode=&#8221;vertical&#8221; hide_pagination_control=&#8221;yes&#8221; wrap=&#8221;yes&#8221;][\/vc_column][\/vc_row][vc_row][vc_column width=&#8221;1\/4&#8243;][\/vc_column][vc_column width=&#8221;1\/2&#8243;][vc_column_text el_class=&#8221;gros-titre fort trait-rouge traits-gris-droite-gauche titre-centre vc_separator wpb_content_element vc_separator_align_center vc_sep_width_100 vc_sep_border_width_2 vc_sep_pos_align_center vc_separator-has-text&#8221;]<\/p>\n<div class=\"vc_sep_holder vc_sep_holder_l\">\n<p class=\"vc_sep_line\" style=\"border-color: grey;\">\n<\/div>\n<h2 style=\"text-align: center;\">TIPOS DE OBSTRU\u00c7\u00d5ES ENCONTRADOS<\/h2>\n<div class=\"vc_sep_holder vc_sep_holder_r\">\n<p class=\"vc_sep_line\" style=\"border-color: grey;\">\n<\/div>\n<p>[\/vc_column_text][vc_single_image image=&#8221;6323&#8243; img_size=&#8221;full&#8221; alignment=&#8221;center&#8221;][\/vc_column][vc_column width=&#8221;1\/4&#8243;][\/vc_column][\/vc_row][vc_row][vc_column][vc_empty_space][vc_column_text el_class=&#8221;gros-titre fort trait-rouge traits-gris-droite-gauche titre-centre vc_separator wpb_content_element vc_separator_align_center vc_sep_width_100 vc_sep_border_width_2 vc_sep_pos_align_center vc_separator-has-text&#8221;]<\/p>\n<div class=\"vc_sep_holder vc_sep_holder_l\">\n<p class=\"vc_sep_line\" style=\"border-color: grey;\">\n<\/div>\n<h2 style=\"text-align: center;\">SEGURAN\u00c7A<\/h2>\n<div class=\"vc_sep_holder vc_sep_holder_r\">\n<p class=\"vc_sep_line\" style=\"border-color: grey;\">\n<\/div>\n<p>[\/vc_column_text][\/vc_column][\/vc_row][vc_row equal_height=&#8221;yes&#8221;][vc_column css_animation=&#8221;fadeInUp&#8221; offset=&#8221;vc_col-lg-6&#8243;][vc_row_inner][vc_column_inner offset=&#8221;vc_hidden-md vc_hidden-sm vc_hidden-xs&#8221;][vc_column_text]Com seu dep\u00f3sito galvanizado (dentro e fora) e a cabe\u00e7a em ferro fundido, o\u00a0<a href=\"\/pt\/airchoc-wireless\/\"><strong>AIRCHOC\u00ae<\/strong><\/a><strong>\u00a0<\/strong>e<strong>\u00a0<\/strong><a href=\"\/pt\/macsys-wireless\/\"><strong>o MACSYS<\/strong><\/a>\u00a0s\u00e3o solu\u00e7\u00f5es confi\u00e1veis com garantia de 3 anos. \u00a0 Adequados \u00e0s zonas ATEX ou altas temperaturas, os canh\u00f5es de ar Standard Industrie podem ser usados em v\u00e1rios produtos como:<\/p>\n<ul>\n<li>Carv\u00e3o, cimento, minerais diversos<\/li>\n<li>Areia de fundi\u00e7\u00e3o, areia de s\u00edlica<\/li>\n<li>Produtos qu\u00edmicos<\/li>\n<li>Alimenta\u00e7\u00e3o humana e animal<\/li>\n<\/ul>\n<p>[\/vc_column_text][vc_column_text][\/vc_column_text][\/vc_column_inner][\/vc_row_inner][\/vc_column][vc_column css_animation=&#8221;fadeInUpBig&#8221; offset=&#8221;vc_col-lg-6&#8243;][vc_row_inner][vc_column_inner][vc_column_text]<\/p>\n<h3><strong>SEM FIOS<\/strong><\/h3>\n<p>A tecnologia sem fios \u00abWireless\u00bb permite que voc\u00ea gerencie suas sequ\u00eancias de disparos \u00e0 dist\u00e2ncia minimizando os custos de instala\u00e7\u00e3o:<\/p>\n<ul>\n<li>Manualmente, gra\u00e7as a um controle remoto sem fios<\/li>\n<li>Automaticamente: disparo c\u00edclico gerado por um software de supervis\u00e3o<\/li>\n<\/ul>\n<p>[\/vc_column_text][vc_btn title=&#8221;Veja detalhadamente nossa tecnologia sem fios&#8221; style=&#8221;custom&#8221; custom_background=&#8221;#c72f37&#8243; custom_text=&#8221;#ffffff&#8221; shape=&#8221;square&#8221; size=&#8221;sm&#8221; link=&#8221;url:%2Fpt%2Fairchoc-wireless%2F|target:_blank&#8221;][vc_column_text]<\/p>\n<h3><b>MANUTEN\u00c7\u00c3O<\/b><\/h3>\n<p>[\/vc_column_text][vc_btn title=&#8221;Conhe\u00e7a os pr\u00e9-requisitos para um funcionamento correto do AIRCHOC\u00ae&#8221; style=&#8221;custom&#8221; custom_background=&#8221;#c72f37&#8243; custom_text=&#8221;#ffffff&#8221; shape=&#8221;square&#8221; size=&#8221;sm&#8221; link=&#8221;url:https%3A%2F%2Fpt.standard-industrie.com%2Fmanutencao-airchoc%2F&#8221;][\/vc_column_inner][\/vc_row_inner][\/vc_column][\/vc_row]<\/p>\n","protected":false},"excerpt":{"rendered":"<p>[vc_row][vc_column][vc_empty_space][vc_column_text el_class=&#8221;gros-titre fort trait-rouge traits-gris-droite-gauche titre-centre vc_separator wpb_content_element vc_separator_align_center vc_sep_width_100 vc_sep_border_width_2 vc_sep_pos_align_center vc_separator-has-text&#8221;] NOSSAS SOLU\u00c7\u00d5ES [\/vc_column_text][\/vc_column][\/vc_row][vc_row][vc_column width=&#8221;1\/4&#8243;][\/vc_column][vc_column width=&#8221;1\/2&#8243;][vc_column_text]Os canh\u00f5es de ar\u00a0AIRCHOC\u00ae\u00a0e\u00a0MACSYS\u00a0da Standard Industrie permitem responder de<span class=\"excerpt-hellip\"> [\u2026]<\/span><\/p>\n","protected":false},"author":1,"featured_media":0,"parent":0,"menu_order":57,"comment_status":"closed","ping_status":"closed","template":"single-airchoc.php","meta":{"footnotes":""},"class_list":["post-206","page","type-page","status-publish","hentry"],"_links":{"self":[{"href":"https:\/\/www.standard-industrie.com\/pt\/wp-json\/wp\/v2\/pages\/206","targetHints":{"allow":["GET"]}}],"collection":[{"href":"https:\/\/www.standard-industrie.com\/pt\/wp-json\/wp\/v2\/pages"}],"about":[{"href":"https:\/\/www.standard-industrie.com\/pt\/wp-json\/wp\/v2\/types\/page"}],"author":[{"embeddable":true,"href":"https:\/\/www.standard-industrie.com\/pt\/wp-json\/wp\/v2\/users\/1"}],"replies":[{"embeddable":true,"href":"https:\/\/www.standard-industrie.com\/pt\/wp-json\/wp\/v2\/comments?post=206"}],"version-history":[{"count":0,"href":"https:\/\/www.standard-industrie.com\/pt\/wp-json\/wp\/v2\/pages\/206\/revisions"}],"wp:attachment":[{"href":"https:\/\/www.standard-industrie.com\/pt\/wp-json\/wp\/v2\/media?parent=206"}],"curies":[{"name":"wp","href":"https:\/\/api.w.org\/{rel}","templated":true}]}}