{"id":2088,"date":"2016-06-20T10:49:06","date_gmt":"2016-06-20T09:49:06","guid":{"rendered":"https:\/\/www.standard-industrie.com\/pt\/?page_id=2088"},"modified":"2024-10-04T16:07:36","modified_gmt":"2024-10-04T15:07:36","slug":"maquinas-de-succao-de-segunda-mao","status":"publish","type":"page","link":"https:\/\/www.standard-industrie.com\/pt\/maquinas-de-succao-de-segunda-mao\/","title":{"rendered":"M\u00e1quinas de suc\u00e7\u00e3o de segunda m\u00e3o"},"content":{"rendered":"<p>[vc_row][vc_column css=&#8221;.vc_custom_1668767480700{margin-top: 10px !important;}&#8221;][vc_column_text el_class=&#8221;btn-retour txt-rouge&#8221;]<\/p>\n<div class=\"vc_sep_holder vc_sep_holder_l\">\n<p class=\"vc_sep_line\" style=\"border-color: grey;\"><a href=\"\/nettoyage-industriel-aspiration\/\">Limpeza industrial por aspira\u00e7\u00e3o<\/a><\/p>\n<\/div>\n<p>[\/vc_column_text][\/vc_column][\/vc_row][vc_row][vc_column][vc_empty_space][vc_column_text el_class=&#8221;gros-titre fort trait-rouge traits-gris-droite-gauche titre-centre vc_separator wpb_content_element vc_separator_align_center vc_sep_width_100 vc_sep_border_width_2 vc_sep_pos_align_center vc_separator-has-text&#8221;]<\/p>\n<div class=\"vc_sep_holder vc_sep_holder_l\">\n<p class=\"vc_sep_line\" style=\"border-color: grey;\">\n<\/div>\n<h2 style=\"text-align: center;\">ASPIRADOR INDUSTRIAL PAD<\/h2>\n<div class=\"vc_sep_holder vc_sep_holder_r\">\n<p class=\"vc_sep_line\" style=\"border-color: grey;\">\n<\/div>\n<p>[\/vc_column_text][\/vc_column][\/vc_row][vc_row el_class=&#8221;invert-block&#8221;][vc_column width=&#8221;1\/2&#8243;][vc_column_text el_class=&#8221;gros-titre fort trait-rouge traits-gris-droite-gauche titre-gauche vc_sep_border_width_2 vc_separator wpb_content_element vc_separator_align_left vc_sep_width_100 vc_sep_pos_align_center vc_sep_color_grey vc_separator-has-text&#8221;]<\/p>\n<div class=\"vc_sep_holder vc_sep_holder_l\">\n<p class=\"vc_sep_line\" style=\"border-color: grey;\">\n<\/div>\n<h2>OCAPAD 49503<\/h2>\n<div class=\"vc_sep_holder vc_sep_holder_r\">\n<p class=\"vc_sep_line\" style=\"border-color: grey;\">\n<\/div>\n<p>[\/vc_column_text][vc_column_text]O aspirador industrial sobre rodas PAD oferece-lhe simultaneamente uma capacidade de aspira\u00e7\u00e3o industrial e uma mobilidade garantida nas suas linhas de produ\u00e7\u00e3o.<\/p>\n<p>Aplica\u00e7\u00e3o: Limpeza<br \/>\nAcionamento: El\u00e9trico 4 KW trif\u00e1sico 400v<br \/>\nRecolha : Contentor<br \/>\nOperadores : At\u00e9 2<br \/>\nCaudal de ar: 520 m\u00b3\/h<br \/>\nV\u00e1cuo : 2 990 mm CE<br \/>\nCapacidade de recolha: 80 L<br \/>\nTamanho das part\u00edculas : At\u00e9 30 mm<br \/>\nDi\u00e2metro nominal de aspira\u00e7\u00e3o : 70 mm[\/vc_column_text][vc_btn title=&#8221;Para mais informa\u00e7\u00f5es, contacte-nos&#8221; style=&#8221;flat&#8221; shape=&#8221;square&#8221; align=&#8221;left&#8221; i_icon_fontawesome=&#8221;fas fa-file-pdf&#8221; add_icon=&#8221;true&#8221; link=&#8221;url:https%3A%2F%2Fwww.standard-industrie.com%2Fpt%2Fcontacto%2F|title:Machines%20d%E2%80%99aspiration%20d%E2%80%99occasion&#8221; el_class=&#8221;btn-vert btn-animation&#8221;][\/vc_column][vc_column width=&#8221;1\/2&#8243;][vc_single_image image=&#8221;6432&#8243; img_size=&#8221;large&#8221; alignment=&#8221;center&#8221;][vc_empty_space][\/vc_column][\/vc_row][vc_row][vc_column][vc_empty_space height=&#8221;80px&#8221;][vc_column_text el_class=&#8221;gros-titre fort trait-rouge traits-gris-droite-gauche titre-centre vc_separator wpb_content_element vc_separator_align_center vc_sep_width_100 vc_sep_border_width_2 vc_sep_pos_align_center vc_separator-has-text&#8221;]<\/p>\n<div class=\"vc_sep_holder vc_sep_holder_l\">\n<p class=\"vc_sep_line\" style=\"border-color: grey;\">\n<\/div>\n<h2 style=\"text-align: center;\">ASPIRADOR INDUSTRIAL PAD<\/h2>\n<div class=\"vc_sep_holder vc_sep_holder_r\">\n<p class=\"vc_sep_line\" style=\"border-color: grey;\">\n<\/div>\n<p>[\/vc_column_text][\/vc_column][\/vc_row][vc_row el_class=&#8221;invert-block&#8221;][vc_column width=&#8221;1\/2&#8243;][vc_single_image image=&#8221;6433&#8243; img_size=&#8221;large&#8221; alignment=&#8221;center&#8221;][vc_empty_space][\/vc_column][vc_column width=&#8221;1\/2&#8243;][vc_column_text el_class=&#8221;gros-titre fort trait-rouge traits-gris-droite-gauche titre-gauche vc_sep_border_width_2 vc_separator wpb_content_element vc_separator_align_left vc_sep_width_100 vc_sep_pos_align_center vc_sep_color_grey vc_separator-has-text&#8221;]<\/p>\n<div class=\"vc_sep_holder vc_sep_holder_l\">\n<p class=\"vc_sep_line\" style=\"border-color: grey;\">\n<\/div>\n<h2>OCAPAD 52629<\/h2>\n<div class=\"vc_sep_holder vc_sep_holder_r\">\n<p class=\"vc_sep_line\" style=\"border-color: grey;\">\n<\/div>\n<p>[\/vc_column_text][vc_column_text]O aspirador industrial sobre rodas PAD oferece-lhe simultaneamente uma capacidade de aspira\u00e7\u00e3o industrial e uma mobilidade garantida nas suas linhas de produ\u00e7\u00e3o.<\/p>\n<p>Aplica\u00e7\u00e3o: Limpeza<br \/>\nAcionamento: El\u00e9trico 5,5 kW trif\u00e1sico 400v<br \/>\nRecolha : Contentor<br \/>\nOperadores : At\u00e9 2<br \/>\nCaudal de ar: 672 m\u00b3\/h<br \/>\nV\u00e1cuo : 3 100 mm CE<br \/>\nCapacidade de recolha: 90 L<br \/>\nTamanho das part\u00edculas : At\u00e9 30 mm<br \/>\nDi\u00e2metro nominal de aspira\u00e7\u00e3o : 100 mm[\/vc_column_text][vc_btn title=&#8221;Para mais informa\u00e7\u00f5es, contacte-nos&#8221; style=&#8221;flat&#8221; shape=&#8221;square&#8221; align=&#8221;left&#8221; i_icon_fontawesome=&#8221;fas fa-file-pdf&#8221; add_icon=&#8221;true&#8221; link=&#8221;url:https%3A%2F%2Fwww.standard-industrie.com%2Fpt%2Fcontacto%2F|title:Machines%20d%E2%80%99aspiration%20d%E2%80%99occasion&#8221; el_class=&#8221;btn-vert btn-animation&#8221;][\/vc_column][\/vc_row][vc_row][vc_column][vc_empty_space][vc_column_text el_class=&#8221;gros-titre fort trait-rouge traits-gris-droite-gauche titre-centre vc_separator wpb_content_element vc_separator_align_center vc_sep_width_100 vc_sep_border_width_2 vc_sep_pos_align_center vc_separator-has-text&#8221;]<\/p>\n<div class=\"vc_sep_holder vc_sep_holder_l\">\n<p class=\"vc_sep_line\" style=\"border-color: grey;\">\n<\/div>\n<h2 style=\"text-align: center;\">ASPIRADOR INDUSTRIAL PAD<\/h2>\n<div class=\"vc_sep_holder vc_sep_holder_r\">\n<p class=\"vc_sep_line\" style=\"border-color: grey;\">\n<\/div>\n<p>[\/vc_column_text][\/vc_column][\/vc_row][vc_row el_class=&#8221;invert-block&#8221;][vc_column width=&#8221;1\/2&#8243;][vc_column_text el_class=&#8221;gros-titre fort trait-rouge traits-gris-droite-gauche titre-gauche vc_sep_border_width_2 vc_separator wpb_content_element vc_separator_align_left vc_sep_width_100 vc_sep_pos_align_center vc_sep_color_grey vc_separator-has-text&#8221;]<\/p>\n<div class=\"vc_sep_holder vc_sep_holder_l\">\n<p class=\"vc_sep_line\" style=\"border-color: grey;\">\n<\/div>\n<h2>OCAPAD 50720<\/h2>\n<div class=\"vc_sep_holder vc_sep_holder_r\">\n<p class=\"vc_sep_line\" style=\"border-color: grey;\">\n<\/div>\n<p>[\/vc_column_text][vc_column_text]O aspirador industrial sobre rodas PAD oferece-lhe simultaneamente uma capacidade de aspira\u00e7\u00e3o industrial e uma mobilidade garantida nas suas linhas de produ\u00e7\u00e3o.<\/p>\n<p>Aplica\u00e7\u00e3o: Limpeza<br \/>\nAcionamento: El\u00e9trico 2,2KW trif\u00e1sico 230\/400v<br \/>\nRecolha : Contentor<br \/>\nOperadores : At\u00e9 2<br \/>\nCaudal de ar: 340 m\u00b3\/h<br \/>\nV\u00e1cuo: 2650 mm wc<br \/>\nCapacidade de recolha: 80 L<br \/>\nTamanho das part\u00edculas : At\u00e9 30 mm<br \/>\nDi\u00e2metro nominal de aspira\u00e7\u00e3o : 70 mm[\/vc_column_text][vc_btn title=&#8221;Para mais informa\u00e7\u00f5es, contacte-nos&#8221; style=&#8221;flat&#8221; shape=&#8221;square&#8221; align=&#8221;left&#8221; i_icon_fontawesome=&#8221;fas fa-file-pdf&#8221; add_icon=&#8221;true&#8221; link=&#8221;url:https%3A%2F%2Fwww.standard-industrie.com%2Fpt%2Fcontacto%2F|title:Machines%20d%E2%80%99aspiration%20d%E2%80%99occasion&#8221; el_class=&#8221;btn-vert btn-animation&#8221;][\/vc_column][vc_column width=&#8221;1\/2&#8243;][vc_single_image image=&#8221;5031&#8243; img_size=&#8221;large&#8221; alignment=&#8221;center&#8221;][vc_empty_space][\/vc_column][\/vc_row]<\/p>\n","protected":false},"excerpt":{"rendered":"<p>[vc_row][vc_column css=&#8221;.vc_custom_1668767480700{margin-top: 10px !important;}&#8221;][vc_column_text el_class=&#8221;btn-retour txt-rouge&#8221;] Limpeza industrial por aspira\u00e7\u00e3o [\/vc_column_text][\/vc_column][\/vc_row][vc_row][vc_column][vc_empty_space][vc_column_text el_class=&#8221;gros-titre fort trait-rouge traits-gris-droite-gauche titre-centre vc_separator wpb_content_element vc_separator_align_center vc_sep_width_100 vc_sep_border_width_2 vc_sep_pos_align_center vc_separator-has-text&#8221;] ASPIRADOR INDUSTRIAL PAD<span class=\"excerpt-hellip\"> [\u2026]<\/span><\/p>\n","protected":false},"author":1,"featured_media":0,"parent":0,"menu_order":70,"comment_status":"closed","ping_status":"closed","template":"single-nettoyage-industriel-aspiration-light.php","meta":{"footnotes":""},"class_list":["post-2088","page","type-page","status-publish","hentry"],"_links":{"self":[{"href":"https:\/\/www.standard-industrie.com\/pt\/wp-json\/wp\/v2\/pages\/2088","targetHints":{"allow":["GET"]}}],"collection":[{"href":"https:\/\/www.standard-industrie.com\/pt\/wp-json\/wp\/v2\/pages"}],"about":[{"href":"https:\/\/www.standard-industrie.com\/pt\/wp-json\/wp\/v2\/types\/page"}],"author":[{"embeddable":true,"href":"https:\/\/www.standard-industrie.com\/pt\/wp-json\/wp\/v2\/users\/1"}],"replies":[{"embeddable":true,"href":"https:\/\/www.standard-industrie.com\/pt\/wp-json\/wp\/v2\/comments?post=2088"}],"version-history":[{"count":0,"href":"https:\/\/www.standard-industrie.com\/pt\/wp-json\/wp\/v2\/pages\/2088\/revisions"}],"wp:attachment":[{"href":"https:\/\/www.standard-industrie.com\/pt\/wp-json\/wp\/v2\/media?parent=2088"}],"curies":[{"name":"wp","href":"https:\/\/api.w.org\/{rel}","templated":true}]}}