{"id":2886,"date":"2018-04-05T10:15:55","date_gmt":"2018-04-05T09:15:55","guid":{"rendered":"https:\/\/www.standard-industrie.com\/pt\/?page_id=2886"},"modified":"2025-06-05T11:08:47","modified_gmt":"2025-06-05T10:08:47","slug":"limpeza-industrial","status":"publish","type":"page","link":"https:\/\/www.standard-industrie.com\/pt\/limpeza-industrial\/","title":{"rendered":"Limpeza industrial"},"content":{"rendered":"<p>[vc_row][vc_column css=&#8221;.vc_custom_1668767480700{margin-top: 10px !important;}&#8221;][vc_column_text el_class=&#8221;btn-retour txt-rouge&#8221;]<\/p>\n<div class=\"vc_sep_holder vc_sep_holder_l\">\n<p class=\"vc_sep_line\" style=\"border-color: grey;\"><a href=\"https:\/\/www.standard-industrie.com\/pt\/limpeza-industrial-por-aspiracao\/\">&lt; Limpeza industrial por aspira\u00e7\u00e3o<\/a><a href=\"\/nettoyage-industriel-aspiration\/\"><br \/>\n<\/a><\/p>\n<\/div>\n<p>[\/vc_column_text][\/vc_column][\/vc_row][vc_row][vc_column][vc_empty_space][vc_column_text el_class=&#8221;gros-titre fort trait-rouge traits-gris-droite-gauche titre-centre vc_separator wpb_content_element vc_separator_align_center vc_sep_width_100 vc_sep_border_width_2 vc_sep_pos_align_center vc_separator-has-text&#8221;]<\/p>\n<div class=\"vc_sep_holder vc_sep_holder_l\">\n<p class=\"vc_sep_line\" style=\"border-color: grey;\">\n<\/div>\n<h2 style=\"text-align: center;\">O QUE \u00c9 LIMPEZA INDUSTRIAL?<\/h2>\n<div class=\"vc_sep_holder vc_sep_holder_r\">\n<p class=\"vc_sep_line\" style=\"border-color: grey;\">\n<\/div>\n<p>[\/vc_column_text][\/vc_column][\/vc_row][vc_row el_class=&#8221;invert-block&#8221;][vc_column width=&#8221;1\/2&#8243;][vc_column_text]Devemos distinguir diferentes empresas de limpeza para refinar este setor. Algumas empresas de limpeza s\u00e3o especializadas na limpeza de locais ou mesmo em sua manuten\u00e7\u00e3o no que se refere, por exemplo, \u00e0 desinfec\u00e7\u00e3o ou descontamina\u00e7\u00e3o: s\u00e3o empresas de limpeza ou de servi\u00e7os de limpeza. Outras s\u00e3o especializadas na limpeza de dep\u00f3sitos, ou ainda de tapetes, e estas s\u00e3o incorporadas no setor dito terci\u00e1rio. Usam agentes de limpeza cuja miss\u00e3o \u00e9 limpar os locais. Ainda que equiparadas \u00e0 limpeza industrial, estas empresas de limpeza diferem, no entanto, da limpeza industrial propriamente dita.<\/p>\n<p>Efetivamente, a limpeza industrial est\u00e1 direcionada mais\u00a0para\u00a0<a href=\"\/pt\/limpeza-industrial-por-aspiracao\/\">a limpeza das instala\u00e7\u00f5es industriais\u00a0<\/a>, ou at\u00e9 mesmo da agroalimentar e de outros setores de atividades pr\u00f3ximos da ind\u00fastria. Podem ser especializadas em limpeza ap\u00f3s sinistro, por exemplo, e usam ferramentas de limpeza profissionais, como equipamento de limpeza a vapor, ferramentas de desobstru\u00e7\u00e3o se a f\u00e1brica sinistrada possuir silos. \u00c0s vezes, \u00e9 necess\u00e1rio<a href=\"\/pt\/eliminacao-das-obstrucoes-e-concrecoes\/\">\u00a0ar comprimido para fazer girar as ferramentas de desobstru\u00e7\u00e3o\u00a0<\/a>ou de decapagem. Outras est\u00e3o inseridas no setor de limpeza industrial pura, o setor em que as ind\u00fastrias exigem uma limpeza di\u00e1ria.[\/vc_column_text][\/vc_column][vc_column width=&#8221;1\/2&#8243;][vc_single_image image=&#8221;5101&#8243; img_size=&#8221;full&#8221; alignment=&#8221;center&#8221;][\/vc_column][\/vc_row][vc_row][vc_column][vc_empty_space][vc_column_text el_class=&#8221;gros-titre fort trait-rouge traits-gris-droite-gauche titre-centre vc_separator wpb_content_element vc_separator_align_center vc_sep_width_100 vc_sep_border_width_2 vc_sep_pos_align_center vc_separator-has-text&#8221;]<\/p>\n<div class=\"vc_sep_holder vc_sep_holder_l\">\n<p class=\"vc_sep_line\" style=\"border-color: grey;\">\n<\/div>\n<h2 style=\"text-align: center;\">QUAL M\u00c1QUINA QUE DEVE SER USADA NA LIMPEZA INDUSTRIAL?<\/h2>\n<div class=\"vc_sep_holder vc_sep_holder_r\">\n<p class=\"vc_sep_line\" style=\"border-color: grey;\">\n<\/div>\n<p>[\/vc_column_text][\/vc_column][\/vc_row][vc_row el_class=&#8221;invert-block&#8221;][vc_column width=&#8221;1\/4&#8243;][\/vc_column][vc_column width=&#8221;1\/2&#8243;][vc_column_text]Para responder \u00e0s necessidades de seus clientes, estes agentes de limpeza industrial dever\u00e3o, em alguns casos, possuir m\u00e1quinas de aspira\u00e7\u00e3o desde o pequeno aspirador m\u00f3vel ao\u00a0<a href=\"\/pt\/limpeza-industrial-por-aspiracao\/\">caminh\u00e3o de aspira\u00e7\u00e3o<\/a>.<\/p>\n<p>A linha destes equipamentos de aspira\u00e7\u00e3o \u00e9 muito vasta e algumas empresas s\u00e3o especializadas nesta \u00e1rea. O mercado de limpeza industrial \u00e9 crescente e estrito. Al\u00e9m disso, os equipamentos de limpeza devem cumprir, atualmente, os requisitos acrescidos das f\u00e1bricas em termos de resultados. Para uma limpeza mais r\u00e1pida e eficiente,\u00a0<a href=\"\/pt\/limpeza-industrial-por-aspiracao\/\">os equipamentos de aspira\u00e7\u00e3o<\/a>\u00a0oferecem respostas adequadas \u00e0s exig\u00eancias espec\u00edficas da limpeza industrial. Quanto maior \u00e9 a f\u00e1brica maior \u00e9 a necessidade de limpeza industrial e as exig\u00eancias dos desempenhos previstos ser\u00e3o consequentes. Para isso, as f\u00e1bricas devem possuir um caminh\u00e3o de aspira\u00e7\u00e3o que colocar\u00e3o \u00e0 disposi\u00e7\u00e3o dos operadores da empresa de limpeza externa ou exigir que a empresa de limpeza possua um caminh\u00e3o de aspira\u00e7\u00e3o.<\/p>\n<p>n.[\/vc_column_text][\/vc_column][vc_column width=&#8221;1\/4&#8243;][\/vc_column][\/vc_row][vc_row][vc_column css=&#8221;.vc_custom_1668767480700{margin-top: 10px !important;}&#8221;][vc_column_text el_class=&#8221;btn-retour txt-rouge&#8221;]<\/p>\n<div class=\"vc_sep_holder vc_sep_holder_l\">\n<p class=\"vc_sep_line\" style=\"border-color: grey;\"><a href=\"https:\/\/www.standard-industrie.com\/pt\/limpeza-industrial-por-aspiracao\/\">&lt; Limpeza industrial por aspira\u00e7\u00e3o<\/a><\/p>\n<\/div>\n<p>[\/vc_column_text][\/vc_column][\/vc_row]<\/p>\n","protected":false},"excerpt":{"rendered":"<p>[vc_row][vc_column css=&#8221;.vc_custom_1668767480700{margin-top: 10px !important;}&#8221;][vc_column_text el_class=&#8221;btn-retour txt-rouge&#8221;] &lt; Limpeza industrial por aspira\u00e7\u00e3o [\/vc_column_text][\/vc_column][\/vc_row][vc_row][vc_column][vc_empty_space][vc_column_text el_class=&#8221;gros-titre fort trait-rouge traits-gris-droite-gauche titre-centre vc_separator wpb_content_element vc_separator_align_center vc_sep_width_100 vc_sep_border_width_2 vc_sep_pos_align_center vc_separator-has-text&#8221;] O QUE<span class=\"excerpt-hellip\"> [\u2026]<\/span><\/p>\n","protected":false},"author":1,"featured_media":0,"parent":0,"menu_order":44,"comment_status":"closed","ping_status":"closed","template":"single-nettoyage-industriel-aspiration.php","meta":{"footnotes":""},"class_list":["post-2886","page","type-page","status-publish","hentry"],"_links":{"self":[{"href":"https:\/\/www.standard-industrie.com\/pt\/wp-json\/wp\/v2\/pages\/2886","targetHints":{"allow":["GET"]}}],"collection":[{"href":"https:\/\/www.standard-industrie.com\/pt\/wp-json\/wp\/v2\/pages"}],"about":[{"href":"https:\/\/www.standard-industrie.com\/pt\/wp-json\/wp\/v2\/types\/page"}],"author":[{"embeddable":true,"href":"https:\/\/www.standard-industrie.com\/pt\/wp-json\/wp\/v2\/users\/1"}],"replies":[{"embeddable":true,"href":"https:\/\/www.standard-industrie.com\/pt\/wp-json\/wp\/v2\/comments?post=2886"}],"version-history":[{"count":0,"href":"https:\/\/www.standard-industrie.com\/pt\/wp-json\/wp\/v2\/pages\/2886\/revisions"}],"wp:attachment":[{"href":"https:\/\/www.standard-industrie.com\/pt\/wp-json\/wp\/v2\/media?parent=2886"}],"curies":[{"name":"wp","href":"https:\/\/api.w.org\/{rel}","templated":true}]}}