{"id":2904,"date":"2018-04-05T13:10:00","date_gmt":"2018-04-05T12:10:00","guid":{"rendered":"https:\/\/www.standard-industrie.com\/pt\/?page_id=2904"},"modified":"2025-06-05T11:11:55","modified_gmt":"2025-06-05T10:11:55","slug":"compressor-de-ar","status":"publish","type":"page","link":"https:\/\/www.standard-industrie.com\/pt\/compressor-de-ar\/","title":{"rendered":"COMPRESSOR DE AR"},"content":{"rendered":"<p>[vc_row][vc_column css=&#8221;.vc_custom_1668767480700{margin-top: 10px !important;}&#8221;][vc_column_text el_class=&#8221;btn-retour txt-rouge&#8221;]<\/p>\n<div class=\"vc_sep_holder vc_sep_holder_l\">\n<p class=\"vc_sep_line\" style=\"border-color: grey;\"><a href=\"\/pt\/eliminacao-das-obstrucoes-e-concrecoes\/\">&lt; Elimina\u00e7\u00e3o de entupimentos e concre\u00e7\u00f5es<\/a><\/p>\n<\/div>\n<p>[\/vc_column_text][\/vc_column][\/vc_row][vc_row][vc_column][vc_empty_space][vc_column_text el_class=&#8221;gros-titre fort trait-rouge traits-gris-droite-gauche titre-centre vc_separator wpb_content_element vc_separator_align_center vc_sep_width_100 vc_sep_border_width_2 vc_sep_pos_align_center vc_separator-has-text&#8221;]<\/p>\n<div class=\"vc_sep_holder vc_sep_holder_l\">\n<p class=\"vc_sep_line\" style=\"border-color: grey;\">\n<\/div>\n<h2 style=\"text-align: center;\">Funcionamento, utilidade e usos?<\/h2>\n<div class=\"vc_sep_holder vc_sep_holder_r\">\n<p class=\"vc_sep_line\" style=\"border-color: grey;\">\n<\/div>\n<p>[\/vc_column_text][\/vc_column][\/vc_row][vc_row el_class=&#8221;invert-block&#8221;][vc_column width=&#8221;1\/2&#8243;][vc_column_text]A escolha de um compressor de ar deve ser feita tendo em considera\u00e7\u00e3o:<\/p>\n<ul>\n<li>O uso do ar comprimido, mas tamb\u00e9m seus princ\u00edpios<\/li>\n<li>Seu funcionamento: motor, pot\u00eancia, capacidade, etc.<\/li>\n<\/ul>\n<p><em>H\u00e1 dois tipos de mecanismos nos compressores, compressores de parafuso e compressores de pist\u00e3o. Os dois s\u00e3o igualmente adequados tanto a compressores profissionais como particulares.<\/em>[\/vc_column_text][\/vc_column][vc_column width=&#8221;1\/2&#8243;][vc_single_image image=&#8221;5096&#8243; img_size=&#8221;medium&#8221; alignment=&#8221;center&#8221;][vc_empty_space][\/vc_column][\/vc_row][vc_row][vc_column css_animation=&#8221;slideInLeft&#8221; width=&#8221;1\/2&#8243;][vc_column_text el_class=&#8221;titre titre-long fort trait-rouge traits-gris-droite-gauche titre-centre vc_separator wpb_content_element vc_separator_align_center vc_sep_width_100 vc_sep_border_width_2 vc_sep_pos_align_center vc_separator-has-text&#8221;]<\/p>\n<div class=\"vc_sep_holder vc_sep_holder_l\">\n<p class=\"vc_sep_line\" style=\"border-color: grey;\">\n<\/div>\n<h2 style=\"text-align: center;\">COMPRESSOR DE PARAFUSO: O MAIS COMUM, MAS O MAIS CARO<\/h2>\n<div class=\"vc_sep_holder vc_sep_holder_r\">\n<p class=\"vc_sep_line\" style=\"border-color: grey;\">\n<\/div>\n<p>[\/vc_column_text][vc_column_text]O compressor de parafuso \u00e9 o sistema mais usado pelo grande p\u00fablico. A compress\u00e3o de ar \u00e9 realizada pela rota\u00e7\u00e3o dos dois rotores de um parafuso. Por um lado, o compressor aspira o ar atrav\u00e9s da rota\u00e7\u00e3o dos parafusos, pelo outro, o ar \u00e9 liberado sob press\u00e3o. O pequeno tamanho dos compressores de parafuso torna seu uso mais pr\u00e1tico, principalmente para os compressores port\u00e1teis ou sem fios (exemplo: enchimento dos pneus do carro). Tamb\u00e9m s\u00e3o os mais caros do mercado. Seu alto pre\u00e7o pode levar os compradores a escolher compressores em segunda m\u00e3o para economizarem.[\/vc_column_text][\/vc_column][vc_column css_animation=&#8221;slideInRight&#8221; width=&#8221;1\/2&#8243;][vc_empty_space height=&#8221;50px&#8221;][vc_column_text el_class=&#8221;titre titre-long fort trait-rouge traits-gris-droite-gauche titre-centre vc_separator wpb_content_element vc_separator_align_center vc_sep_width_100 vc_sep_border_width_2 vc_sep_pos_align_center vc_separator-has-text&#8221;]<\/p>\n<div class=\"vc_sep_holder vc_sep_holder_l\">\n<p class=\"vc_sep_line\" style=\"border-color: grey;\">\n<\/div>\n<h2 style=\"text-align: center;\">COMPRESSOR DE PIST\u00c3O: PRINCIPALMENTE NO SETOR INDUSTRIAL, PARTICULARMENTE PARA O G\u00c1S<\/h2>\n<div class=\"vc_sep_holder vc_sep_holder_r\">\n<p class=\"vc_sep_line\" style=\"border-color: grey;\">\n<\/div>\n<p>[\/vc_column_text][vc_column_text]Acionados por um motor, os pist\u00f5es realizam um movimento para a frente e para tr\u00e1s atrav\u00e9s dos cilindros equipados com v\u00e1lvulas antirretorno. \u00c9 este movimento que cria a compress\u00e3o do ar. Os compressores de pist\u00e3o s\u00e3o usados principalmente no setor industrial e podem comprimir gases de forma est\u00e1vel (Compressores ABAC por exemplo).<\/p>\n<p><strong>O tipo de alimenta\u00e7\u00e3o do motor influencia o funcionamento e o uso dos compressores. H\u00e1 dois tipos de motores: el\u00e9trico ou t\u00e9rmico.<\/strong>[\/vc_column_text][\/vc_column][\/vc_row][vc_row][vc_column css_animation=&#8221;slideInLeft&#8221; width=&#8221;1\/2&#8243;][vc_column_text el_class=&#8221;titre titre-long fort trait-rouge traits-gris-droite-gauche titre-centre vc_separator wpb_content_element vc_separator_align_center vc_sep_width_100 vc_sep_border_width_2 vc_sep_pos_align_center vc_separator-has-text&#8221;]<\/p>\n<div class=\"vc_sep_holder vc_sep_holder_l\">\n<p class=\"vc_sep_line\" style=\"border-color: grey;\">\n<\/div>\n<h2 style=\"text-align: center;\">COMPRESSOR EL\u00c9TRICO: O MAIS SIMPLES<\/h2>\n<div class=\"vc_sep_holder vc_sep_holder_r\">\n<p class=\"vc_sep_line\" style=\"border-color: grey;\">\n<\/div>\n<p>[\/vc_column_text][vc_column_text]O modelo mais barato e mais pr\u00e1tico de usar \u00e9 o compressor el\u00e9trico. Em compensa\u00e7\u00e3o, n\u00e3o pode ser usado em um canteiro de obras. Deve estar permanentemente ligado a uma fonte de alimenta\u00e7\u00e3o.<\/p>\n<p>O compressor el\u00e9trico serve, por exemplo, para trabalhos de:<\/p>\n<ul>\n<li><b>Areia: pistola de jato de areia<\/b><\/li>\n<li><b>Pintura: aerografia e pistola de pintura<\/b><\/li>\n<li><b>Enchimento: pistola atrav\u00e9s de acoplamento r\u00e1pido<\/b><\/li>\n<\/ul>\n<p>[\/vc_column_text][\/vc_column][vc_column css_animation=&#8221;slideInRight&#8221; width=&#8221;1\/2&#8243;][vc_empty_space height=&#8221;50px&#8221;][vc_column_text el_class=&#8221;titre titre-long fort trait-rouge traits-gris-droite-gauche titre-centre vc_separator wpb_content_element vc_separator_align_center vc_sep_width_100 vc_sep_border_width_2 vc_sep_pos_align_center vc_separator-has-text&#8221;]<\/p>\n<div class=\"vc_sep_holder vc_sep_holder_l\">\n<p class=\"vc_sep_line\" style=\"border-color: grey;\">\n<\/div>\n<h2 style=\"text-align: center;\">COMPRESSOR T\u00c9RMICO: O MODELO DOS PROFISSIONAIS<\/h2>\n<div class=\"vc_sep_holder vc_sep_holder_r\">\n<p class=\"vc_sep_line\" style=\"border-color: grey;\">\n<\/div>\n<p>[\/vc_column_text][vc_column_text]O compressor t\u00e9rmico se destina apenas ao uso por profissionais. Vai buscar sua energia a um combust\u00edvel, gasolina ou diesel. \u00c9, consequentemente, mais caro do que o compressor el\u00e9trico. Em compensa\u00e7\u00e3o, tem mais pot\u00eancia. Como n\u00e3o precisa estar ligado \u00e0 corrente para funcionar, \u00e9 muito mais m\u00f3vel.[\/vc_column_text][\/vc_column][\/vc_row][vc_row][vc_column css_animation=&#8221;slideInLeft&#8221; width=&#8221;1\/2&#8243;][vc_column_text el_class=&#8221;titre titre-long fort trait-rouge traits-gris-droite-gauche titre-centre vc_separator wpb_content_element vc_separator_align_center vc_sep_width_100 vc_sep_border_width_2 vc_sep_pos_align_center vc_separator-has-text&#8221;]<\/p>\n<div class=\"vc_sep_holder vc_sep_holder_l\">\n<p class=\"vc_sep_line\" style=\"border-color: grey;\">\n<\/div>\n<h2 style=\"text-align: center;\">COMPRESSORES ESPEC\u00cdFICOS: SILENCIOSOS OU SEM \u00d3LEO<\/h2>\n<div class=\"vc_sep_holder vc_sep_holder_r\">\n<p class=\"vc_sep_line\" style=\"border-color: grey;\">\n<\/div>\n<p>[\/vc_column_text][vc_column_text]Os compressores tamb\u00e9m t\u00eam suas desvantagens. Alguns compressores foram, ent\u00e3o, projetados para melhorar a qualidade de uso dos aparelhos, assim como seu conforto:<\/p>\n<ul>\n<li>Compressor silencioso: para n\u00e3o incomodar os vizinhos, mas tamb\u00e9m para proteger a audi\u00e7\u00e3o dos usu\u00e1rios<\/li>\n<li>Compressor sem \u00f3leo: para diminuir o desperd\u00edcio e o custo de uso<\/li>\n<\/ul>\n<p>[\/vc_column_text][\/vc_column][vc_column css_animation=&#8221;slideInRight&#8221; width=&#8221;1\/2&#8243;][vc_empty_space height=&#8221;50px&#8221;][vc_column_text el_class=&#8221;titre titre-long fort trait-rouge traits-gris-droite-gauche titre-centre vc_separator wpb_content_element vc_separator_align_center vc_sep_width_100 vc_sep_border_width_2 vc_sep_pos_align_center vc_separator-has-text&#8221;]<\/p>\n<div class=\"vc_sep_holder vc_sep_holder_l\">\n<p class=\"vc_sep_line\" style=\"border-color: grey;\">\n<\/div>\n<h2 style=\"text-align: center;\">SISTEMAS DE SEGURAN\u00c7A<\/h2>\n<h2><\/h2>\n<div class=\"vc_sep_holder vc_sep_holder_r\">\n<p class=\"vc_sep_line\" style=\"border-color: grey;\">\n<\/div>\n<p>[\/vc_column_text][vc_column_text]Une cuve\/r\u00e9servoir de\u00a0compresseur\u00a0peut s\u2019av\u00e9rer \u00eatre un \u00e9l\u00e9ment dangereux, car elle est soumise \u00e0 de hautes pressions. Heureusement, plusieurs syst\u00e8mes permettent d\u2019y maintenir une s\u00e9curit\u00e9 optimale : manom\u00e8tre reli\u00e9 \u00e0 une soupape de s\u00e9curit\u00e9 via un raccord en T, vanne de purge, etc.[\/vc_column_text][\/vc_column][\/vc_row][vc_row][vc_column][vc_empty_space][vc_column_text el_class=&#8221;gros-titre fort trait-rouge traits-gris-droite-gauche titre-centre vc_separator wpb_content_element vc_separator_align_center vc_sep_width_100 vc_sep_border_width_2 vc_sep_pos_align_center vc_separator-has-text&#8221;]<\/p>\n<div class=\"vc_sep_holder vc_sep_holder_l\">\n<p class=\"vc_sep_line\" style=\"border-color: grey;\">\n<\/div>\n<h2><\/h2>\n<h2 style=\"text-align: center;\">Quais s\u00e3o os usos do compressor de ar na Standard Industrie ?<\/h2>\n<p>&nbsp;<\/p>\n<div class=\"vc_sep_holder vc_sep_holder_r\">\n<p class=\"vc_sep_line\" style=\"border-color: grey;\">\n<\/div>\n<p>[\/vc_column_text][\/vc_column][\/vc_row][vc_row el_class=&#8221;invert-block&#8221;][vc_column width=&#8221;1\/2&#8243;][vc_column_text]Para a Standard Industrie International, os compressores s\u00e3o um elemento fundamental no processo de limpeza e de desobstru\u00e7\u00e3o dos silos, tremonhas, filtros, etc. O ar comprimido \u00e9 utilizado:<\/p>\n<p>\u2013 nos dep\u00f3sitos de nossa linha Airchoc de canh\u00f5es de ar AIRCHOC \u00ae<br \/>\n\u2013 para nossas m\u00e1quinas de limpeza de silos e tremonhas\u00a0<a href=\"\/pt\/gironet\/\"><strong>Gironet<\/strong><\/a>\u00a0e em nossas m\u00e1quinas de perfura\u00e7\u00e3o\u00a0<a href=\"\/pt\/powernet\/\"><strong>Powernet<\/strong><\/a><br \/>\n\u2013 tamb\u00e9m em\u00a0<a href=\"\/pt\/limpeza-por-aspiracao\/\">nossos aspiradores (desobstru\u00e7\u00e3o dos filtros)<\/a>.<\/p>\n<p>Geralmente, nossos clientes j\u00e1 possuem um compressor instalado para a f\u00e1brica toda. Mas tamb\u00e9m temos a possibilidade de determinar a pot\u00eancia necess\u00e1ria para novas instala\u00e7\u00f5es e implementar novas redes de ar para satisfazer as necessidades provocadas por nossos canh\u00f5es, por exemplo.<\/p>\n<p>A liga\u00e7\u00e3o entre o compressor e seu dep\u00f3sito \u00e9 feita atrav\u00e9s de um tubo r\u00edgido de a\u00e7o ou inox, cujos di\u00e2metros podem variar de acordo com a pot\u00eancia pretendida.<\/p>\n<p>Abaixo um exemplo de instala\u00e7\u00e3o de um compressor:[\/vc_column_text][\/vc_column][vc_column width=&#8221;1\/2&#8243;][vc_single_image image=&#8221;5098&#8243; img_size=&#8221;full&#8221; alignment=&#8221;center&#8221;][vc_empty_space][\/vc_column][\/vc_row][vc_row][vc_column][vc_column_text el_class=&#8221;btn-retour txt-rouge&#8221;]<\/p>\n<div class=\"vc_sep_holder vc_sep_holder_l\">\n<p class=\"vc_sep_line\" style=\"border-color: grey;\"><a href=\"\/pt\/eliminacao-das-obstrucoes-e-concrecoes\/\">&lt; Elimina\u00e7\u00e3o de entupimentos e concre\u00e7\u00f5es<\/a><\/p>\n<\/div>\n<p>[\/vc_column_text][\/vc_column][\/vc_row]<\/p>\n","protected":false},"excerpt":{"rendered":"<p>[vc_row][vc_column css=&#8221;.vc_custom_1668767480700{margin-top: 10px !important;}&#8221;][vc_column_text el_class=&#8221;btn-retour txt-rouge&#8221;] &lt; Elimina\u00e7\u00e3o de entupimentos e concre\u00e7\u00f5es [\/vc_column_text][\/vc_column][\/vc_row][vc_row][vc_column][vc_empty_space][vc_column_text el_class=&#8221;gros-titre fort trait-rouge traits-gris-droite-gauche titre-centre vc_separator wpb_content_element vc_separator_align_center vc_sep_width_100 vc_sep_border_width_2 vc_sep_pos_align_center vc_separator-has-text&#8221;] Funcionamento,<span class=\"excerpt-hellip\"> [\u2026]<\/span><\/p>\n","protected":false},"author":1,"featured_media":0,"parent":0,"menu_order":46,"comment_status":"closed","ping_status":"closed","template":"single-airchoc.php","meta":{"footnotes":""},"class_list":["post-2904","page","type-page","status-publish","hentry"],"_links":{"self":[{"href":"https:\/\/www.standard-industrie.com\/pt\/wp-json\/wp\/v2\/pages\/2904","targetHints":{"allow":["GET"]}}],"collection":[{"href":"https:\/\/www.standard-industrie.com\/pt\/wp-json\/wp\/v2\/pages"}],"about":[{"href":"https:\/\/www.standard-industrie.com\/pt\/wp-json\/wp\/v2\/types\/page"}],"author":[{"embeddable":true,"href":"https:\/\/www.standard-industrie.com\/pt\/wp-json\/wp\/v2\/users\/1"}],"replies":[{"embeddable":true,"href":"https:\/\/www.standard-industrie.com\/pt\/wp-json\/wp\/v2\/comments?post=2904"}],"version-history":[{"count":0,"href":"https:\/\/www.standard-industrie.com\/pt\/wp-json\/wp\/v2\/pages\/2904\/revisions"}],"wp:attachment":[{"href":"https:\/\/www.standard-industrie.com\/pt\/wp-json\/wp\/v2\/media?parent=2904"}],"curies":[{"name":"wp","href":"https:\/\/api.w.org\/{rel}","templated":true}]}}