{"id":2957,"date":"2018-04-06T10:04:55","date_gmt":"2018-04-06T09:04:55","guid":{"rendered":"https:\/\/www.standard-industrie.com\/pt\/?page_id=2957"},"modified":"2025-06-05T11:07:38","modified_gmt":"2025-06-05T10:07:38","slug":"nossas-instalacoes","status":"publish","type":"page","link":"https:\/\/www.standard-industrie.com\/pt\/nossas-instalacoes\/","title":{"rendered":"NOSSAS INSTALA\u00c7\u00d5ES"},"content":{"rendered":"<p>[vc_row][vc_column][vc_empty_space][\/vc_column][\/vc_row][vc_row][vc_column][vc_column_text el_class=&#8221;gros-titre fort traits-gris-droite-gauche titre-gauche vc_sep_border_width_2 vc_separator wpb_content_element vc_separator_align_left vc_sep_width_100 vc_sep_pos_align_center vc_sep_color_grey vc_separator-has-text&#8221;]<\/p>\n<div class=\"vc_sep_holder vc_sep_holder_l\">\n<p class=\"vc_sep_line\" style=\"border-color: grey;\">\n<\/div>\n<h2>STANDARD INDUSTRIE INTERNATIONAL<\/h2>\n<div class=\"vc_sep_holder vc_sep_holder_r\">\n<p class=\"vc_sep_line\" style=\"border-color: grey;\">\n<\/div>\n<p>[\/vc_column_text][\/vc_column][\/vc_row][vc_row][vc_column width=&#8221;1\/4&#8243;][\/vc_column][vc_column width=&#8221;1\/2&#8243;][vc_column_text]A Standard Industrie International cria equipamentos que facilitam o armazenamento, escoamento, transporte e limpeza dos produtos em p\u00f3 e a granel. Nossa equipe prop\u00f5e as seguintes instala\u00e7\u00f5es:[\/vc_column_text][\/vc_column][vc_column width=&#8221;1\/4&#8243;][\/vc_column][\/vc_row][vc_row el_class=&#8221;invert-block&#8221;][vc_column width=&#8221;1\/2&#8243; el_class=&#8221;partie-txt&#8221;][vc_column_text el_class=&#8221;gros-titre fort traits-gris-droite-gauche titre-gauche vc_sep_border_width_2 vc_separator wpb_content_element vc_separator_align_left vc_sep_width_100 vc_sep_pos_align_center vc_sep_color_grey vc_separator-has-text&#8221;]<\/p>\n<div class=\"vc_sep_holder vc_sep_holder_l\">\n<p class=\"vc_sep_line\" style=\"border-color: grey;\">\n<\/div>\n<h2>1- Instala\u00e7\u00e3o de canh\u00e3o de ar nos silos e tremonhas<\/h2>\n<div class=\"vc_sep_holder vc_sep_holder_r\">\n<p class=\"vc_sep_line\" style=\"border-color: grey;\">\n<\/div>\n<p>[\/vc_column_text][vc_column_text]Em primeiro lugar, lidera no campo da desobstru\u00e7\u00e3o, principalmente dos silos e tremonhas gra\u00e7as a seu produto principal, o canh\u00e3o de ar\u00a0<a href=\"\/pt\/airchoc-wireless\/\">canh\u00e3o de ar AIRCHOC\u00ae<\/a>, patenteado h\u00e1 quase 40 anos. Empenhada em inovar, projetou em seguida o\u00a0<a href=\"\/pt\/macsys-wireless\/\">MACSYS\u00ae, um canh\u00e3o de ar com v\u00e1rias cabe\u00e7as<\/a>, perfeitamente adequado para pontos quentes e acessos dif\u00edceis. Para responder melhor \u00e0s necessidades de seus clientes, a empresa implementou uma vers\u00e3o sem fios, dita Wireless. Adapt\u00e1vel ao AIRCHOC\u00ae e ao MACSYS\u00ae, este conceito inovador exclui, como o nome indica, a instala\u00e7\u00e3o de cabos. Gra\u00e7as a uma caixa e um controle remoto, \u00e9 poss\u00edvel pilotar \u00e0 dist\u00e2ncia at\u00e9 128 canh\u00f5es de ar para uma seguran\u00e7a ideal.<\/p>\n<p>Atualmente, nossa multinacional oferece a maior linha de canh\u00f5es de ar do mercado.<\/p>\n<p>O princ\u00edpio destas solu\u00e7\u00f5es \u00e9 simples: um volume de ar comprimido que varia entre 1 e 400 litros \u00e9 liberado de forma instant\u00e2nea. O efeito obtido corresponde a uma deflagra\u00e7\u00e3o devido \u00e0 distens\u00e3o s\u00fabita do ar comprimido. A onda de choque direcionada para o produto permite o escoamento do material.[\/vc_column_text][vc_column_text]As \u00e1reas de aplica\u00e7\u00e3o s\u00e3o variadas. AIRCHOC \u00e9 a solu\u00e7\u00e3o para os problemas de:[\/vc_column_text][vc_column_text]<\/p>\n<ul>\n<li>Obstru\u00e7\u00e3o da tremonha em pedreiras<\/li>\n<li>Arcos e chamin\u00e9s das tremonhas de p\u00f3s em f\u00e1bricas de tratamento de res\u00edduos sider\u00fargicos<\/li>\n<li>Arcos e chamin\u00e9s das tremonhas de xisto em f\u00e1bricas de tijolos<\/li>\n<li>Obstru\u00e7\u00e3o da entrada ciclone da conduta de ventila\u00e7\u00e3o em f\u00e1bricas de reciclagem de metais<\/li>\n<li>Manuten\u00e7\u00e3o dos silos de pesagem em f\u00e1bricas de vidro<\/li>\n<li>Concre\u00e7\u00f5es \u00e0 entrada do forno em f\u00e1bricas de cimento<\/li>\n<li>Entupimentos relacionados com o ac\u00famulo de p\u00f3 em f\u00e1bricas de cimento<\/li>\n<li>Obstru\u00e7\u00e3o do silo de alimenta\u00e7\u00e3o de min\u00e9rio em minas<\/li>\n<\/ul>\n<p>[\/vc_column_text][vc_column_text]<\/p>\n<ul>\n<li>\n<ul>\n<li>Escoamento do material ap\u00f3s combust\u00e3o no forno de cal<\/li>\n<li>Obstru\u00e7\u00e3o da areia, sens\u00edvel \u00e0 umidade em fundi\u00e7\u00f5es<\/li>\n<\/ul>\n<p>O AIRCHOC\u00ae ostenta um prest\u00edgio mundial gra\u00e7as \u00e0 efici\u00eancia comprovada no mercado do granel nestes \u00faltimos quarenta anos.<\/li>\n<\/ul>\n<p>[\/vc_column_text][vc_btn title=&#8221;Ver os nossos estudos de caso&#8221; style=&#8221;flat&#8221; shape=&#8221;square&#8221; color=&#8221;black&#8221; align=&#8221;center&#8221; link=&#8221;url:%2Fpt%2Festudos-de-caso%2F|title:Contact%20Standard%20industrie&#8221;][\/vc_column][vc_column css_animation=&#8221;slideInRight&#8221; width=&#8221;1\/2&#8243;][vc_single_image image=&#8221;5717&#8243; img_size=&#8221;full&#8221; alignment=&#8221;center&#8221;][vc_single_image image=&#8221;4247&#8243; img_size=&#8221;full&#8221; alignment=&#8221;center&#8221;][\/vc_column][\/vc_row][vc_row][vc_column width=&#8221;1\/2&#8243;][\/vc_column][vc_column width=&#8221;1\/2&#8243;][vc_btn title=&#8221;Contacte-nos&#8221; style=&#8221;flat&#8221; shape=&#8221;square&#8221; color=&#8221;black&#8221; align=&#8221;center&#8221; link=&#8221;url:%2Fpt%2Fcontacto%2F|title:Contact%20Standard%20industrie&#8221;][\/vc_column][\/vc_row][vc_row el_class=&#8221;invert-block&#8221;][vc_column css_animation=&#8221;slideInLeft&#8221; width=&#8221;1\/2&#8243;][vc_single_image image=&#8221;4649&#8243; img_size=&#8221;full&#8221; alignment=&#8221;center&#8221;][\/vc_column][vc_column width=&#8221;1\/2&#8243; el_class=&#8221;partie-txt&#8221;][vc_column_text el_class=&#8221;gros-titre fort traits-gris-droite-gauche titre-gauche vc_sep_border_width_2 vc_separator wpb_content_element vc_separator_align_left vc_sep_width_100 vc_sep_pos_align_center vc_sep_color_grey vc_separator-has-text&#8221;]<\/p>\n<div class=\"vc_sep_holder vc_sep_holder_l\">\n<p class=\"vc_sep_line\" style=\"border-color: grey;\">\n<\/div>\n<h2>2 \u2013 Instala\u00e7\u00e3o de sistema de prote\u00e7\u00e3o da correia transportadora<\/h2>\n<div class=\"vc_sep_holder vc_sep_holder_r\">\n<p class=\"vc_sep_line\" style=\"border-color: grey;\">\n<\/div>\n<p>[\/vc_column_text][vc_column_text]A Standard Industrie International tamb\u00e9m desenvolveu o\u00a0<a href=\"\/pt\/liftube\/\">LIFTUBE\u00ae: uma solu\u00e7\u00e3o eficaz destinada \u00e0s correias transportadoras<\/a>\u00a0para otimizar sua estanqueidade e seguran\u00e7a. Este sistema garante uma redu\u00e7\u00e3o das emiss\u00f5es de poeira, das perdas de materiais, do tempo de manuten\u00e7\u00e3o e garante a seguran\u00e7a dos operadores. Dispon\u00edvel em vers\u00f5es padr\u00e3o e de grande largura, o LIFTUBE\u00ae pode beneficiar de equipamentos espec\u00edficos que se adaptam a ambientes alimentares, altas temperaturas, ATEX zona 21, ou ainda inflam\u00e1veis.<\/p>\n<p>Esta solu\u00e7\u00e3o \u00e9 adequada ao transporte de materiais em diferentes atividades:<\/p>\n<ul>\n<li>Transportador de calc\u00e1rio em pedreiras<\/li>\n<li>Transportador de carv\u00e3o em centrais t\u00e9rmicas<\/li>\n<li>Transportador de cal apagada em f\u00e1bricas de cal<\/li>\n<li>Transportador de tijolo de cimento, gesso em f\u00e1bricas de cimento<\/li>\n<li>Transportadores de res\u00edduos em f\u00e1bricas de reciclagem de metais<\/li>\n<li>Transportador de carbonato no setor qu\u00edmico<\/li>\n<li>Transportador de vidro partido em f\u00e1bricas de vidros<\/li>\n<li>Transporte de combust\u00edvel alternativo<\/li>\n<li>Transporte de areia<\/li>\n<\/ul>\n<p>[\/vc_column_text][vc_btn title=&#8221;Ver os nossos estudos de caso&#8221; style=&#8221;flat&#8221; shape=&#8221;square&#8221; color=&#8221;black&#8221; align=&#8221;center&#8221; link=&#8221;url:%2Fpt%2Festudos-de-caso%2F|title:Contact%20Standard%20industrie&#8221;][\/vc_column][\/vc_row][vc_row el_class=&#8221;invert-block&#8221;][vc_column width=&#8221;1\/2&#8243; el_class=&#8221;partie-txt&#8221;][vc_column_text el_class=&#8221;gros-titre fort traits-gris-droite-gauche titre-gauche vc_sep_border_width_2 vc_separator wpb_content_element vc_separator_align_left vc_sep_width_100 vc_sep_pos_align_center vc_sep_color_grey vc_separator-has-text&#8221;]<\/p>\n<div class=\"vc_sep_holder vc_sep_holder_l\">\n<p class=\"vc_sep_line\" style=\"border-color: grey;\">\n<\/div>\n<h2>3- Instala\u00e7\u00e3o de sistema de aspira\u00e7\u00e3o industrial<\/h2>\n<div class=\"vc_sep_holder vc_sep_holder_r\">\n<p class=\"vc_sep_line\" style=\"border-color: grey;\">\n<\/div>\n<p>[\/vc_column_text][vc_column_text]A Standard Industrie International tamb\u00e9m projeta e fabrica equipamentos para<strong>\u00a0<\/strong><a href=\"\/pt\/limpeza-industrial-por-aspiracao\/\">limpeza industrial por aspira\u00e7\u00e3o<\/a>. Seu\u00a0<em>know-how<\/em>\u00a0e conhecimento dos processos industriais, completados por um estudo personalizado, permitem dar melhores respostas t\u00e9cnicas e econ\u00f4micas para as aplica\u00e7\u00f5es encontradas garantindo ao mesmo tempo um ambiente seguro para os operadores.<\/p>\n<p>A Standard Industrie International oferece todas as configura\u00e7\u00f5es: unidade m\u00f3vel ou caminh\u00f5es, el\u00e9trica ou a diesel, de 5 a 300 CV, com um fluxo que pode atingir os 7.500 m<sup>3<\/sup>\/h\u00a0quaisquer que sejam suas necessidades de limpeza:<\/p>\n<ul>\n<li>Limpeza das instala\u00e7\u00f5es de fabrica\u00e7\u00e3o de fertilizantes por Unidade m\u00f3vel de aspira\u00e7\u00e3o<\/li>\n<li>Aspira\u00e7\u00e3o de calc\u00e1rio em pedreiras com caminh\u00e3o de aspira\u00e7\u00e3o<\/li>\n<li>Aspira\u00e7\u00e3o de cinzas volantes em usinas de incinera\u00e7\u00e3o<\/li>\n<li>Aspira\u00e7\u00e3o e descarga de cimento e tijolo em f\u00e1bricas de cimento<\/li>\n<li>Aspira\u00e7\u00e3o de pellets de madeira com um GAD Grupo de Aspira\u00e7\u00e3o Desloc\u00e1vel em centrais t\u00e9rmicas<\/li>\n<li>Aspira\u00e7\u00e3o de areia com um PAD Aspirador Industrial em f\u00e1bricas de vidro<\/li>\n<li>Limpeza das oficinas de moagem de tijolo, silos e transportadores em f\u00e1bricas de cimento<\/li>\n<li>Limpeza e reciclagem do cimento com uma central de aspira\u00e7\u00e3o desloc\u00e1vel<\/li>\n<\/ul>\n<p>[\/vc_column_text][vc_btn title=&#8221;Ver os nossos estudos de caso&#8221; style=&#8221;flat&#8221; shape=&#8221;square&#8221; color=&#8221;black&#8221; align=&#8221;center&#8221; link=&#8221;url:%2Fpt%2Festudos-de-caso%2F|title:Contact%20Standard%20industrie&#8221;][\/vc_column][vc_column css_animation=&#8221;slideInRight&#8221; width=&#8221;1\/2&#8243;][vc_single_image image=&#8221;5714&#8243; img_size=&#8221;full&#8221; alignment=&#8221;center&#8221;][\/vc_column][\/vc_row][vc_row el_class=&#8221;invert-block&#8221;][vc_column css_animation=&#8221;slideInLeft&#8221; width=&#8221;1\/2&#8243;][vc_single_image image=&#8221;4094&#8243; img_size=&#8221;full&#8221; alignment=&#8221;center&#8221;][\/vc_column][vc_column width=&#8221;1\/2&#8243; el_class=&#8221;partie-txt&#8221;][vc_column_text el_class=&#8221;gros-titre fort traits-gris-droite-gauche titre-gauche vc_sep_border_width_2 vc_separator wpb_content_element vc_separator_align_left vc_sep_width_100 vc_sep_pos_align_center vc_sep_color_grey vc_separator-has-text&#8221;]<\/p>\n<div class=\"vc_sep_holder vc_sep_holder_l\">\n<p class=\"vc_sep_line\" style=\"border-color: grey;\">\n<\/div>\n<h2>4 \u2013 Presta\u00e7\u00e3o de servi\u00e7os de limpeza de unidade de armazenamento<\/h2>\n<div class=\"vc_sep_holder vc_sep_holder_r\">\n<p class=\"vc_sep_line\" style=\"border-color: grey;\">\n<\/div>\n<p>[\/vc_column_text][vc_column_text]Por \u00faltimo, a Standard Industrie International oferece\u00a0<a href=\"\/pt\/prestacoes-de-servicos-de-limpeza-de-silos-e-tremonhas\/\">presta\u00e7\u00f5es de servi\u00e7os de limpeza e desobstru\u00e7\u00e3o\u00a0<\/a>de unidades de armazenamento gra\u00e7as ao\u00a0<a href=\"\/pt\/powernet\/\"><strong>POWERNET<\/strong><\/a>\u00a0e ao\u00a0<a href=\"\/pt\/gironet\/\"><strong>GIRONET<\/strong><\/a><strong>\u00ae<\/strong>. Estes dois produtos, dispon\u00edveis em vers\u00f5es pneum\u00e1ticas ou hidr\u00e1ulicas, e eficientes em todos os tipos de obstru\u00e7\u00e3o, produtos ou ainda unidades de armazenamento, podem ser usados sem interromper a produ\u00e7\u00e3o. Esta limpeza mecanizada \u00e9 realizada em seguran\u00e7a tendo em considera\u00e7\u00e3o que exclui as interven\u00e7\u00f5es humanas dentro dos silos e tremonhas. Al\u00e9m disso, com o uso de ar comprimido e de um c\u00e1rter de alum\u00ednio em redor do motor, todos os riscos de deflagra\u00e7\u00e3o s\u00e3o evitados. Desta forma, o cliente recupera rapidamente a capacidade total de armazenamento, bem como a m\u00e1xima seguran\u00e7a de seus operadores.<\/p>\n<p><strong>Alguns exemplos de interven\u00e7\u00f5es:<\/strong><\/p>\n<ul>\n<li>Limpeza de um reator em uma usina de incinera\u00e7\u00e3o<\/li>\n<li>Limpeza de um silo de carbonato de s\u00f3dio em uma f\u00e1brica de vidro<\/li>\n<li>Elimina\u00e7\u00e3o de uma crosta de material nas paredes do silo de armazenamento de gesso<\/li>\n<li>Limpeza de silos de farinhas de cereais<\/li>\n<li>Limpeza de tremonha de carv\u00e3o em uma sider\u00fargica<\/li>\n<\/ul>\n<p>&nbsp;<\/p>\n<p><strong>A <a href=\"\/pt\/nossa-historia\/\">Standard Industrie International<\/a><\/strong>\u00a0se imp\u00f5e como um dos l\u00edderes da manuten\u00e7\u00e3o do dep\u00f3sito a granel em escala mundial. Desta forma, a empresa de origem francesa interv\u00e9m em setores de atividades muito variados como f\u00e1bricas de cimento, centrais t\u00e9rmicas, siderurgia, minas, pedreiras, etc., para oferecer todas as solu\u00e7\u00f5es necess\u00e1rias relativas \u00e0 manuten\u00e7\u00e3o, recupera\u00e7\u00e3o das capacidades de produ\u00e7\u00e3o, ambiente de trabalho ou ainda \u00e0 seguran\u00e7a.[\/vc_column_text][vc_btn title=&#8221;Ver os nossos estudos de caso&#8221; style=&#8221;flat&#8221; shape=&#8221;square&#8221; color=&#8221;black&#8221; align=&#8221;center&#8221; link=&#8221;url:%2Fpt%2Festudos-de-caso%2F|title:Contact%20Standard%20industrie&#8221;][\/vc_column][\/vc_row][vc_row][vc_column width=&#8221;1\/2&#8243;][vc_btn title=&#8221;Contacte-nos&#8221; style=&#8221;flat&#8221; shape=&#8221;square&#8221; color=&#8221;black&#8221; align=&#8221;center&#8221; link=&#8221;url:%2Fpt%2Fcontacto%2F|title:Contact%20Standard%20industrie&#8221;][\/vc_column][vc_column width=&#8221;1\/2&#8243;][\/vc_column][\/vc_row]<\/p>\n","protected":false},"excerpt":{"rendered":"<p>[vc_row][vc_column][vc_empty_space][\/vc_column][\/vc_row][vc_row][vc_column][vc_column_text el_class=&#8221;gros-titre fort traits-gris-droite-gauche titre-gauche vc_sep_border_width_2 vc_separator wpb_content_element vc_separator_align_left vc_sep_width_100 vc_sep_pos_align_center vc_sep_color_grey vc_separator-has-text&#8221;] STANDARD INDUSTRIE INTERNATIONAL [\/vc_column_text][\/vc_column][\/vc_row][vc_row][vc_column width=&#8221;1\/4&#8243;][\/vc_column][vc_column width=&#8221;1\/2&#8243;][vc_column_text]A Standard Industrie International cria equipamentos que facilitam<span class=\"excerpt-hellip\"> [\u2026]<\/span><\/p>\n","protected":false},"author":1,"featured_media":0,"parent":0,"menu_order":42,"comment_status":"closed","ping_status":"closed","template":"","meta":{"footnotes":""},"class_list":["post-2957","page","type-page","status-publish","hentry"],"_links":{"self":[{"href":"https:\/\/www.standard-industrie.com\/pt\/wp-json\/wp\/v2\/pages\/2957","targetHints":{"allow":["GET"]}}],"collection":[{"href":"https:\/\/www.standard-industrie.com\/pt\/wp-json\/wp\/v2\/pages"}],"about":[{"href":"https:\/\/www.standard-industrie.com\/pt\/wp-json\/wp\/v2\/types\/page"}],"author":[{"embeddable":true,"href":"https:\/\/www.standard-industrie.com\/pt\/wp-json\/wp\/v2\/users\/1"}],"replies":[{"embeddable":true,"href":"https:\/\/www.standard-industrie.com\/pt\/wp-json\/wp\/v2\/comments?post=2957"}],"version-history":[{"count":0,"href":"https:\/\/www.standard-industrie.com\/pt\/wp-json\/wp\/v2\/pages\/2957\/revisions"}],"wp:attachment":[{"href":"https:\/\/www.standard-industrie.com\/pt\/wp-json\/wp\/v2\/media?parent=2957"}],"curies":[{"name":"wp","href":"https:\/\/api.w.org\/{rel}","templated":true}]}}